{"id":8282,"date":"2024-10-23T18:56:52","date_gmt":"2024-10-23T16:56:52","guid":{"rendered":"https:\/\/stabledesk.eu\/produkt\/nogi-metalowe-do-stolu-loft-industrial-72-cm-profil-80x80-komplet-4szt\/"},"modified":"2024-10-23T18:56:52","modified_gmt":"2024-10-23T16:56:52","slug":"nogi-metalowe-do-stolu-loft-industrial-72-cm-profil-80x80-komplet-4szt","status":"publish","type":"product","link":"https:\/\/stabledesk.eu\/en\/produkt\/nogi-metalowe-do-stolu-loft-industrial-72-cm-profil-80x80-komplet-4szt\/","title":{"rendered":"Nogi metalowe do sto\u0142u loft industrial 72 cm profil 80&#215;80 komplet 4szt."},"content":{"rendered":"<p>Nogi proste o kwadratowym przekroju w modnym stylu loftowym, industrialnym do sto\u0142\u00f3w, biurek i stolik\u00f3w.<br \/>\nKwadratowa,<strong> szeroka podstawa o bokach 140 mm i grubo\u015bci a\u017c 3 mm<\/strong> pozwala na solidne przykr\u0119cenie jej blisko kraw\u0119dzi blatu i przede wszystkim sprawi, \u017ce noga nie b\u0119dzie si\u0119 chwia\u0142a, tylko b\u0119dzie solidnym fundamentem Twojego sto\u0142u.<\/p>\n<p><strong>Cena dotyczy kompletu 4 szt. n\u00f3g wraz z ko\u0144c\u00f3wkami zabezpieczaj\u0105cymi pod\u0142og\u0119 przed rysowaniem.<\/strong><\/p>\n<p><strong>Profil 80 x 80 mm<\/strong> &#8211; \u0142adnie prezentuje si\u0119 zw\u0142aszcza przy po\u0142\u0105czeniu z drewnianym blatem. \u015acianka profilu to a\u017c 2 mm grubo\u015bci &#8211; nawet mocne uderzenie nic im nie zrobi \ud83d\ude42<\/p>\n<p>Nogi wyr\u00f3\u017cniaj\u0105 si\u0119 niewidocznymi spawami, gotowymi otworami, dzi\u0119ki kt\u00f3rym wkr\u0119ty monta\u017cowe idealnie trzymaj\u0105 blat, wysok\u0105 jako\u015bci\u0105 wykonania oraz najlepszymi materia\u0142ami. Ka\u017cda z n\u00f3g posiada osobne otwory monta\u017cowe. Mo\u017cna je przykr\u0119ci\u0107 niezale\u017cnie w dowolnym miejscu.<\/p>\n<p><strong>Dane techniczne:<\/strong><br \/>\n\u2022 kolor: czarna drobna struktura (matowy, chropowaty),<br \/>\n\u2022 lakier proszkowy, wygrzewany w specjalnej komorze,<br \/>\n\u2022 wysoko\u015b\u0107 72 cm,<br \/>\n\u2022 kwadratowa blacha mocuj\u0105ca o grubo\u015bci a\u017c 3 mm o bokach d\u0142ugo\u015bci 140 mm,<br \/>\n\u2022 profil 80 x 80 mm,<br \/>\n\u2022 gruba \u015bcianka profilu 2 mm,<br \/>\n\u2022 ilo\u015b\u0107 n\u00f3g: 4 sztuki,<br \/>\n\u2022 ilo\u015b\u0107 otwor\u00f3w mocuj\u0105cych o \u015brednicy 7 mm: 8 szt,<br \/>\n\u2022 ilo\u015b\u0107 ko\u0144c\u00f3wek zapobiegaj\u0105cych rysowanie pod\u0142ogi z tworzywa: 4 szt.<\/p>\n<p><strong>Cechy szczeg\u00f3lne:<\/strong><br \/>\n\u2022 ko\u0144ce profilu zako\u0144czone specjalnym tworzywem zapobiegaj\u0105cym rysowaniu pod\u0142ogi,<br \/>\n\u2022 wysoka jako\u015b\u0107 wykonania,<br \/>\n\u2022 niewidoczne spawy,<br \/>\n\u2022 otwory pod wkr\u0119ty monta\u017cowe,<br \/>\n\u2022 r\u0119czne wykonanie,<br \/>\n\u2022 szybki czas realizacji,<br \/>\n\u2022 kolor lakieru nie blaknie pod wp\u0142ywem czasu i promieni s\u0142onecznych,<br \/>\n\u2022 stal wysokiej jako\u015bci,<br \/>\n\u2022 wykonano w ca\u0142o\u015bci w Polsce i z polskich materia\u0142\u00f3w,<br \/>\n\u2022 efektowny i nowoczesny wygl\u0105d,<br \/>\n\u2022 \u0142atwy w utrzymaniu czysto\u015bci,<br \/>\n\u2022 solidna i trwa\u0142a konstrukcja,<br \/>\n\u2022 rok gwarancji,<br \/>\n\u2022 bezpo\u015brednio od producenta.<\/p>\n<p>Nogi dost\u0119pne s\u0105 w r\u00f3\u017cnych rozmiarach, kszta\u0142tach, kolorach. Jeste\u015bmy bezpo\u015brednim producentem n\u00f3g, ca\u0142ych sto\u0142\u00f3w, rega\u0142\u00f3w itp. Mo\u017cemy wykona\u0107 produkt pod dowolny wymiar i projekt.<\/p>\n","protected":false},"excerpt":{"rendered":"<p>Nogi proste o kwadratowym przekroju w modnym stylu loftowym, industrialnym do sto\u0142\u00f3w, biurek i stolik\u00f3w.<br \/>\nKwadratowa,<strong> szeroka podstawa o bokach 140 mm i grubo\u015bci a\u017c 3 mm<\/strong> pozwala na solidne przykr\u0119cenie jej blisko kraw\u0119dzi blatu i przede wszystkim sprawi, \u017ce noga nie b\u0119dzie si\u0119 chwia\u0142a, tylko b\u0119dzie solidnym fundamentem Twojego sto\u0142u.<\/p>\n<p><strong>Cena dotyczy kompletu 4 szt. n\u00f3g wraz z ko\u0144c\u00f3wkami zabezpieczaj\u0105cymi pod\u0142og\u0119 przed rysowaniem.<\/strong><\/p>\n<p><strong>Profil 80 x 80 mm<\/strong> &#8211; \u0142adnie prezentuje si\u0119 zw\u0142aszcza przy po\u0142\u0105czeniu z drewnianym blatem. \u015acianka profilu to a\u017c 2 mm grubo\u015bci &#8211; nawet mocne uderzenie nic im nie zrobi \ud83d\ude42<\/p>\n<p>Nogi wyr\u00f3\u017cniaj\u0105 si\u0119 niewidocznymi spawami, gotowymi otworami, dzi\u0119ki kt\u00f3rym wkr\u0119ty monta\u017cowe idealnie trzymaj\u0105 blat, wysok\u0105 jako\u015bci\u0105 wykonania oraz najlepszymi materia\u0142ami. Ka\u017cda z n\u00f3g posiada osobne otwory monta\u017cowe. Mo\u017cna je przykr\u0119ci\u0107 niezale\u017cnie w dowolnym miejscu.<\/p>\n<p><strong>Dane techniczne:<\/strong><br \/>\n\u2022 kolor: czarna drobna struktura (matowy, chropowaty),<br \/>\n\u2022 lakier proszkowy, wygrzewany w specjalnej komorze,<br \/>\n\u2022 wysoko\u015b\u0107 72 cm,<br \/>\n\u2022 kwadratowa blacha mocuj\u0105ca o grubo\u015bci a\u017c 3 mm o bokach d\u0142ugo\u015bci 140 mm,<br \/>\n\u2022 profil 80 x 80 mm,<br \/>\n\u2022 gruba \u015bcianka profilu 2 mm,<br \/>\n\u2022 ilo\u015b\u0107 n\u00f3g: 4 sztuki,<br \/>\n\u2022 ilo\u015b\u0107 otwor\u00f3w mocuj\u0105cych o \u015brednicy 7 mm: 8 szt,<br \/>\n\u2022 ilo\u015b\u0107 ko\u0144c\u00f3wek zapobiegaj\u0105cych rysowanie pod\u0142ogi z tworzywa: 4 szt.<\/p>\n<p><strong>Cechy szczeg\u00f3lne:<\/strong><br \/>\n\u2022 ko\u0144ce profilu zako\u0144czone specjalnym tworzywem zapobiegaj\u0105cym rysowaniu pod\u0142ogi,<br \/>\n\u2022 wysoka jako\u015b\u0107 wykonania,<br \/>\n\u2022 niewidoczne spawy,<br \/>\n\u2022 otwory pod wkr\u0119ty monta\u017cowe,<br \/>\n\u2022 r\u0119czne wykonanie,<br \/>\n\u2022 szybki czas realizacji,<br \/>\n\u2022 kolor lakieru nie blaknie pod wp\u0142ywem czasu i promieni s\u0142onecznych,<br \/>\n\u2022 stal wysokiej jako\u015bci,<br \/>\n\u2022 wykonano w ca\u0142o\u015bci w Polsce i z polskich materia\u0142\u00f3w,<br \/>\n\u2022 efektowny i nowoczesny wygl\u0105d,<br \/>\n\u2022 \u0142atwy w utrzymaniu czysto\u015bci,<br \/>\n\u2022 solidna i trwa\u0142a konstrukcja,<br \/>\n\u2022 rok gwarancji,<br \/>\n\u2022 bezpo\u015brednio od producenta.<\/p>\n<p>Nogi dost\u0119pne s\u0105 w r\u00f3\u017cnych rozmiarach, kszta\u0142tach, kolorach. Jeste\u015bmy bezpo\u015brednim producentem n\u00f3g, ca\u0142ych sto\u0142\u00f3w, rega\u0142\u00f3w itp. Mo\u017cemy wykona\u0107 produkt pod dowolny wymiar i projekt.<\/p>\n","protected":false},"featured_media":7447,"comment_status":"closed","ping_status":"open","template":"","meta":[],"product_brand":[],"product_cat":[83,78],"product_tag":[],"class_list":{"0":"post-8282","1":"product","2":"type-product","3":"status-publish","4":"has-post-thumbnail","6":"product_cat-nogi-do-stolow-kwadratowe-en","7":"product_cat-nogi-do-stolow-pojedyncze-en","9":"first","10":"instock","11":"purchasable","12":"product-type-simple"},"yoast_head":"<!-- This site is optimized with the Yoast SEO Premium plugin v25.6 (Yoast SEO v25.6) - https:\/\/yoast.com\/wordpress\/plugins\/seo\/ -->\n<title>Nogi metalowe do sto\u0142u loft industrial 72 cm profil 80x80 komplet 4szt. - STABLEDESK - High-quality metal table legs for modern rooms<\/title>\n<meta name=\"robots\" content=\"index, follow, max-snippet:-1, max-image-preview:large, max-video-preview:-1\" \/>\n<link rel=\"canonical\" href=\"https:\/\/stabledesk.eu\/en\/produkt\/nogi-metalowe-do-stolu-loft-industrial-72-cm-profil-80x80-komplet-4szt\/\" \/>\n<meta property=\"og:locale\" content=\"en_US\" \/>\n<meta property=\"og:type\" content=\"article\" \/>\n<meta property=\"og:title\" content=\"Nogi metalowe do sto\u0142u loft industrial 72 cm profil 80x80 komplet 4szt.\" \/>\n<meta property=\"og:description\" content=\"Nogi proste o kwadratowym przekroju w modnym stylu loftowym, industrialnym do sto\u0142\u00f3w, biurek i stolik\u00f3w. Kwadratowa, szeroka podstawa o bokach 140 mm i grubo\u015bci a\u017c 3 mm pozwala na solidne przykr\u0119cenie jej blisko kraw\u0119dzi blatu i przede wszystkim sprawi, \u017ce noga nie b\u0119dzie si\u0119 chwia\u0142a, tylko b\u0119dzie solidnym fundamentem Twojego sto\u0142u. Cena dotyczy kompletu 4 szt. n\u00f3g wraz z ko\u0144c\u00f3wkami zabezpieczaj\u0105cymi pod\u0142og\u0119 przed rysowaniem. Profil 80 x 80 mm - \u0142adnie prezentuje si\u0119 zw\u0142aszcza przy po\u0142\u0105czeniu z drewnianym blatem. \u015acianka profilu to a\u017c 2 mm grubo\u015bci - nawet mocne uderzenie nic im nie zrobi :) Nogi wyr\u00f3\u017cniaj\u0105 si\u0119 niewidocznymi spawami, gotowymi otworami, dzi\u0119ki kt\u00f3rym wkr\u0119ty monta\u017cowe idealnie trzymaj\u0105 blat, wysok\u0105 jako\u015bci\u0105 wykonania oraz najlepszymi materia\u0142ami. Ka\u017cda z n\u00f3g posiada osobne otwory monta\u017cowe. Mo\u017cna je przykr\u0119ci\u0107 niezale\u017cnie w dowolnym miejscu. Dane techniczne: \u2022 kolor: czarna drobna struktura (matowy, chropowaty), \u2022 lakier proszkowy, wygrzewany w specjalnej komorze, \u2022 wysoko\u015b\u0107 72 cm, \u2022 kwadratowa blacha mocuj\u0105ca o grubo\u015bci a\u017c 3 mm o bokach d\u0142ugo\u015bci 140 mm, \u2022 profil 80 x 80 mm, \u2022 gruba \u015bcianka profilu 2 mm, \u2022 ilo\u015b\u0107 n\u00f3g: 4 sztuki, \u2022 ilo\u015b\u0107 otwor\u00f3w mocuj\u0105cych o \u015brednicy 7 mm: 8 szt, \u2022 ilo\u015b\u0107 ko\u0144c\u00f3wek zapobiegaj\u0105cych rysowanie pod\u0142ogi z tworzywa: 4 szt. Cechy szczeg\u00f3lne: \u2022 ko\u0144ce profilu zako\u0144czone specjalnym tworzywem zapobiegaj\u0105cym rysowaniu pod\u0142ogi, \u2022 wysoka jako\u015b\u0107 wykonania, \u2022 niewidoczne spawy, \u2022 otwory pod wkr\u0119ty monta\u017cowe, \u2022 r\u0119czne wykonanie, \u2022 szybki czas realizacji, \u2022 kolor lakieru nie blaknie pod wp\u0142ywem czasu i promieni s\u0142onecznych, \u2022 stal wysokiej jako\u015bci, \u2022 wykonano w ca\u0142o\u015bci w Polsce i z polskich materia\u0142\u00f3w, \u2022 efektowny i nowoczesny wygl\u0105d, \u2022 \u0142atwy w utrzymaniu czysto\u015bci, \u2022 solidna i trwa\u0142a konstrukcja, \u2022 rok gwarancji, \u2022 bezpo\u015brednio od producenta. Nogi dost\u0119pne s\u0105 w r\u00f3\u017cnych rozmiarach, kszta\u0142tach, kolorach. Jeste\u015bmy bezpo\u015brednim producentem n\u00f3g, ca\u0142ych sto\u0142\u00f3w, rega\u0142\u00f3w itp. Mo\u017cemy wykona\u0107 produkt pod dowolny wymiar i projekt.\" \/>\n<meta property=\"og:url\" content=\"https:\/\/stabledesk.eu\/en\/produkt\/nogi-metalowe-do-stolu-loft-industrial-72-cm-profil-80x80-komplet-4szt\/\" \/>\n<meta property=\"og:site_name\" content=\"STABLEDESK - High-quality metal table legs for modern rooms\" \/>\n<meta name=\"twitter:card\" content=\"summary_large_image\" \/>\n<meta name=\"twitter:label1\" content=\"Price\" \/>\n\t<meta name=\"twitter:data1\" content=\"85,50&nbsp;&euro;\" \/>\n\t<meta name=\"twitter:label2\" content=\"Availability\" \/>\n\t<meta name=\"twitter:data2\" content=\"In stock\" \/>\n<script type=\"application\/ld+json\" class=\"yoast-schema-graph\">{\"@context\":\"https:\/\/schema.org\",\"@graph\":[{\"@type\":\"WebPage\",\"@id\":\"https:\/\/stabledesk.eu\/en\/produkt\/nogi-metalowe-do-stolu-loft-industrial-72-cm-profil-80x80-komplet-4szt\/\",\"url\":\"https:\/\/stabledesk.eu\/en\/produkt\/nogi-metalowe-do-stolu-loft-industrial-72-cm-profil-80x80-komplet-4szt\/\",\"name\":\"Nogi metalowe do sto\u0142u loft industrial 72 cm profil 80x80 komplet 4szt. - STABLEDESK - High-quality metal table legs for modern rooms\",\"isPartOf\":{\"@id\":\"https:\/\/stabledesk.eu\/#website\"},\"primaryImageOfPage\":{\"@id\":\"https:\/\/stabledesk.eu\/en\/produkt\/nogi-metalowe-do-stolu-loft-industrial-72-cm-profil-80x80-komplet-4szt\/#primaryimage\"},\"image\":{\"@id\":\"https:\/\/stabledesk.eu\/en\/produkt\/nogi-metalowe-do-stolu-loft-industrial-72-cm-profil-80x80-komplet-4szt\/#primaryimage\"},\"thumbnailUrl\":\"https:\/\/stabledesk.eu\/wp-content\/uploads\/2024\/10\/nogi-do-stolu-80-4x.jpg\",\"datePublished\":\"2024-10-23T16:56:52+00:00\",\"breadcrumb\":{\"@id\":\"https:\/\/stabledesk.eu\/en\/produkt\/nogi-metalowe-do-stolu-loft-industrial-72-cm-profil-80x80-komplet-4szt\/#breadcrumb\"},\"inLanguage\":\"en-US\",\"potentialAction\":[{\"@type\":\"ReadAction\",\"target\":[\"https:\/\/stabledesk.eu\/en\/produkt\/nogi-metalowe-do-stolu-loft-industrial-72-cm-profil-80x80-komplet-4szt\/\"]}]},{\"@type\":\"ImageObject\",\"inLanguage\":\"en-US\",\"@id\":\"https:\/\/stabledesk.eu\/en\/produkt\/nogi-metalowe-do-stolu-loft-industrial-72-cm-profil-80x80-komplet-4szt\/#primaryimage\",\"url\":\"https:\/\/stabledesk.eu\/wp-content\/uploads\/2024\/10\/nogi-do-stolu-80-4x.jpg\",\"contentUrl\":\"https:\/\/stabledesk.eu\/wp-content\/uploads\/2024\/10\/nogi-do-stolu-80-4x.jpg\",\"width\":2000,\"height\":2000},{\"@type\":\"BreadcrumbList\",\"@id\":\"https:\/\/stabledesk.eu\/en\/produkt\/nogi-metalowe-do-stolu-loft-industrial-72-cm-profil-80x80-komplet-4szt\/#breadcrumb\",\"itemListElement\":[{\"@type\":\"ListItem\",\"position\":1,\"name\":\"Strona g\u0142\u00f3wna\",\"item\":\"https:\/\/stabledesk.eu\/en\/\"},{\"@type\":\"ListItem\",\"position\":2,\"name\":\"Shop\",\"item\":\"https:\/\/stabledesk.eu\/en\/shop\/\"},{\"@type\":\"ListItem\",\"position\":3,\"name\":\"Nogi metalowe do sto\u0142u loft industrial 72 cm profil 80&#215;80 komplet 4szt.\"}]},{\"@type\":\"WebSite\",\"@id\":\"https:\/\/stabledesk.eu\/#website\",\"url\":\"https:\/\/stabledesk.eu\/\",\"name\":\"STABLEDESK - High-quality metal table legs for modern rooms\",\"description\":\"STABLEDESK\",\"publisher\":{\"@id\":\"https:\/\/stabledesk.eu\/#organization\"},\"potentialAction\":[{\"@type\":\"SearchAction\",\"target\":{\"@type\":\"EntryPoint\",\"urlTemplate\":\"https:\/\/stabledesk.eu\/?s={search_term_string}\"},\"query-input\":{\"@type\":\"PropertyValueSpecification\",\"valueRequired\":true,\"valueName\":\"search_term_string\"}}],\"inLanguage\":\"en-US\"},{\"@type\":\"Organization\",\"@id\":\"https:\/\/stabledesk.eu\/#organization\",\"name\":\"STABLEDESK - High-quality metal table legs for modern rooms\",\"url\":\"https:\/\/stabledesk.eu\/\",\"logo\":{\"@type\":\"ImageObject\",\"inLanguage\":\"en-US\",\"@id\":\"https:\/\/stabledesk.eu\/#\/schema\/logo\/image\/\",\"url\":\"https:\/\/stabledesk.eu\/wp-content\/uploads\/2024\/10\/stabledesk-logo.png\",\"contentUrl\":\"https:\/\/stabledesk.eu\/wp-content\/uploads\/2024\/10\/stabledesk-logo.png\",\"width\":500,\"height\":129,\"caption\":\"STABLEDESK - High-quality metal table legs for modern rooms\"},\"image\":{\"@id\":\"https:\/\/stabledesk.eu\/#\/schema\/logo\/image\/\"},\"hasMerchantReturnPolicy\":{\"@type\":\"MerchantReturnPolicy\",\"merchantReturnLink\":\"https:\/\/stabledesk.eu\/zwroty\/\"}}]}<\/script>\n<meta property=\"product:price:amount\" content=\"85.50\" \/>\n<meta property=\"product:price:currency\" content=\"EUR\" \/>\n<meta property=\"og:availability\" content=\"instock\" \/>\n<meta property=\"product:availability\" content=\"instock\" \/>\n<meta property=\"product:retailer_item_id\" content=\"pkw80-4\" \/>\n<meta property=\"product:condition\" content=\"new\" \/>\n<!-- \/ Yoast SEO Premium plugin. -->","yoast_head_json":{"title":"Nogi metalowe do sto\u0142u loft industrial 72 cm profil 80x80 komplet 4szt. - STABLEDESK - High-quality metal table legs for modern rooms","robots":{"index":"index","follow":"follow","max-snippet":"max-snippet:-1","max-image-preview":"max-image-preview:large","max-video-preview":"max-video-preview:-1"},"canonical":"https:\/\/stabledesk.eu\/en\/produkt\/nogi-metalowe-do-stolu-loft-industrial-72-cm-profil-80x80-komplet-4szt\/","og_locale":"en_US","og_type":"article","og_title":"Nogi metalowe do sto\u0142u loft industrial 72 cm profil 80x80 komplet 4szt.","og_description":"Nogi proste o kwadratowym przekroju w modnym stylu loftowym, industrialnym do sto\u0142\u00f3w, biurek i stolik\u00f3w. Kwadratowa, szeroka podstawa o bokach 140 mm i grubo\u015bci a\u017c 3 mm pozwala na solidne przykr\u0119cenie jej blisko kraw\u0119dzi blatu i przede wszystkim sprawi, \u017ce noga nie b\u0119dzie si\u0119 chwia\u0142a, tylko b\u0119dzie solidnym fundamentem Twojego sto\u0142u. Cena dotyczy kompletu 4 szt. n\u00f3g wraz z ko\u0144c\u00f3wkami zabezpieczaj\u0105cymi pod\u0142og\u0119 przed rysowaniem. Profil 80 x 80 mm - \u0142adnie prezentuje si\u0119 zw\u0142aszcza przy po\u0142\u0105czeniu z drewnianym blatem. \u015acianka profilu to a\u017c 2 mm grubo\u015bci - nawet mocne uderzenie nic im nie zrobi :) Nogi wyr\u00f3\u017cniaj\u0105 si\u0119 niewidocznymi spawami, gotowymi otworami, dzi\u0119ki kt\u00f3rym wkr\u0119ty monta\u017cowe idealnie trzymaj\u0105 blat, wysok\u0105 jako\u015bci\u0105 wykonania oraz najlepszymi materia\u0142ami. Ka\u017cda z n\u00f3g posiada osobne otwory monta\u017cowe. Mo\u017cna je przykr\u0119ci\u0107 niezale\u017cnie w dowolnym miejscu. Dane techniczne: \u2022 kolor: czarna drobna struktura (matowy, chropowaty), \u2022 lakier proszkowy, wygrzewany w specjalnej komorze, \u2022 wysoko\u015b\u0107 72 cm, \u2022 kwadratowa blacha mocuj\u0105ca o grubo\u015bci a\u017c 3 mm o bokach d\u0142ugo\u015bci 140 mm, \u2022 profil 80 x 80 mm, \u2022 gruba \u015bcianka profilu 2 mm, \u2022 ilo\u015b\u0107 n\u00f3g: 4 sztuki, \u2022 ilo\u015b\u0107 otwor\u00f3w mocuj\u0105cych o \u015brednicy 7 mm: 8 szt, \u2022 ilo\u015b\u0107 ko\u0144c\u00f3wek zapobiegaj\u0105cych rysowanie pod\u0142ogi z tworzywa: 4 szt. Cechy szczeg\u00f3lne: \u2022 ko\u0144ce profilu zako\u0144czone specjalnym tworzywem zapobiegaj\u0105cym rysowaniu pod\u0142ogi, \u2022 wysoka jako\u015b\u0107 wykonania, \u2022 niewidoczne spawy, \u2022 otwory pod wkr\u0119ty monta\u017cowe, \u2022 r\u0119czne wykonanie, \u2022 szybki czas realizacji, \u2022 kolor lakieru nie blaknie pod wp\u0142ywem czasu i promieni s\u0142onecznych, \u2022 stal wysokiej jako\u015bci, \u2022 wykonano w ca\u0142o\u015bci w Polsce i z polskich materia\u0142\u00f3w, \u2022 efektowny i nowoczesny wygl\u0105d, \u2022 \u0142atwy w utrzymaniu czysto\u015bci, \u2022 solidna i trwa\u0142a konstrukcja, \u2022 rok gwarancji, \u2022 bezpo\u015brednio od producenta. Nogi dost\u0119pne s\u0105 w r\u00f3\u017cnych rozmiarach, kszta\u0142tach, kolorach. Jeste\u015bmy bezpo\u015brednim producentem n\u00f3g, ca\u0142ych sto\u0142\u00f3w, rega\u0142\u00f3w itp. Mo\u017cemy wykona\u0107 produkt pod dowolny wymiar i projekt.","og_url":"https:\/\/stabledesk.eu\/en\/produkt\/nogi-metalowe-do-stolu-loft-industrial-72-cm-profil-80x80-komplet-4szt\/","og_site_name":"STABLEDESK - High-quality metal table legs for modern rooms","twitter_card":"summary_large_image","twitter_misc":{"Price":"85,50&nbsp;&euro;","Availability":"In stock"},"schema":{"@context":"https:\/\/schema.org","@graph":[{"@type":"WebPage","@id":"https:\/\/stabledesk.eu\/en\/produkt\/nogi-metalowe-do-stolu-loft-industrial-72-cm-profil-80x80-komplet-4szt\/","url":"https:\/\/stabledesk.eu\/en\/produkt\/nogi-metalowe-do-stolu-loft-industrial-72-cm-profil-80x80-komplet-4szt\/","name":"Nogi metalowe do sto\u0142u loft industrial 72 cm profil 80x80 komplet 4szt. - STABLEDESK - High-quality metal table legs for modern rooms","isPartOf":{"@id":"https:\/\/stabledesk.eu\/#website"},"primaryImageOfPage":{"@id":"https:\/\/stabledesk.eu\/en\/produkt\/nogi-metalowe-do-stolu-loft-industrial-72-cm-profil-80x80-komplet-4szt\/#primaryimage"},"image":{"@id":"https:\/\/stabledesk.eu\/en\/produkt\/nogi-metalowe-do-stolu-loft-industrial-72-cm-profil-80x80-komplet-4szt\/#primaryimage"},"thumbnailUrl":"https:\/\/stabledesk.eu\/wp-content\/uploads\/2024\/10\/nogi-do-stolu-80-4x.jpg","datePublished":"2024-10-23T16:56:52+00:00","breadcrumb":{"@id":"https:\/\/stabledesk.eu\/en\/produkt\/nogi-metalowe-do-stolu-loft-industrial-72-cm-profil-80x80-komplet-4szt\/#breadcrumb"},"inLanguage":"en-US","potentialAction":[{"@type":"ReadAction","target":["https:\/\/stabledesk.eu\/en\/produkt\/nogi-metalowe-do-stolu-loft-industrial-72-cm-profil-80x80-komplet-4szt\/"]}]},{"@type":"ImageObject","inLanguage":"en-US","@id":"https:\/\/stabledesk.eu\/en\/produkt\/nogi-metalowe-do-stolu-loft-industrial-72-cm-profil-80x80-komplet-4szt\/#primaryimage","url":"https:\/\/stabledesk.eu\/wp-content\/uploads\/2024\/10\/nogi-do-stolu-80-4x.jpg","contentUrl":"https:\/\/stabledesk.eu\/wp-content\/uploads\/2024\/10\/nogi-do-stolu-80-4x.jpg","width":2000,"height":2000},{"@type":"BreadcrumbList","@id":"https:\/\/stabledesk.eu\/en\/produkt\/nogi-metalowe-do-stolu-loft-industrial-72-cm-profil-80x80-komplet-4szt\/#breadcrumb","itemListElement":[{"@type":"ListItem","position":1,"name":"Strona g\u0142\u00f3wna","item":"https:\/\/stabledesk.eu\/en\/"},{"@type":"ListItem","position":2,"name":"Shop","item":"https:\/\/stabledesk.eu\/en\/shop\/"},{"@type":"ListItem","position":3,"name":"Nogi metalowe do sto\u0142u loft industrial 72 cm profil 80&#215;80 komplet 4szt."}]},{"@type":"WebSite","@id":"https:\/\/stabledesk.eu\/#website","url":"https:\/\/stabledesk.eu\/","name":"STABLEDESK - High-quality metal table legs for modern rooms","description":"STABLEDESK","publisher":{"@id":"https:\/\/stabledesk.eu\/#organization"},"potentialAction":[{"@type":"SearchAction","target":{"@type":"EntryPoint","urlTemplate":"https:\/\/stabledesk.eu\/?s={search_term_string}"},"query-input":{"@type":"PropertyValueSpecification","valueRequired":true,"valueName":"search_term_string"}}],"inLanguage":"en-US"},{"@type":"Organization","@id":"https:\/\/stabledesk.eu\/#organization","name":"STABLEDESK - High-quality metal table legs for modern rooms","url":"https:\/\/stabledesk.eu\/","logo":{"@type":"ImageObject","inLanguage":"en-US","@id":"https:\/\/stabledesk.eu\/#\/schema\/logo\/image\/","url":"https:\/\/stabledesk.eu\/wp-content\/uploads\/2024\/10\/stabledesk-logo.png","contentUrl":"https:\/\/stabledesk.eu\/wp-content\/uploads\/2024\/10\/stabledesk-logo.png","width":500,"height":129,"caption":"STABLEDESK - High-quality metal table legs for modern rooms"},"image":{"@id":"https:\/\/stabledesk.eu\/#\/schema\/logo\/image\/"},"hasMerchantReturnPolicy":{"@type":"MerchantReturnPolicy","merchantReturnLink":"https:\/\/stabledesk.eu\/zwroty\/"}}]},"product_price_amount":"85.50","product_price_currency":"EUR","og_availability":"instock","product_availability":"instock","product_retailer_item_id":"pkw80-4","product_condition":"new"},"_links":{"self":[{"href":"https:\/\/stabledesk.eu\/en\/wp-json\/wp\/v2\/product\/8282","targetHints":{"allow":["GET"]}}],"collection":[{"href":"https:\/\/stabledesk.eu\/en\/wp-json\/wp\/v2\/product"}],"about":[{"href":"https:\/\/stabledesk.eu\/en\/wp-json\/wp\/v2\/types\/product"}],"replies":[{"embeddable":true,"href":"https:\/\/stabledesk.eu\/en\/wp-json\/wp\/v2\/comments?post=8282"}],"wp:featuredmedia":[{"embeddable":true,"href":"https:\/\/stabledesk.eu\/en\/wp-json\/wp\/v2\/media\/7447"}],"wp:attachment":[{"href":"https:\/\/stabledesk.eu\/en\/wp-json\/wp\/v2\/media?parent=8282"}],"wp:term":[{"taxonomy":"product_brand","embeddable":true,"href":"https:\/\/stabledesk.eu\/en\/wp-json\/wp\/v2\/product_brand?post=8282"},{"taxonomy":"product_cat","embeddable":true,"href":"https:\/\/stabledesk.eu\/en\/wp-json\/wp\/v2\/product_cat?post=8282"},{"taxonomy":"product_tag","embeddable":true,"href":"https:\/\/stabledesk.eu\/en\/wp-json\/wp\/v2\/product_tag?post=8282"}],"curies":[{"name":"wp","href":"https:\/\/api.w.org\/{rel}","templated":true}]}}