{"id":8266,"date":"2024-10-23T18:56:52","date_gmt":"2024-10-23T16:56:52","guid":{"rendered":"https:\/\/stabledesk.eu\/produkt\/nogi-metalowe-do-stolu-loft-industrial-70-x-50-cm-profil-60x20-niski\/"},"modified":"2024-10-23T18:56:52","modified_gmt":"2024-10-23T16:56:52","slug":"nogi-metalowe-do-stolu-loft-industrial-70-x-50-cm-profil-60x20-niski","status":"publish","type":"product","link":"https:\/\/stabledesk.eu\/en\/produkt\/nogi-metalowe-do-stolu-loft-industrial-70-x-50-cm-profil-60x20-niski\/","title":{"rendered":"Nogi metalowe do sto\u0142u loft industrial 70 x 50 cm profil 60&#215;20 niski"},"content":{"rendered":"<p>Nogi w kszta\u0142cie trapezu w stylu loftowym, industrialnym do sto\u0142\u00f3w, stolik\u00f3w o wymiarach 70 cm szeroko\u015bci i 50 cm wysoko\u015bci.<\/p>\n<p>Cena dotyczy kompletu 2 szt. n\u00f3g wraz z samoprzylepnymi podk\u0142adkami filcowymi.<\/p>\n<p>Profil 60 x 20 mm, \u015bcianka 1,5 mm grubo\u015bci.<\/p>\n<p>Nogi wyr\u00f3\u017cniaj\u0105 si\u0119 estetycznymi spawami, pog\u0142\u0119bionymi otworami, dzi\u0119ki kt\u00f3rym wkr\u0119ty monta\u017cowe chowaj\u0105 si\u0119 na r\u00f3wno z profilem oraz idealnie trzymaj\u0105 blat, wysok\u0105 jako\u015bci\u0105 wykonania oraz najlepszymi materia\u0142ami.<\/p>\n<p>Dane techniczne:<br \/>\n\u2022 kolor: czarna struktura (matowy, chropowaty),<br \/>\n\u2022 lakier proszkowy, wygrzewany w specjalnej komorze,<br \/>\n\u2022 wysoko\u015b\u0107 50 cm,<br \/>\n\u2022 szeroko\u015b\u0107 70 cm,<br \/>\n\u2022 d\u0142ugo\u015b\u0107 6 cm,<br \/>\n\u2022 profil 60 x 20 mm,<br \/>\n\u2022 gruba \u015bcianka profila 1,5 mm,<br \/>\n\u2022 ilo\u015b\u0107 n\u00f3g: 2 sztuki,<br \/>\n\u2022 kszta\u0142t n\u00f3g: trapez,<br \/>\n\u2022 ilo\u015b\u0107 otwor\u00f3w mocuj\u0105cych o \u015brednicy 5 mm: 8 szt,<br \/>\n\u2022 ilo\u015b\u0107 samoprzylepnych podk\u0142adek filcowych: 4 szt.<\/p>\n<p>Cechy szczeg\u00f3lne:<br \/>\n\u2022 podklejone od spodu filcem zapobiegaj\u0105cym rysowaniu pod\u0142ogi,<br \/>\n\u2022 wysoka jako\u015b\u0107 wykonania,<br \/>\n\u2022 estetyczne, szlifowane spawy,<br \/>\n\u2022 fazowane i pog\u0142\u0119biane otwory pod wkr\u0119ty monta\u017cowe,<br \/>\n\u2022 r\u0119czne wykonanie,<br \/>\n\u2022 jeste\u015bmy bezpo\u015brednim producentem,<br \/>\n\u2022 kolor lakieru nie blaknie pod wp\u0142ywem czasu i promieni s\u0142onecznych,<br \/>\n\u2022 stal wysokiej jako\u015bci,<br \/>\n\u2022 wykonany w ca\u0142o\u015bci w Polsce i z polskich materia\u0142\u00f3w,<br \/>\n\u2022 efektowny i nowoczesny wygl\u0105d,<br \/>\n\u2022 \u0142atwy w utrzymaniu czysto\u015bci,<br \/>\n\u2022 solidna i trwa\u0142a konstrukcja,<br \/>\n\u2022 rok gwarancji,<br \/>\n\u2022 szybki czas realizacji.<\/p>\n<p>Nogi dost\u0119pne s\u0105 w r\u00f3\u017cnych rozmiarach, kszta\u0142tach, kolorach na naszych pozosta\u0142ych aukcjach. Jeste\u015bmy bezpo\u015brednim producentem n\u00f3g, ca\u0142ych sto\u0142\u00f3w, rega\u0142\u00f3w itp. Mo\u017cemy wykona\u0107 produkt pod dowolny wymiar i projekt.<\/p>\n","protected":false},"excerpt":{"rendered":"<p>Nogi w kszta\u0142cie trapezu w stylu loftowym, industrialnym do sto\u0142\u00f3w, stolik\u00f3w o wymiarach 70 cm szeroko\u015bci i 50 cm wysoko\u015bci.<\/p>\n<p>Cena dotyczy kompletu 2 szt. n\u00f3g wraz z samoprzylepnymi podk\u0142adkami filcowymi.<\/p>\n<p>Profil 60 x 20 mm, \u015bcianka 1,5 mm grubo\u015bci.<\/p>\n<p>Nogi wyr\u00f3\u017cniaj\u0105 si\u0119 estetycznymi spawami, pog\u0142\u0119bionymi otworami, dzi\u0119ki kt\u00f3rym wkr\u0119ty monta\u017cowe chowaj\u0105 si\u0119 na r\u00f3wno z profilem oraz idealnie trzymaj\u0105 blat, wysok\u0105 jako\u015bci\u0105 wykonania oraz najlepszymi materia\u0142ami.<\/p>\n<p>Dane techniczne:<br \/>\n\u2022 kolor: czarna struktura (matowy, chropowaty),<br \/>\n\u2022 lakier proszkowy, wygrzewany w specjalnej komorze,<br \/>\n\u2022 wysoko\u015b\u0107 50 cm,<br \/>\n\u2022 szeroko\u015b\u0107 70 cm,<br \/>\n\u2022 d\u0142ugo\u015b\u0107 6 cm,<br \/>\n\u2022 profil 60 x 20 mm,<br \/>\n\u2022 gruba \u015bcianka profila 1,5 mm,<br \/>\n\u2022 ilo\u015b\u0107 n\u00f3g: 2 sztuki,<br \/>\n\u2022 kszta\u0142t n\u00f3g: trapez,<br \/>\n\u2022 ilo\u015b\u0107 otwor\u00f3w mocuj\u0105cych o \u015brednicy 5 mm: 8 szt,<br \/>\n\u2022 ilo\u015b\u0107 samoprzylepnych podk\u0142adek filcowych: 4 szt.<\/p>\n<p>Cechy szczeg\u00f3lne:<br \/>\n\u2022 podklejone od spodu filcem zapobiegaj\u0105cym rysowaniu pod\u0142ogi,<br \/>\n\u2022 wysoka jako\u015b\u0107 wykonania,<br \/>\n\u2022 estetyczne, szlifowane spawy,<br \/>\n\u2022 fazowane i pog\u0142\u0119biane otwory pod wkr\u0119ty monta\u017cowe,<br \/>\n\u2022 r\u0119czne wykonanie,<br \/>\n\u2022 jeste\u015bmy bezpo\u015brednim producentem,<br \/>\n\u2022 kolor lakieru nie blaknie pod wp\u0142ywem czasu i promieni s\u0142onecznych,<br \/>\n\u2022 stal wysokiej jako\u015bci,<br \/>\n\u2022 wykonany w ca\u0142o\u015bci w Polsce i z polskich materia\u0142\u00f3w,<br \/>\n\u2022 efektowny i nowoczesny wygl\u0105d,<br \/>\n\u2022 \u0142atwy w utrzymaniu czysto\u015bci,<br \/>\n\u2022 solidna i trwa\u0142a konstrukcja,<br \/>\n\u2022 rok gwarancji,<br \/>\n\u2022 szybki czas realizacji.<\/p>\n<p>Nogi dost\u0119pne s\u0105 w r\u00f3\u017cnych rozmiarach, kszta\u0142tach, kolorach na naszych pozosta\u0142ych aukcjach. Jeste\u015bmy bezpo\u015brednim producentem n\u00f3g, ca\u0142ych sto\u0142\u00f3w, rega\u0142\u00f3w itp. Mo\u017cemy wykona\u0107 produkt pod dowolny wymiar i projekt.<\/p>\n","protected":false},"featured_media":7352,"comment_status":"closed","ping_status":"open","template":"","meta":[],"product_brand":[],"product_cat":[83,78],"product_tag":[],"class_list":{"0":"post-8266","1":"product","2":"type-product","3":"status-publish","4":"has-post-thumbnail","6":"product_cat-nogi-do-stolow-kwadratowe-en","7":"product_cat-nogi-do-stolow-pojedyncze-en","9":"first","10":"outofstock","11":"purchasable","12":"product-type-simple"},"yoast_head":"<!-- This site is optimized with the Yoast SEO Premium plugin v25.6 (Yoast SEO v25.6) - https:\/\/yoast.com\/wordpress\/plugins\/seo\/ -->\n<title>Nogi metalowe do sto\u0142u loft industrial 70 x 50 cm profil 60x20 niski - STABLEDESK - High-quality metal table legs for modern rooms<\/title>\n<meta name=\"robots\" content=\"index, follow, max-snippet:-1, max-image-preview:large, max-video-preview:-1\" \/>\n<link rel=\"canonical\" href=\"https:\/\/stabledesk.eu\/en\/produkt\/nogi-metalowe-do-stolu-loft-industrial-70-x-50-cm-profil-60x20-niski\/\" \/>\n<meta property=\"og:locale\" content=\"en_US\" \/>\n<meta property=\"og:type\" content=\"article\" \/>\n<meta property=\"og:title\" content=\"Nogi metalowe do sto\u0142u loft industrial 70 x 50 cm profil 60x20 niski\" \/>\n<meta property=\"og:description\" content=\"Nogi w kszta\u0142cie trapezu w stylu loftowym, industrialnym do sto\u0142\u00f3w, stolik\u00f3w o wymiarach 70 cm szeroko\u015bci i 50 cm wysoko\u015bci. Cena dotyczy kompletu 2 szt. n\u00f3g wraz z samoprzylepnymi podk\u0142adkami filcowymi. Profil 60 x 20 mm, \u015bcianka 1,5 mm grubo\u015bci. Nogi wyr\u00f3\u017cniaj\u0105 si\u0119 estetycznymi spawami, pog\u0142\u0119bionymi otworami, dzi\u0119ki kt\u00f3rym wkr\u0119ty monta\u017cowe chowaj\u0105 si\u0119 na r\u00f3wno z profilem oraz idealnie trzymaj\u0105 blat, wysok\u0105 jako\u015bci\u0105 wykonania oraz najlepszymi materia\u0142ami. Dane techniczne: \u2022 kolor: czarna struktura (matowy, chropowaty), \u2022 lakier proszkowy, wygrzewany w specjalnej komorze, \u2022 wysoko\u015b\u0107 50 cm, \u2022 szeroko\u015b\u0107 70 cm, \u2022 d\u0142ugo\u015b\u0107 6 cm, \u2022 profil 60 x 20 mm, \u2022 gruba \u015bcianka profila 1,5 mm, \u2022 ilo\u015b\u0107 n\u00f3g: 2 sztuki, \u2022 kszta\u0142t n\u00f3g: trapez, \u2022 ilo\u015b\u0107 otwor\u00f3w mocuj\u0105cych o \u015brednicy 5 mm: 8 szt, \u2022 ilo\u015b\u0107 samoprzylepnych podk\u0142adek filcowych: 4 szt. Cechy szczeg\u00f3lne: \u2022 podklejone od spodu filcem zapobiegaj\u0105cym rysowaniu pod\u0142ogi, \u2022 wysoka jako\u015b\u0107 wykonania, \u2022 estetyczne, szlifowane spawy, \u2022 fazowane i pog\u0142\u0119biane otwory pod wkr\u0119ty monta\u017cowe, \u2022 r\u0119czne wykonanie, \u2022 jeste\u015bmy bezpo\u015brednim producentem, \u2022 kolor lakieru nie blaknie pod wp\u0142ywem czasu i promieni s\u0142onecznych, \u2022 stal wysokiej jako\u015bci, \u2022 wykonany w ca\u0142o\u015bci w Polsce i z polskich materia\u0142\u00f3w, \u2022 efektowny i nowoczesny wygl\u0105d, \u2022 \u0142atwy w utrzymaniu czysto\u015bci, \u2022 solidna i trwa\u0142a konstrukcja, \u2022 rok gwarancji, \u2022 szybki czas realizacji. Nogi dost\u0119pne s\u0105 w r\u00f3\u017cnych rozmiarach, kszta\u0142tach, kolorach na naszych pozosta\u0142ych aukcjach. Jeste\u015bmy bezpo\u015brednim producentem n\u00f3g, ca\u0142ych sto\u0142\u00f3w, rega\u0142\u00f3w itp. Mo\u017cemy wykona\u0107 produkt pod dowolny wymiar i projekt.\" \/>\n<meta property=\"og:url\" content=\"https:\/\/stabledesk.eu\/en\/produkt\/nogi-metalowe-do-stolu-loft-industrial-70-x-50-cm-profil-60x20-niski\/\" \/>\n<meta property=\"og:site_name\" content=\"STABLEDESK - High-quality metal table legs for modern rooms\" \/>\n<meta name=\"twitter:card\" content=\"summary_large_image\" \/>\n<meta name=\"twitter:label1\" content=\"Price\" \/>\n\t<meta name=\"twitter:data1\" content=\"80,00&nbsp;&euro;\" \/>\n\t<meta name=\"twitter:label2\" content=\"Availability\" \/>\n\t<meta name=\"twitter:data2\" content=\"Out of stock\" \/>\n<script type=\"application\/ld+json\" class=\"yoast-schema-graph\">{\"@context\":\"https:\/\/schema.org\",\"@graph\":[{\"@type\":\"WebPage\",\"@id\":\"https:\/\/stabledesk.eu\/en\/produkt\/nogi-metalowe-do-stolu-loft-industrial-70-x-50-cm-profil-60x20-niski\/\",\"url\":\"https:\/\/stabledesk.eu\/en\/produkt\/nogi-metalowe-do-stolu-loft-industrial-70-x-50-cm-profil-60x20-niski\/\",\"name\":\"Nogi metalowe do sto\u0142u loft industrial 70 x 50 cm profil 60x20 niski - STABLEDESK - High-quality metal table legs for modern rooms\",\"isPartOf\":{\"@id\":\"https:\/\/stabledesk.eu\/#website\"},\"primaryImageOfPage\":{\"@id\":\"https:\/\/stabledesk.eu\/en\/produkt\/nogi-metalowe-do-stolu-loft-industrial-70-x-50-cm-profil-60x20-niski\/#primaryimage\"},\"image\":{\"@id\":\"https:\/\/stabledesk.eu\/en\/produkt\/nogi-metalowe-do-stolu-loft-industrial-70-x-50-cm-profil-60x20-niski\/#primaryimage\"},\"thumbnailUrl\":\"https:\/\/stabledesk.eu\/wp-content\/uploads\/2024\/10\/nogi-do-stolu-wm-2-trapez.jpg\",\"datePublished\":\"2024-10-23T16:56:52+00:00\",\"breadcrumb\":{\"@id\":\"https:\/\/stabledesk.eu\/en\/produkt\/nogi-metalowe-do-stolu-loft-industrial-70-x-50-cm-profil-60x20-niski\/#breadcrumb\"},\"inLanguage\":\"en-US\",\"potentialAction\":[{\"@type\":\"ReadAction\",\"target\":[\"https:\/\/stabledesk.eu\/en\/produkt\/nogi-metalowe-do-stolu-loft-industrial-70-x-50-cm-profil-60x20-niski\/\"]}]},{\"@type\":\"ImageObject\",\"inLanguage\":\"en-US\",\"@id\":\"https:\/\/stabledesk.eu\/en\/produkt\/nogi-metalowe-do-stolu-loft-industrial-70-x-50-cm-profil-60x20-niski\/#primaryimage\",\"url\":\"https:\/\/stabledesk.eu\/wp-content\/uploads\/2024\/10\/nogi-do-stolu-wm-2-trapez.jpg\",\"contentUrl\":\"https:\/\/stabledesk.eu\/wp-content\/uploads\/2024\/10\/nogi-do-stolu-wm-2-trapez.jpg\",\"width\":1200,\"height\":1200},{\"@type\":\"BreadcrumbList\",\"@id\":\"https:\/\/stabledesk.eu\/en\/produkt\/nogi-metalowe-do-stolu-loft-industrial-70-x-50-cm-profil-60x20-niski\/#breadcrumb\",\"itemListElement\":[{\"@type\":\"ListItem\",\"position\":1,\"name\":\"Strona g\u0142\u00f3wna\",\"item\":\"https:\/\/stabledesk.eu\/en\/\"},{\"@type\":\"ListItem\",\"position\":2,\"name\":\"Shop\",\"item\":\"https:\/\/stabledesk.eu\/en\/shop\/\"},{\"@type\":\"ListItem\",\"position\":3,\"name\":\"Nogi metalowe do sto\u0142u loft industrial 70 x 50 cm profil 60&#215;20 niski\"}]},{\"@type\":\"WebSite\",\"@id\":\"https:\/\/stabledesk.eu\/#website\",\"url\":\"https:\/\/stabledesk.eu\/\",\"name\":\"STABLEDESK - High-quality metal table legs for modern rooms\",\"description\":\"STABLEDESK\",\"publisher\":{\"@id\":\"https:\/\/stabledesk.eu\/#organization\"},\"potentialAction\":[{\"@type\":\"SearchAction\",\"target\":{\"@type\":\"EntryPoint\",\"urlTemplate\":\"https:\/\/stabledesk.eu\/?s={search_term_string}\"},\"query-input\":{\"@type\":\"PropertyValueSpecification\",\"valueRequired\":true,\"valueName\":\"search_term_string\"}}],\"inLanguage\":\"en-US\"},{\"@type\":\"Organization\",\"@id\":\"https:\/\/stabledesk.eu\/#organization\",\"name\":\"STABLEDESK - High-quality metal table legs for modern rooms\",\"url\":\"https:\/\/stabledesk.eu\/\",\"logo\":{\"@type\":\"ImageObject\",\"inLanguage\":\"en-US\",\"@id\":\"https:\/\/stabledesk.eu\/#\/schema\/logo\/image\/\",\"url\":\"https:\/\/stabledesk.eu\/wp-content\/uploads\/2024\/10\/stabledesk-logo.png\",\"contentUrl\":\"https:\/\/stabledesk.eu\/wp-content\/uploads\/2024\/10\/stabledesk-logo.png\",\"width\":500,\"height\":129,\"caption\":\"STABLEDESK - High-quality metal table legs for modern rooms\"},\"image\":{\"@id\":\"https:\/\/stabledesk.eu\/#\/schema\/logo\/image\/\"},\"hasMerchantReturnPolicy\":{\"@type\":\"MerchantReturnPolicy\",\"merchantReturnLink\":\"https:\/\/stabledesk.eu\/zwroty\/\"}}]}<\/script>\n<meta property=\"product:price:amount\" content=\"80.00\" \/>\n<meta property=\"product:price:currency\" content=\"EUR\" \/>\n<meta property=\"og:availability\" content=\"out of stock\" \/>\n<meta property=\"product:availability\" content=\"out of stock\" \/>\n<meta property=\"product:retailer_item_id\" content=\"tn7-6-2\" \/>\n<meta property=\"product:condition\" content=\"new\" \/>\n<!-- \/ Yoast SEO Premium plugin. -->","yoast_head_json":{"title":"Nogi metalowe do sto\u0142u loft industrial 70 x 50 cm profil 60x20 niski - STABLEDESK - High-quality metal table legs for modern rooms","robots":{"index":"index","follow":"follow","max-snippet":"max-snippet:-1","max-image-preview":"max-image-preview:large","max-video-preview":"max-video-preview:-1"},"canonical":"https:\/\/stabledesk.eu\/en\/produkt\/nogi-metalowe-do-stolu-loft-industrial-70-x-50-cm-profil-60x20-niski\/","og_locale":"en_US","og_type":"article","og_title":"Nogi metalowe do sto\u0142u loft industrial 70 x 50 cm profil 60x20 niski","og_description":"Nogi w kszta\u0142cie trapezu w stylu loftowym, industrialnym do sto\u0142\u00f3w, stolik\u00f3w o wymiarach 70 cm szeroko\u015bci i 50 cm wysoko\u015bci. Cena dotyczy kompletu 2 szt. n\u00f3g wraz z samoprzylepnymi podk\u0142adkami filcowymi. Profil 60 x 20 mm, \u015bcianka 1,5 mm grubo\u015bci. Nogi wyr\u00f3\u017cniaj\u0105 si\u0119 estetycznymi spawami, pog\u0142\u0119bionymi otworami, dzi\u0119ki kt\u00f3rym wkr\u0119ty monta\u017cowe chowaj\u0105 si\u0119 na r\u00f3wno z profilem oraz idealnie trzymaj\u0105 blat, wysok\u0105 jako\u015bci\u0105 wykonania oraz najlepszymi materia\u0142ami. Dane techniczne: \u2022 kolor: czarna struktura (matowy, chropowaty), \u2022 lakier proszkowy, wygrzewany w specjalnej komorze, \u2022 wysoko\u015b\u0107 50 cm, \u2022 szeroko\u015b\u0107 70 cm, \u2022 d\u0142ugo\u015b\u0107 6 cm, \u2022 profil 60 x 20 mm, \u2022 gruba \u015bcianka profila 1,5 mm, \u2022 ilo\u015b\u0107 n\u00f3g: 2 sztuki, \u2022 kszta\u0142t n\u00f3g: trapez, \u2022 ilo\u015b\u0107 otwor\u00f3w mocuj\u0105cych o \u015brednicy 5 mm: 8 szt, \u2022 ilo\u015b\u0107 samoprzylepnych podk\u0142adek filcowych: 4 szt. Cechy szczeg\u00f3lne: \u2022 podklejone od spodu filcem zapobiegaj\u0105cym rysowaniu pod\u0142ogi, \u2022 wysoka jako\u015b\u0107 wykonania, \u2022 estetyczne, szlifowane spawy, \u2022 fazowane i pog\u0142\u0119biane otwory pod wkr\u0119ty monta\u017cowe, \u2022 r\u0119czne wykonanie, \u2022 jeste\u015bmy bezpo\u015brednim producentem, \u2022 kolor lakieru nie blaknie pod wp\u0142ywem czasu i promieni s\u0142onecznych, \u2022 stal wysokiej jako\u015bci, \u2022 wykonany w ca\u0142o\u015bci w Polsce i z polskich materia\u0142\u00f3w, \u2022 efektowny i nowoczesny wygl\u0105d, \u2022 \u0142atwy w utrzymaniu czysto\u015bci, \u2022 solidna i trwa\u0142a konstrukcja, \u2022 rok gwarancji, \u2022 szybki czas realizacji. Nogi dost\u0119pne s\u0105 w r\u00f3\u017cnych rozmiarach, kszta\u0142tach, kolorach na naszych pozosta\u0142ych aukcjach. Jeste\u015bmy bezpo\u015brednim producentem n\u00f3g, ca\u0142ych sto\u0142\u00f3w, rega\u0142\u00f3w itp. Mo\u017cemy wykona\u0107 produkt pod dowolny wymiar i projekt.","og_url":"https:\/\/stabledesk.eu\/en\/produkt\/nogi-metalowe-do-stolu-loft-industrial-70-x-50-cm-profil-60x20-niski\/","og_site_name":"STABLEDESK - High-quality metal table legs for modern rooms","twitter_card":"summary_large_image","twitter_misc":{"Price":"80,00&nbsp;&euro;","Availability":"Out of stock"},"schema":{"@context":"https:\/\/schema.org","@graph":[{"@type":"WebPage","@id":"https:\/\/stabledesk.eu\/en\/produkt\/nogi-metalowe-do-stolu-loft-industrial-70-x-50-cm-profil-60x20-niski\/","url":"https:\/\/stabledesk.eu\/en\/produkt\/nogi-metalowe-do-stolu-loft-industrial-70-x-50-cm-profil-60x20-niski\/","name":"Nogi metalowe do sto\u0142u loft industrial 70 x 50 cm profil 60x20 niski - STABLEDESK - High-quality metal table legs for modern rooms","isPartOf":{"@id":"https:\/\/stabledesk.eu\/#website"},"primaryImageOfPage":{"@id":"https:\/\/stabledesk.eu\/en\/produkt\/nogi-metalowe-do-stolu-loft-industrial-70-x-50-cm-profil-60x20-niski\/#primaryimage"},"image":{"@id":"https:\/\/stabledesk.eu\/en\/produkt\/nogi-metalowe-do-stolu-loft-industrial-70-x-50-cm-profil-60x20-niski\/#primaryimage"},"thumbnailUrl":"https:\/\/stabledesk.eu\/wp-content\/uploads\/2024\/10\/nogi-do-stolu-wm-2-trapez.jpg","datePublished":"2024-10-23T16:56:52+00:00","breadcrumb":{"@id":"https:\/\/stabledesk.eu\/en\/produkt\/nogi-metalowe-do-stolu-loft-industrial-70-x-50-cm-profil-60x20-niski\/#breadcrumb"},"inLanguage":"en-US","potentialAction":[{"@type":"ReadAction","target":["https:\/\/stabledesk.eu\/en\/produkt\/nogi-metalowe-do-stolu-loft-industrial-70-x-50-cm-profil-60x20-niski\/"]}]},{"@type":"ImageObject","inLanguage":"en-US","@id":"https:\/\/stabledesk.eu\/en\/produkt\/nogi-metalowe-do-stolu-loft-industrial-70-x-50-cm-profil-60x20-niski\/#primaryimage","url":"https:\/\/stabledesk.eu\/wp-content\/uploads\/2024\/10\/nogi-do-stolu-wm-2-trapez.jpg","contentUrl":"https:\/\/stabledesk.eu\/wp-content\/uploads\/2024\/10\/nogi-do-stolu-wm-2-trapez.jpg","width":1200,"height":1200},{"@type":"BreadcrumbList","@id":"https:\/\/stabledesk.eu\/en\/produkt\/nogi-metalowe-do-stolu-loft-industrial-70-x-50-cm-profil-60x20-niski\/#breadcrumb","itemListElement":[{"@type":"ListItem","position":1,"name":"Strona g\u0142\u00f3wna","item":"https:\/\/stabledesk.eu\/en\/"},{"@type":"ListItem","position":2,"name":"Shop","item":"https:\/\/stabledesk.eu\/en\/shop\/"},{"@type":"ListItem","position":3,"name":"Nogi metalowe do sto\u0142u loft industrial 70 x 50 cm profil 60&#215;20 niski"}]},{"@type":"WebSite","@id":"https:\/\/stabledesk.eu\/#website","url":"https:\/\/stabledesk.eu\/","name":"STABLEDESK - High-quality metal table legs for modern rooms","description":"STABLEDESK","publisher":{"@id":"https:\/\/stabledesk.eu\/#organization"},"potentialAction":[{"@type":"SearchAction","target":{"@type":"EntryPoint","urlTemplate":"https:\/\/stabledesk.eu\/?s={search_term_string}"},"query-input":{"@type":"PropertyValueSpecification","valueRequired":true,"valueName":"search_term_string"}}],"inLanguage":"en-US"},{"@type":"Organization","@id":"https:\/\/stabledesk.eu\/#organization","name":"STABLEDESK - High-quality metal table legs for modern rooms","url":"https:\/\/stabledesk.eu\/","logo":{"@type":"ImageObject","inLanguage":"en-US","@id":"https:\/\/stabledesk.eu\/#\/schema\/logo\/image\/","url":"https:\/\/stabledesk.eu\/wp-content\/uploads\/2024\/10\/stabledesk-logo.png","contentUrl":"https:\/\/stabledesk.eu\/wp-content\/uploads\/2024\/10\/stabledesk-logo.png","width":500,"height":129,"caption":"STABLEDESK - High-quality metal table legs for modern rooms"},"image":{"@id":"https:\/\/stabledesk.eu\/#\/schema\/logo\/image\/"},"hasMerchantReturnPolicy":{"@type":"MerchantReturnPolicy","merchantReturnLink":"https:\/\/stabledesk.eu\/zwroty\/"}}]},"product_price_amount":"80.00","product_price_currency":"EUR","og_availability":"out of stock","product_availability":"out of stock","product_retailer_item_id":"tn7-6-2","product_condition":"new"},"_links":{"self":[{"href":"https:\/\/stabledesk.eu\/en\/wp-json\/wp\/v2\/product\/8266","targetHints":{"allow":["GET"]}}],"collection":[{"href":"https:\/\/stabledesk.eu\/en\/wp-json\/wp\/v2\/product"}],"about":[{"href":"https:\/\/stabledesk.eu\/en\/wp-json\/wp\/v2\/types\/product"}],"replies":[{"embeddable":true,"href":"https:\/\/stabledesk.eu\/en\/wp-json\/wp\/v2\/comments?post=8266"}],"wp:featuredmedia":[{"embeddable":true,"href":"https:\/\/stabledesk.eu\/en\/wp-json\/wp\/v2\/media\/7352"}],"wp:attachment":[{"href":"https:\/\/stabledesk.eu\/en\/wp-json\/wp\/v2\/media?parent=8266"}],"wp:term":[{"taxonomy":"product_brand","embeddable":true,"href":"https:\/\/stabledesk.eu\/en\/wp-json\/wp\/v2\/product_brand?post=8266"},{"taxonomy":"product_cat","embeddable":true,"href":"https:\/\/stabledesk.eu\/en\/wp-json\/wp\/v2\/product_cat?post=8266"},{"taxonomy":"product_tag","embeddable":true,"href":"https:\/\/stabledesk.eu\/en\/wp-json\/wp\/v2\/product_tag?post=8266"}],"curies":[{"name":"wp","href":"https:\/\/api.w.org\/{rel}","templated":true}]}}