{"id":8248,"date":"2024-10-23T20:05:22","date_gmt":"2024-10-23T18:05:22","guid":{"rendered":"https:\/\/stabledesk.eu\/produkt\/stelaz-metalowy-do-stolu-nogi-loft-pajak-70x72x188-industrial-stalowy\/"},"modified":"2024-10-23T20:05:22","modified_gmt":"2024-10-23T18:05:22","slug":"stelaz-metalowy-do-stolu-nogi-loft-pajak-70x72x188-industrial-stalowy","status":"publish","type":"product","link":"https:\/\/stabledesk.eu\/en\/produkt\/stelaz-metalowy-do-stolu-nogi-loft-pajak-70x72x188-industrial-stalowy\/","title":{"rendered":"Stela\u017c metalowy do sto\u0142u nogi Loft paj\u0105k 70x72x188 Industrial stalowy"},"content":{"rendered":"<p>Stela\u017c stalowy w kszta\u0142cie \u201epaj\u0105ka\u201d w stylu loftowym, industrialnym do sto\u0142\u00f3w, stolik\u00f3w o wymiarach 80 cm szeroko\u015bci, 72 cm wysoko\u015bci, 188cm d\u0142ugo\u015bci.<\/p>\n<p>Cena dotyczy ca\u0142ego stela\u017ca wraz z przyklejonymi podk\u0142adkami filcowymi .<\/p>\n<p>P\u0142askownik 60 x 6 mm plus profil 40 x 20 mm, \u015bcianka 2 mm grubo\u015bci.<\/p>\n<p>Stela\u017c wyr\u00f3\u017cnia si\u0119 efektownym wygl\u0105dem, estetycznymi spawami, specjalnymi otworami, dzi\u0119ki kt\u00f3rym wkr\u0119ty monta\u017cowe idealnie trzymaj\u0105 blat, wysok\u0105 jako\u015bci\u0105 wykonania oraz najlepszymi materia\u0142ami.<\/p>\n<p>Dane techniczne:<br \/>\n\u2022 kolor: czarna struktura (matowy, chropowaty),<br \/>\n\u2022 lakier proszkowy, wygrzewany w specjalnej komorze,<br \/>\n\u2022 wysoko\u015b\u0107 72 cm,<br \/>\n\u2022 szeroko\u015b\u0107 80 cm,<br \/>\n\u2022 d\u0142ugo\u015b\u0107 188 cm,<br \/>\n\u2022 P\u0142askownik 60 x 6 mm plus profil 40 x 20 mm, \u015bcianka 2 mm grubo\u015bci,<br \/>\n\u2022 konstrukcja w ca\u0142o\u015bci spawana,<br \/>\n\u2022 kszta\u0142t n\u00f3g: paj\u0105k,<br \/>\n\u2022 otwory mocuj\u0105ce blat o \u015brednicy 5 mm.<\/p>\n<p>Cechy szczeg\u00f3lne:<br \/>\n\u2022 podklejony od spodu filcem zapobiegaj\u0105cym rysowaniu pod\u0142ogi,<br \/>\n\u2022 wysoka jako\u015b\u0107 wykonania,<br \/>\n\u2022 estetyczne, szlifowane spawy,<br \/>\n\u2022 otwory pod wkr\u0119ty monta\u017cowe,<br \/>\n\u2022 r\u0119czne wykonanie,<br \/>\n\u2022 jeste\u015bmy bezpo\u015brednim producentem,<br \/>\n\u2022 kolor lakieru nie blaknie pod wp\u0142ywem czasu i promieni s\u0142onecznych,<br \/>\n\u2022 stal wysokiej jako\u015bci,<br \/>\n\u2022 wykonany w ca\u0142o\u015bci w Polsce i z polskich materia\u0142\u00f3w,<br \/>\n\u2022 efektowny i nowoczesny wygl\u0105d,<br \/>\n\u2022 \u0142atwy w utrzymaniu czysto\u015bci,<br \/>\n\u2022 solidna i trwa\u0142a konstrukcja,<br \/>\n\u2022 rok gwarancji,<br \/>\n\u2022 szybki czas realizacji.<\/p>\n<p>Stela\u017ce oraz pojedyncze nogi dost\u0119pne s\u0105 w r\u00f3\u017cnych rozmiarach, kszta\u0142tach, kolorach na naszych pozosta\u0142ych aukcjach. Jeste\u015bmy bezpo\u015brednim producentem n\u00f3g, ca\u0142ych sto\u0142\u00f3w, rega\u0142\u00f3w, blat\u00f3w d\u0119bowych itp. Mo\u017cemy wykona\u0107 produkt pod dowolny wymiar i projekt.<\/p>\n","protected":false},"excerpt":{"rendered":"<p>Stela\u017c stalowy w kszta\u0142cie \u201epaj\u0105ka\u201d w stylu loftowym, industrialnym do sto\u0142\u00f3w, stolik\u00f3w o wymiarach 80 cm szeroko\u015bci, 72 cm wysoko\u015bci, 188cm d\u0142ugo\u015bci.<\/p>\n<p>Cena dotyczy ca\u0142ego stela\u017ca wraz z przyklejonymi podk\u0142adkami filcowymi .<\/p>\n<p>P\u0142askownik 60 x 6 mm plus profil 40 x 20 mm, \u015bcianka 2 mm grubo\u015bci.<\/p>\n<p>Stela\u017c wyr\u00f3\u017cnia si\u0119 efektownym wygl\u0105dem, estetycznymi spawami, specjalnymi otworami, dzi\u0119ki kt\u00f3rym wkr\u0119ty monta\u017cowe idealnie trzymaj\u0105 blat, wysok\u0105 jako\u015bci\u0105 wykonania oraz najlepszymi materia\u0142ami.<\/p>\n<p>Dane techniczne:<br \/>\n\u2022 kolor: czarna struktura (matowy, chropowaty),<br \/>\n\u2022 lakier proszkowy, wygrzewany w specjalnej komorze,<br \/>\n\u2022 wysoko\u015b\u0107 72 cm,<br \/>\n\u2022 szeroko\u015b\u0107 80 cm,<br \/>\n\u2022 d\u0142ugo\u015b\u0107 188 cm,<br \/>\n\u2022 P\u0142askownik 60 x 6 mm plus profil 40 x 20 mm, \u015bcianka 2 mm grubo\u015bci,<br \/>\n\u2022 konstrukcja w ca\u0142o\u015bci spawana,<br \/>\n\u2022 kszta\u0142t n\u00f3g: paj\u0105k,<br \/>\n\u2022 otwory mocuj\u0105ce blat o \u015brednicy 5 mm.<\/p>\n<p>Cechy szczeg\u00f3lne:<br \/>\n\u2022 podklejony od spodu filcem zapobiegaj\u0105cym rysowaniu pod\u0142ogi,<br \/>\n\u2022 wysoka jako\u015b\u0107 wykonania,<br \/>\n\u2022 estetyczne, szlifowane spawy,<br \/>\n\u2022 otwory pod wkr\u0119ty monta\u017cowe,<br \/>\n\u2022 r\u0119czne wykonanie,<br \/>\n\u2022 jeste\u015bmy bezpo\u015brednim producentem,<br \/>\n\u2022 kolor lakieru nie blaknie pod wp\u0142ywem czasu i promieni s\u0142onecznych,<br \/>\n\u2022 stal wysokiej jako\u015bci,<br \/>\n\u2022 wykonany w ca\u0142o\u015bci w Polsce i z polskich materia\u0142\u00f3w,<br \/>\n\u2022 efektowny i nowoczesny wygl\u0105d,<br \/>\n\u2022 \u0142atwy w utrzymaniu czysto\u015bci,<br \/>\n\u2022 solidna i trwa\u0142a konstrukcja,<br \/>\n\u2022 rok gwarancji,<br \/>\n\u2022 szybki czas realizacji.<\/p>\n<p>Stela\u017ce oraz pojedyncze nogi dost\u0119pne s\u0105 w r\u00f3\u017cnych rozmiarach, kszta\u0142tach, kolorach na naszych pozosta\u0142ych aukcjach. Jeste\u015bmy bezpo\u015brednim producentem n\u00f3g, ca\u0142ych sto\u0142\u00f3w, rega\u0142\u00f3w, blat\u00f3w d\u0119bowych itp. Mo\u017cemy wykona\u0107 produkt pod dowolny wymiar i projekt.<\/p>\n","protected":false},"featured_media":7531,"comment_status":"closed","ping_status":"open","template":"","meta":[],"product_brand":[],"product_cat":[83,84],"product_tag":[],"class_list":{"0":"post-8248","1":"product","2":"type-product","3":"status-publish","4":"has-post-thumbnail","6":"product_cat-nogi-do-stolow-kwadratowe-en","7":"product_cat-stelaze-do-stolow-en","9":"first","10":"outofstock","11":"purchasable","12":"product-type-simple"},"yoast_head":"<!-- This site is optimized with the Yoast SEO Premium plugin v25.6 (Yoast SEO v25.6) - https:\/\/yoast.com\/wordpress\/plugins\/seo\/ -->\n<title>Stela\u017c metalowy do sto\u0142u nogi Loft paj\u0105k 70x72x188 Industrial stalowy - STABLEDESK - High-quality metal table legs for modern rooms<\/title>\n<meta name=\"robots\" content=\"index, follow, max-snippet:-1, max-image-preview:large, max-video-preview:-1\" \/>\n<link rel=\"canonical\" href=\"https:\/\/stabledesk.eu\/en\/produkt\/stelaz-metalowy-do-stolu-nogi-loft-pajak-70x72x188-industrial-stalowy\/\" \/>\n<meta property=\"og:locale\" content=\"en_US\" \/>\n<meta property=\"og:type\" content=\"article\" \/>\n<meta property=\"og:title\" content=\"Stela\u017c metalowy do sto\u0142u nogi Loft paj\u0105k 70x72x188 Industrial stalowy\" \/>\n<meta property=\"og:description\" content=\"Stela\u017c stalowy w kszta\u0142cie \u201epaj\u0105ka\u201d w stylu loftowym, industrialnym do sto\u0142\u00f3w, stolik\u00f3w o wymiarach 80 cm szeroko\u015bci, 72 cm wysoko\u015bci, 188cm d\u0142ugo\u015bci. Cena dotyczy ca\u0142ego stela\u017ca wraz z przyklejonymi podk\u0142adkami filcowymi . P\u0142askownik 60 x 6 mm plus profil 40 x 20 mm, \u015bcianka 2 mm grubo\u015bci. Stela\u017c wyr\u00f3\u017cnia si\u0119 efektownym wygl\u0105dem, estetycznymi spawami, specjalnymi otworami, dzi\u0119ki kt\u00f3rym wkr\u0119ty monta\u017cowe idealnie trzymaj\u0105 blat, wysok\u0105 jako\u015bci\u0105 wykonania oraz najlepszymi materia\u0142ami. Dane techniczne: \u2022 kolor: czarna struktura (matowy, chropowaty), \u2022 lakier proszkowy, wygrzewany w specjalnej komorze, \u2022 wysoko\u015b\u0107 72 cm, \u2022 szeroko\u015b\u0107 80 cm, \u2022 d\u0142ugo\u015b\u0107 188 cm, \u2022 P\u0142askownik 60 x 6 mm plus profil 40 x 20 mm, \u015bcianka 2 mm grubo\u015bci, \u2022 konstrukcja w ca\u0142o\u015bci spawana, \u2022 kszta\u0142t n\u00f3g: paj\u0105k, \u2022 otwory mocuj\u0105ce blat o \u015brednicy 5 mm. Cechy szczeg\u00f3lne: \u2022 podklejony od spodu filcem zapobiegaj\u0105cym rysowaniu pod\u0142ogi, \u2022 wysoka jako\u015b\u0107 wykonania, \u2022 estetyczne, szlifowane spawy, \u2022 otwory pod wkr\u0119ty monta\u017cowe, \u2022 r\u0119czne wykonanie, \u2022 jeste\u015bmy bezpo\u015brednim producentem, \u2022 kolor lakieru nie blaknie pod wp\u0142ywem czasu i promieni s\u0142onecznych, \u2022 stal wysokiej jako\u015bci, \u2022 wykonany w ca\u0142o\u015bci w Polsce i z polskich materia\u0142\u00f3w, \u2022 efektowny i nowoczesny wygl\u0105d, \u2022 \u0142atwy w utrzymaniu czysto\u015bci, \u2022 solidna i trwa\u0142a konstrukcja, \u2022 rok gwarancji, \u2022 szybki czas realizacji. Stela\u017ce oraz pojedyncze nogi dost\u0119pne s\u0105 w r\u00f3\u017cnych rozmiarach, kszta\u0142tach, kolorach na naszych pozosta\u0142ych aukcjach. Jeste\u015bmy bezpo\u015brednim producentem n\u00f3g, ca\u0142ych sto\u0142\u00f3w, rega\u0142\u00f3w, blat\u00f3w d\u0119bowych itp. Mo\u017cemy wykona\u0107 produkt pod dowolny wymiar i projekt.\" \/>\n<meta property=\"og:url\" content=\"https:\/\/stabledesk.eu\/en\/produkt\/stelaz-metalowy-do-stolu-nogi-loft-pajak-70x72x188-industrial-stalowy\/\" \/>\n<meta property=\"og:site_name\" content=\"STABLEDESK - High-quality metal table legs for modern rooms\" \/>\n<meta name=\"twitter:card\" content=\"summary_large_image\" \/>\n<meta name=\"twitter:label1\" content=\"Price\" \/>\n\t<meta name=\"twitter:data1\" content=\"325,00&nbsp;&euro;\" \/>\n\t<meta name=\"twitter:label2\" content=\"Availability\" \/>\n\t<meta name=\"twitter:data2\" content=\"Out of stock\" \/>\n<script type=\"application\/ld+json\" class=\"yoast-schema-graph\">{\"@context\":\"https:\/\/schema.org\",\"@graph\":[{\"@type\":\"WebPage\",\"@id\":\"https:\/\/stabledesk.eu\/en\/produkt\/stelaz-metalowy-do-stolu-nogi-loft-pajak-70x72x188-industrial-stalowy\/\",\"url\":\"https:\/\/stabledesk.eu\/en\/produkt\/stelaz-metalowy-do-stolu-nogi-loft-pajak-70x72x188-industrial-stalowy\/\",\"name\":\"Stela\u017c metalowy do sto\u0142u nogi Loft paj\u0105k 70x72x188 Industrial stalowy - STABLEDESK - High-quality metal table legs for modern rooms\",\"isPartOf\":{\"@id\":\"https:\/\/stabledesk.eu\/#website\"},\"primaryImageOfPage\":{\"@id\":\"https:\/\/stabledesk.eu\/en\/produkt\/stelaz-metalowy-do-stolu-nogi-loft-pajak-70x72x188-industrial-stalowy\/#primaryimage\"},\"image\":{\"@id\":\"https:\/\/stabledesk.eu\/en\/produkt\/stelaz-metalowy-do-stolu-nogi-loft-pajak-70x72x188-industrial-stalowy\/#primaryimage\"},\"thumbnailUrl\":\"https:\/\/stabledesk.eu\/wp-content\/uploads\/2024\/10\/stelaz-pajak-stol-loft.jpg\",\"datePublished\":\"2024-10-23T18:05:22+00:00\",\"breadcrumb\":{\"@id\":\"https:\/\/stabledesk.eu\/en\/produkt\/stelaz-metalowy-do-stolu-nogi-loft-pajak-70x72x188-industrial-stalowy\/#breadcrumb\"},\"inLanguage\":\"en-US\",\"potentialAction\":[{\"@type\":\"ReadAction\",\"target\":[\"https:\/\/stabledesk.eu\/en\/produkt\/stelaz-metalowy-do-stolu-nogi-loft-pajak-70x72x188-industrial-stalowy\/\"]}]},{\"@type\":\"ImageObject\",\"inLanguage\":\"en-US\",\"@id\":\"https:\/\/stabledesk.eu\/en\/produkt\/stelaz-metalowy-do-stolu-nogi-loft-pajak-70x72x188-industrial-stalowy\/#primaryimage\",\"url\":\"https:\/\/stabledesk.eu\/wp-content\/uploads\/2024\/10\/stelaz-pajak-stol-loft.jpg\",\"contentUrl\":\"https:\/\/stabledesk.eu\/wp-content\/uploads\/2024\/10\/stelaz-pajak-stol-loft.jpg\",\"width\":1200,\"height\":841},{\"@type\":\"BreadcrumbList\",\"@id\":\"https:\/\/stabledesk.eu\/en\/produkt\/stelaz-metalowy-do-stolu-nogi-loft-pajak-70x72x188-industrial-stalowy\/#breadcrumb\",\"itemListElement\":[{\"@type\":\"ListItem\",\"position\":1,\"name\":\"Strona g\u0142\u00f3wna\",\"item\":\"https:\/\/stabledesk.eu\/en\/\"},{\"@type\":\"ListItem\",\"position\":2,\"name\":\"Shop\",\"item\":\"https:\/\/stabledesk.eu\/en\/shop\/\"},{\"@type\":\"ListItem\",\"position\":3,\"name\":\"Stela\u017c metalowy do sto\u0142u nogi Loft paj\u0105k 70x72x188 Industrial stalowy\"}]},{\"@type\":\"WebSite\",\"@id\":\"https:\/\/stabledesk.eu\/#website\",\"url\":\"https:\/\/stabledesk.eu\/\",\"name\":\"STABLEDESK - High-quality metal table legs for modern rooms\",\"description\":\"STABLEDESK\",\"publisher\":{\"@id\":\"https:\/\/stabledesk.eu\/#organization\"},\"potentialAction\":[{\"@type\":\"SearchAction\",\"target\":{\"@type\":\"EntryPoint\",\"urlTemplate\":\"https:\/\/stabledesk.eu\/?s={search_term_string}\"},\"query-input\":{\"@type\":\"PropertyValueSpecification\",\"valueRequired\":true,\"valueName\":\"search_term_string\"}}],\"inLanguage\":\"en-US\"},{\"@type\":\"Organization\",\"@id\":\"https:\/\/stabledesk.eu\/#organization\",\"name\":\"STABLEDESK - High-quality metal table legs for modern rooms\",\"url\":\"https:\/\/stabledesk.eu\/\",\"logo\":{\"@type\":\"ImageObject\",\"inLanguage\":\"en-US\",\"@id\":\"https:\/\/stabledesk.eu\/#\/schema\/logo\/image\/\",\"url\":\"https:\/\/stabledesk.eu\/wp-content\/uploads\/2024\/10\/stabledesk-logo.png\",\"contentUrl\":\"https:\/\/stabledesk.eu\/wp-content\/uploads\/2024\/10\/stabledesk-logo.png\",\"width\":500,\"height\":129,\"caption\":\"STABLEDESK - High-quality metal table legs for modern rooms\"},\"image\":{\"@id\":\"https:\/\/stabledesk.eu\/#\/schema\/logo\/image\/\"},\"hasMerchantReturnPolicy\":{\"@type\":\"MerchantReturnPolicy\",\"merchantReturnLink\":\"https:\/\/stabledesk.eu\/zwroty\/\"}}]}<\/script>\n<meta property=\"product:price:amount\" content=\"325.00\" \/>\n<meta property=\"product:price:currency\" content=\"EUR\" \/>\n<meta property=\"og:availability\" content=\"out of stock\" \/>\n<meta property=\"product:availability\" content=\"out of stock\" \/>\n<meta property=\"product:retailer_item_id\" content=\"Pjs72-80-188\" \/>\n<meta property=\"product:condition\" content=\"new\" \/>\n<!-- \/ Yoast SEO Premium plugin. -->","yoast_head_json":{"title":"Stela\u017c metalowy do sto\u0142u nogi Loft paj\u0105k 70x72x188 Industrial stalowy - STABLEDESK - High-quality metal table legs for modern rooms","robots":{"index":"index","follow":"follow","max-snippet":"max-snippet:-1","max-image-preview":"max-image-preview:large","max-video-preview":"max-video-preview:-1"},"canonical":"https:\/\/stabledesk.eu\/en\/produkt\/stelaz-metalowy-do-stolu-nogi-loft-pajak-70x72x188-industrial-stalowy\/","og_locale":"en_US","og_type":"article","og_title":"Stela\u017c metalowy do sto\u0142u nogi Loft paj\u0105k 70x72x188 Industrial stalowy","og_description":"Stela\u017c stalowy w kszta\u0142cie \u201epaj\u0105ka\u201d w stylu loftowym, industrialnym do sto\u0142\u00f3w, stolik\u00f3w o wymiarach 80 cm szeroko\u015bci, 72 cm wysoko\u015bci, 188cm d\u0142ugo\u015bci. Cena dotyczy ca\u0142ego stela\u017ca wraz z przyklejonymi podk\u0142adkami filcowymi . P\u0142askownik 60 x 6 mm plus profil 40 x 20 mm, \u015bcianka 2 mm grubo\u015bci. Stela\u017c wyr\u00f3\u017cnia si\u0119 efektownym wygl\u0105dem, estetycznymi spawami, specjalnymi otworami, dzi\u0119ki kt\u00f3rym wkr\u0119ty monta\u017cowe idealnie trzymaj\u0105 blat, wysok\u0105 jako\u015bci\u0105 wykonania oraz najlepszymi materia\u0142ami. Dane techniczne: \u2022 kolor: czarna struktura (matowy, chropowaty), \u2022 lakier proszkowy, wygrzewany w specjalnej komorze, \u2022 wysoko\u015b\u0107 72 cm, \u2022 szeroko\u015b\u0107 80 cm, \u2022 d\u0142ugo\u015b\u0107 188 cm, \u2022 P\u0142askownik 60 x 6 mm plus profil 40 x 20 mm, \u015bcianka 2 mm grubo\u015bci, \u2022 konstrukcja w ca\u0142o\u015bci spawana, \u2022 kszta\u0142t n\u00f3g: paj\u0105k, \u2022 otwory mocuj\u0105ce blat o \u015brednicy 5 mm. Cechy szczeg\u00f3lne: \u2022 podklejony od spodu filcem zapobiegaj\u0105cym rysowaniu pod\u0142ogi, \u2022 wysoka jako\u015b\u0107 wykonania, \u2022 estetyczne, szlifowane spawy, \u2022 otwory pod wkr\u0119ty monta\u017cowe, \u2022 r\u0119czne wykonanie, \u2022 jeste\u015bmy bezpo\u015brednim producentem, \u2022 kolor lakieru nie blaknie pod wp\u0142ywem czasu i promieni s\u0142onecznych, \u2022 stal wysokiej jako\u015bci, \u2022 wykonany w ca\u0142o\u015bci w Polsce i z polskich materia\u0142\u00f3w, \u2022 efektowny i nowoczesny wygl\u0105d, \u2022 \u0142atwy w utrzymaniu czysto\u015bci, \u2022 solidna i trwa\u0142a konstrukcja, \u2022 rok gwarancji, \u2022 szybki czas realizacji. Stela\u017ce oraz pojedyncze nogi dost\u0119pne s\u0105 w r\u00f3\u017cnych rozmiarach, kszta\u0142tach, kolorach na naszych pozosta\u0142ych aukcjach. Jeste\u015bmy bezpo\u015brednim producentem n\u00f3g, ca\u0142ych sto\u0142\u00f3w, rega\u0142\u00f3w, blat\u00f3w d\u0119bowych itp. Mo\u017cemy wykona\u0107 produkt pod dowolny wymiar i projekt.","og_url":"https:\/\/stabledesk.eu\/en\/produkt\/stelaz-metalowy-do-stolu-nogi-loft-pajak-70x72x188-industrial-stalowy\/","og_site_name":"STABLEDESK - High-quality metal table legs for modern rooms","twitter_card":"summary_large_image","twitter_misc":{"Price":"325,00&nbsp;&euro;","Availability":"Out of stock"},"schema":{"@context":"https:\/\/schema.org","@graph":[{"@type":"WebPage","@id":"https:\/\/stabledesk.eu\/en\/produkt\/stelaz-metalowy-do-stolu-nogi-loft-pajak-70x72x188-industrial-stalowy\/","url":"https:\/\/stabledesk.eu\/en\/produkt\/stelaz-metalowy-do-stolu-nogi-loft-pajak-70x72x188-industrial-stalowy\/","name":"Stela\u017c metalowy do sto\u0142u nogi Loft paj\u0105k 70x72x188 Industrial stalowy - STABLEDESK - High-quality metal table legs for modern rooms","isPartOf":{"@id":"https:\/\/stabledesk.eu\/#website"},"primaryImageOfPage":{"@id":"https:\/\/stabledesk.eu\/en\/produkt\/stelaz-metalowy-do-stolu-nogi-loft-pajak-70x72x188-industrial-stalowy\/#primaryimage"},"image":{"@id":"https:\/\/stabledesk.eu\/en\/produkt\/stelaz-metalowy-do-stolu-nogi-loft-pajak-70x72x188-industrial-stalowy\/#primaryimage"},"thumbnailUrl":"https:\/\/stabledesk.eu\/wp-content\/uploads\/2024\/10\/stelaz-pajak-stol-loft.jpg","datePublished":"2024-10-23T18:05:22+00:00","breadcrumb":{"@id":"https:\/\/stabledesk.eu\/en\/produkt\/stelaz-metalowy-do-stolu-nogi-loft-pajak-70x72x188-industrial-stalowy\/#breadcrumb"},"inLanguage":"en-US","potentialAction":[{"@type":"ReadAction","target":["https:\/\/stabledesk.eu\/en\/produkt\/stelaz-metalowy-do-stolu-nogi-loft-pajak-70x72x188-industrial-stalowy\/"]}]},{"@type":"ImageObject","inLanguage":"en-US","@id":"https:\/\/stabledesk.eu\/en\/produkt\/stelaz-metalowy-do-stolu-nogi-loft-pajak-70x72x188-industrial-stalowy\/#primaryimage","url":"https:\/\/stabledesk.eu\/wp-content\/uploads\/2024\/10\/stelaz-pajak-stol-loft.jpg","contentUrl":"https:\/\/stabledesk.eu\/wp-content\/uploads\/2024\/10\/stelaz-pajak-stol-loft.jpg","width":1200,"height":841},{"@type":"BreadcrumbList","@id":"https:\/\/stabledesk.eu\/en\/produkt\/stelaz-metalowy-do-stolu-nogi-loft-pajak-70x72x188-industrial-stalowy\/#breadcrumb","itemListElement":[{"@type":"ListItem","position":1,"name":"Strona g\u0142\u00f3wna","item":"https:\/\/stabledesk.eu\/en\/"},{"@type":"ListItem","position":2,"name":"Shop","item":"https:\/\/stabledesk.eu\/en\/shop\/"},{"@type":"ListItem","position":3,"name":"Stela\u017c metalowy do sto\u0142u nogi Loft paj\u0105k 70x72x188 Industrial stalowy"}]},{"@type":"WebSite","@id":"https:\/\/stabledesk.eu\/#website","url":"https:\/\/stabledesk.eu\/","name":"STABLEDESK - High-quality metal table legs for modern rooms","description":"STABLEDESK","publisher":{"@id":"https:\/\/stabledesk.eu\/#organization"},"potentialAction":[{"@type":"SearchAction","target":{"@type":"EntryPoint","urlTemplate":"https:\/\/stabledesk.eu\/?s={search_term_string}"},"query-input":{"@type":"PropertyValueSpecification","valueRequired":true,"valueName":"search_term_string"}}],"inLanguage":"en-US"},{"@type":"Organization","@id":"https:\/\/stabledesk.eu\/#organization","name":"STABLEDESK - High-quality metal table legs for modern rooms","url":"https:\/\/stabledesk.eu\/","logo":{"@type":"ImageObject","inLanguage":"en-US","@id":"https:\/\/stabledesk.eu\/#\/schema\/logo\/image\/","url":"https:\/\/stabledesk.eu\/wp-content\/uploads\/2024\/10\/stabledesk-logo.png","contentUrl":"https:\/\/stabledesk.eu\/wp-content\/uploads\/2024\/10\/stabledesk-logo.png","width":500,"height":129,"caption":"STABLEDESK - High-quality metal table legs for modern rooms"},"image":{"@id":"https:\/\/stabledesk.eu\/#\/schema\/logo\/image\/"},"hasMerchantReturnPolicy":{"@type":"MerchantReturnPolicy","merchantReturnLink":"https:\/\/stabledesk.eu\/zwroty\/"}}]},"product_price_amount":"325.00","product_price_currency":"EUR","og_availability":"out of stock","product_availability":"out of stock","product_retailer_item_id":"Pjs72-80-188","product_condition":"new"},"_links":{"self":[{"href":"https:\/\/stabledesk.eu\/en\/wp-json\/wp\/v2\/product\/8248","targetHints":{"allow":["GET"]}}],"collection":[{"href":"https:\/\/stabledesk.eu\/en\/wp-json\/wp\/v2\/product"}],"about":[{"href":"https:\/\/stabledesk.eu\/en\/wp-json\/wp\/v2\/types\/product"}],"replies":[{"embeddable":true,"href":"https:\/\/stabledesk.eu\/en\/wp-json\/wp\/v2\/comments?post=8248"}],"wp:featuredmedia":[{"embeddable":true,"href":"https:\/\/stabledesk.eu\/en\/wp-json\/wp\/v2\/media\/7531"}],"wp:attachment":[{"href":"https:\/\/stabledesk.eu\/en\/wp-json\/wp\/v2\/media?parent=8248"}],"wp:term":[{"taxonomy":"product_brand","embeddable":true,"href":"https:\/\/stabledesk.eu\/en\/wp-json\/wp\/v2\/product_brand?post=8248"},{"taxonomy":"product_cat","embeddable":true,"href":"https:\/\/stabledesk.eu\/en\/wp-json\/wp\/v2\/product_cat?post=8248"},{"taxonomy":"product_tag","embeddable":true,"href":"https:\/\/stabledesk.eu\/en\/wp-json\/wp\/v2\/product_tag?post=8248"}],"curies":[{"name":"wp","href":"https:\/\/api.w.org\/{rel}","templated":true}]}}