{"id":8220,"date":"2024-10-23T20:06:53","date_gmt":"2024-10-23T18:06:53","guid":{"rendered":"https:\/\/stabledesk.eu\/produkt\/profil-stalowy-zamkniety-100x20x15-dlugosc-500mm-kopia\/"},"modified":"2024-10-23T20:06:53","modified_gmt":"2024-10-23T18:06:53","slug":"profil-stalowy-zamkniety-100x20x15-dlugosc-500mm-kopia","status":"publish","type":"product","link":"https:\/\/stabledesk.eu\/en\/produkt\/profil-stalowy-zamkniety-100x20x15-dlugosc-500mm-kopia\/","title":{"rendered":"Profil stalowy zamkni\u0119ty 100x20x1,5 d\u0142ugo\u015b\u0107 500mm"},"content":{"rendered":"<p><strong>Opis przedmiotu:<\/strong><\/p>\n<ul>\n<li>Nazwa: Profil stalowy zamkni\u0119ty o przekroju kwadratowym<\/li>\n<li>Ilo\u015b\u0107: 1szt X 500 mm (0,5 m)<\/li>\n<li>Rozmiar profila: 100 mm x 20 mm x 2 mm<\/li>\n<li>Rodzaj materia\u0142u: Stal czarna S235<\/li>\n<\/ul>\n<p><strong>Parametry techniczne:<\/strong><\/p>\n<ul>\n<li>a = 100 mm<\/li>\n<li>a = 20 mm<\/li>\n<li>T = 1,5 mm<\/li>\n<li>R = 3,56 mm<\/li>\n<li>L = 500 mm<\/li>\n<li>Waga = 1,38 kg<\/li>\n<\/ul>\n","protected":false},"excerpt":{"rendered":"<p><strong>Opis przedmiotu:<\/strong><\/p>\n<ul>\n<li>Nazwa: Profil stalowy zamkni\u0119ty o przekroju kwadratowym<\/li>\n<li>Ilo\u015b\u0107: 1szt X 500 mm (0,5 m)<\/li>\n<li>Rozmiar profila: 100 mm x 20 mm x 2 mm<\/li>\n<li>Rodzaj materia\u0142u: Stal czarna S235<\/li>\n<\/ul>\n<p><strong>Parametry techniczne:<\/strong><\/p>\n<ul>\n<li>a = 100 mm<\/li>\n<li>a = 20 mm<\/li>\n<li>T = 1,5 mm<\/li>\n<li>R = 3,56 mm<\/li>\n<li>L = 500 mm<\/li>\n<li>Waga = 1,38 kg<\/li>\n<\/ul>\n","protected":false},"featured_media":7717,"comment_status":"closed","ping_status":"open","template":"","meta":[],"product_brand":[],"product_cat":[92],"product_tag":[],"class_list":{"0":"post-8220","1":"product","2":"type-product","3":"status-publish","4":"has-post-thumbnail","6":"product_cat-bez-kategorii-en","8":"first","9":"instock","10":"purchasable","11":"product-type-simple"},"yoast_head":"<!-- This site is optimized with the Yoast SEO Premium plugin v25.6 (Yoast SEO v25.6) - https:\/\/yoast.com\/wordpress\/plugins\/seo\/ -->\n<title>Profil stalowy zamkni\u0119ty 100x20x1,5 d\u0142ugo\u015b\u0107 500mm - STABLEDESK - High-quality metal table legs for modern rooms<\/title>\n<meta name=\"robots\" content=\"index, follow, max-snippet:-1, max-image-preview:large, max-video-preview:-1\" \/>\n<link rel=\"canonical\" href=\"https:\/\/stabledesk.eu\/en\/produkt\/profil-stalowy-zamkniety-100x20x15-dlugosc-500mm-kopia\/\" \/>\n<meta property=\"og:locale\" content=\"en_US\" \/>\n<meta property=\"og:type\" content=\"article\" \/>\n<meta property=\"og:title\" content=\"Profil stalowy zamkni\u0119ty 100x20x1,5 d\u0142ugo\u015b\u0107 500mm\" \/>\n<meta property=\"og:description\" content=\"Opis przedmiotu:  Nazwa: Profil stalowy zamkni\u0119ty o przekroju kwadratowym  Ilo\u015b\u0107: 1szt X 500 mm (0,5 m)  Rozmiar profila: 100 mm x 20 mm x 2 mm  Rodzaj materia\u0142u: Stal czarna S235 Parametry techniczne:  a = 100 mm  a = 20 mm  T = 1,5 mm  R = 3,56 mm  L = 500 mm  Waga = 1,38 kg\" \/>\n<meta property=\"og:url\" content=\"https:\/\/stabledesk.eu\/en\/produkt\/profil-stalowy-zamkniety-100x20x15-dlugosc-500mm-kopia\/\" \/>\n<meta property=\"og:site_name\" content=\"STABLEDESK - High-quality metal table legs for modern rooms\" \/>\n<meta name=\"twitter:card\" content=\"summary_large_image\" \/>\n<meta name=\"twitter:label1\" content=\"Price\" \/>\n\t<meta name=\"twitter:data1\" content=\"11,25&nbsp;&euro;\" \/>\n\t<meta name=\"twitter:label2\" content=\"Availability\" \/>\n\t<meta name=\"twitter:data2\" content=\"In stock\" \/>\n<script type=\"application\/ld+json\" class=\"yoast-schema-graph\">{\"@context\":\"https:\/\/schema.org\",\"@graph\":[{\"@type\":\"WebPage\",\"@id\":\"https:\/\/stabledesk.eu\/en\/produkt\/profil-stalowy-zamkniety-100x20x15-dlugosc-500mm-kopia\/\",\"url\":\"https:\/\/stabledesk.eu\/en\/produkt\/profil-stalowy-zamkniety-100x20x15-dlugosc-500mm-kopia\/\",\"name\":\"Profil stalowy zamkni\u0119ty 100x20x1,5 d\u0142ugo\u015b\u0107 500mm - STABLEDESK - High-quality metal table legs for modern rooms\",\"isPartOf\":{\"@id\":\"https:\/\/stabledesk.eu\/#website\"},\"primaryImageOfPage\":{\"@id\":\"https:\/\/stabledesk.eu\/en\/produkt\/profil-stalowy-zamkniety-100x20x15-dlugosc-500mm-kopia\/#primaryimage\"},\"image\":{\"@id\":\"https:\/\/stabledesk.eu\/en\/produkt\/profil-stalowy-zamkniety-100x20x15-dlugosc-500mm-kopia\/#primaryimage\"},\"thumbnailUrl\":\"https:\/\/stabledesk.eu\/wp-content\/uploads\/2024\/10\/s-l1600.jpg\",\"datePublished\":\"2024-10-23T18:06:53+00:00\",\"breadcrumb\":{\"@id\":\"https:\/\/stabledesk.eu\/en\/produkt\/profil-stalowy-zamkniety-100x20x15-dlugosc-500mm-kopia\/#breadcrumb\"},\"inLanguage\":\"en-US\",\"potentialAction\":[{\"@type\":\"ReadAction\",\"target\":[\"https:\/\/stabledesk.eu\/en\/produkt\/profil-stalowy-zamkniety-100x20x15-dlugosc-500mm-kopia\/\"]}]},{\"@type\":\"ImageObject\",\"inLanguage\":\"en-US\",\"@id\":\"https:\/\/stabledesk.eu\/en\/produkt\/profil-stalowy-zamkniety-100x20x15-dlugosc-500mm-kopia\/#primaryimage\",\"url\":\"https:\/\/stabledesk.eu\/wp-content\/uploads\/2024\/10\/s-l1600.jpg\",\"contentUrl\":\"https:\/\/stabledesk.eu\/wp-content\/uploads\/2024\/10\/s-l1600.jpg\",\"width\":1600,\"height\":1600},{\"@type\":\"BreadcrumbList\",\"@id\":\"https:\/\/stabledesk.eu\/en\/produkt\/profil-stalowy-zamkniety-100x20x15-dlugosc-500mm-kopia\/#breadcrumb\",\"itemListElement\":[{\"@type\":\"ListItem\",\"position\":1,\"name\":\"Strona g\u0142\u00f3wna\",\"item\":\"https:\/\/stabledesk.eu\/en\/\"},{\"@type\":\"ListItem\",\"position\":2,\"name\":\"Shop\",\"item\":\"https:\/\/stabledesk.eu\/en\/shop\/\"},{\"@type\":\"ListItem\",\"position\":3,\"name\":\"Profil stalowy zamkni\u0119ty 100x20x1,5 d\u0142ugo\u015b\u0107 500mm\"}]},{\"@type\":\"WebSite\",\"@id\":\"https:\/\/stabledesk.eu\/#website\",\"url\":\"https:\/\/stabledesk.eu\/\",\"name\":\"STABLEDESK - High-quality metal table legs for modern rooms\",\"description\":\"STABLEDESK\",\"publisher\":{\"@id\":\"https:\/\/stabledesk.eu\/#organization\"},\"potentialAction\":[{\"@type\":\"SearchAction\",\"target\":{\"@type\":\"EntryPoint\",\"urlTemplate\":\"https:\/\/stabledesk.eu\/?s={search_term_string}\"},\"query-input\":{\"@type\":\"PropertyValueSpecification\",\"valueRequired\":true,\"valueName\":\"search_term_string\"}}],\"inLanguage\":\"en-US\"},{\"@type\":\"Organization\",\"@id\":\"https:\/\/stabledesk.eu\/#organization\",\"name\":\"STABLEDESK - High-quality metal table legs for modern rooms\",\"url\":\"https:\/\/stabledesk.eu\/\",\"logo\":{\"@type\":\"ImageObject\",\"inLanguage\":\"en-US\",\"@id\":\"https:\/\/stabledesk.eu\/#\/schema\/logo\/image\/\",\"url\":\"https:\/\/stabledesk.eu\/wp-content\/uploads\/2024\/10\/stabledesk-logo.png\",\"contentUrl\":\"https:\/\/stabledesk.eu\/wp-content\/uploads\/2024\/10\/stabledesk-logo.png\",\"width\":500,\"height\":129,\"caption\":\"STABLEDESK - High-quality metal table legs for modern rooms\"},\"image\":{\"@id\":\"https:\/\/stabledesk.eu\/#\/schema\/logo\/image\/\"},\"hasMerchantReturnPolicy\":{\"@type\":\"MerchantReturnPolicy\",\"merchantReturnLink\":\"https:\/\/stabledesk.eu\/zwroty\/\"}}]}<\/script>\n<meta property=\"product:price:amount\" content=\"11.25\" \/>\n<meta property=\"product:price:currency\" content=\"EUR\" \/>\n<meta property=\"og:availability\" content=\"instock\" \/>\n<meta property=\"product:availability\" content=\"instock\" \/>\n<meta property=\"product:retailer_item_id\" content=\"pz-100-20-2-500-1\" \/>\n<meta property=\"product:condition\" content=\"new\" \/>\n<!-- \/ Yoast SEO Premium plugin. -->","yoast_head_json":{"title":"Profil stalowy zamkni\u0119ty 100x20x1,5 d\u0142ugo\u015b\u0107 500mm - STABLEDESK - High-quality metal table legs for modern rooms","robots":{"index":"index","follow":"follow","max-snippet":"max-snippet:-1","max-image-preview":"max-image-preview:large","max-video-preview":"max-video-preview:-1"},"canonical":"https:\/\/stabledesk.eu\/en\/produkt\/profil-stalowy-zamkniety-100x20x15-dlugosc-500mm-kopia\/","og_locale":"en_US","og_type":"article","og_title":"Profil stalowy zamkni\u0119ty 100x20x1,5 d\u0142ugo\u015b\u0107 500mm","og_description":"Opis przedmiotu:  Nazwa: Profil stalowy zamkni\u0119ty o przekroju kwadratowym  Ilo\u015b\u0107: 1szt X 500 mm (0,5 m)  Rozmiar profila: 100 mm x 20 mm x 2 mm  Rodzaj materia\u0142u: Stal czarna S235 Parametry techniczne:  a = 100 mm  a = 20 mm  T = 1,5 mm  R = 3,56 mm  L = 500 mm  Waga = 1,38 kg","og_url":"https:\/\/stabledesk.eu\/en\/produkt\/profil-stalowy-zamkniety-100x20x15-dlugosc-500mm-kopia\/","og_site_name":"STABLEDESK - High-quality metal table legs for modern rooms","twitter_card":"summary_large_image","twitter_misc":{"Price":"11,25&nbsp;&euro;","Availability":"In stock"},"schema":{"@context":"https:\/\/schema.org","@graph":[{"@type":"WebPage","@id":"https:\/\/stabledesk.eu\/en\/produkt\/profil-stalowy-zamkniety-100x20x15-dlugosc-500mm-kopia\/","url":"https:\/\/stabledesk.eu\/en\/produkt\/profil-stalowy-zamkniety-100x20x15-dlugosc-500mm-kopia\/","name":"Profil stalowy zamkni\u0119ty 100x20x1,5 d\u0142ugo\u015b\u0107 500mm - STABLEDESK - High-quality metal table legs for modern rooms","isPartOf":{"@id":"https:\/\/stabledesk.eu\/#website"},"primaryImageOfPage":{"@id":"https:\/\/stabledesk.eu\/en\/produkt\/profil-stalowy-zamkniety-100x20x15-dlugosc-500mm-kopia\/#primaryimage"},"image":{"@id":"https:\/\/stabledesk.eu\/en\/produkt\/profil-stalowy-zamkniety-100x20x15-dlugosc-500mm-kopia\/#primaryimage"},"thumbnailUrl":"https:\/\/stabledesk.eu\/wp-content\/uploads\/2024\/10\/s-l1600.jpg","datePublished":"2024-10-23T18:06:53+00:00","breadcrumb":{"@id":"https:\/\/stabledesk.eu\/en\/produkt\/profil-stalowy-zamkniety-100x20x15-dlugosc-500mm-kopia\/#breadcrumb"},"inLanguage":"en-US","potentialAction":[{"@type":"ReadAction","target":["https:\/\/stabledesk.eu\/en\/produkt\/profil-stalowy-zamkniety-100x20x15-dlugosc-500mm-kopia\/"]}]},{"@type":"ImageObject","inLanguage":"en-US","@id":"https:\/\/stabledesk.eu\/en\/produkt\/profil-stalowy-zamkniety-100x20x15-dlugosc-500mm-kopia\/#primaryimage","url":"https:\/\/stabledesk.eu\/wp-content\/uploads\/2024\/10\/s-l1600.jpg","contentUrl":"https:\/\/stabledesk.eu\/wp-content\/uploads\/2024\/10\/s-l1600.jpg","width":1600,"height":1600},{"@type":"BreadcrumbList","@id":"https:\/\/stabledesk.eu\/en\/produkt\/profil-stalowy-zamkniety-100x20x15-dlugosc-500mm-kopia\/#breadcrumb","itemListElement":[{"@type":"ListItem","position":1,"name":"Strona g\u0142\u00f3wna","item":"https:\/\/stabledesk.eu\/en\/"},{"@type":"ListItem","position":2,"name":"Shop","item":"https:\/\/stabledesk.eu\/en\/shop\/"},{"@type":"ListItem","position":3,"name":"Profil stalowy zamkni\u0119ty 100x20x1,5 d\u0142ugo\u015b\u0107 500mm"}]},{"@type":"WebSite","@id":"https:\/\/stabledesk.eu\/#website","url":"https:\/\/stabledesk.eu\/","name":"STABLEDESK - High-quality metal table legs for modern rooms","description":"STABLEDESK","publisher":{"@id":"https:\/\/stabledesk.eu\/#organization"},"potentialAction":[{"@type":"SearchAction","target":{"@type":"EntryPoint","urlTemplate":"https:\/\/stabledesk.eu\/?s={search_term_string}"},"query-input":{"@type":"PropertyValueSpecification","valueRequired":true,"valueName":"search_term_string"}}],"inLanguage":"en-US"},{"@type":"Organization","@id":"https:\/\/stabledesk.eu\/#organization","name":"STABLEDESK - High-quality metal table legs for modern rooms","url":"https:\/\/stabledesk.eu\/","logo":{"@type":"ImageObject","inLanguage":"en-US","@id":"https:\/\/stabledesk.eu\/#\/schema\/logo\/image\/","url":"https:\/\/stabledesk.eu\/wp-content\/uploads\/2024\/10\/stabledesk-logo.png","contentUrl":"https:\/\/stabledesk.eu\/wp-content\/uploads\/2024\/10\/stabledesk-logo.png","width":500,"height":129,"caption":"STABLEDESK - High-quality metal table legs for modern rooms"},"image":{"@id":"https:\/\/stabledesk.eu\/#\/schema\/logo\/image\/"},"hasMerchantReturnPolicy":{"@type":"MerchantReturnPolicy","merchantReturnLink":"https:\/\/stabledesk.eu\/zwroty\/"}}]},"product_price_amount":"11.25","product_price_currency":"EUR","og_availability":"instock","product_availability":"instock","product_retailer_item_id":"pz-100-20-2-500-1","product_condition":"new"},"_links":{"self":[{"href":"https:\/\/stabledesk.eu\/en\/wp-json\/wp\/v2\/product\/8220","targetHints":{"allow":["GET"]}}],"collection":[{"href":"https:\/\/stabledesk.eu\/en\/wp-json\/wp\/v2\/product"}],"about":[{"href":"https:\/\/stabledesk.eu\/en\/wp-json\/wp\/v2\/types\/product"}],"replies":[{"embeddable":true,"href":"https:\/\/stabledesk.eu\/en\/wp-json\/wp\/v2\/comments?post=8220"}],"wp:featuredmedia":[{"embeddable":true,"href":"https:\/\/stabledesk.eu\/en\/wp-json\/wp\/v2\/media\/7717"}],"wp:attachment":[{"href":"https:\/\/stabledesk.eu\/en\/wp-json\/wp\/v2\/media?parent=8220"}],"wp:term":[{"taxonomy":"product_brand","embeddable":true,"href":"https:\/\/stabledesk.eu\/en\/wp-json\/wp\/v2\/product_brand?post=8220"},{"taxonomy":"product_cat","embeddable":true,"href":"https:\/\/stabledesk.eu\/en\/wp-json\/wp\/v2\/product_cat?post=8220"},{"taxonomy":"product_tag","embeddable":true,"href":"https:\/\/stabledesk.eu\/en\/wp-json\/wp\/v2\/product_tag?post=8220"}],"curies":[{"name":"wp","href":"https:\/\/api.w.org\/{rel}","templated":true}]}}