{"id":8190,"date":"2024-10-23T20:08:00","date_gmt":"2024-10-23T18:08:00","guid":{"rendered":"https:\/\/stabledesk.eu\/produkt\/szafka-komoda-loft-industrialna-kredens-stalowa-dab-halifax\/"},"modified":"2024-10-23T20:08:00","modified_gmt":"2024-10-23T18:08:00","slug":"szafka-komoda-loft-industrialna-kredens-stalowa-dab-halifax","status":"publish","type":"product","link":"https:\/\/stabledesk.eu\/en\/produkt\/szafka-komoda-loft-industrialna-kredens-stalowa-dab-halifax\/","title":{"rendered":"Szafka komoda LOFT industrialna Kredens Stalowa D\u0105b HALIFAX"},"content":{"rendered":"<p><b>Komoda, kredens, szafka w stylu loftowym, industrialnym do sto\u0142\u00f3w, stolik\u00f3w o wymiarach 100 cm szeroko\u015bci, 30 cm g\u0142\u0119boko\u015bci i 92 cm wysoko\u015bci.<\/b><\/p>\n<p><b>Cena dotyczy 1 szt. komody <\/b><b>z ko\u0144c\u00f3wkami n\u00f3g zabezpieczaj\u0105cymi pod\u0142og\u0119 przed rysowaniem oraz <\/b><b>dwoma otwieranymi szufladami.<\/b><\/p>\n<p><b>P\u0142yta meblowa w kolorze D\u0104B HALIFAX, profil 30 x 30 mm, \u015bcianka 2 mm grubo\u015bci.<\/b><\/p>\n<p>Stalowa konstrukcja wyr\u00f3\u017cniaja si\u0119 estetycznymi spawami, niewidocznymi mocowaniami p\u0142yty meblowej, wysok\u0105 jako\u015bci\u0105 wykonania oraz najlepszymi materia\u0142ami.<\/p>\n<p><b>Dane techniczne:<\/b><\/p>\n<ul>\n<li>kolor p\u0142yty meblowej: d\u0105b HALIFAX,<\/li>\n<li>kolor konstrukcji stalowej: czarna drobna struktura (matowy, chropowaty),<\/li>\n<li>lakier proszkowy, wygrzewany w specjalnej komorze,<\/li>\n<li>wysoko\u015b\u0107 92 cm,<\/li>\n<li>szeroko\u015b\u0107 100 cm,<\/li>\n<li>g\u0142\u0119boko\u015b\u0107 30 cm,<\/li>\n<li>profil 30 x 30 mm,<\/li>\n<li>gruba \u015bcianka profila 2 mm,<\/li>\n<li>ilo\u015b\u0107 szuflad: 2 sztuki,<\/li>\n<\/ul>\n<p><b>Cechy szczeg\u00f3lne:<\/b><\/p>\n<ul>\n<li>ko\u0144ce n\u00f3g zako\u0144czone specjalnym tworzywem zapobiegaj\u0105cym rysowaniu pod\u0142ogi,<\/li>\n<li>wysoka jako\u015b\u0107 wykonania,<\/li>\n<li>estetyczne, szlifowane spawy,<\/li>\n<li>niewidoczne mocowania pyty meblowej,<\/li>\n<li>r\u0119czne wykonanie,<\/li>\n<li>jeste\u015bmy bezpo\u015brednim producentem,<\/li>\n<li>kolor lakieru nie blaknie pod wp\u0142ywem czasu i promieni s\u0142onecznych,<\/li>\n<li>stal wysokiej jako\u015bci,<\/li>\n<li>wykonany w ca\u0142o\u015bci w Polsce i z polskich materia\u0142\u00f3w,<\/li>\n<li>efektowny i nowoczesny wygl\u0105d,<\/li>\n<li>\u0142atwy w utrzymaniu czysto\u015bci,<\/li>\n<li>solidna i trwa\u0142a konstrukcja,<\/li>\n<li>szybki czas realizacji.<\/li>\n<\/ul>\n<p><b>Komody, stela\u017ce sto\u0142\u00f3w oraz pojedyncze nogi dost\u0119pne s\u0105 w r\u00f3\u017cnych rozmiarach, kszta\u0142tach, kolorach na naszych pozosta\u0142ych aukcjach. Jeste\u015bmy bezpo\u015brednim producentem mebli, n\u00f3g, ca\u0142ych sto\u0142\u00f3w, rega\u0142\u00f3w, blat\u00f3w d\u0119bowych itp. Mo\u017cemy wykona\u0107 produkt pod dowolny wymiar i projekt.<\/b><\/p>\n<p><b>Jeste\u015bmy producentem, dlatego do ka\u017cdej realizacji podchodzimy indywidualnie.<\/b><\/p>\n<p><b>Mo\u017cecie Pa\u0144stwo liczy\u0107 na fachowe doradztwo.<\/b><\/p>\n","protected":false},"excerpt":{"rendered":"<p><b>Komoda, kredens, szafka w stylu loftowym, industrialnym do sto\u0142\u00f3w, stolik\u00f3w o wymiarach 100 cm szeroko\u015bci, 30 cm g\u0142\u0119boko\u015bci i 92 cm wysoko\u015bci.<\/b><\/p>\n<p><b>Cena dotyczy 1 szt. komody <\/b><b>z ko\u0144c\u00f3wkami n\u00f3g zabezpieczaj\u0105cymi pod\u0142og\u0119 przed rysowaniem oraz <\/b><b>dwoma otwieranymi szufladami.<\/b><\/p>\n<p><b>P\u0142yta meblowa w kolorze D\u0104B HALIFAX, profil 30 x 30 mm, \u015bcianka 2 mm grubo\u015bci.<\/b><\/p>\n<p>Stalowa konstrukcja wyr\u00f3\u017cniaja si\u0119 estetycznymi spawami, niewidocznymi mocowaniami p\u0142yty meblowej, wysok\u0105 jako\u015bci\u0105 wykonania oraz najlepszymi materia\u0142ami.<\/p>\n<p><b>Dane techniczne:<\/b><\/p>\n<ul>\n<li>kolor p\u0142yty meblowej: d\u0105b HALIFAX,<\/li>\n<li>kolor konstrukcji stalowej: czarna drobna struktura (matowy, chropowaty),<\/li>\n<li>lakier proszkowy, wygrzewany w specjalnej komorze,<\/li>\n<li>wysoko\u015b\u0107 92 cm,<\/li>\n<li>szeroko\u015b\u0107 100 cm,<\/li>\n<li>g\u0142\u0119boko\u015b\u0107 30 cm,<\/li>\n<li>profil 30 x 30 mm,<\/li>\n<li>gruba \u015bcianka profila 2 mm,<\/li>\n<li>ilo\u015b\u0107 szuflad: 2 sztuki,<\/li>\n<\/ul>\n<p><b>Cechy szczeg\u00f3lne:<\/b><\/p>\n<ul>\n<li>ko\u0144ce n\u00f3g zako\u0144czone specjalnym tworzywem zapobiegaj\u0105cym rysowaniu pod\u0142ogi,<\/li>\n<li>wysoka jako\u015b\u0107 wykonania,<\/li>\n<li>estetyczne, szlifowane spawy,<\/li>\n<li>niewidoczne mocowania pyty meblowej,<\/li>\n<li>r\u0119czne wykonanie,<\/li>\n<li>jeste\u015bmy bezpo\u015brednim producentem,<\/li>\n<li>kolor lakieru nie blaknie pod wp\u0142ywem czasu i promieni s\u0142onecznych,<\/li>\n<li>stal wysokiej jako\u015bci,<\/li>\n<li>wykonany w ca\u0142o\u015bci w Polsce i z polskich materia\u0142\u00f3w,<\/li>\n<li>efektowny i nowoczesny wygl\u0105d,<\/li>\n<li>\u0142atwy w utrzymaniu czysto\u015bci,<\/li>\n<li>solidna i trwa\u0142a konstrukcja,<\/li>\n<li>szybki czas realizacji.<\/li>\n<\/ul>\n<p><b>Komody, stela\u017ce sto\u0142\u00f3w oraz pojedyncze nogi dost\u0119pne s\u0105 w r\u00f3\u017cnych rozmiarach, kszta\u0142tach, kolorach na naszych pozosta\u0142ych aukcjach. Jeste\u015bmy bezpo\u015brednim producentem mebli, n\u00f3g, ca\u0142ych sto\u0142\u00f3w, rega\u0142\u00f3w, blat\u00f3w d\u0119bowych itp. Mo\u017cemy wykona\u0107 produkt pod dowolny wymiar i projekt.<\/b><\/p>\n<p><b>Jeste\u015bmy producentem, dlatego do ka\u017cdej realizacji podchodzimy indywidualnie.<\/b><\/p>\n<p><b>Mo\u017cecie Pa\u0144stwo liczy\u0107 na fachowe doradztwo.<\/b><\/p>\n","protected":false},"featured_media":7761,"comment_status":"closed","ping_status":"open","template":"","meta":[],"product_brand":[],"product_cat":[92],"product_tag":[],"class_list":{"0":"post-8190","1":"product","2":"type-product","3":"status-publish","4":"has-post-thumbnail","6":"product_cat-bez-kategorii-en","8":"first","9":"outofstock","10":"purchasable","11":"product-type-simple"},"yoast_head":"<!-- This site is optimized with the Yoast SEO Premium plugin v25.6 (Yoast SEO v25.6) - https:\/\/yoast.com\/wordpress\/plugins\/seo\/ -->\n<title>Szafka komoda LOFT industrialna Kredens Stalowa D\u0105b HALIFAX - STABLEDESK - High-quality metal table legs for modern rooms<\/title>\n<meta name=\"robots\" content=\"index, follow, max-snippet:-1, max-image-preview:large, max-video-preview:-1\" \/>\n<link rel=\"canonical\" href=\"https:\/\/stabledesk.eu\/en\/produkt\/szafka-komoda-loft-industrialna-kredens-stalowa-dab-halifax\/\" \/>\n<meta property=\"og:locale\" content=\"en_US\" \/>\n<meta property=\"og:type\" content=\"article\" \/>\n<meta property=\"og:title\" content=\"Szafka komoda LOFT industrialna Kredens Stalowa D\u0105b HALIFAX\" \/>\n<meta property=\"og:description\" content=\"Komoda, kredens, szafka w stylu loftowym, industrialnym do sto\u0142\u00f3w, stolik\u00f3w o wymiarach 100 cm szeroko\u015bci, 30 cm g\u0142\u0119boko\u015bci i 92 cm wysoko\u015bci. Cena dotyczy 1 szt. komody z ko\u0144c\u00f3wkami n\u00f3g zabezpieczaj\u0105cymi pod\u0142og\u0119 przed rysowaniem oraz dwoma otwieranymi szufladami. P\u0142yta meblowa w kolorze D\u0104B HALIFAX, profil 30 x 30 mm, \u015bcianka 2 mm grubo\u015bci. Stalowa konstrukcja wyr\u00f3\u017cniaja si\u0119 estetycznymi spawami, niewidocznymi mocowaniami p\u0142yty meblowej, wysok\u0105 jako\u015bci\u0105 wykonania oraz najlepszymi materia\u0142ami. Dane techniczne:  kolor p\u0142yty meblowej: d\u0105b HALIFAX,  kolor konstrukcji stalowej: czarna drobna struktura (matowy, chropowaty),  lakier proszkowy, wygrzewany w specjalnej komorze,  wysoko\u015b\u0107 92 cm,  szeroko\u015b\u0107 100 cm,  g\u0142\u0119boko\u015b\u0107 30 cm,  profil 30 x 30 mm,  gruba \u015bcianka profila 2 mm,  ilo\u015b\u0107 szuflad: 2 sztuki, Cechy szczeg\u00f3lne:  ko\u0144ce n\u00f3g zako\u0144czone specjalnym tworzywem zapobiegaj\u0105cym rysowaniu pod\u0142ogi,  wysoka jako\u015b\u0107 wykonania,  estetyczne, szlifowane spawy,  niewidoczne mocowania pyty meblowej,  r\u0119czne wykonanie,  jeste\u015bmy bezpo\u015brednim producentem,  kolor lakieru nie blaknie pod wp\u0142ywem czasu i promieni s\u0142onecznych,  stal wysokiej jako\u015bci,  wykonany w ca\u0142o\u015bci w Polsce i z polskich materia\u0142\u00f3w,  efektowny i nowoczesny wygl\u0105d,  \u0142atwy w utrzymaniu czysto\u015bci,  solidna i trwa\u0142a konstrukcja,  szybki czas realizacji. Komody, stela\u017ce sto\u0142\u00f3w oraz pojedyncze nogi dost\u0119pne s\u0105 w r\u00f3\u017cnych rozmiarach, kszta\u0142tach, kolorach na naszych pozosta\u0142ych aukcjach. Jeste\u015bmy bezpo\u015brednim producentem mebli, n\u00f3g, ca\u0142ych sto\u0142\u00f3w, rega\u0142\u00f3w, blat\u00f3w d\u0119bowych itp. Mo\u017cemy wykona\u0107 produkt pod dowolny wymiar i projekt. Jeste\u015bmy producentem, dlatego do ka\u017cdej realizacji podchodzimy indywidualnie. Mo\u017cecie Pa\u0144stwo liczy\u0107 na fachowe doradztwo.\" \/>\n<meta property=\"og:url\" content=\"https:\/\/stabledesk.eu\/en\/produkt\/szafka-komoda-loft-industrialna-kredens-stalowa-dab-halifax\/\" \/>\n<meta property=\"og:site_name\" content=\"STABLEDESK - High-quality metal table legs for modern rooms\" \/>\n<meta name=\"twitter:card\" content=\"summary_large_image\" \/>\n<meta name=\"twitter:label1\" content=\"Price\" \/>\n\t<meta name=\"twitter:data1\" content=\"200,00&nbsp;&euro;\" \/>\n\t<meta name=\"twitter:label2\" content=\"Availability\" \/>\n\t<meta name=\"twitter:data2\" content=\"Out of stock\" \/>\n<script type=\"application\/ld+json\" class=\"yoast-schema-graph\">{\"@context\":\"https:\/\/schema.org\",\"@graph\":[{\"@type\":\"WebPage\",\"@id\":\"https:\/\/stabledesk.eu\/en\/produkt\/szafka-komoda-loft-industrialna-kredens-stalowa-dab-halifax\/\",\"url\":\"https:\/\/stabledesk.eu\/en\/produkt\/szafka-komoda-loft-industrialna-kredens-stalowa-dab-halifax\/\",\"name\":\"Szafka komoda LOFT industrialna Kredens Stalowa D\u0105b HALIFAX - STABLEDESK - High-quality metal table legs for modern rooms\",\"isPartOf\":{\"@id\":\"https:\/\/stabledesk.eu\/#website\"},\"primaryImageOfPage\":{\"@id\":\"https:\/\/stabledesk.eu\/en\/produkt\/szafka-komoda-loft-industrialna-kredens-stalowa-dab-halifax\/#primaryimage\"},\"image\":{\"@id\":\"https:\/\/stabledesk.eu\/en\/produkt\/szafka-komoda-loft-industrialna-kredens-stalowa-dab-halifax\/#primaryimage\"},\"thumbnailUrl\":\"https:\/\/stabledesk.eu\/wp-content\/uploads\/2024\/10\/komoda_halifax1.png\",\"datePublished\":\"2024-10-23T18:08:00+00:00\",\"breadcrumb\":{\"@id\":\"https:\/\/stabledesk.eu\/en\/produkt\/szafka-komoda-loft-industrialna-kredens-stalowa-dab-halifax\/#breadcrumb\"},\"inLanguage\":\"en-US\",\"potentialAction\":[{\"@type\":\"ReadAction\",\"target\":[\"https:\/\/stabledesk.eu\/en\/produkt\/szafka-komoda-loft-industrialna-kredens-stalowa-dab-halifax\/\"]}]},{\"@type\":\"ImageObject\",\"inLanguage\":\"en-US\",\"@id\":\"https:\/\/stabledesk.eu\/en\/produkt\/szafka-komoda-loft-industrialna-kredens-stalowa-dab-halifax\/#primaryimage\",\"url\":\"https:\/\/stabledesk.eu\/wp-content\/uploads\/2024\/10\/komoda_halifax1.png\",\"contentUrl\":\"https:\/\/stabledesk.eu\/wp-content\/uploads\/2024\/10\/komoda_halifax1.png\",\"width\":2400,\"height\":1830},{\"@type\":\"BreadcrumbList\",\"@id\":\"https:\/\/stabledesk.eu\/en\/produkt\/szafka-komoda-loft-industrialna-kredens-stalowa-dab-halifax\/#breadcrumb\",\"itemListElement\":[{\"@type\":\"ListItem\",\"position\":1,\"name\":\"Strona g\u0142\u00f3wna\",\"item\":\"https:\/\/stabledesk.eu\/en\/\"},{\"@type\":\"ListItem\",\"position\":2,\"name\":\"Shop\",\"item\":\"https:\/\/stabledesk.eu\/en\/shop\/\"},{\"@type\":\"ListItem\",\"position\":3,\"name\":\"Szafka komoda LOFT industrialna Kredens Stalowa D\u0105b HALIFAX\"}]},{\"@type\":\"WebSite\",\"@id\":\"https:\/\/stabledesk.eu\/#website\",\"url\":\"https:\/\/stabledesk.eu\/\",\"name\":\"STABLEDESK - High-quality metal table legs for modern rooms\",\"description\":\"STABLEDESK\",\"publisher\":{\"@id\":\"https:\/\/stabledesk.eu\/#organization\"},\"potentialAction\":[{\"@type\":\"SearchAction\",\"target\":{\"@type\":\"EntryPoint\",\"urlTemplate\":\"https:\/\/stabledesk.eu\/?s={search_term_string}\"},\"query-input\":{\"@type\":\"PropertyValueSpecification\",\"valueRequired\":true,\"valueName\":\"search_term_string\"}}],\"inLanguage\":\"en-US\"},{\"@type\":\"Organization\",\"@id\":\"https:\/\/stabledesk.eu\/#organization\",\"name\":\"STABLEDESK - High-quality metal table legs for modern rooms\",\"url\":\"https:\/\/stabledesk.eu\/\",\"logo\":{\"@type\":\"ImageObject\",\"inLanguage\":\"en-US\",\"@id\":\"https:\/\/stabledesk.eu\/#\/schema\/logo\/image\/\",\"url\":\"https:\/\/stabledesk.eu\/wp-content\/uploads\/2024\/10\/stabledesk-logo.png\",\"contentUrl\":\"https:\/\/stabledesk.eu\/wp-content\/uploads\/2024\/10\/stabledesk-logo.png\",\"width\":500,\"height\":129,\"caption\":\"STABLEDESK - High-quality metal table legs for modern rooms\"},\"image\":{\"@id\":\"https:\/\/stabledesk.eu\/#\/schema\/logo\/image\/\"},\"hasMerchantReturnPolicy\":{\"@type\":\"MerchantReturnPolicy\",\"merchantReturnLink\":\"https:\/\/stabledesk.eu\/zwroty\/\"}}]}<\/script>\n<meta property=\"product:price:amount\" content=\"200.00\" \/>\n<meta property=\"product:price:currency\" content=\"EUR\" \/>\n<meta property=\"og:availability\" content=\"out of stock\" \/>\n<meta property=\"product:availability\" content=\"out of stock\" \/>\n<meta property=\"product:retailer_item_id\" content=\"komoda100x30x92\" \/>\n<meta property=\"product:condition\" content=\"new\" \/>\n<!-- \/ Yoast SEO Premium plugin. -->","yoast_head_json":{"title":"Szafka komoda LOFT industrialna Kredens Stalowa D\u0105b HALIFAX - STABLEDESK - High-quality metal table legs for modern rooms","robots":{"index":"index","follow":"follow","max-snippet":"max-snippet:-1","max-image-preview":"max-image-preview:large","max-video-preview":"max-video-preview:-1"},"canonical":"https:\/\/stabledesk.eu\/en\/produkt\/szafka-komoda-loft-industrialna-kredens-stalowa-dab-halifax\/","og_locale":"en_US","og_type":"article","og_title":"Szafka komoda LOFT industrialna Kredens Stalowa D\u0105b HALIFAX","og_description":"Komoda, kredens, szafka w stylu loftowym, industrialnym do sto\u0142\u00f3w, stolik\u00f3w o wymiarach 100 cm szeroko\u015bci, 30 cm g\u0142\u0119boko\u015bci i 92 cm wysoko\u015bci. Cena dotyczy 1 szt. komody z ko\u0144c\u00f3wkami n\u00f3g zabezpieczaj\u0105cymi pod\u0142og\u0119 przed rysowaniem oraz dwoma otwieranymi szufladami. P\u0142yta meblowa w kolorze D\u0104B HALIFAX, profil 30 x 30 mm, \u015bcianka 2 mm grubo\u015bci. Stalowa konstrukcja wyr\u00f3\u017cniaja si\u0119 estetycznymi spawami, niewidocznymi mocowaniami p\u0142yty meblowej, wysok\u0105 jako\u015bci\u0105 wykonania oraz najlepszymi materia\u0142ami. Dane techniczne:  kolor p\u0142yty meblowej: d\u0105b HALIFAX,  kolor konstrukcji stalowej: czarna drobna struktura (matowy, chropowaty),  lakier proszkowy, wygrzewany w specjalnej komorze,  wysoko\u015b\u0107 92 cm,  szeroko\u015b\u0107 100 cm,  g\u0142\u0119boko\u015b\u0107 30 cm,  profil 30 x 30 mm,  gruba \u015bcianka profila 2 mm,  ilo\u015b\u0107 szuflad: 2 sztuki, Cechy szczeg\u00f3lne:  ko\u0144ce n\u00f3g zako\u0144czone specjalnym tworzywem zapobiegaj\u0105cym rysowaniu pod\u0142ogi,  wysoka jako\u015b\u0107 wykonania,  estetyczne, szlifowane spawy,  niewidoczne mocowania pyty meblowej,  r\u0119czne wykonanie,  jeste\u015bmy bezpo\u015brednim producentem,  kolor lakieru nie blaknie pod wp\u0142ywem czasu i promieni s\u0142onecznych,  stal wysokiej jako\u015bci,  wykonany w ca\u0142o\u015bci w Polsce i z polskich materia\u0142\u00f3w,  efektowny i nowoczesny wygl\u0105d,  \u0142atwy w utrzymaniu czysto\u015bci,  solidna i trwa\u0142a konstrukcja,  szybki czas realizacji. Komody, stela\u017ce sto\u0142\u00f3w oraz pojedyncze nogi dost\u0119pne s\u0105 w r\u00f3\u017cnych rozmiarach, kszta\u0142tach, kolorach na naszych pozosta\u0142ych aukcjach. Jeste\u015bmy bezpo\u015brednim producentem mebli, n\u00f3g, ca\u0142ych sto\u0142\u00f3w, rega\u0142\u00f3w, blat\u00f3w d\u0119bowych itp. Mo\u017cemy wykona\u0107 produkt pod dowolny wymiar i projekt. Jeste\u015bmy producentem, dlatego do ka\u017cdej realizacji podchodzimy indywidualnie. Mo\u017cecie Pa\u0144stwo liczy\u0107 na fachowe doradztwo.","og_url":"https:\/\/stabledesk.eu\/en\/produkt\/szafka-komoda-loft-industrialna-kredens-stalowa-dab-halifax\/","og_site_name":"STABLEDESK - High-quality metal table legs for modern rooms","twitter_card":"summary_large_image","twitter_misc":{"Price":"200,00&nbsp;&euro;","Availability":"Out of stock"},"schema":{"@context":"https:\/\/schema.org","@graph":[{"@type":"WebPage","@id":"https:\/\/stabledesk.eu\/en\/produkt\/szafka-komoda-loft-industrialna-kredens-stalowa-dab-halifax\/","url":"https:\/\/stabledesk.eu\/en\/produkt\/szafka-komoda-loft-industrialna-kredens-stalowa-dab-halifax\/","name":"Szafka komoda LOFT industrialna Kredens Stalowa D\u0105b HALIFAX - STABLEDESK - High-quality metal table legs for modern rooms","isPartOf":{"@id":"https:\/\/stabledesk.eu\/#website"},"primaryImageOfPage":{"@id":"https:\/\/stabledesk.eu\/en\/produkt\/szafka-komoda-loft-industrialna-kredens-stalowa-dab-halifax\/#primaryimage"},"image":{"@id":"https:\/\/stabledesk.eu\/en\/produkt\/szafka-komoda-loft-industrialna-kredens-stalowa-dab-halifax\/#primaryimage"},"thumbnailUrl":"https:\/\/stabledesk.eu\/wp-content\/uploads\/2024\/10\/komoda_halifax1.png","datePublished":"2024-10-23T18:08:00+00:00","breadcrumb":{"@id":"https:\/\/stabledesk.eu\/en\/produkt\/szafka-komoda-loft-industrialna-kredens-stalowa-dab-halifax\/#breadcrumb"},"inLanguage":"en-US","potentialAction":[{"@type":"ReadAction","target":["https:\/\/stabledesk.eu\/en\/produkt\/szafka-komoda-loft-industrialna-kredens-stalowa-dab-halifax\/"]}]},{"@type":"ImageObject","inLanguage":"en-US","@id":"https:\/\/stabledesk.eu\/en\/produkt\/szafka-komoda-loft-industrialna-kredens-stalowa-dab-halifax\/#primaryimage","url":"https:\/\/stabledesk.eu\/wp-content\/uploads\/2024\/10\/komoda_halifax1.png","contentUrl":"https:\/\/stabledesk.eu\/wp-content\/uploads\/2024\/10\/komoda_halifax1.png","width":2400,"height":1830},{"@type":"BreadcrumbList","@id":"https:\/\/stabledesk.eu\/en\/produkt\/szafka-komoda-loft-industrialna-kredens-stalowa-dab-halifax\/#breadcrumb","itemListElement":[{"@type":"ListItem","position":1,"name":"Strona g\u0142\u00f3wna","item":"https:\/\/stabledesk.eu\/en\/"},{"@type":"ListItem","position":2,"name":"Shop","item":"https:\/\/stabledesk.eu\/en\/shop\/"},{"@type":"ListItem","position":3,"name":"Szafka komoda LOFT industrialna Kredens Stalowa D\u0105b HALIFAX"}]},{"@type":"WebSite","@id":"https:\/\/stabledesk.eu\/#website","url":"https:\/\/stabledesk.eu\/","name":"STABLEDESK - High-quality metal table legs for modern rooms","description":"STABLEDESK","publisher":{"@id":"https:\/\/stabledesk.eu\/#organization"},"potentialAction":[{"@type":"SearchAction","target":{"@type":"EntryPoint","urlTemplate":"https:\/\/stabledesk.eu\/?s={search_term_string}"},"query-input":{"@type":"PropertyValueSpecification","valueRequired":true,"valueName":"search_term_string"}}],"inLanguage":"en-US"},{"@type":"Organization","@id":"https:\/\/stabledesk.eu\/#organization","name":"STABLEDESK - High-quality metal table legs for modern rooms","url":"https:\/\/stabledesk.eu\/","logo":{"@type":"ImageObject","inLanguage":"en-US","@id":"https:\/\/stabledesk.eu\/#\/schema\/logo\/image\/","url":"https:\/\/stabledesk.eu\/wp-content\/uploads\/2024\/10\/stabledesk-logo.png","contentUrl":"https:\/\/stabledesk.eu\/wp-content\/uploads\/2024\/10\/stabledesk-logo.png","width":500,"height":129,"caption":"STABLEDESK - High-quality metal table legs for modern rooms"},"image":{"@id":"https:\/\/stabledesk.eu\/#\/schema\/logo\/image\/"},"hasMerchantReturnPolicy":{"@type":"MerchantReturnPolicy","merchantReturnLink":"https:\/\/stabledesk.eu\/zwroty\/"}}]},"product_price_amount":"200.00","product_price_currency":"EUR","og_availability":"out of stock","product_availability":"out of stock","product_retailer_item_id":"komoda100x30x92","product_condition":"new"},"_links":{"self":[{"href":"https:\/\/stabledesk.eu\/en\/wp-json\/wp\/v2\/product\/8190","targetHints":{"allow":["GET"]}}],"collection":[{"href":"https:\/\/stabledesk.eu\/en\/wp-json\/wp\/v2\/product"}],"about":[{"href":"https:\/\/stabledesk.eu\/en\/wp-json\/wp\/v2\/types\/product"}],"replies":[{"embeddable":true,"href":"https:\/\/stabledesk.eu\/en\/wp-json\/wp\/v2\/comments?post=8190"}],"wp:featuredmedia":[{"embeddable":true,"href":"https:\/\/stabledesk.eu\/en\/wp-json\/wp\/v2\/media\/7761"}],"wp:attachment":[{"href":"https:\/\/stabledesk.eu\/en\/wp-json\/wp\/v2\/media?parent=8190"}],"wp:term":[{"taxonomy":"product_brand","embeddable":true,"href":"https:\/\/stabledesk.eu\/en\/wp-json\/wp\/v2\/product_brand?post=8190"},{"taxonomy":"product_cat","embeddable":true,"href":"https:\/\/stabledesk.eu\/en\/wp-json\/wp\/v2\/product_cat?post=8190"},{"taxonomy":"product_tag","embeddable":true,"href":"https:\/\/stabledesk.eu\/en\/wp-json\/wp\/v2\/product_tag?post=8190"}],"curies":[{"name":"wp","href":"https:\/\/api.w.org\/{rel}","templated":true}]}}