{"id":8188,"date":"2024-10-23T20:08:00","date_gmt":"2024-10-23T18:08:00","guid":{"rendered":"https:\/\/stabledesk.eu\/produkt\/noga-metalowa-do-stolu-loft-80-x-72-cm-profil-100x20-ze-wsporka\/"},"modified":"2024-10-23T20:08:00","modified_gmt":"2024-10-23T18:08:00","slug":"noga-metalowa-do-stolu-loft-80-x-72-cm-profil-100x20-ze-wsporka","status":"publish","type":"product","link":"https:\/\/stabledesk.eu\/en\/produkt\/noga-metalowa-do-stolu-loft-80-x-72-cm-profil-100x20-ze-wsporka\/","title":{"rendered":"Noga metalowa do sto\u0142u loft 80 x 72 cm profil 100&#215;20 ze wsp\u00f3rk\u0105"},"content":{"rendered":"<p><b>Noga ze wzmocnieniem w kszta\u0142cie prostok\u0105ta w stylu loftowym, industrialnym do sto\u0142\u00f3w, stolik\u00f3w o wymiarach 80 cm szeroko\u015bci i 72 cm wysoko\u015bci.<\/b><\/p>\n<p><b>Cena dotyczy 1 szt. nogi wraz z ko\u0144c\u00f3wkami zabezpieczaj\u0105cymi pod\u0142og\u0119 przed rysowaniem.<\/b><\/p>\n<p><b>Profil 100 x 20 mm, \u015bcianka 1,5 mm grubo\u015bci.<\/b><\/p>\n<p>Noga wyr\u00f3\u017cnia si\u0119 estetycznymi spawami, pog\u0142\u0119bionymi otworami, dzi\u0119ki kt\u00f3rym wkr\u0119ty monta\u017cowe chowaj\u0105 si\u0119 na r\u00f3wno z profilem oraz idealnie trzymaj\u0105 blat, wysok\u0105 jako\u015bci\u0105 wykonania oraz najlepszymi materia\u0142ami.<\/p>\n<p><b>Dane techniczne:<\/b><\/p>\n<ul>\n<li>kolor: czarna drobna struktura (matowy, chropowaty),<\/li>\n<li>lakier proszkowy, wygrzewany w specjalnej komorze,<\/li>\n<li>wysoko\u015b\u0107 72 cm,<\/li>\n<li>szeroko\u015b\u0107 80 cm,<\/li>\n<li>d\u0142ugo\u015b\u0107 10 cm,<\/li>\n<li>profil 100 x 20 mm,<\/li>\n<li>gruba \u015bcianka profila 1,5 mm,<\/li>\n<li>ilo\u015b\u0107 n\u00f3g: 1 sztuka,<\/li>\n<li>kszta\u0142t n\u00f3g: prostok\u0105t,<\/li>\n<li>ilo\u015b\u0107 otwor\u00f3w mocuj\u0105cych o \u015brednicy 5 mm: 6 szt,<\/li>\n<\/ul>\n<p><b>Cechy szczeg\u00f3lne:<\/b><\/p>\n<ul>\n<li>ko\u0144ce n\u00f3g zako\u0144czone specjalnym tworzywem zapobiegaj\u0105cym rysowaniu pod\u0142ogi,<\/li>\n<li>wysoka jako\u015b\u0107 wykonania,<\/li>\n<li>estetyczne, szlifowane spawy,<\/li>\n<li>fazowane i pog\u0142\u0119biane otwory pod wkr\u0119ty monta\u017cowe,<\/li>\n<li>r\u0119czne wykonanie,<\/li>\n<li>jeste\u015bmy bezpo\u015brednim producentem,<\/li>\n<li>kolor lakieru nie blaknie pod wp\u0142ywem czasu i promieni s\u0142onecznych,<\/li>\n<li>stal wysokiej jako\u015bci,<\/li>\n<li>wykonany w ca\u0142o\u015bci w Polsce i z polskich materia\u0142\u00f3w,<\/li>\n<li>efektowny i nowoczesny wygl\u0105d,<\/li>\n<li>\u0142atwy w utrzymaniu czysto\u015bci,<\/li>\n<li>solidna i trwa\u0142a konstrukcja,<\/li>\n<li>szybki czas realizacji.<\/li>\n<\/ul>\n<p><b>Nogi dost\u0119pne s\u0105 w r\u00f3\u017cnych rozmiarach, kszta\u0142tach, kolorach na naszych pozosta\u0142ych aukcjach. Jeste\u015bmy bezpo\u015brednim producentem n\u00f3g, ca\u0142ych sto\u0142\u00f3w, rega\u0142\u00f3w itp. Mo\u017cemy wykona\u0107 produkt pod dowolny wymiar i projekt.<\/b><\/p>\n<p><b>Jeste\u015bmy producentem, dlatego do ka\u017cdej realizacji podchodzimy indywidualnie.<\/b><\/p>\n<p><b>Mo\u017cecie Pa\u0144stwo liczy\u0107 na fachowe doradztwo.<\/b><\/p>\n","protected":false},"excerpt":{"rendered":"<p><b>Noga ze wzmocnieniem w kszta\u0142cie prostok\u0105ta w stylu loftowym, industrialnym do sto\u0142\u00f3w, stolik\u00f3w o wymiarach 80 cm szeroko\u015bci i 72 cm wysoko\u015bci.<\/b><\/p>\n<p><b>Cena dotyczy 1 szt. nogi wraz z ko\u0144c\u00f3wkami zabezpieczaj\u0105cymi pod\u0142og\u0119 przed rysowaniem.<\/b><\/p>\n<p><b>Profil 100 x 20 mm, \u015bcianka 1,5 mm grubo\u015bci.<\/b><\/p>\n<p>Noga wyr\u00f3\u017cnia si\u0119 estetycznymi spawami, pog\u0142\u0119bionymi otworami, dzi\u0119ki kt\u00f3rym wkr\u0119ty monta\u017cowe chowaj\u0105 si\u0119 na r\u00f3wno z profilem oraz idealnie trzymaj\u0105 blat, wysok\u0105 jako\u015bci\u0105 wykonania oraz najlepszymi materia\u0142ami.<\/p>\n<p><b>Dane techniczne:<\/b><\/p>\n<ul>\n<li>kolor: czarna drobna struktura (matowy, chropowaty),<\/li>\n<li>lakier proszkowy, wygrzewany w specjalnej komorze,<\/li>\n<li>wysoko\u015b\u0107 72 cm,<\/li>\n<li>szeroko\u015b\u0107 80 cm,<\/li>\n<li>d\u0142ugo\u015b\u0107 10 cm,<\/li>\n<li>profil 100 x 20 mm,<\/li>\n<li>gruba \u015bcianka profila 1,5 mm,<\/li>\n<li>ilo\u015b\u0107 n\u00f3g: 1 sztuka,<\/li>\n<li>kszta\u0142t n\u00f3g: prostok\u0105t,<\/li>\n<li>ilo\u015b\u0107 otwor\u00f3w mocuj\u0105cych o \u015brednicy 5 mm: 6 szt,<\/li>\n<\/ul>\n<p><b>Cechy szczeg\u00f3lne:<\/b><\/p>\n<ul>\n<li>ko\u0144ce n\u00f3g zako\u0144czone specjalnym tworzywem zapobiegaj\u0105cym rysowaniu pod\u0142ogi,<\/li>\n<li>wysoka jako\u015b\u0107 wykonania,<\/li>\n<li>estetyczne, szlifowane spawy,<\/li>\n<li>fazowane i pog\u0142\u0119biane otwory pod wkr\u0119ty monta\u017cowe,<\/li>\n<li>r\u0119czne wykonanie,<\/li>\n<li>jeste\u015bmy bezpo\u015brednim producentem,<\/li>\n<li>kolor lakieru nie blaknie pod wp\u0142ywem czasu i promieni s\u0142onecznych,<\/li>\n<li>stal wysokiej jako\u015bci,<\/li>\n<li>wykonany w ca\u0142o\u015bci w Polsce i z polskich materia\u0142\u00f3w,<\/li>\n<li>efektowny i nowoczesny wygl\u0105d,<\/li>\n<li>\u0142atwy w utrzymaniu czysto\u015bci,<\/li>\n<li>solidna i trwa\u0142a konstrukcja,<\/li>\n<li>szybki czas realizacji.<\/li>\n<\/ul>\n<p><b>Nogi dost\u0119pne s\u0105 w r\u00f3\u017cnych rozmiarach, kszta\u0142tach, kolorach na naszych pozosta\u0142ych aukcjach. Jeste\u015bmy bezpo\u015brednim producentem n\u00f3g, ca\u0142ych sto\u0142\u00f3w, rega\u0142\u00f3w itp. Mo\u017cemy wykona\u0107 produkt pod dowolny wymiar i projekt.<\/b><\/p>\n<p><b>Jeste\u015bmy producentem, dlatego do ka\u017cdej realizacji podchodzimy indywidualnie.<\/b><\/p>\n<p><b>Mo\u017cecie Pa\u0144stwo liczy\u0107 na fachowe doradztwo.<\/b><\/p>\n","protected":false},"featured_media":7586,"comment_status":"closed","ping_status":"open","template":"","meta":[],"product_brand":[],"product_cat":[83,78],"product_tag":[],"class_list":{"0":"post-8188","1":"product","2":"type-product","3":"status-publish","4":"has-post-thumbnail","6":"product_cat-nogi-do-stolow-kwadratowe-en","7":"product_cat-nogi-do-stolow-pojedyncze-en","9":"first","10":"instock","11":"purchasable","12":"product-type-simple"},"yoast_head":"<!-- This site is optimized with the Yoast SEO Premium plugin v25.6 (Yoast SEO v25.6) - https:\/\/yoast.com\/wordpress\/plugins\/seo\/ -->\n<title>Noga metalowa do sto\u0142u loft 80 x 72 cm profil 100x20 ze wsp\u00f3rk\u0105 - STABLEDESK - High-quality metal table legs for modern rooms<\/title>\n<meta name=\"robots\" content=\"index, follow, max-snippet:-1, max-image-preview:large, max-video-preview:-1\" \/>\n<link rel=\"canonical\" href=\"https:\/\/stabledesk.eu\/en\/produkt\/noga-metalowa-do-stolu-loft-80-x-72-cm-profil-100x20-ze-wsporka\/\" \/>\n<meta property=\"og:locale\" content=\"en_US\" \/>\n<meta property=\"og:type\" content=\"article\" \/>\n<meta property=\"og:title\" content=\"Noga metalowa do sto\u0142u loft 80 x 72 cm profil 100x20 ze wsp\u00f3rk\u0105\" \/>\n<meta property=\"og:description\" content=\"Noga ze wzmocnieniem w kszta\u0142cie prostok\u0105ta w stylu loftowym, industrialnym do sto\u0142\u00f3w, stolik\u00f3w o wymiarach 80 cm szeroko\u015bci i 72 cm wysoko\u015bci. Cena dotyczy 1 szt. nogi wraz z ko\u0144c\u00f3wkami zabezpieczaj\u0105cymi pod\u0142og\u0119 przed rysowaniem. Profil 100 x 20 mm, \u015bcianka 1,5 mm grubo\u015bci. Noga wyr\u00f3\u017cnia si\u0119 estetycznymi spawami, pog\u0142\u0119bionymi otworami, dzi\u0119ki kt\u00f3rym wkr\u0119ty monta\u017cowe chowaj\u0105 si\u0119 na r\u00f3wno z profilem oraz idealnie trzymaj\u0105 blat, wysok\u0105 jako\u015bci\u0105 wykonania oraz najlepszymi materia\u0142ami. Dane techniczne:  kolor: czarna drobna struktura (matowy, chropowaty),  lakier proszkowy, wygrzewany w specjalnej komorze,  wysoko\u015b\u0107 72 cm,  szeroko\u015b\u0107 80 cm,  d\u0142ugo\u015b\u0107 10 cm,  profil 100 x 20 mm,  gruba \u015bcianka profila 1,5 mm,  ilo\u015b\u0107 n\u00f3g: 1 sztuka,  kszta\u0142t n\u00f3g: prostok\u0105t,  ilo\u015b\u0107 otwor\u00f3w mocuj\u0105cych o \u015brednicy 5 mm: 6 szt, Cechy szczeg\u00f3lne:  ko\u0144ce n\u00f3g zako\u0144czone specjalnym tworzywem zapobiegaj\u0105cym rysowaniu pod\u0142ogi,  wysoka jako\u015b\u0107 wykonania,  estetyczne, szlifowane spawy,  fazowane i pog\u0142\u0119biane otwory pod wkr\u0119ty monta\u017cowe,  r\u0119czne wykonanie,  jeste\u015bmy bezpo\u015brednim producentem,  kolor lakieru nie blaknie pod wp\u0142ywem czasu i promieni s\u0142onecznych,  stal wysokiej jako\u015bci,  wykonany w ca\u0142o\u015bci w Polsce i z polskich materia\u0142\u00f3w,  efektowny i nowoczesny wygl\u0105d,  \u0142atwy w utrzymaniu czysto\u015bci,  solidna i trwa\u0142a konstrukcja,  szybki czas realizacji. Nogi dost\u0119pne s\u0105 w r\u00f3\u017cnych rozmiarach, kszta\u0142tach, kolorach na naszych pozosta\u0142ych aukcjach. Jeste\u015bmy bezpo\u015brednim producentem n\u00f3g, ca\u0142ych sto\u0142\u00f3w, rega\u0142\u00f3w itp. Mo\u017cemy wykona\u0107 produkt pod dowolny wymiar i projekt. Jeste\u015bmy producentem, dlatego do ka\u017cdej realizacji podchodzimy indywidualnie. Mo\u017cecie Pa\u0144stwo liczy\u0107 na fachowe doradztwo.\" \/>\n<meta property=\"og:url\" content=\"https:\/\/stabledesk.eu\/en\/produkt\/noga-metalowa-do-stolu-loft-80-x-72-cm-profil-100x20-ze-wsporka\/\" \/>\n<meta property=\"og:site_name\" content=\"STABLEDESK - High-quality metal table legs for modern rooms\" \/>\n<meta name=\"twitter:card\" content=\"summary_large_image\" \/>\n<meta name=\"twitter:label1\" content=\"Price\" \/>\n\t<meta name=\"twitter:data1\" content=\"62,50&nbsp;&euro;\" \/>\n\t<meta name=\"twitter:label2\" content=\"Availability\" \/>\n\t<meta name=\"twitter:data2\" content=\"In stock\" \/>\n<script type=\"application\/ld+json\" class=\"yoast-schema-graph\">{\"@context\":\"https:\/\/schema.org\",\"@graph\":[{\"@type\":\"WebPage\",\"@id\":\"https:\/\/stabledesk.eu\/en\/produkt\/noga-metalowa-do-stolu-loft-80-x-72-cm-profil-100x20-ze-wsporka\/\",\"url\":\"https:\/\/stabledesk.eu\/en\/produkt\/noga-metalowa-do-stolu-loft-80-x-72-cm-profil-100x20-ze-wsporka\/\",\"name\":\"Noga metalowa do sto\u0142u loft 80 x 72 cm profil 100x20 ze wsp\u00f3rk\u0105 - STABLEDESK - High-quality metal table legs for modern rooms\",\"isPartOf\":{\"@id\":\"https:\/\/stabledesk.eu\/#website\"},\"primaryImageOfPage\":{\"@id\":\"https:\/\/stabledesk.eu\/en\/produkt\/noga-metalowa-do-stolu-loft-80-x-72-cm-profil-100x20-ze-wsporka\/#primaryimage\"},\"image\":{\"@id\":\"https:\/\/stabledesk.eu\/en\/produkt\/noga-metalowa-do-stolu-loft-80-x-72-cm-profil-100x20-ze-wsporka\/#primaryimage\"},\"thumbnailUrl\":\"https:\/\/stabledesk.eu\/wp-content\/uploads\/2024\/10\/nogi-do-stolu-6.jpg\",\"datePublished\":\"2024-10-23T18:08:00+00:00\",\"breadcrumb\":{\"@id\":\"https:\/\/stabledesk.eu\/en\/produkt\/noga-metalowa-do-stolu-loft-80-x-72-cm-profil-100x20-ze-wsporka\/#breadcrumb\"},\"inLanguage\":\"en-US\",\"potentialAction\":[{\"@type\":\"ReadAction\",\"target\":[\"https:\/\/stabledesk.eu\/en\/produkt\/noga-metalowa-do-stolu-loft-80-x-72-cm-profil-100x20-ze-wsporka\/\"]}]},{\"@type\":\"ImageObject\",\"inLanguage\":\"en-US\",\"@id\":\"https:\/\/stabledesk.eu\/en\/produkt\/noga-metalowa-do-stolu-loft-80-x-72-cm-profil-100x20-ze-wsporka\/#primaryimage\",\"url\":\"https:\/\/stabledesk.eu\/wp-content\/uploads\/2024\/10\/nogi-do-stolu-6.jpg\",\"contentUrl\":\"https:\/\/stabledesk.eu\/wp-content\/uploads\/2024\/10\/nogi-do-stolu-6.jpg\",\"width\":1000,\"height\":1000},{\"@type\":\"BreadcrumbList\",\"@id\":\"https:\/\/stabledesk.eu\/en\/produkt\/noga-metalowa-do-stolu-loft-80-x-72-cm-profil-100x20-ze-wsporka\/#breadcrumb\",\"itemListElement\":[{\"@type\":\"ListItem\",\"position\":1,\"name\":\"Strona g\u0142\u00f3wna\",\"item\":\"https:\/\/stabledesk.eu\/en\/\"},{\"@type\":\"ListItem\",\"position\":2,\"name\":\"Shop\",\"item\":\"https:\/\/stabledesk.eu\/en\/shop\/\"},{\"@type\":\"ListItem\",\"position\":3,\"name\":\"Noga metalowa do sto\u0142u loft 80 x 72 cm profil 100&#215;20 ze wsp\u00f3rk\u0105\"}]},{\"@type\":\"WebSite\",\"@id\":\"https:\/\/stabledesk.eu\/#website\",\"url\":\"https:\/\/stabledesk.eu\/\",\"name\":\"STABLEDESK - High-quality metal table legs for modern rooms\",\"description\":\"STABLEDESK\",\"publisher\":{\"@id\":\"https:\/\/stabledesk.eu\/#organization\"},\"potentialAction\":[{\"@type\":\"SearchAction\",\"target\":{\"@type\":\"EntryPoint\",\"urlTemplate\":\"https:\/\/stabledesk.eu\/?s={search_term_string}\"},\"query-input\":{\"@type\":\"PropertyValueSpecification\",\"valueRequired\":true,\"valueName\":\"search_term_string\"}}],\"inLanguage\":\"en-US\"},{\"@type\":\"Organization\",\"@id\":\"https:\/\/stabledesk.eu\/#organization\",\"name\":\"STABLEDESK - High-quality metal table legs for modern rooms\",\"url\":\"https:\/\/stabledesk.eu\/\",\"logo\":{\"@type\":\"ImageObject\",\"inLanguage\":\"en-US\",\"@id\":\"https:\/\/stabledesk.eu\/#\/schema\/logo\/image\/\",\"url\":\"https:\/\/stabledesk.eu\/wp-content\/uploads\/2024\/10\/stabledesk-logo.png\",\"contentUrl\":\"https:\/\/stabledesk.eu\/wp-content\/uploads\/2024\/10\/stabledesk-logo.png\",\"width\":500,\"height\":129,\"caption\":\"STABLEDESK - High-quality metal table legs for modern rooms\"},\"image\":{\"@id\":\"https:\/\/stabledesk.eu\/#\/schema\/logo\/image\/\"},\"hasMerchantReturnPolicy\":{\"@type\":\"MerchantReturnPolicy\",\"merchantReturnLink\":\"https:\/\/stabledesk.eu\/zwroty\/\"}}]}<\/script>\n<meta property=\"product:price:amount\" content=\"62.50\" \/>\n<meta property=\"product:price:currency\" content=\"EUR\" \/>\n<meta property=\"og:availability\" content=\"instock\" \/>\n<meta property=\"product:availability\" content=\"instock\" \/>\n<meta property=\"product:retailer_item_id\" content=\"ppw10-1-1-1\" \/>\n<meta property=\"product:condition\" content=\"new\" \/>\n<!-- \/ Yoast SEO Premium plugin. -->","yoast_head_json":{"title":"Noga metalowa do sto\u0142u loft 80 x 72 cm profil 100x20 ze wsp\u00f3rk\u0105 - STABLEDESK - High-quality metal table legs for modern rooms","robots":{"index":"index","follow":"follow","max-snippet":"max-snippet:-1","max-image-preview":"max-image-preview:large","max-video-preview":"max-video-preview:-1"},"canonical":"https:\/\/stabledesk.eu\/en\/produkt\/noga-metalowa-do-stolu-loft-80-x-72-cm-profil-100x20-ze-wsporka\/","og_locale":"en_US","og_type":"article","og_title":"Noga metalowa do sto\u0142u loft 80 x 72 cm profil 100x20 ze wsp\u00f3rk\u0105","og_description":"Noga ze wzmocnieniem w kszta\u0142cie prostok\u0105ta w stylu loftowym, industrialnym do sto\u0142\u00f3w, stolik\u00f3w o wymiarach 80 cm szeroko\u015bci i 72 cm wysoko\u015bci. Cena dotyczy 1 szt. nogi wraz z ko\u0144c\u00f3wkami zabezpieczaj\u0105cymi pod\u0142og\u0119 przed rysowaniem. Profil 100 x 20 mm, \u015bcianka 1,5 mm grubo\u015bci. Noga wyr\u00f3\u017cnia si\u0119 estetycznymi spawami, pog\u0142\u0119bionymi otworami, dzi\u0119ki kt\u00f3rym wkr\u0119ty monta\u017cowe chowaj\u0105 si\u0119 na r\u00f3wno z profilem oraz idealnie trzymaj\u0105 blat, wysok\u0105 jako\u015bci\u0105 wykonania oraz najlepszymi materia\u0142ami. Dane techniczne:  kolor: czarna drobna struktura (matowy, chropowaty),  lakier proszkowy, wygrzewany w specjalnej komorze,  wysoko\u015b\u0107 72 cm,  szeroko\u015b\u0107 80 cm,  d\u0142ugo\u015b\u0107 10 cm,  profil 100 x 20 mm,  gruba \u015bcianka profila 1,5 mm,  ilo\u015b\u0107 n\u00f3g: 1 sztuka,  kszta\u0142t n\u00f3g: prostok\u0105t,  ilo\u015b\u0107 otwor\u00f3w mocuj\u0105cych o \u015brednicy 5 mm: 6 szt, Cechy szczeg\u00f3lne:  ko\u0144ce n\u00f3g zako\u0144czone specjalnym tworzywem zapobiegaj\u0105cym rysowaniu pod\u0142ogi,  wysoka jako\u015b\u0107 wykonania,  estetyczne, szlifowane spawy,  fazowane i pog\u0142\u0119biane otwory pod wkr\u0119ty monta\u017cowe,  r\u0119czne wykonanie,  jeste\u015bmy bezpo\u015brednim producentem,  kolor lakieru nie blaknie pod wp\u0142ywem czasu i promieni s\u0142onecznych,  stal wysokiej jako\u015bci,  wykonany w ca\u0142o\u015bci w Polsce i z polskich materia\u0142\u00f3w,  efektowny i nowoczesny wygl\u0105d,  \u0142atwy w utrzymaniu czysto\u015bci,  solidna i trwa\u0142a konstrukcja,  szybki czas realizacji. Nogi dost\u0119pne s\u0105 w r\u00f3\u017cnych rozmiarach, kszta\u0142tach, kolorach na naszych pozosta\u0142ych aukcjach. Jeste\u015bmy bezpo\u015brednim producentem n\u00f3g, ca\u0142ych sto\u0142\u00f3w, rega\u0142\u00f3w itp. Mo\u017cemy wykona\u0107 produkt pod dowolny wymiar i projekt. Jeste\u015bmy producentem, dlatego do ka\u017cdej realizacji podchodzimy indywidualnie. Mo\u017cecie Pa\u0144stwo liczy\u0107 na fachowe doradztwo.","og_url":"https:\/\/stabledesk.eu\/en\/produkt\/noga-metalowa-do-stolu-loft-80-x-72-cm-profil-100x20-ze-wsporka\/","og_site_name":"STABLEDESK - High-quality metal table legs for modern rooms","twitter_card":"summary_large_image","twitter_misc":{"Price":"62,50&nbsp;&euro;","Availability":"In stock"},"schema":{"@context":"https:\/\/schema.org","@graph":[{"@type":"WebPage","@id":"https:\/\/stabledesk.eu\/en\/produkt\/noga-metalowa-do-stolu-loft-80-x-72-cm-profil-100x20-ze-wsporka\/","url":"https:\/\/stabledesk.eu\/en\/produkt\/noga-metalowa-do-stolu-loft-80-x-72-cm-profil-100x20-ze-wsporka\/","name":"Noga metalowa do sto\u0142u loft 80 x 72 cm profil 100x20 ze wsp\u00f3rk\u0105 - STABLEDESK - High-quality metal table legs for modern rooms","isPartOf":{"@id":"https:\/\/stabledesk.eu\/#website"},"primaryImageOfPage":{"@id":"https:\/\/stabledesk.eu\/en\/produkt\/noga-metalowa-do-stolu-loft-80-x-72-cm-profil-100x20-ze-wsporka\/#primaryimage"},"image":{"@id":"https:\/\/stabledesk.eu\/en\/produkt\/noga-metalowa-do-stolu-loft-80-x-72-cm-profil-100x20-ze-wsporka\/#primaryimage"},"thumbnailUrl":"https:\/\/stabledesk.eu\/wp-content\/uploads\/2024\/10\/nogi-do-stolu-6.jpg","datePublished":"2024-10-23T18:08:00+00:00","breadcrumb":{"@id":"https:\/\/stabledesk.eu\/en\/produkt\/noga-metalowa-do-stolu-loft-80-x-72-cm-profil-100x20-ze-wsporka\/#breadcrumb"},"inLanguage":"en-US","potentialAction":[{"@type":"ReadAction","target":["https:\/\/stabledesk.eu\/en\/produkt\/noga-metalowa-do-stolu-loft-80-x-72-cm-profil-100x20-ze-wsporka\/"]}]},{"@type":"ImageObject","inLanguage":"en-US","@id":"https:\/\/stabledesk.eu\/en\/produkt\/noga-metalowa-do-stolu-loft-80-x-72-cm-profil-100x20-ze-wsporka\/#primaryimage","url":"https:\/\/stabledesk.eu\/wp-content\/uploads\/2024\/10\/nogi-do-stolu-6.jpg","contentUrl":"https:\/\/stabledesk.eu\/wp-content\/uploads\/2024\/10\/nogi-do-stolu-6.jpg","width":1000,"height":1000},{"@type":"BreadcrumbList","@id":"https:\/\/stabledesk.eu\/en\/produkt\/noga-metalowa-do-stolu-loft-80-x-72-cm-profil-100x20-ze-wsporka\/#breadcrumb","itemListElement":[{"@type":"ListItem","position":1,"name":"Strona g\u0142\u00f3wna","item":"https:\/\/stabledesk.eu\/en\/"},{"@type":"ListItem","position":2,"name":"Shop","item":"https:\/\/stabledesk.eu\/en\/shop\/"},{"@type":"ListItem","position":3,"name":"Noga metalowa do sto\u0142u loft 80 x 72 cm profil 100&#215;20 ze wsp\u00f3rk\u0105"}]},{"@type":"WebSite","@id":"https:\/\/stabledesk.eu\/#website","url":"https:\/\/stabledesk.eu\/","name":"STABLEDESK - High-quality metal table legs for modern rooms","description":"STABLEDESK","publisher":{"@id":"https:\/\/stabledesk.eu\/#organization"},"potentialAction":[{"@type":"SearchAction","target":{"@type":"EntryPoint","urlTemplate":"https:\/\/stabledesk.eu\/?s={search_term_string}"},"query-input":{"@type":"PropertyValueSpecification","valueRequired":true,"valueName":"search_term_string"}}],"inLanguage":"en-US"},{"@type":"Organization","@id":"https:\/\/stabledesk.eu\/#organization","name":"STABLEDESK - High-quality metal table legs for modern rooms","url":"https:\/\/stabledesk.eu\/","logo":{"@type":"ImageObject","inLanguage":"en-US","@id":"https:\/\/stabledesk.eu\/#\/schema\/logo\/image\/","url":"https:\/\/stabledesk.eu\/wp-content\/uploads\/2024\/10\/stabledesk-logo.png","contentUrl":"https:\/\/stabledesk.eu\/wp-content\/uploads\/2024\/10\/stabledesk-logo.png","width":500,"height":129,"caption":"STABLEDESK - High-quality metal table legs for modern rooms"},"image":{"@id":"https:\/\/stabledesk.eu\/#\/schema\/logo\/image\/"},"hasMerchantReturnPolicy":{"@type":"MerchantReturnPolicy","merchantReturnLink":"https:\/\/stabledesk.eu\/zwroty\/"}}]},"product_price_amount":"62.50","product_price_currency":"EUR","og_availability":"instock","product_availability":"instock","product_retailer_item_id":"ppw10-1-1-1","product_condition":"new"},"_links":{"self":[{"href":"https:\/\/stabledesk.eu\/en\/wp-json\/wp\/v2\/product\/8188","targetHints":{"allow":["GET"]}}],"collection":[{"href":"https:\/\/stabledesk.eu\/en\/wp-json\/wp\/v2\/product"}],"about":[{"href":"https:\/\/stabledesk.eu\/en\/wp-json\/wp\/v2\/types\/product"}],"replies":[{"embeddable":true,"href":"https:\/\/stabledesk.eu\/en\/wp-json\/wp\/v2\/comments?post=8188"}],"wp:featuredmedia":[{"embeddable":true,"href":"https:\/\/stabledesk.eu\/en\/wp-json\/wp\/v2\/media\/7586"}],"wp:attachment":[{"href":"https:\/\/stabledesk.eu\/en\/wp-json\/wp\/v2\/media?parent=8188"}],"wp:term":[{"taxonomy":"product_brand","embeddable":true,"href":"https:\/\/stabledesk.eu\/en\/wp-json\/wp\/v2\/product_brand?post=8188"},{"taxonomy":"product_cat","embeddable":true,"href":"https:\/\/stabledesk.eu\/en\/wp-json\/wp\/v2\/product_cat?post=8188"},{"taxonomy":"product_tag","embeddable":true,"href":"https:\/\/stabledesk.eu\/en\/wp-json\/wp\/v2\/product_tag?post=8188"}],"curies":[{"name":"wp","href":"https:\/\/api.w.org\/{rel}","templated":true}]}}