{"id":8174,"date":"2024-10-23T20:08:56","date_gmt":"2024-10-23T18:08:56","guid":{"rendered":"https:\/\/stabledesk.eu\/produkt\/noga-metalowa-do-stolu-loft-industrial-43-cm-profil-40x40-1-szt\/"},"modified":"2024-10-23T20:08:56","modified_gmt":"2024-10-23T18:08:56","slug":"noga-metalowa-do-stolu-loft-industrial-43-cm-profil-40x40-1-szt","status":"publish","type":"product","link":"https:\/\/stabledesk.eu\/en\/produkt\/noga-metalowa-do-stolu-loft-industrial-43-cm-profil-40x40-1-szt\/","title":{"rendered":"Noga metalowa do sto\u0142u loft industrial 43 cm profil 40&#215;40 1 szt."},"content":{"rendered":"<p>Noga prosta o kwadratowym przekroju w stylu loftowym, industrialnym do sto\u0142\u00f3w, stolik\u00f3w o wymiarach<b> 43 cm wysoko\u015bci<\/b>. Kwadratowa szeroka podstawa o\u00a0<b>bokach 96 mm, grubo\u015bci 3 mm<\/b>\u00a0pozwala na solidne przykr\u0119cenie jej blisko kraw\u0119dzi blatu.<\/p>\n<p>Cena dotyczy 1 szt. nogi wraz z ko\u0144c\u00f3wk\u0105 zabezpieczaj\u0105c\u0105 pod\u0142og\u0119 przed rysowaniem.<\/p>\n<p><b>Profil 40 x 40 mm, \u015bcianka 2 mm grubo\u015bci.<\/b><\/p>\n<p>Noga wyr\u00f3\u017cnia si\u0119 niewidocznymi spawami oraz gotowymi otworami monta\u017cowymi, dzi\u0119ki kt\u00f3rym wkr\u0119ty idealnie trzymaj\u0105 blat, wysok\u0105 jako\u015bci\u0105 wykonania oraz najlepszymi materia\u0142ami.<\/p>\n<p><b>Dane techniczne:<\/b><\/p>\n<ul>\n<li>kolor: czarna drobna struktura (matowy, chropowaty),<\/li>\n<li>lakier proszkowy, wygrzewany w specjalnej komorze,<\/li>\n<li>wysoko\u015b\u0107 ca\u0142kowita 43 cm,<\/li>\n<li>kwadratowa blacha mocuj\u0105ca o grubo\u015bci a\u017c 3 mm o bokach d\u0142ugo\u015bci 96 mm,<\/li>\n<li>profil 40 x 40 mm,<\/li>\n<li>gruba \u015bcianka profilu 2 mm,<\/li>\n<li>ilo\u015b\u0107 n\u00f3g: 1 sztuka,<\/li>\n<li>ilo\u015b\u0107 otwor\u00f3w mocuj\u0105cych o \u015brednicy 7 mm: 4 szt,<\/li>\n<li>ilo\u015b\u0107 ko\u0144c\u00f3wek zapobiegaj\u0105cych rysowanie pod\u0142ogi z tworzywa: 1 szt.<\/li>\n<\/ul>\n<p><b>Cechy szczeg\u00f3lne<\/b>:<\/p>\n<ul>\n<li>ko\u0144ce profila zako\u0144czone specjalnym tworzywem zapobiegaj\u0105cym rysowaniu pod\u0142ogi,<\/li>\n<li>wysoka jako\u015b\u0107 wykonania,<\/li>\n<li>niewidoczne spawy,<\/li>\n<li>otwory pod wkr\u0119ty monta\u017cowe,<\/li>\n<li>r\u0119czne wykonanie,<\/li>\n<li>szybki czas realizacji,<\/li>\n<li>kolor lakieru nie blaknie pod wp\u0142ywem czasu i promieni s\u0142onecznych,<\/li>\n<li>stal wysokiej jako\u015bci,<\/li>\n<li>wykonany w ca\u0142o\u015bci w Polsce i z polskich materia\u0142\u00f3w,<\/li>\n<li>efektowny i nowoczesny wygl\u0105d,<\/li>\n<li>\u0142atwy w utrzymaniu czysto\u015bci,<\/li>\n<li>solidna i trwa\u0142a konstrukcja,<\/li>\n<li>bezpo\u015brednio od producenta.<\/li>\n<\/ul>\n<p>Nogi dost\u0119pne s\u0105 w r\u00f3\u017cnych rozmiarach, kszta\u0142tach, kolorach na naszych pozosta\u0142ych aukcjach. Jeste\u015bmy bezpo\u015brednim producentem n\u00f3g, ca\u0142ych sto\u0142\u00f3w, rega\u0142\u00f3w itp. Mo\u017cemy wykona\u0107 produkt pod dowolny wymiar i projekt.<\/p>\n<p>Jeste\u015bmy producentem, dlatego do ka\u017cdej realizacji podchodzimy indywidualnie.<\/p>\n<p>Mo\u017cecie Pa\u0144stwo liczy\u0107 na fachowe doradztwo.<\/p>\n","protected":false},"excerpt":{"rendered":"<p>Noga prosta o kwadratowym przekroju w stylu loftowym, industrialnym do sto\u0142\u00f3w, stolik\u00f3w o wymiarach<b> 43 cm wysoko\u015bci<\/b>. Kwadratowa szeroka podstawa o\u00a0<b>bokach 96 mm, grubo\u015bci 3 mm<\/b>\u00a0pozwala na solidne przykr\u0119cenie jej blisko kraw\u0119dzi blatu.<\/p>\n<p>Cena dotyczy 1 szt. nogi wraz z ko\u0144c\u00f3wk\u0105 zabezpieczaj\u0105c\u0105 pod\u0142og\u0119 przed rysowaniem.<\/p>\n<p><b>Profil 40 x 40 mm, \u015bcianka 2 mm grubo\u015bci.<\/b><\/p>\n<p>Noga wyr\u00f3\u017cnia si\u0119 niewidocznymi spawami oraz gotowymi otworami monta\u017cowymi, dzi\u0119ki kt\u00f3rym wkr\u0119ty idealnie trzymaj\u0105 blat, wysok\u0105 jako\u015bci\u0105 wykonania oraz najlepszymi materia\u0142ami.<\/p>\n<p><b>Dane techniczne:<\/b><\/p>\n<ul>\n<li>kolor: czarna drobna struktura (matowy, chropowaty),<\/li>\n<li>lakier proszkowy, wygrzewany w specjalnej komorze,<\/li>\n<li>wysoko\u015b\u0107 ca\u0142kowita 43 cm,<\/li>\n<li>kwadratowa blacha mocuj\u0105ca o grubo\u015bci a\u017c 3 mm o bokach d\u0142ugo\u015bci 96 mm,<\/li>\n<li>profil 40 x 40 mm,<\/li>\n<li>gruba \u015bcianka profilu 2 mm,<\/li>\n<li>ilo\u015b\u0107 n\u00f3g: 1 sztuka,<\/li>\n<li>ilo\u015b\u0107 otwor\u00f3w mocuj\u0105cych o \u015brednicy 7 mm: 4 szt,<\/li>\n<li>ilo\u015b\u0107 ko\u0144c\u00f3wek zapobiegaj\u0105cych rysowanie pod\u0142ogi z tworzywa: 1 szt.<\/li>\n<\/ul>\n<p><b>Cechy szczeg\u00f3lne<\/b>:<\/p>\n<ul>\n<li>ko\u0144ce profila zako\u0144czone specjalnym tworzywem zapobiegaj\u0105cym rysowaniu pod\u0142ogi,<\/li>\n<li>wysoka jako\u015b\u0107 wykonania,<\/li>\n<li>niewidoczne spawy,<\/li>\n<li>otwory pod wkr\u0119ty monta\u017cowe,<\/li>\n<li>r\u0119czne wykonanie,<\/li>\n<li>szybki czas realizacji,<\/li>\n<li>kolor lakieru nie blaknie pod wp\u0142ywem czasu i promieni s\u0142onecznych,<\/li>\n<li>stal wysokiej jako\u015bci,<\/li>\n<li>wykonany w ca\u0142o\u015bci w Polsce i z polskich materia\u0142\u00f3w,<\/li>\n<li>efektowny i nowoczesny wygl\u0105d,<\/li>\n<li>\u0142atwy w utrzymaniu czysto\u015bci,<\/li>\n<li>solidna i trwa\u0142a konstrukcja,<\/li>\n<li>bezpo\u015brednio od producenta.<\/li>\n<\/ul>\n<p>Nogi dost\u0119pne s\u0105 w r\u00f3\u017cnych rozmiarach, kszta\u0142tach, kolorach na naszych pozosta\u0142ych aukcjach. Jeste\u015bmy bezpo\u015brednim producentem n\u00f3g, ca\u0142ych sto\u0142\u00f3w, rega\u0142\u00f3w itp. Mo\u017cemy wykona\u0107 produkt pod dowolny wymiar i projekt.<\/p>\n<p>Jeste\u015bmy producentem, dlatego do ka\u017cdej realizacji podchodzimy indywidualnie.<\/p>\n<p>Mo\u017cecie Pa\u0144stwo liczy\u0107 na fachowe doradztwo.<\/p>\n","protected":false},"featured_media":7425,"comment_status":"closed","ping_status":"open","template":"","meta":[],"product_brand":[],"product_cat":[83,78],"product_tag":[],"class_list":{"0":"post-8174","1":"product","2":"type-product","3":"status-publish","4":"has-post-thumbnail","6":"product_cat-nogi-do-stolow-kwadratowe-en","7":"product_cat-nogi-do-stolow-pojedyncze-en","9":"first","10":"instock","11":"purchasable","12":"product-type-simple"},"yoast_head":"<!-- This site is optimized with the Yoast SEO Premium plugin v25.6 (Yoast SEO v25.6) - https:\/\/yoast.com\/wordpress\/plugins\/seo\/ -->\n<title>Noga metalowa do sto\u0142u loft industrial 43 cm profil 40x40 1 szt. - STABLEDESK - High-quality metal table legs for modern rooms<\/title>\n<meta name=\"robots\" content=\"index, follow, max-snippet:-1, max-image-preview:large, max-video-preview:-1\" \/>\n<link rel=\"canonical\" href=\"https:\/\/stabledesk.eu\/en\/produkt\/noga-metalowa-do-stolu-loft-industrial-43-cm-profil-40x40-1-szt\/\" \/>\n<meta property=\"og:locale\" content=\"en_US\" \/>\n<meta property=\"og:type\" content=\"article\" \/>\n<meta property=\"og:title\" content=\"Noga metalowa do sto\u0142u loft industrial 43 cm profil 40x40 1 szt.\" \/>\n<meta property=\"og:description\" content=\"Noga prosta o kwadratowym przekroju w stylu loftowym, industrialnym do sto\u0142\u00f3w, stolik\u00f3w o wymiarach 43 cm wysoko\u015bci. Kwadratowa szeroka podstawa o\u00a0bokach 96 mm, grubo\u015bci 3 mm\u00a0pozwala na solidne przykr\u0119cenie jej blisko kraw\u0119dzi blatu. Cena dotyczy 1 szt. nogi wraz z ko\u0144c\u00f3wk\u0105 zabezpieczaj\u0105c\u0105 pod\u0142og\u0119 przed rysowaniem. Profil 40 x 40 mm, \u015bcianka 2 mm grubo\u015bci. Noga wyr\u00f3\u017cnia si\u0119 niewidocznymi spawami oraz gotowymi otworami monta\u017cowymi, dzi\u0119ki kt\u00f3rym wkr\u0119ty idealnie trzymaj\u0105 blat, wysok\u0105 jako\u015bci\u0105 wykonania oraz najlepszymi materia\u0142ami. Dane techniczne:  kolor: czarna drobna struktura (matowy, chropowaty),  lakier proszkowy, wygrzewany w specjalnej komorze,  wysoko\u015b\u0107 ca\u0142kowita 43 cm,  kwadratowa blacha mocuj\u0105ca o grubo\u015bci a\u017c 3 mm o bokach d\u0142ugo\u015bci 96 mm,  profil 40 x 40 mm,  gruba \u015bcianka profilu 2 mm,  ilo\u015b\u0107 n\u00f3g: 1 sztuka,  ilo\u015b\u0107 otwor\u00f3w mocuj\u0105cych o \u015brednicy 7 mm: 4 szt,  ilo\u015b\u0107 ko\u0144c\u00f3wek zapobiegaj\u0105cych rysowanie pod\u0142ogi z tworzywa: 1 szt. Cechy szczeg\u00f3lne:  ko\u0144ce profila zako\u0144czone specjalnym tworzywem zapobiegaj\u0105cym rysowaniu pod\u0142ogi,  wysoka jako\u015b\u0107 wykonania,  niewidoczne spawy,  otwory pod wkr\u0119ty monta\u017cowe,  r\u0119czne wykonanie,  szybki czas realizacji,  kolor lakieru nie blaknie pod wp\u0142ywem czasu i promieni s\u0142onecznych,  stal wysokiej jako\u015bci,  wykonany w ca\u0142o\u015bci w Polsce i z polskich materia\u0142\u00f3w,  efektowny i nowoczesny wygl\u0105d,  \u0142atwy w utrzymaniu czysto\u015bci,  solidna i trwa\u0142a konstrukcja,  bezpo\u015brednio od producenta. Nogi dost\u0119pne s\u0105 w r\u00f3\u017cnych rozmiarach, kszta\u0142tach, kolorach na naszych pozosta\u0142ych aukcjach. Jeste\u015bmy bezpo\u015brednim producentem n\u00f3g, ca\u0142ych sto\u0142\u00f3w, rega\u0142\u00f3w itp. Mo\u017cemy wykona\u0107 produkt pod dowolny wymiar i projekt. Jeste\u015bmy producentem, dlatego do ka\u017cdej realizacji podchodzimy indywidualnie. Mo\u017cecie Pa\u0144stwo liczy\u0107 na fachowe doradztwo.\" \/>\n<meta property=\"og:url\" content=\"https:\/\/stabledesk.eu\/en\/produkt\/noga-metalowa-do-stolu-loft-industrial-43-cm-profil-40x40-1-szt\/\" \/>\n<meta property=\"og:site_name\" content=\"STABLEDESK - High-quality metal table legs for modern rooms\" \/>\n<meta name=\"twitter:card\" content=\"summary_large_image\" \/>\n<meta name=\"twitter:label1\" content=\"Price\" \/>\n\t<meta name=\"twitter:data1\" content=\"12,25&nbsp;&euro;\" \/>\n\t<meta name=\"twitter:label2\" content=\"Availability\" \/>\n\t<meta name=\"twitter:data2\" content=\"In stock\" \/>\n<script type=\"application\/ld+json\" class=\"yoast-schema-graph\">{\"@context\":\"https:\/\/schema.org\",\"@graph\":[{\"@type\":\"WebPage\",\"@id\":\"https:\/\/stabledesk.eu\/en\/produkt\/noga-metalowa-do-stolu-loft-industrial-43-cm-profil-40x40-1-szt\/\",\"url\":\"https:\/\/stabledesk.eu\/en\/produkt\/noga-metalowa-do-stolu-loft-industrial-43-cm-profil-40x40-1-szt\/\",\"name\":\"Noga metalowa do sto\u0142u loft industrial 43 cm profil 40x40 1 szt. - STABLEDESK - High-quality metal table legs for modern rooms\",\"isPartOf\":{\"@id\":\"https:\/\/stabledesk.eu\/#website\"},\"primaryImageOfPage\":{\"@id\":\"https:\/\/stabledesk.eu\/en\/produkt\/noga-metalowa-do-stolu-loft-industrial-43-cm-profil-40x40-1-szt\/#primaryimage\"},\"image\":{\"@id\":\"https:\/\/stabledesk.eu\/en\/produkt\/noga-metalowa-do-stolu-loft-industrial-43-cm-profil-40x40-1-szt\/#primaryimage\"},\"thumbnailUrl\":\"https:\/\/stabledesk.eu\/wp-content\/uploads\/2024\/10\/noga-kwadrat1-edit-2dz.jpg\",\"datePublished\":\"2024-10-23T18:08:56+00:00\",\"breadcrumb\":{\"@id\":\"https:\/\/stabledesk.eu\/en\/produkt\/noga-metalowa-do-stolu-loft-industrial-43-cm-profil-40x40-1-szt\/#breadcrumb\"},\"inLanguage\":\"en-US\",\"potentialAction\":[{\"@type\":\"ReadAction\",\"target\":[\"https:\/\/stabledesk.eu\/en\/produkt\/noga-metalowa-do-stolu-loft-industrial-43-cm-profil-40x40-1-szt\/\"]}]},{\"@type\":\"ImageObject\",\"inLanguage\":\"en-US\",\"@id\":\"https:\/\/stabledesk.eu\/en\/produkt\/noga-metalowa-do-stolu-loft-industrial-43-cm-profil-40x40-1-szt\/#primaryimage\",\"url\":\"https:\/\/stabledesk.eu\/wp-content\/uploads\/2024\/10\/noga-kwadrat1-edit-2dz.jpg\",\"contentUrl\":\"https:\/\/stabledesk.eu\/wp-content\/uploads\/2024\/10\/noga-kwadrat1-edit-2dz.jpg\",\"width\":2001,\"height\":2001},{\"@type\":\"BreadcrumbList\",\"@id\":\"https:\/\/stabledesk.eu\/en\/produkt\/noga-metalowa-do-stolu-loft-industrial-43-cm-profil-40x40-1-szt\/#breadcrumb\",\"itemListElement\":[{\"@type\":\"ListItem\",\"position\":1,\"name\":\"Strona g\u0142\u00f3wna\",\"item\":\"https:\/\/stabledesk.eu\/en\/\"},{\"@type\":\"ListItem\",\"position\":2,\"name\":\"Shop\",\"item\":\"https:\/\/stabledesk.eu\/en\/shop\/\"},{\"@type\":\"ListItem\",\"position\":3,\"name\":\"Noga metalowa do sto\u0142u loft industrial 43 cm profil 40&#215;40 1 szt.\"}]},{\"@type\":\"WebSite\",\"@id\":\"https:\/\/stabledesk.eu\/#website\",\"url\":\"https:\/\/stabledesk.eu\/\",\"name\":\"STABLEDESK - High-quality metal table legs for modern rooms\",\"description\":\"STABLEDESK\",\"publisher\":{\"@id\":\"https:\/\/stabledesk.eu\/#organization\"},\"potentialAction\":[{\"@type\":\"SearchAction\",\"target\":{\"@type\":\"EntryPoint\",\"urlTemplate\":\"https:\/\/stabledesk.eu\/?s={search_term_string}\"},\"query-input\":{\"@type\":\"PropertyValueSpecification\",\"valueRequired\":true,\"valueName\":\"search_term_string\"}}],\"inLanguage\":\"en-US\"},{\"@type\":\"Organization\",\"@id\":\"https:\/\/stabledesk.eu\/#organization\",\"name\":\"STABLEDESK - High-quality metal table legs for modern rooms\",\"url\":\"https:\/\/stabledesk.eu\/\",\"logo\":{\"@type\":\"ImageObject\",\"inLanguage\":\"en-US\",\"@id\":\"https:\/\/stabledesk.eu\/#\/schema\/logo\/image\/\",\"url\":\"https:\/\/stabledesk.eu\/wp-content\/uploads\/2024\/10\/stabledesk-logo.png\",\"contentUrl\":\"https:\/\/stabledesk.eu\/wp-content\/uploads\/2024\/10\/stabledesk-logo.png\",\"width\":500,\"height\":129,\"caption\":\"STABLEDESK - High-quality metal table legs for modern rooms\"},\"image\":{\"@id\":\"https:\/\/stabledesk.eu\/#\/schema\/logo\/image\/\"},\"hasMerchantReturnPolicy\":{\"@type\":\"MerchantReturnPolicy\",\"merchantReturnLink\":\"https:\/\/stabledesk.eu\/zwroty\/\"}}]}<\/script>\n<meta property=\"product:price:amount\" content=\"12.25\" \/>\n<meta property=\"product:price:currency\" content=\"EUR\" \/>\n<meta property=\"og:availability\" content=\"instock\" \/>\n<meta property=\"product:availability\" content=\"instock\" \/>\n<meta property=\"product:retailer_item_id\" content=\"NMK-43-40\" \/>\n<meta property=\"product:condition\" content=\"new\" \/>\n<!-- \/ Yoast SEO Premium plugin. -->","yoast_head_json":{"title":"Noga metalowa do sto\u0142u loft industrial 43 cm profil 40x40 1 szt. - STABLEDESK - High-quality metal table legs for modern rooms","robots":{"index":"index","follow":"follow","max-snippet":"max-snippet:-1","max-image-preview":"max-image-preview:large","max-video-preview":"max-video-preview:-1"},"canonical":"https:\/\/stabledesk.eu\/en\/produkt\/noga-metalowa-do-stolu-loft-industrial-43-cm-profil-40x40-1-szt\/","og_locale":"en_US","og_type":"article","og_title":"Noga metalowa do sto\u0142u loft industrial 43 cm profil 40x40 1 szt.","og_description":"Noga prosta o kwadratowym przekroju w stylu loftowym, industrialnym do sto\u0142\u00f3w, stolik\u00f3w o wymiarach 43 cm wysoko\u015bci. Kwadratowa szeroka podstawa o\u00a0bokach 96 mm, grubo\u015bci 3 mm\u00a0pozwala na solidne przykr\u0119cenie jej blisko kraw\u0119dzi blatu. Cena dotyczy 1 szt. nogi wraz z ko\u0144c\u00f3wk\u0105 zabezpieczaj\u0105c\u0105 pod\u0142og\u0119 przed rysowaniem. Profil 40 x 40 mm, \u015bcianka 2 mm grubo\u015bci. Noga wyr\u00f3\u017cnia si\u0119 niewidocznymi spawami oraz gotowymi otworami monta\u017cowymi, dzi\u0119ki kt\u00f3rym wkr\u0119ty idealnie trzymaj\u0105 blat, wysok\u0105 jako\u015bci\u0105 wykonania oraz najlepszymi materia\u0142ami. Dane techniczne:  kolor: czarna drobna struktura (matowy, chropowaty),  lakier proszkowy, wygrzewany w specjalnej komorze,  wysoko\u015b\u0107 ca\u0142kowita 43 cm,  kwadratowa blacha mocuj\u0105ca o grubo\u015bci a\u017c 3 mm o bokach d\u0142ugo\u015bci 96 mm,  profil 40 x 40 mm,  gruba \u015bcianka profilu 2 mm,  ilo\u015b\u0107 n\u00f3g: 1 sztuka,  ilo\u015b\u0107 otwor\u00f3w mocuj\u0105cych o \u015brednicy 7 mm: 4 szt,  ilo\u015b\u0107 ko\u0144c\u00f3wek zapobiegaj\u0105cych rysowanie pod\u0142ogi z tworzywa: 1 szt. Cechy szczeg\u00f3lne:  ko\u0144ce profila zako\u0144czone specjalnym tworzywem zapobiegaj\u0105cym rysowaniu pod\u0142ogi,  wysoka jako\u015b\u0107 wykonania,  niewidoczne spawy,  otwory pod wkr\u0119ty monta\u017cowe,  r\u0119czne wykonanie,  szybki czas realizacji,  kolor lakieru nie blaknie pod wp\u0142ywem czasu i promieni s\u0142onecznych,  stal wysokiej jako\u015bci,  wykonany w ca\u0142o\u015bci w Polsce i z polskich materia\u0142\u00f3w,  efektowny i nowoczesny wygl\u0105d,  \u0142atwy w utrzymaniu czysto\u015bci,  solidna i trwa\u0142a konstrukcja,  bezpo\u015brednio od producenta. Nogi dost\u0119pne s\u0105 w r\u00f3\u017cnych rozmiarach, kszta\u0142tach, kolorach na naszych pozosta\u0142ych aukcjach. Jeste\u015bmy bezpo\u015brednim producentem n\u00f3g, ca\u0142ych sto\u0142\u00f3w, rega\u0142\u00f3w itp. Mo\u017cemy wykona\u0107 produkt pod dowolny wymiar i projekt. Jeste\u015bmy producentem, dlatego do ka\u017cdej realizacji podchodzimy indywidualnie. Mo\u017cecie Pa\u0144stwo liczy\u0107 na fachowe doradztwo.","og_url":"https:\/\/stabledesk.eu\/en\/produkt\/noga-metalowa-do-stolu-loft-industrial-43-cm-profil-40x40-1-szt\/","og_site_name":"STABLEDESK - High-quality metal table legs for modern rooms","twitter_card":"summary_large_image","twitter_misc":{"Price":"12,25&nbsp;&euro;","Availability":"In stock"},"schema":{"@context":"https:\/\/schema.org","@graph":[{"@type":"WebPage","@id":"https:\/\/stabledesk.eu\/en\/produkt\/noga-metalowa-do-stolu-loft-industrial-43-cm-profil-40x40-1-szt\/","url":"https:\/\/stabledesk.eu\/en\/produkt\/noga-metalowa-do-stolu-loft-industrial-43-cm-profil-40x40-1-szt\/","name":"Noga metalowa do sto\u0142u loft industrial 43 cm profil 40x40 1 szt. - STABLEDESK - High-quality metal table legs for modern rooms","isPartOf":{"@id":"https:\/\/stabledesk.eu\/#website"},"primaryImageOfPage":{"@id":"https:\/\/stabledesk.eu\/en\/produkt\/noga-metalowa-do-stolu-loft-industrial-43-cm-profil-40x40-1-szt\/#primaryimage"},"image":{"@id":"https:\/\/stabledesk.eu\/en\/produkt\/noga-metalowa-do-stolu-loft-industrial-43-cm-profil-40x40-1-szt\/#primaryimage"},"thumbnailUrl":"https:\/\/stabledesk.eu\/wp-content\/uploads\/2024\/10\/noga-kwadrat1-edit-2dz.jpg","datePublished":"2024-10-23T18:08:56+00:00","breadcrumb":{"@id":"https:\/\/stabledesk.eu\/en\/produkt\/noga-metalowa-do-stolu-loft-industrial-43-cm-profil-40x40-1-szt\/#breadcrumb"},"inLanguage":"en-US","potentialAction":[{"@type":"ReadAction","target":["https:\/\/stabledesk.eu\/en\/produkt\/noga-metalowa-do-stolu-loft-industrial-43-cm-profil-40x40-1-szt\/"]}]},{"@type":"ImageObject","inLanguage":"en-US","@id":"https:\/\/stabledesk.eu\/en\/produkt\/noga-metalowa-do-stolu-loft-industrial-43-cm-profil-40x40-1-szt\/#primaryimage","url":"https:\/\/stabledesk.eu\/wp-content\/uploads\/2024\/10\/noga-kwadrat1-edit-2dz.jpg","contentUrl":"https:\/\/stabledesk.eu\/wp-content\/uploads\/2024\/10\/noga-kwadrat1-edit-2dz.jpg","width":2001,"height":2001},{"@type":"BreadcrumbList","@id":"https:\/\/stabledesk.eu\/en\/produkt\/noga-metalowa-do-stolu-loft-industrial-43-cm-profil-40x40-1-szt\/#breadcrumb","itemListElement":[{"@type":"ListItem","position":1,"name":"Strona g\u0142\u00f3wna","item":"https:\/\/stabledesk.eu\/en\/"},{"@type":"ListItem","position":2,"name":"Shop","item":"https:\/\/stabledesk.eu\/en\/shop\/"},{"@type":"ListItem","position":3,"name":"Noga metalowa do sto\u0142u loft industrial 43 cm profil 40&#215;40 1 szt."}]},{"@type":"WebSite","@id":"https:\/\/stabledesk.eu\/#website","url":"https:\/\/stabledesk.eu\/","name":"STABLEDESK - High-quality metal table legs for modern rooms","description":"STABLEDESK","publisher":{"@id":"https:\/\/stabledesk.eu\/#organization"},"potentialAction":[{"@type":"SearchAction","target":{"@type":"EntryPoint","urlTemplate":"https:\/\/stabledesk.eu\/?s={search_term_string}"},"query-input":{"@type":"PropertyValueSpecification","valueRequired":true,"valueName":"search_term_string"}}],"inLanguage":"en-US"},{"@type":"Organization","@id":"https:\/\/stabledesk.eu\/#organization","name":"STABLEDESK - High-quality metal table legs for modern rooms","url":"https:\/\/stabledesk.eu\/","logo":{"@type":"ImageObject","inLanguage":"en-US","@id":"https:\/\/stabledesk.eu\/#\/schema\/logo\/image\/","url":"https:\/\/stabledesk.eu\/wp-content\/uploads\/2024\/10\/stabledesk-logo.png","contentUrl":"https:\/\/stabledesk.eu\/wp-content\/uploads\/2024\/10\/stabledesk-logo.png","width":500,"height":129,"caption":"STABLEDESK - High-quality metal table legs for modern rooms"},"image":{"@id":"https:\/\/stabledesk.eu\/#\/schema\/logo\/image\/"},"hasMerchantReturnPolicy":{"@type":"MerchantReturnPolicy","merchantReturnLink":"https:\/\/stabledesk.eu\/zwroty\/"}}]},"product_price_amount":"12.25","product_price_currency":"EUR","og_availability":"instock","product_availability":"instock","product_retailer_item_id":"NMK-43-40","product_condition":"new"},"_links":{"self":[{"href":"https:\/\/stabledesk.eu\/en\/wp-json\/wp\/v2\/product\/8174","targetHints":{"allow":["GET"]}}],"collection":[{"href":"https:\/\/stabledesk.eu\/en\/wp-json\/wp\/v2\/product"}],"about":[{"href":"https:\/\/stabledesk.eu\/en\/wp-json\/wp\/v2\/types\/product"}],"replies":[{"embeddable":true,"href":"https:\/\/stabledesk.eu\/en\/wp-json\/wp\/v2\/comments?post=8174"}],"wp:featuredmedia":[{"embeddable":true,"href":"https:\/\/stabledesk.eu\/en\/wp-json\/wp\/v2\/media\/7425"}],"wp:attachment":[{"href":"https:\/\/stabledesk.eu\/en\/wp-json\/wp\/v2\/media?parent=8174"}],"wp:term":[{"taxonomy":"product_brand","embeddable":true,"href":"https:\/\/stabledesk.eu\/en\/wp-json\/wp\/v2\/product_brand?post=8174"},{"taxonomy":"product_cat","embeddable":true,"href":"https:\/\/stabledesk.eu\/en\/wp-json\/wp\/v2\/product_cat?post=8174"},{"taxonomy":"product_tag","embeddable":true,"href":"https:\/\/stabledesk.eu\/en\/wp-json\/wp\/v2\/product_tag?post=8174"}],"curies":[{"name":"wp","href":"https:\/\/api.w.org\/{rel}","templated":true}]}}