{"id":8158,"date":"2024-10-23T20:09:24","date_gmt":"2024-10-23T18:09:24","guid":{"rendered":"https:\/\/stabledesk.eu\/produkt\/stol-debowy-140x80-cm-z-metalowymi-nogami-pogrubiany-8cm-grubosci\/"},"modified":"2024-10-23T20:09:24","modified_gmt":"2024-10-23T18:09:24","slug":"stol-debowy-140x80-cm-z-metalowymi-nogami-pogrubiany-8cm-grubosci","status":"publish","type":"product","link":"https:\/\/stabledesk.eu\/en\/produkt\/stol-debowy-140x80-cm-z-metalowymi-nogami-pogrubiany-8cm-grubosci\/","title":{"rendered":"St\u00f3\u0142 d\u0119bowy 140&#215;80 cm z metalowymi nogami Pogrubiany 8cm grubo\u015bci"},"content":{"rendered":"","protected":false},"excerpt":{"rendered":"","protected":false},"featured_media":7632,"comment_status":"closed","ping_status":"open","template":"","meta":[],"product_brand":[],"product_cat":[88,89],"product_tag":[],"class_list":{"0":"post-8158","1":"product","2":"type-product","3":"status-publish","4":"has-post-thumbnail","6":"product_cat-meble-en","7":"product_cat-stoly-drewniane-en","9":"first","10":"instock","11":"purchasable","12":"product-type-simple"},"yoast_head":"<!-- This site is optimized with the Yoast SEO Premium plugin v25.6 (Yoast SEO v25.6) - https:\/\/yoast.com\/wordpress\/plugins\/seo\/ -->\n<title>St\u00f3\u0142 d\u0119bowy 140x80 cm z metalowymi nogami Pogrubiany 8cm grubo\u015bci - STABLEDESK - High-quality metal table legs for modern rooms<\/title>\n<meta name=\"robots\" content=\"index, follow, max-snippet:-1, max-image-preview:large, max-video-preview:-1\" \/>\n<link rel=\"canonical\" href=\"https:\/\/stabledesk.eu\/en\/produkt\/stol-debowy-140x80-cm-z-metalowymi-nogami-pogrubiany-8cm-grubosci\/\" \/>\n<meta property=\"og:locale\" content=\"en_US\" \/>\n<meta property=\"og:type\" content=\"article\" \/>\n<meta property=\"og:title\" content=\"St\u00f3\u0142 d\u0119bowy 140x80 cm z metalowymi nogami Pogrubiany 8cm grubo\u015bci\" \/>\n<meta property=\"og:url\" content=\"https:\/\/stabledesk.eu\/en\/produkt\/stol-debowy-140x80-cm-z-metalowymi-nogami-pogrubiany-8cm-grubosci\/\" \/>\n<meta property=\"og:site_name\" content=\"STABLEDESK - High-quality metal table legs for modern rooms\" \/>\n<meta name=\"twitter:card\" content=\"summary_large_image\" \/>\n<meta name=\"twitter:label1\" content=\"Price\" \/>\n\t<meta name=\"twitter:data1\" content=\"475,00&nbsp;&euro;\" \/>\n\t<meta name=\"twitter:label2\" content=\"Availability\" \/>\n\t<meta name=\"twitter:data2\" content=\"In stock\" \/>\n<script type=\"application\/ld+json\" class=\"yoast-schema-graph\">{\"@context\":\"https:\/\/schema.org\",\"@graph\":[{\"@type\":\"WebPage\",\"@id\":\"https:\/\/stabledesk.eu\/en\/produkt\/stol-debowy-140x80-cm-z-metalowymi-nogami-pogrubiany-8cm-grubosci\/\",\"url\":\"https:\/\/stabledesk.eu\/en\/produkt\/stol-debowy-140x80-cm-z-metalowymi-nogami-pogrubiany-8cm-grubosci\/\",\"name\":\"St\u00f3\u0142 d\u0119bowy 140x80 cm z metalowymi nogami Pogrubiany 8cm grubo\u015bci - STABLEDESK - High-quality metal table legs for modern rooms\",\"isPartOf\":{\"@id\":\"https:\/\/stabledesk.eu\/#website\"},\"primaryImageOfPage\":{\"@id\":\"https:\/\/stabledesk.eu\/en\/produkt\/stol-debowy-140x80-cm-z-metalowymi-nogami-pogrubiany-8cm-grubosci\/#primaryimage\"},\"image\":{\"@id\":\"https:\/\/stabledesk.eu\/en\/produkt\/stol-debowy-140x80-cm-z-metalowymi-nogami-pogrubiany-8cm-grubosci\/#primaryimage\"},\"thumbnailUrl\":\"https:\/\/stabledesk.eu\/wp-content\/uploads\/2024\/10\/stol-do-kuchni-debowy-5.jpg\",\"datePublished\":\"2024-10-23T18:09:24+00:00\",\"breadcrumb\":{\"@id\":\"https:\/\/stabledesk.eu\/en\/produkt\/stol-debowy-140x80-cm-z-metalowymi-nogami-pogrubiany-8cm-grubosci\/#breadcrumb\"},\"inLanguage\":\"en-US\",\"potentialAction\":[{\"@type\":\"ReadAction\",\"target\":[\"https:\/\/stabledesk.eu\/en\/produkt\/stol-debowy-140x80-cm-z-metalowymi-nogami-pogrubiany-8cm-grubosci\/\"]}]},{\"@type\":\"ImageObject\",\"inLanguage\":\"en-US\",\"@id\":\"https:\/\/stabledesk.eu\/en\/produkt\/stol-debowy-140x80-cm-z-metalowymi-nogami-pogrubiany-8cm-grubosci\/#primaryimage\",\"url\":\"https:\/\/stabledesk.eu\/wp-content\/uploads\/2024\/10\/stol-do-kuchni-debowy-5.jpg\",\"contentUrl\":\"https:\/\/stabledesk.eu\/wp-content\/uploads\/2024\/10\/stol-do-kuchni-debowy-5.jpg\",\"width\":2000,\"height\":1552},{\"@type\":\"BreadcrumbList\",\"@id\":\"https:\/\/stabledesk.eu\/en\/produkt\/stol-debowy-140x80-cm-z-metalowymi-nogami-pogrubiany-8cm-grubosci\/#breadcrumb\",\"itemListElement\":[{\"@type\":\"ListItem\",\"position\":1,\"name\":\"Strona g\u0142\u00f3wna\",\"item\":\"https:\/\/stabledesk.eu\/en\/\"},{\"@type\":\"ListItem\",\"position\":2,\"name\":\"Shop\",\"item\":\"https:\/\/stabledesk.eu\/en\/shop\/\"},{\"@type\":\"ListItem\",\"position\":3,\"name\":\"St\u00f3\u0142 d\u0119bowy 140&#215;80 cm z metalowymi nogami Pogrubiany 8cm grubo\u015bci\"}]},{\"@type\":\"WebSite\",\"@id\":\"https:\/\/stabledesk.eu\/#website\",\"url\":\"https:\/\/stabledesk.eu\/\",\"name\":\"STABLEDESK - High-quality metal table legs for modern rooms\",\"description\":\"STABLEDESK\",\"publisher\":{\"@id\":\"https:\/\/stabledesk.eu\/#organization\"},\"potentialAction\":[{\"@type\":\"SearchAction\",\"target\":{\"@type\":\"EntryPoint\",\"urlTemplate\":\"https:\/\/stabledesk.eu\/?s={search_term_string}\"},\"query-input\":{\"@type\":\"PropertyValueSpecification\",\"valueRequired\":true,\"valueName\":\"search_term_string\"}}],\"inLanguage\":\"en-US\"},{\"@type\":\"Organization\",\"@id\":\"https:\/\/stabledesk.eu\/#organization\",\"name\":\"STABLEDESK - High-quality metal table legs for modern rooms\",\"url\":\"https:\/\/stabledesk.eu\/\",\"logo\":{\"@type\":\"ImageObject\",\"inLanguage\":\"en-US\",\"@id\":\"https:\/\/stabledesk.eu\/#\/schema\/logo\/image\/\",\"url\":\"https:\/\/stabledesk.eu\/wp-content\/uploads\/2024\/10\/stabledesk-logo.png\",\"contentUrl\":\"https:\/\/stabledesk.eu\/wp-content\/uploads\/2024\/10\/stabledesk-logo.png\",\"width\":500,\"height\":129,\"caption\":\"STABLEDESK - High-quality metal table legs for modern rooms\"},\"image\":{\"@id\":\"https:\/\/stabledesk.eu\/#\/schema\/logo\/image\/\"},\"hasMerchantReturnPolicy\":{\"@type\":\"MerchantReturnPolicy\",\"merchantReturnLink\":\"https:\/\/stabledesk.eu\/zwroty\/\"}}]}<\/script>\n<meta property=\"product:price:amount\" content=\"475.00\" \/>\n<meta property=\"product:price:currency\" content=\"EUR\" \/>\n<meta property=\"og:availability\" content=\"instock\" \/>\n<meta property=\"product:availability\" content=\"instock\" \/>\n<meta property=\"product:retailer_item_id\" content=\"stol-dab-140x80\" \/>\n<meta property=\"product:condition\" content=\"new\" \/>\n<!-- \/ Yoast SEO Premium plugin. -->","yoast_head_json":{"title":"St\u00f3\u0142 d\u0119bowy 140x80 cm z metalowymi nogami Pogrubiany 8cm grubo\u015bci - STABLEDESK - High-quality metal table legs for modern rooms","robots":{"index":"index","follow":"follow","max-snippet":"max-snippet:-1","max-image-preview":"max-image-preview:large","max-video-preview":"max-video-preview:-1"},"canonical":"https:\/\/stabledesk.eu\/en\/produkt\/stol-debowy-140x80-cm-z-metalowymi-nogami-pogrubiany-8cm-grubosci\/","og_locale":"en_US","og_type":"article","og_title":"St\u00f3\u0142 d\u0119bowy 140x80 cm z metalowymi nogami Pogrubiany 8cm grubo\u015bci","og_url":"https:\/\/stabledesk.eu\/en\/produkt\/stol-debowy-140x80-cm-z-metalowymi-nogami-pogrubiany-8cm-grubosci\/","og_site_name":"STABLEDESK - High-quality metal table legs for modern rooms","twitter_card":"summary_large_image","twitter_misc":{"Price":"475,00&nbsp;&euro;","Availability":"In stock"},"schema":{"@context":"https:\/\/schema.org","@graph":[{"@type":"WebPage","@id":"https:\/\/stabledesk.eu\/en\/produkt\/stol-debowy-140x80-cm-z-metalowymi-nogami-pogrubiany-8cm-grubosci\/","url":"https:\/\/stabledesk.eu\/en\/produkt\/stol-debowy-140x80-cm-z-metalowymi-nogami-pogrubiany-8cm-grubosci\/","name":"St\u00f3\u0142 d\u0119bowy 140x80 cm z metalowymi nogami Pogrubiany 8cm grubo\u015bci - STABLEDESK - High-quality metal table legs for modern rooms","isPartOf":{"@id":"https:\/\/stabledesk.eu\/#website"},"primaryImageOfPage":{"@id":"https:\/\/stabledesk.eu\/en\/produkt\/stol-debowy-140x80-cm-z-metalowymi-nogami-pogrubiany-8cm-grubosci\/#primaryimage"},"image":{"@id":"https:\/\/stabledesk.eu\/en\/produkt\/stol-debowy-140x80-cm-z-metalowymi-nogami-pogrubiany-8cm-grubosci\/#primaryimage"},"thumbnailUrl":"https:\/\/stabledesk.eu\/wp-content\/uploads\/2024\/10\/stol-do-kuchni-debowy-5.jpg","datePublished":"2024-10-23T18:09:24+00:00","breadcrumb":{"@id":"https:\/\/stabledesk.eu\/en\/produkt\/stol-debowy-140x80-cm-z-metalowymi-nogami-pogrubiany-8cm-grubosci\/#breadcrumb"},"inLanguage":"en-US","potentialAction":[{"@type":"ReadAction","target":["https:\/\/stabledesk.eu\/en\/produkt\/stol-debowy-140x80-cm-z-metalowymi-nogami-pogrubiany-8cm-grubosci\/"]}]},{"@type":"ImageObject","inLanguage":"en-US","@id":"https:\/\/stabledesk.eu\/en\/produkt\/stol-debowy-140x80-cm-z-metalowymi-nogami-pogrubiany-8cm-grubosci\/#primaryimage","url":"https:\/\/stabledesk.eu\/wp-content\/uploads\/2024\/10\/stol-do-kuchni-debowy-5.jpg","contentUrl":"https:\/\/stabledesk.eu\/wp-content\/uploads\/2024\/10\/stol-do-kuchni-debowy-5.jpg","width":2000,"height":1552},{"@type":"BreadcrumbList","@id":"https:\/\/stabledesk.eu\/en\/produkt\/stol-debowy-140x80-cm-z-metalowymi-nogami-pogrubiany-8cm-grubosci\/#breadcrumb","itemListElement":[{"@type":"ListItem","position":1,"name":"Strona g\u0142\u00f3wna","item":"https:\/\/stabledesk.eu\/en\/"},{"@type":"ListItem","position":2,"name":"Shop","item":"https:\/\/stabledesk.eu\/en\/shop\/"},{"@type":"ListItem","position":3,"name":"St\u00f3\u0142 d\u0119bowy 140&#215;80 cm z metalowymi nogami Pogrubiany 8cm grubo\u015bci"}]},{"@type":"WebSite","@id":"https:\/\/stabledesk.eu\/#website","url":"https:\/\/stabledesk.eu\/","name":"STABLEDESK - High-quality metal table legs for modern rooms","description":"STABLEDESK","publisher":{"@id":"https:\/\/stabledesk.eu\/#organization"},"potentialAction":[{"@type":"SearchAction","target":{"@type":"EntryPoint","urlTemplate":"https:\/\/stabledesk.eu\/?s={search_term_string}"},"query-input":{"@type":"PropertyValueSpecification","valueRequired":true,"valueName":"search_term_string"}}],"inLanguage":"en-US"},{"@type":"Organization","@id":"https:\/\/stabledesk.eu\/#organization","name":"STABLEDESK - High-quality metal table legs for modern rooms","url":"https:\/\/stabledesk.eu\/","logo":{"@type":"ImageObject","inLanguage":"en-US","@id":"https:\/\/stabledesk.eu\/#\/schema\/logo\/image\/","url":"https:\/\/stabledesk.eu\/wp-content\/uploads\/2024\/10\/stabledesk-logo.png","contentUrl":"https:\/\/stabledesk.eu\/wp-content\/uploads\/2024\/10\/stabledesk-logo.png","width":500,"height":129,"caption":"STABLEDESK - High-quality metal table legs for modern rooms"},"image":{"@id":"https:\/\/stabledesk.eu\/#\/schema\/logo\/image\/"},"hasMerchantReturnPolicy":{"@type":"MerchantReturnPolicy","merchantReturnLink":"https:\/\/stabledesk.eu\/zwroty\/"}}]},"product_price_amount":"475.00","product_price_currency":"EUR","og_availability":"instock","product_availability":"instock","product_retailer_item_id":"stol-dab-140x80","product_condition":"new"},"_links":{"self":[{"href":"https:\/\/stabledesk.eu\/en\/wp-json\/wp\/v2\/product\/8158","targetHints":{"allow":["GET"]}}],"collection":[{"href":"https:\/\/stabledesk.eu\/en\/wp-json\/wp\/v2\/product"}],"about":[{"href":"https:\/\/stabledesk.eu\/en\/wp-json\/wp\/v2\/types\/product"}],"replies":[{"embeddable":true,"href":"https:\/\/stabledesk.eu\/en\/wp-json\/wp\/v2\/comments?post=8158"}],"wp:featuredmedia":[{"embeddable":true,"href":"https:\/\/stabledesk.eu\/en\/wp-json\/wp\/v2\/media\/7632"}],"wp:attachment":[{"href":"https:\/\/stabledesk.eu\/en\/wp-json\/wp\/v2\/media?parent=8158"}],"wp:term":[{"taxonomy":"product_brand","embeddable":true,"href":"https:\/\/stabledesk.eu\/en\/wp-json\/wp\/v2\/product_brand?post=8158"},{"taxonomy":"product_cat","embeddable":true,"href":"https:\/\/stabledesk.eu\/en\/wp-json\/wp\/v2\/product_cat?post=8158"},{"taxonomy":"product_tag","embeddable":true,"href":"https:\/\/stabledesk.eu\/en\/wp-json\/wp\/v2\/product_tag?post=8158"}],"curies":[{"name":"wp","href":"https:\/\/api.w.org\/{rel}","templated":true}]}}