{"id":8133,"date":"2025-08-17T15:11:02","date_gmt":"2025-08-17T13:11:02","guid":{"rendered":"https:\/\/stabledesk.eu\/produkt\/noga-katowa-skosna-metalowa-do-stolu-loft-industrial-43-cm-profil-60x40-1-szt\/"},"modified":"2025-08-17T15:11:02","modified_gmt":"2025-08-17T13:11:02","slug":"noga-katowa-skosna-metalowa-do-stolu-loft-industrial-43-cm-profil-60x40-1-szt","status":"publish","type":"product","link":"https:\/\/stabledesk.eu\/en\/produkt\/noga-katowa-skosna-metalowa-do-stolu-loft-industrial-43-cm-profil-60x40-1-szt\/","title":{"rendered":"Noga k\u0105towa sko\u015bna metalowa do sto\u0142u loft industrial 43 cm profil 60&#215;40 1 szt."},"content":{"rendered":"","protected":false},"excerpt":{"rendered":"<p><strong>Noga k\u0105towa, sko\u015bna metalowa do sto\u0142u loft industrial 43 cm profil 60 mm \u00d740 mm 1 szt.<\/strong><\/p>\n<p><strong>Metalowa noga pod k\u0105tem do sto\u0142u z profilu kwadratowego 60 mm x 40 mm<\/strong> &#8211; stabilna noga meblowa do stolika kawowego, biurka czy sto\u0142u w jadalni. Idealny produkt do wszelkiego rodzaju projekt\u00f3w DIY &#8211; zr\u00f3b to sam.<br \/>\n<strong>Prostok\u0105tna szeroka podstawa o bokach 130 mm x 110 mm i grubo\u015bci a\u017c 3 mm<\/strong> pozwala na solidne przykr\u0119cenie jej blisko kraw\u0119dzi blatu i przede wszystkim sprawi, \u017ce noga nie b\u0119dzie si\u0119 chwia\u0142a, tylko b\u0119dzie solidnym fundamentem Twojego sto\u0142u.<\/p>\n<p>Starannie zaprojektowana konstrukcja: Dzi\u0119ki prostemu kszta\u0142towi nasza noga sto\u0142owa o profilu prostok\u0105tnym mo\u017ce zosta\u0107 przymocowana do ka\u017cdej r\u00f3wnej powierzchni. W g\u00f3rnej cz\u0119\u015bci nogi sto\u0142u znajduje si\u0119 6 prefabrykowanych otwor\u00f3w na \u015bruby monta\u017cowe (\u015brubki nie s\u0105 do\u0142\u0105czone do zestawu!).<br \/>\nNasze stalowe nogi s\u0105 wykonane ze stali malowanej proszkowo &#8211; zapewnia to r\u00f3wnie\u017c dodatkow\u0105 ochron\u0119 przed korozj\u0105 i du\u017c\u0105 odporno\u015b\u0107 na zarysowania &#8211; Wyprodukowano w Polsce. U\u017cyli\u015bmy niespotykanej nigdzie indziej farby, kt\u00f3ra nie do\u015b\u0107, \u017ce jest delikatnie matowa i odporna na zabrudzenia to jeszcze ma delikatn\u0105, lekko chropowat\u0105 powierzchni\u0119 co daje \u015bwietne odczucia wizualne i dotykowe &#8211; na \u017cywo nogi prezentuj\u0105 si\u0119 lepiej ni\u017c na zdj\u0119ciach.<br \/>\nSzeroki zakres zastosowa\u0144: nasze nogi sto\u0142owe s\u0105 niezwykle modne i doskonale sprawdzaj\u0105 si\u0119 jako podstawa biurka czy sto\u0142u &#8211; poniewa\u017c oferujemy je pojedynczo, mo\u017cesz zam\u00f3wi\u0107 dowoln\u0105 ilo\u015b\u0107 &#8211; wspieraj\u0105c tym samym swoj\u0105 kreatywno\u015b\u0107 w szerokim zakresie projekt\u00f3w DIY!<\/p>\n<p><strong>Dane techniczne:<\/strong><\/p>\n<ul>\n<li>kolor: czarna delikatna struktura (matowy, chropowaty),<\/li>\n<li>specjalistyczny lakier proszkowy,<\/li>\n<li>wysoko\u015b\u0107 43 cm,<\/li>\n<li>solidna blacha mocuj\u0105ca o grubo\u015bci a\u017c 3 mm o bokach d\u0142ugo\u015bci 130 mm x 110 mm,<\/li>\n<li>profil 60 x 40 mm z grub\u0105 2mm \u015bciank\u0105 profila,<\/li>\n<li>ilo\u015b\u0107 otwor\u00f3w mocuj\u0105cych o \u015brednicy 7 mm: 6 szt.,<\/li>\n<li>ko\u0144c\u00f3wka zapobiegaj\u0105cych rysowanie pod\u0142ogi z tworzywa: 1 szt.<\/li>\n<\/ul>\n<p><strong>Cechy szczeg\u00f3lne:<\/strong><\/p>\n<ul>\n<li>ko\u0144ce profila zako\u0144czone specjalnym tworzywem zapobiegaj\u0105cym rysowaniu pod\u0142ogi,<\/li>\n<li>solidne i ma\u0142e spawy (\u0142\u0105czenia),<\/li>\n<li>r\u0119czne wykonanie w Polsce,<\/li>\n<li>kolor lakieru nie blaknie pod wp\u0142ywem czasu i promieni s\u0142onecznych,<\/li>\n<li>gruba blacha mocuj\u0105ca sprawia, \u017ce nogi s\u0105 bardzo stabilne,<\/li>\n<li>efektowny i nowoczesny wygl\u0105d,<\/li>\n<li>\u0142atwy w utrzymaniu czysto\u015bci,<\/li>\n<li>solidna i trwa\u0142a konstrukcja,<\/li>\n<li>rok gwarancji,<\/li>\n<li>bezpo\u015brednio od producenta.<\/li>\n<\/ul>\n<p>Nogi dost\u0119pne s\u0105 w r\u00f3\u017cnych rozmiarach, kszta\u0142tach, kolorach. Jeste\u015bmy bezpo\u015brednim producentem n\u00f3g, ca\u0142ych sto\u0142\u00f3w, rega\u0142\u00f3w itp. Mo\u017cemy wykona\u0107 produkt pod dowolny wymiar i projekt.<\/p>\n","protected":false},"featured_media":7783,"comment_status":"open","ping_status":"open","template":"","meta":[],"product_brand":[],"product_cat":[78,79],"product_tag":[],"class_list":{"0":"post-8133","1":"product","2":"type-product","3":"status-publish","4":"has-post-thumbnail","6":"product_cat-nogi-do-stolow-pojedyncze-en","7":"product_cat-stelaze-i-nogi-do-stolow-en","9":"first","10":"instock","11":"taxable","12":"shipping-taxable","13":"purchasable","14":"product-type-simple"},"yoast_head":"<!-- This site is optimized with the Yoast SEO Premium plugin v25.6 (Yoast SEO v25.6) - https:\/\/yoast.com\/wordpress\/plugins\/seo\/ -->\n<title>Noga k\u0105towa sko\u015bna metalowa do sto\u0142u loft industrial 43 cm profil 60x40 1 szt. - STABLEDESK - High-quality metal table legs for modern rooms<\/title>\n<meta name=\"robots\" content=\"index, follow, max-snippet:-1, max-image-preview:large, max-video-preview:-1\" \/>\n<link rel=\"canonical\" href=\"https:\/\/stabledesk.eu\/en\/produkt\/noga-katowa-skosna-metalowa-do-stolu-loft-industrial-43-cm-profil-60x40-1-szt\/\" \/>\n<meta property=\"og:locale\" content=\"en_US\" \/>\n<meta property=\"og:type\" content=\"article\" \/>\n<meta property=\"og:title\" content=\"Noga k\u0105towa sko\u015bna metalowa do sto\u0142u loft industrial 43 cm profil 60x40 1 szt.\" \/>\n<meta property=\"og:description\" content=\"Noga k\u0105towa, sko\u015bna metalowa do sto\u0142u loft industrial 43 cm profil 60 mm \u00d740 mm 1 szt. Metalowa noga pod k\u0105tem do sto\u0142u z profilu kwadratowego 60 mm x 40 mm - stabilna noga meblowa do stolika kawowego, biurka czy sto\u0142u w jadalni. Idealny produkt do wszelkiego rodzaju projekt\u00f3w DIY - zr\u00f3b to sam. Prostok\u0105tna szeroka podstawa o bokach 130 mm x 110 mm i grubo\u015bci a\u017c 3 mm pozwala na solidne przykr\u0119cenie jej blisko kraw\u0119dzi blatu i przede wszystkim sprawi, \u017ce noga nie b\u0119dzie si\u0119 chwia\u0142a, tylko b\u0119dzie solidnym fundamentem Twojego sto\u0142u. Starannie zaprojektowana konstrukcja: Dzi\u0119ki prostemu kszta\u0142towi nasza noga sto\u0142owa o profilu prostok\u0105tnym mo\u017ce zosta\u0107 przymocowana do ka\u017cdej r\u00f3wnej powierzchni. W g\u00f3rnej cz\u0119\u015bci nogi sto\u0142u znajduje si\u0119 6 prefabrykowanych otwor\u00f3w na \u015bruby monta\u017cowe (\u015brubki nie s\u0105 do\u0142\u0105czone do zestawu!). Nasze stalowe nogi s\u0105 wykonane ze stali malowanej proszkowo - zapewnia to r\u00f3wnie\u017c dodatkow\u0105 ochron\u0119 przed korozj\u0105 i du\u017c\u0105 odporno\u015b\u0107 na zarysowania - Wyprodukowano w Polsce. U\u017cyli\u015bmy niespotykanej nigdzie indziej farby, kt\u00f3ra nie do\u015b\u0107, \u017ce jest delikatnie matowa i odporna na zabrudzenia to jeszcze ma delikatn\u0105, lekko chropowat\u0105 powierzchni\u0119 co daje \u015bwietne odczucia wizualne i dotykowe - na \u017cywo nogi prezentuj\u0105 si\u0119 lepiej ni\u017c na zdj\u0119ciach. Szeroki zakres zastosowa\u0144: nasze nogi sto\u0142owe s\u0105 niezwykle modne i doskonale sprawdzaj\u0105 si\u0119 jako podstawa biurka czy sto\u0142u - poniewa\u017c oferujemy je pojedynczo, mo\u017cesz zam\u00f3wi\u0107 dowoln\u0105 ilo\u015b\u0107 - wspieraj\u0105c tym samym swoj\u0105 kreatywno\u015b\u0107 w szerokim zakresie projekt\u00f3w DIY! Dane techniczne:  kolor: czarna delikatna struktura (matowy, chropowaty),  specjalistyczny lakier proszkowy,  wysoko\u015b\u0107 43 cm,  solidna blacha mocuj\u0105ca o grubo\u015bci a\u017c 3 mm o bokach d\u0142ugo\u015bci 130 mm x 110 mm,  profil 60 x 40 mm z grub\u0105 2mm \u015bciank\u0105 profila,  ilo\u015b\u0107 otwor\u00f3w mocuj\u0105cych o \u015brednicy 7 mm: 6 szt.,  ko\u0144c\u00f3wka zapobiegaj\u0105cych rysowanie pod\u0142ogi z tworzywa: 1 szt. Cechy szczeg\u00f3lne:  ko\u0144ce profila zako\u0144czone specjalnym tworzywem zapobiegaj\u0105cym rysowaniu pod\u0142ogi,  solidne i ma\u0142e spawy (\u0142\u0105czenia),  r\u0119czne wykonanie w Polsce,  kolor lakieru nie blaknie pod wp\u0142ywem czasu i promieni s\u0142onecznych,  gruba blacha mocuj\u0105ca sprawia, \u017ce nogi s\u0105 bardzo stabilne,  efektowny i nowoczesny wygl\u0105d,  \u0142atwy w utrzymaniu czysto\u015bci,  solidna i trwa\u0142a konstrukcja,  rok gwarancji,  bezpo\u015brednio od producenta. Nogi dost\u0119pne s\u0105 w r\u00f3\u017cnych rozmiarach, kszta\u0142tach, kolorach. Jeste\u015bmy bezpo\u015brednim producentem n\u00f3g, ca\u0142ych sto\u0142\u00f3w, rega\u0142\u00f3w itp. Mo\u017cemy wykona\u0107 produkt pod dowolny wymiar i projekt.\" \/>\n<meta property=\"og:url\" content=\"https:\/\/stabledesk.eu\/en\/produkt\/noga-katowa-skosna-metalowa-do-stolu-loft-industrial-43-cm-profil-60x40-1-szt\/\" \/>\n<meta property=\"og:site_name\" content=\"STABLEDESK - High-quality metal table legs for modern rooms\" \/>\n<meta name=\"twitter:card\" content=\"summary_large_image\" \/>\n<meta name=\"twitter:label1\" content=\"Price\" \/>\n\t<meta name=\"twitter:data1\" content=\"12,50&nbsp;&euro;\" \/>\n\t<meta name=\"twitter:label2\" content=\"Availability\" \/>\n\t<meta name=\"twitter:data2\" content=\"In stock\" \/>\n<script type=\"application\/ld+json\" class=\"yoast-schema-graph\">{\"@context\":\"https:\/\/schema.org\",\"@graph\":[{\"@type\":\"WebPage\",\"@id\":\"https:\/\/stabledesk.eu\/en\/produkt\/noga-katowa-skosna-metalowa-do-stolu-loft-industrial-43-cm-profil-60x40-1-szt\/\",\"url\":\"https:\/\/stabledesk.eu\/en\/produkt\/noga-katowa-skosna-metalowa-do-stolu-loft-industrial-43-cm-profil-60x40-1-szt\/\",\"name\":\"Noga k\u0105towa sko\u015bna metalowa do sto\u0142u loft industrial 43 cm profil 60x40 1 szt. - STABLEDESK - High-quality metal table legs for modern rooms\",\"isPartOf\":{\"@id\":\"https:\/\/stabledesk.eu\/#website\"},\"primaryImageOfPage\":{\"@id\":\"https:\/\/stabledesk.eu\/en\/produkt\/noga-katowa-skosna-metalowa-do-stolu-loft-industrial-43-cm-profil-60x40-1-szt\/#primaryimage\"},\"image\":{\"@id\":\"https:\/\/stabledesk.eu\/en\/produkt\/noga-katowa-skosna-metalowa-do-stolu-loft-industrial-43-cm-profil-60x40-1-szt\/#primaryimage\"},\"thumbnailUrl\":\"https:\/\/stabledesk.eu\/wp-content\/uploads\/2024\/10\/photoroom-20230913-202529.jpg\",\"datePublished\":\"2025-08-17T13:11:02+00:00\",\"breadcrumb\":{\"@id\":\"https:\/\/stabledesk.eu\/en\/produkt\/noga-katowa-skosna-metalowa-do-stolu-loft-industrial-43-cm-profil-60x40-1-szt\/#breadcrumb\"},\"inLanguage\":\"en-US\",\"potentialAction\":[{\"@type\":\"ReadAction\",\"target\":[\"https:\/\/stabledesk.eu\/en\/produkt\/noga-katowa-skosna-metalowa-do-stolu-loft-industrial-43-cm-profil-60x40-1-szt\/\"]}]},{\"@type\":\"ImageObject\",\"inLanguage\":\"en-US\",\"@id\":\"https:\/\/stabledesk.eu\/en\/produkt\/noga-katowa-skosna-metalowa-do-stolu-loft-industrial-43-cm-profil-60x40-1-szt\/#primaryimage\",\"url\":\"https:\/\/stabledesk.eu\/wp-content\/uploads\/2024\/10\/photoroom-20230913-202529.jpg\",\"contentUrl\":\"https:\/\/stabledesk.eu\/wp-content\/uploads\/2024\/10\/photoroom-20230913-202529.jpg\",\"width\":1767,\"height\":2400},{\"@type\":\"BreadcrumbList\",\"@id\":\"https:\/\/stabledesk.eu\/en\/produkt\/noga-katowa-skosna-metalowa-do-stolu-loft-industrial-43-cm-profil-60x40-1-szt\/#breadcrumb\",\"itemListElement\":[{\"@type\":\"ListItem\",\"position\":1,\"name\":\"Strona g\u0142\u00f3wna\",\"item\":\"https:\/\/stabledesk.eu\/en\/\"},{\"@type\":\"ListItem\",\"position\":2,\"name\":\"Shop\",\"item\":\"https:\/\/stabledesk.eu\/en\/shop\/\"},{\"@type\":\"ListItem\",\"position\":3,\"name\":\"Noga k\u0105towa sko\u015bna metalowa do sto\u0142u loft industrial 43 cm profil 60&#215;40 1 szt.\"}]},{\"@type\":\"WebSite\",\"@id\":\"https:\/\/stabledesk.eu\/#website\",\"url\":\"https:\/\/stabledesk.eu\/\",\"name\":\"STABLEDESK - High-quality metal table legs for modern rooms\",\"description\":\"STABLEDESK\",\"publisher\":{\"@id\":\"https:\/\/stabledesk.eu\/#organization\"},\"potentialAction\":[{\"@type\":\"SearchAction\",\"target\":{\"@type\":\"EntryPoint\",\"urlTemplate\":\"https:\/\/stabledesk.eu\/?s={search_term_string}\"},\"query-input\":{\"@type\":\"PropertyValueSpecification\",\"valueRequired\":true,\"valueName\":\"search_term_string\"}}],\"inLanguage\":\"en-US\"},{\"@type\":\"Organization\",\"@id\":\"https:\/\/stabledesk.eu\/#organization\",\"name\":\"STABLEDESK - High-quality metal table legs for modern rooms\",\"url\":\"https:\/\/stabledesk.eu\/\",\"logo\":{\"@type\":\"ImageObject\",\"inLanguage\":\"en-US\",\"@id\":\"https:\/\/stabledesk.eu\/#\/schema\/logo\/image\/\",\"url\":\"https:\/\/stabledesk.eu\/wp-content\/uploads\/2024\/10\/stabledesk-logo.png\",\"contentUrl\":\"https:\/\/stabledesk.eu\/wp-content\/uploads\/2024\/10\/stabledesk-logo.png\",\"width\":500,\"height\":129,\"caption\":\"STABLEDESK - High-quality metal table legs for modern rooms\"},\"image\":{\"@id\":\"https:\/\/stabledesk.eu\/#\/schema\/logo\/image\/\"},\"hasMerchantReturnPolicy\":{\"@type\":\"MerchantReturnPolicy\",\"merchantReturnLink\":\"https:\/\/stabledesk.eu\/zwroty\/\"}}]}<\/script>\n<meta property=\"product:price:amount\" content=\"12.50\" \/>\n<meta property=\"product:price:currency\" content=\"EUR\" \/>\n<meta property=\"og:availability\" content=\"instock\" \/>\n<meta property=\"product:availability\" content=\"instock\" \/>\n<meta property=\"product:retailer_item_id\" content=\"sk60-40-43\" \/>\n<meta property=\"product:condition\" content=\"new\" \/>\n<!-- \/ Yoast SEO Premium plugin. -->","yoast_head_json":{"title":"Noga k\u0105towa sko\u015bna metalowa do sto\u0142u loft industrial 43 cm profil 60x40 1 szt. - STABLEDESK - High-quality metal table legs for modern rooms","robots":{"index":"index","follow":"follow","max-snippet":"max-snippet:-1","max-image-preview":"max-image-preview:large","max-video-preview":"max-video-preview:-1"},"canonical":"https:\/\/stabledesk.eu\/en\/produkt\/noga-katowa-skosna-metalowa-do-stolu-loft-industrial-43-cm-profil-60x40-1-szt\/","og_locale":"en_US","og_type":"article","og_title":"Noga k\u0105towa sko\u015bna metalowa do sto\u0142u loft industrial 43 cm profil 60x40 1 szt.","og_description":"Noga k\u0105towa, sko\u015bna metalowa do sto\u0142u loft industrial 43 cm profil 60 mm \u00d740 mm 1 szt. Metalowa noga pod k\u0105tem do sto\u0142u z profilu kwadratowego 60 mm x 40 mm - stabilna noga meblowa do stolika kawowego, biurka czy sto\u0142u w jadalni. Idealny produkt do wszelkiego rodzaju projekt\u00f3w DIY - zr\u00f3b to sam. Prostok\u0105tna szeroka podstawa o bokach 130 mm x 110 mm i grubo\u015bci a\u017c 3 mm pozwala na solidne przykr\u0119cenie jej blisko kraw\u0119dzi blatu i przede wszystkim sprawi, \u017ce noga nie b\u0119dzie si\u0119 chwia\u0142a, tylko b\u0119dzie solidnym fundamentem Twojego sto\u0142u. Starannie zaprojektowana konstrukcja: Dzi\u0119ki prostemu kszta\u0142towi nasza noga sto\u0142owa o profilu prostok\u0105tnym mo\u017ce zosta\u0107 przymocowana do ka\u017cdej r\u00f3wnej powierzchni. W g\u00f3rnej cz\u0119\u015bci nogi sto\u0142u znajduje si\u0119 6 prefabrykowanych otwor\u00f3w na \u015bruby monta\u017cowe (\u015brubki nie s\u0105 do\u0142\u0105czone do zestawu!). Nasze stalowe nogi s\u0105 wykonane ze stali malowanej proszkowo - zapewnia to r\u00f3wnie\u017c dodatkow\u0105 ochron\u0119 przed korozj\u0105 i du\u017c\u0105 odporno\u015b\u0107 na zarysowania - Wyprodukowano w Polsce. U\u017cyli\u015bmy niespotykanej nigdzie indziej farby, kt\u00f3ra nie do\u015b\u0107, \u017ce jest delikatnie matowa i odporna na zabrudzenia to jeszcze ma delikatn\u0105, lekko chropowat\u0105 powierzchni\u0119 co daje \u015bwietne odczucia wizualne i dotykowe - na \u017cywo nogi prezentuj\u0105 si\u0119 lepiej ni\u017c na zdj\u0119ciach. Szeroki zakres zastosowa\u0144: nasze nogi sto\u0142owe s\u0105 niezwykle modne i doskonale sprawdzaj\u0105 si\u0119 jako podstawa biurka czy sto\u0142u - poniewa\u017c oferujemy je pojedynczo, mo\u017cesz zam\u00f3wi\u0107 dowoln\u0105 ilo\u015b\u0107 - wspieraj\u0105c tym samym swoj\u0105 kreatywno\u015b\u0107 w szerokim zakresie projekt\u00f3w DIY! Dane techniczne:  kolor: czarna delikatna struktura (matowy, chropowaty),  specjalistyczny lakier proszkowy,  wysoko\u015b\u0107 43 cm,  solidna blacha mocuj\u0105ca o grubo\u015bci a\u017c 3 mm o bokach d\u0142ugo\u015bci 130 mm x 110 mm,  profil 60 x 40 mm z grub\u0105 2mm \u015bciank\u0105 profila,  ilo\u015b\u0107 otwor\u00f3w mocuj\u0105cych o \u015brednicy 7 mm: 6 szt.,  ko\u0144c\u00f3wka zapobiegaj\u0105cych rysowanie pod\u0142ogi z tworzywa: 1 szt. Cechy szczeg\u00f3lne:  ko\u0144ce profila zako\u0144czone specjalnym tworzywem zapobiegaj\u0105cym rysowaniu pod\u0142ogi,  solidne i ma\u0142e spawy (\u0142\u0105czenia),  r\u0119czne wykonanie w Polsce,  kolor lakieru nie blaknie pod wp\u0142ywem czasu i promieni s\u0142onecznych,  gruba blacha mocuj\u0105ca sprawia, \u017ce nogi s\u0105 bardzo stabilne,  efektowny i nowoczesny wygl\u0105d,  \u0142atwy w utrzymaniu czysto\u015bci,  solidna i trwa\u0142a konstrukcja,  rok gwarancji,  bezpo\u015brednio od producenta. Nogi dost\u0119pne s\u0105 w r\u00f3\u017cnych rozmiarach, kszta\u0142tach, kolorach. Jeste\u015bmy bezpo\u015brednim producentem n\u00f3g, ca\u0142ych sto\u0142\u00f3w, rega\u0142\u00f3w itp. Mo\u017cemy wykona\u0107 produkt pod dowolny wymiar i projekt.","og_url":"https:\/\/stabledesk.eu\/en\/produkt\/noga-katowa-skosna-metalowa-do-stolu-loft-industrial-43-cm-profil-60x40-1-szt\/","og_site_name":"STABLEDESK - High-quality metal table legs for modern rooms","twitter_card":"summary_large_image","twitter_misc":{"Price":"12,50&nbsp;&euro;","Availability":"In stock"},"schema":{"@context":"https:\/\/schema.org","@graph":[{"@type":"WebPage","@id":"https:\/\/stabledesk.eu\/en\/produkt\/noga-katowa-skosna-metalowa-do-stolu-loft-industrial-43-cm-profil-60x40-1-szt\/","url":"https:\/\/stabledesk.eu\/en\/produkt\/noga-katowa-skosna-metalowa-do-stolu-loft-industrial-43-cm-profil-60x40-1-szt\/","name":"Noga k\u0105towa sko\u015bna metalowa do sto\u0142u loft industrial 43 cm profil 60x40 1 szt. - STABLEDESK - High-quality metal table legs for modern rooms","isPartOf":{"@id":"https:\/\/stabledesk.eu\/#website"},"primaryImageOfPage":{"@id":"https:\/\/stabledesk.eu\/en\/produkt\/noga-katowa-skosna-metalowa-do-stolu-loft-industrial-43-cm-profil-60x40-1-szt\/#primaryimage"},"image":{"@id":"https:\/\/stabledesk.eu\/en\/produkt\/noga-katowa-skosna-metalowa-do-stolu-loft-industrial-43-cm-profil-60x40-1-szt\/#primaryimage"},"thumbnailUrl":"https:\/\/stabledesk.eu\/wp-content\/uploads\/2024\/10\/photoroom-20230913-202529.jpg","datePublished":"2025-08-17T13:11:02+00:00","breadcrumb":{"@id":"https:\/\/stabledesk.eu\/en\/produkt\/noga-katowa-skosna-metalowa-do-stolu-loft-industrial-43-cm-profil-60x40-1-szt\/#breadcrumb"},"inLanguage":"en-US","potentialAction":[{"@type":"ReadAction","target":["https:\/\/stabledesk.eu\/en\/produkt\/noga-katowa-skosna-metalowa-do-stolu-loft-industrial-43-cm-profil-60x40-1-szt\/"]}]},{"@type":"ImageObject","inLanguage":"en-US","@id":"https:\/\/stabledesk.eu\/en\/produkt\/noga-katowa-skosna-metalowa-do-stolu-loft-industrial-43-cm-profil-60x40-1-szt\/#primaryimage","url":"https:\/\/stabledesk.eu\/wp-content\/uploads\/2024\/10\/photoroom-20230913-202529.jpg","contentUrl":"https:\/\/stabledesk.eu\/wp-content\/uploads\/2024\/10\/photoroom-20230913-202529.jpg","width":1767,"height":2400},{"@type":"BreadcrumbList","@id":"https:\/\/stabledesk.eu\/en\/produkt\/noga-katowa-skosna-metalowa-do-stolu-loft-industrial-43-cm-profil-60x40-1-szt\/#breadcrumb","itemListElement":[{"@type":"ListItem","position":1,"name":"Strona g\u0142\u00f3wna","item":"https:\/\/stabledesk.eu\/en\/"},{"@type":"ListItem","position":2,"name":"Shop","item":"https:\/\/stabledesk.eu\/en\/shop\/"},{"@type":"ListItem","position":3,"name":"Noga k\u0105towa sko\u015bna metalowa do sto\u0142u loft industrial 43 cm profil 60&#215;40 1 szt."}]},{"@type":"WebSite","@id":"https:\/\/stabledesk.eu\/#website","url":"https:\/\/stabledesk.eu\/","name":"STABLEDESK - High-quality metal table legs for modern rooms","description":"STABLEDESK","publisher":{"@id":"https:\/\/stabledesk.eu\/#organization"},"potentialAction":[{"@type":"SearchAction","target":{"@type":"EntryPoint","urlTemplate":"https:\/\/stabledesk.eu\/?s={search_term_string}"},"query-input":{"@type":"PropertyValueSpecification","valueRequired":true,"valueName":"search_term_string"}}],"inLanguage":"en-US"},{"@type":"Organization","@id":"https:\/\/stabledesk.eu\/#organization","name":"STABLEDESK - High-quality metal table legs for modern rooms","url":"https:\/\/stabledesk.eu\/","logo":{"@type":"ImageObject","inLanguage":"en-US","@id":"https:\/\/stabledesk.eu\/#\/schema\/logo\/image\/","url":"https:\/\/stabledesk.eu\/wp-content\/uploads\/2024\/10\/stabledesk-logo.png","contentUrl":"https:\/\/stabledesk.eu\/wp-content\/uploads\/2024\/10\/stabledesk-logo.png","width":500,"height":129,"caption":"STABLEDESK - High-quality metal table legs for modern rooms"},"image":{"@id":"https:\/\/stabledesk.eu\/#\/schema\/logo\/image\/"},"hasMerchantReturnPolicy":{"@type":"MerchantReturnPolicy","merchantReturnLink":"https:\/\/stabledesk.eu\/zwroty\/"}}]},"product_price_amount":"12.50","product_price_currency":"EUR","og_availability":"instock","product_availability":"instock","product_retailer_item_id":"sk60-40-43","product_condition":"new"},"_links":{"self":[{"href":"https:\/\/stabledesk.eu\/en\/wp-json\/wp\/v2\/product\/8133","targetHints":{"allow":["GET"]}}],"collection":[{"href":"https:\/\/stabledesk.eu\/en\/wp-json\/wp\/v2\/product"}],"about":[{"href":"https:\/\/stabledesk.eu\/en\/wp-json\/wp\/v2\/types\/product"}],"replies":[{"embeddable":true,"href":"https:\/\/stabledesk.eu\/en\/wp-json\/wp\/v2\/comments?post=8133"}],"wp:featuredmedia":[{"embeddable":true,"href":"https:\/\/stabledesk.eu\/en\/wp-json\/wp\/v2\/media\/7783"}],"wp:attachment":[{"href":"https:\/\/stabledesk.eu\/en\/wp-json\/wp\/v2\/media?parent=8133"}],"wp:term":[{"taxonomy":"product_brand","embeddable":true,"href":"https:\/\/stabledesk.eu\/en\/wp-json\/wp\/v2\/product_brand?post=8133"},{"taxonomy":"product_cat","embeddable":true,"href":"https:\/\/stabledesk.eu\/en\/wp-json\/wp\/v2\/product_cat?post=8133"},{"taxonomy":"product_tag","embeddable":true,"href":"https:\/\/stabledesk.eu\/en\/wp-json\/wp\/v2\/product_tag?post=8133"}],"curies":[{"name":"wp","href":"https:\/\/api.w.org\/{rel}","templated":true}]}}