{"id":8259,"date":"2024-10-23T20:05:22","date_gmt":"2024-10-23T18:05:22","guid":{"rendered":"https:\/\/stabledesk.eu\/produkt\/nogi-metalowe-do-stolu-loft-piramida\/"},"modified":"2024-10-23T20:05:22","modified_gmt":"2024-10-23T18:05:22","slug":"nogi-metalowe-do-stolu-loft-piramida","status":"publish","type":"product","link":"https:\/\/stabledesk.eu\/de\/produkt\/nogi-metalowe-do-stolu-loft-piramida\/","title":{"rendered":"Nogi metalowe do sto\u0142u loft industrial 72 cm wys. piramida komplet 4 szt."},"content":{"rendered":"<p>Nogi proste w kszta\u0142cie piramidy w stylu loftowym, industrialnym do sto\u0142\u00f3w, stolik\u00f3w o wymiarach<strong> 72 cm wysoko\u015bci.<\/strong> Kwadratowa szeroka<strong> podstawa o bokach 115 mm, grubo\u015bci 4 mm<\/strong> pozwala na solidne przykr\u0119cenie jej blisko kraw\u0119dzi blatu.<\/p>\n<p><strong>Cena dotyczy kompletu 4 szt . n\u00f3g wraz z podk\u0142adkami filcowymi samoprzylepnymi.<\/strong><\/p>\n<p><strong>Pr\u0119ty o \u015brednicy 10 mm.<\/strong><\/p>\n<p>Nogi wyr\u00f3\u017cniaj\u0105 si\u0119 niewidocznymi spawami, pog\u0142\u0119bionymi otworami, dzi\u0119ki kt\u00f3rym wkr\u0119ty monta\u017cowe chowaj\u0105 si\u0119 na r\u00f3wno z profilem oraz idealnie trzymaj\u0105 blat, wysok\u0105 jako\u015bci\u0105 wykonania oraz najlepszymi materia\u0142ami. Ka\u017cda z n\u00f3g posiada osobne otwory monta\u017cowe. Mo\u017cna je przykr\u0119ci\u0107 niezale\u017cnie w dowolnym miejscu.<\/p>\n<p><strong>Dane techniczne:<\/strong><\/p>\n<ul>\n<li>kolor: czarna struktura (matowy, chropowaty),<\/li>\n<li>lakier proszkowy, wygrzewany w specjalnej komorze,<\/li>\n<li>wysoko\u015b\u0107 72 cm,<\/li>\n<li>tr\u00f3jk\u0105tna blacha mocuj\u0105ca o grubo\u015bci a\u017c 4 mm w kszta\u0142cie tr\u00f3jk\u0105ta r\u00f3wnoramiennego o bokach d\u0142ugo\u015bci 115 mm,<\/li>\n<li>pr\u0119ty o \u015brednicy 10 mm,<\/li>\n<li>ilo\u015b\u0107 n\u00f3g: 4 sztuki,<\/li>\n<li>ilo\u015b\u0107 otwor\u00f3w mocuj\u0105cych o \u015brednicy 4 mm: 5 szt,<\/li>\n<li>ilo\u015b\u0107 samoprzylepnych podk\u0142adek filcowych: 4szt.<\/li>\n<\/ul>\n<p><strong>Cechy szczeg\u00f3lne:<\/strong><\/p>\n<ul>\n<li>ko\u0144ce profila zako\u0144czone specjalnym tworzywem zapobiegaj\u0105cym rysowaniu pod\u0142ogi,<\/li>\n<li>wysoka jako\u015b\u0107 wykonania,<\/li>\n<li>niewidoczne spawy,<\/li>\n<li>fazowane i pog\u0142\u0119biane otwory pod wkr\u0119ty monta\u017cowe,<\/li>\n<li>r\u0119czne wykonanie,<\/li>\n<li>jeste\u015bmy bezpo\u015brednim producentem,<\/li>\n<li>kolor lakieru nie blaknie pod wp\u0142ywem czasu i promieni s\u0142onecznych,<\/li>\n<li>stal wysokiej jako\u015bci,<\/li>\n<li>wykonany w ca\u0142o\u015bci w Polsce i z polskich materia\u0142\u00f3w,<\/li>\n<li>efektowny i nowoczesny wygl\u0105d,<\/li>\n<li>\u0142atwy w utrzymaniu czysto\u015bci,<\/li>\n<li>solidna i trwa\u0142a konstrukcja,<\/li>\n<li>rok gwarancji,<\/li>\n<li>szybki czas realizacji.<\/li>\n<\/ul>\n<p>Nogi dost\u0119pne s\u0105 w r\u00f3\u017cnych rozmiarach, kszta\u0142tach, kolorach na naszych pozosta\u0142ych aukcjach. Jeste\u015bmy bezpo\u015brednim producentem n\u00f3g, ca\u0142ych sto\u0142\u00f3w, rega\u0142\u00f3w itp. Mo\u017cemy wykona\u0107 produkt pod dowolny wymiar i projekt.<\/p>\n","protected":false},"excerpt":{"rendered":"<p>Nogi proste w kszta\u0142cie piramidy w stylu loftowym, industrialnym do sto\u0142\u00f3w, stolik\u00f3w o wymiarach<strong> 72 cm wysoko\u015bci.<\/strong> Kwadratowa szeroka<strong> podstawa o bokach 115 mm, grubo\u015bci 4 mm<\/strong> pozwala na solidne przykr\u0119cenie jej blisko kraw\u0119dzi blatu.<\/p>\n<p><strong>Cena dotyczy kompletu 4 szt . n\u00f3g wraz z podk\u0142adkami filcowymi samoprzylepnymi.<\/strong><\/p>\n<p><strong>Pr\u0119ty o \u015brednicy 10 mm.<\/strong><\/p>\n<p>Nogi wyr\u00f3\u017cniaj\u0105 si\u0119 niewidocznymi spawami, pog\u0142\u0119bionymi otworami, dzi\u0119ki kt\u00f3rym wkr\u0119ty monta\u017cowe chowaj\u0105 si\u0119 na r\u00f3wno z profilem oraz idealnie trzymaj\u0105 blat, wysok\u0105 jako\u015bci\u0105 wykonania oraz najlepszymi materia\u0142ami. Ka\u017cda z n\u00f3g posiada osobne otwory monta\u017cowe. Mo\u017cna je przykr\u0119ci\u0107 niezale\u017cnie w dowolnym miejscu.<\/p>\n<p><strong>Dane techniczne:<\/strong><\/p>\n<ul>\n<li>kolor: czarna struktura (matowy, chropowaty),<\/li>\n<li>lakier proszkowy, wygrzewany w specjalnej komorze,<\/li>\n<li>wysoko\u015b\u0107 72 cm,<\/li>\n<li>tr\u00f3jk\u0105tna blacha mocuj\u0105ca o grubo\u015bci a\u017c 4 mm w kszta\u0142cie tr\u00f3jk\u0105ta r\u00f3wnoramiennego o bokach d\u0142ugo\u015bci 115 mm,<\/li>\n<li>pr\u0119ty o \u015brednicy 10 mm,<\/li>\n<li>ilo\u015b\u0107 n\u00f3g: 4 sztuki,<\/li>\n<li>ilo\u015b\u0107 otwor\u00f3w mocuj\u0105cych o \u015brednicy 4 mm: 5 szt,<\/li>\n<li>ilo\u015b\u0107 samoprzylepnych podk\u0142adek filcowych: 4szt.<\/li>\n<\/ul>\n<p><strong>Cechy szczeg\u00f3lne:<\/strong><\/p>\n<ul>\n<li>ko\u0144ce profila zako\u0144czone specjalnym tworzywem zapobiegaj\u0105cym rysowaniu pod\u0142ogi,<\/li>\n<li>wysoka jako\u015b\u0107 wykonania,<\/li>\n<li>niewidoczne spawy,<\/li>\n<li>fazowane i pog\u0142\u0119biane otwory pod wkr\u0119ty monta\u017cowe,<\/li>\n<li>r\u0119czne wykonanie,<\/li>\n<li>jeste\u015bmy bezpo\u015brednim producentem,<\/li>\n<li>kolor lakieru nie blaknie pod wp\u0142ywem czasu i promieni s\u0142onecznych,<\/li>\n<li>stal wysokiej jako\u015bci,<\/li>\n<li>wykonany w ca\u0142o\u015bci w Polsce i z polskich materia\u0142\u00f3w,<\/li>\n<li>efektowny i nowoczesny wygl\u0105d,<\/li>\n<li>\u0142atwy w utrzymaniu czysto\u015bci,<\/li>\n<li>solidna i trwa\u0142a konstrukcja,<\/li>\n<li>rok gwarancji,<\/li>\n<li>szybki czas realizacji.<\/li>\n<\/ul>\n<p>Nogi dost\u0119pne s\u0105 w r\u00f3\u017cnych rozmiarach, kszta\u0142tach, kolorach na naszych pozosta\u0142ych aukcjach. Jeste\u015bmy bezpo\u015brednim producentem n\u00f3g, ca\u0142ych sto\u0142\u00f3w, rega\u0142\u00f3w itp. Mo\u017cemy wykona\u0107 produkt pod dowolny wymiar i projekt.<\/p>\n","protected":false},"featured_media":7602,"comment_status":"closed","ping_status":"open","template":"","meta":[],"product_brand":[],"product_cat":[82,80],"product_tag":[],"class_list":{"0":"post-8259","1":"product","2":"type-product","3":"status-publish","4":"has-post-thumbnail","6":"product_cat-nogi-do-stolow-kwadratowe-de","7":"product_cat-nogi-do-stolow-pojedyncze-de","9":"first","10":"outofstock","11":"purchasable","12":"product-type-simple"},"yoast_head":"<!-- This site is optimized with the Yoast SEO Premium plugin v25.6 (Yoast SEO v25.6) - https:\/\/yoast.com\/wordpress\/plugins\/seo\/ -->\n<title>Nogi metalowe do sto\u0142u loft industrial 72 cm wys. piramida komplet 4 szt. - STABLEDESK - Wysokiej jako\u015bci metalowe nogi do sto\u0142\u00f3w Made in Poland<\/title>\n<meta name=\"robots\" content=\"index, follow, max-snippet:-1, max-image-preview:large, max-video-preview:-1\" \/>\n<link rel=\"canonical\" href=\"https:\/\/stabledesk.eu\/de\/produkt\/nogi-metalowe-do-stolu-loft-piramida\/\" \/>\n<meta property=\"og:locale\" content=\"de_DE\" \/>\n<meta property=\"og:type\" content=\"article\" \/>\n<meta property=\"og:title\" content=\"Nogi metalowe do sto\u0142u loft industrial 72 cm wys. piramida komplet 4 szt.\" \/>\n<meta property=\"og:description\" content=\"Nogi proste w kszta\u0142cie piramidy w stylu loftowym, industrialnym do sto\u0142\u00f3w, stolik\u00f3w o wymiarach 72 cm wysoko\u015bci. Kwadratowa szeroka podstawa o bokach 115 mm, grubo\u015bci 4 mm pozwala na solidne przykr\u0119cenie jej blisko kraw\u0119dzi blatu. Cena dotyczy kompletu 4 szt . n\u00f3g wraz z podk\u0142adkami filcowymi samoprzylepnymi. Pr\u0119ty o \u015brednicy 10 mm. Nogi wyr\u00f3\u017cniaj\u0105 si\u0119 niewidocznymi spawami, pog\u0142\u0119bionymi otworami, dzi\u0119ki kt\u00f3rym wkr\u0119ty monta\u017cowe chowaj\u0105 si\u0119 na r\u00f3wno z profilem oraz idealnie trzymaj\u0105 blat, wysok\u0105 jako\u015bci\u0105 wykonania oraz najlepszymi materia\u0142ami. Ka\u017cda z n\u00f3g posiada osobne otwory monta\u017cowe. Mo\u017cna je przykr\u0119ci\u0107 niezale\u017cnie w dowolnym miejscu. Dane techniczne:  kolor: czarna struktura (matowy, chropowaty),  lakier proszkowy, wygrzewany w specjalnej komorze,  wysoko\u015b\u0107 72 cm,  tr\u00f3jk\u0105tna blacha mocuj\u0105ca o grubo\u015bci a\u017c 4 mm w kszta\u0142cie tr\u00f3jk\u0105ta r\u00f3wnoramiennego o bokach d\u0142ugo\u015bci 115 mm,  pr\u0119ty o \u015brednicy 10 mm,  ilo\u015b\u0107 n\u00f3g: 4 sztuki,  ilo\u015b\u0107 otwor\u00f3w mocuj\u0105cych o \u015brednicy 4 mm: 5 szt,  ilo\u015b\u0107 samoprzylepnych podk\u0142adek filcowych: 4szt. Cechy szczeg\u00f3lne:  ko\u0144ce profila zako\u0144czone specjalnym tworzywem zapobiegaj\u0105cym rysowaniu pod\u0142ogi,  wysoka jako\u015b\u0107 wykonania,  niewidoczne spawy,  fazowane i pog\u0142\u0119biane otwory pod wkr\u0119ty monta\u017cowe,  r\u0119czne wykonanie,  jeste\u015bmy bezpo\u015brednim producentem,  kolor lakieru nie blaknie pod wp\u0142ywem czasu i promieni s\u0142onecznych,  stal wysokiej jako\u015bci,  wykonany w ca\u0142o\u015bci w Polsce i z polskich materia\u0142\u00f3w,  efektowny i nowoczesny wygl\u0105d,  \u0142atwy w utrzymaniu czysto\u015bci,  solidna i trwa\u0142a konstrukcja,  rok gwarancji,  szybki czas realizacji. Nogi dost\u0119pne s\u0105 w r\u00f3\u017cnych rozmiarach, kszta\u0142tach, kolorach na naszych pozosta\u0142ych aukcjach. Jeste\u015bmy bezpo\u015brednim producentem n\u00f3g, ca\u0142ych sto\u0142\u00f3w, rega\u0142\u00f3w itp. Mo\u017cemy wykona\u0107 produkt pod dowolny wymiar i projekt.\" \/>\n<meta property=\"og:url\" content=\"https:\/\/stabledesk.eu\/de\/produkt\/nogi-metalowe-do-stolu-loft-piramida\/\" \/>\n<meta property=\"og:site_name\" content=\"STABLEDESK - Wysokiej jako\u015bci metalowe nogi do sto\u0142\u00f3w Made in Poland\" \/>\n<meta name=\"twitter:card\" content=\"summary_large_image\" \/>\n<meta name=\"twitter:label1\" content=\"Preis\" \/>\n\t<meta name=\"twitter:data1\" content=\"99,75&nbsp;&euro;\" \/>\n\t<meta name=\"twitter:label2\" content=\"Verf\u00fcgbarkeit\" \/>\n\t<meta name=\"twitter:data2\" content=\"ausverkauft\" \/>\n<script type=\"application\/ld+json\" class=\"yoast-schema-graph\">{\"@context\":\"https:\/\/schema.org\",\"@graph\":[{\"@type\":\"WebPage\",\"@id\":\"https:\/\/stabledesk.eu\/de\/produkt\/nogi-metalowe-do-stolu-loft-piramida\/\",\"url\":\"https:\/\/stabledesk.eu\/de\/produkt\/nogi-metalowe-do-stolu-loft-piramida\/\",\"name\":\"Nogi metalowe do sto\u0142u loft industrial 72 cm wys. piramida komplet 4 szt. - STABLEDESK - Wysokiej jako\u015bci metalowe nogi do sto\u0142\u00f3w Made in Poland\",\"isPartOf\":{\"@id\":\"https:\/\/stabledesk.eu\/#website\"},\"primaryImageOfPage\":{\"@id\":\"https:\/\/stabledesk.eu\/de\/produkt\/nogi-metalowe-do-stolu-loft-piramida\/#primaryimage\"},\"image\":{\"@id\":\"https:\/\/stabledesk.eu\/de\/produkt\/nogi-metalowe-do-stolu-loft-piramida\/#primaryimage\"},\"thumbnailUrl\":\"https:\/\/stabledesk.eu\/wp-content\/uploads\/2024\/10\/nogi-do-stolu-13.jpg\",\"datePublished\":\"2024-10-23T18:05:22+00:00\",\"breadcrumb\":{\"@id\":\"https:\/\/stabledesk.eu\/de\/produkt\/nogi-metalowe-do-stolu-loft-piramida\/#breadcrumb\"},\"inLanguage\":\"de\",\"potentialAction\":[{\"@type\":\"ReadAction\",\"target\":[\"https:\/\/stabledesk.eu\/de\/produkt\/nogi-metalowe-do-stolu-loft-piramida\/\"]}]},{\"@type\":\"ImageObject\",\"inLanguage\":\"de\",\"@id\":\"https:\/\/stabledesk.eu\/de\/produkt\/nogi-metalowe-do-stolu-loft-piramida\/#primaryimage\",\"url\":\"https:\/\/stabledesk.eu\/wp-content\/uploads\/2024\/10\/nogi-do-stolu-13.jpg\",\"contentUrl\":\"https:\/\/stabledesk.eu\/wp-content\/uploads\/2024\/10\/nogi-do-stolu-13.jpg\",\"width\":1000,\"height\":1000},{\"@type\":\"BreadcrumbList\",\"@id\":\"https:\/\/stabledesk.eu\/de\/produkt\/nogi-metalowe-do-stolu-loft-piramida\/#breadcrumb\",\"itemListElement\":[{\"@type\":\"ListItem\",\"position\":1,\"name\":\"Strona g\u0142\u00f3wna\",\"item\":\"https:\/\/stabledesk.eu\/de\/\"},{\"@type\":\"ListItem\",\"position\":2,\"name\":\"Shop\",\"item\":\"https:\/\/stabledesk.eu\/de\/shop\/\"},{\"@type\":\"ListItem\",\"position\":3,\"name\":\"Nogi metalowe do sto\u0142u loft industrial 72 cm wys. piramida komplet 4 szt.\"}]},{\"@type\":\"WebSite\",\"@id\":\"https:\/\/stabledesk.eu\/#website\",\"url\":\"https:\/\/stabledesk.eu\/\",\"name\":\"STABLEDESK - Wysokiej jako\u015bci metalowe nogi do sto\u0142\u00f3w Made in Poland\",\"description\":\"STABLEDESK\",\"publisher\":{\"@id\":\"https:\/\/stabledesk.eu\/#organization\"},\"potentialAction\":[{\"@type\":\"SearchAction\",\"target\":{\"@type\":\"EntryPoint\",\"urlTemplate\":\"https:\/\/stabledesk.eu\/?s={search_term_string}\"},\"query-input\":{\"@type\":\"PropertyValueSpecification\",\"valueRequired\":true,\"valueName\":\"search_term_string\"}}],\"inLanguage\":\"de\"},{\"@type\":\"Organization\",\"@id\":\"https:\/\/stabledesk.eu\/#organization\",\"name\":\"STABLEDESK - Wysokiej jako\u015bci metalowe nogi do sto\u0142\u00f3w Made in Poland\",\"url\":\"https:\/\/stabledesk.eu\/\",\"logo\":{\"@type\":\"ImageObject\",\"inLanguage\":\"de\",\"@id\":\"https:\/\/stabledesk.eu\/#\/schema\/logo\/image\/\",\"url\":\"https:\/\/stabledesk.eu\/wp-content\/uploads\/2024\/10\/stabledesk-logo.png\",\"contentUrl\":\"https:\/\/stabledesk.eu\/wp-content\/uploads\/2024\/10\/stabledesk-logo.png\",\"width\":500,\"height\":129,\"caption\":\"STABLEDESK - Wysokiej jako\u015bci metalowe nogi do sto\u0142\u00f3w Made in Poland\"},\"image\":{\"@id\":\"https:\/\/stabledesk.eu\/#\/schema\/logo\/image\/\"},\"hasMerchantReturnPolicy\":{\"@type\":\"MerchantReturnPolicy\",\"merchantReturnLink\":\"https:\/\/stabledesk.eu\/zwroty\/\"}}]}<\/script>\n<meta property=\"product:price:amount\" content=\"99.75\" \/>\n<meta property=\"product:price:currency\" content=\"EUR\" \/>\n<meta property=\"og:availability\" content=\"out of stock\" \/>\n<meta property=\"product:availability\" content=\"out of stock\" \/>\n<meta property=\"product:retailer_item_id\" content=\"ppw10-2\" \/>\n<meta property=\"product:condition\" content=\"new\" \/>\n<!-- \/ Yoast SEO Premium plugin. -->","yoast_head_json":{"title":"Nogi metalowe do sto\u0142u loft industrial 72 cm wys. piramida komplet 4 szt. - STABLEDESK - Wysokiej jako\u015bci metalowe nogi do sto\u0142\u00f3w Made in Poland","robots":{"index":"index","follow":"follow","max-snippet":"max-snippet:-1","max-image-preview":"max-image-preview:large","max-video-preview":"max-video-preview:-1"},"canonical":"https:\/\/stabledesk.eu\/de\/produkt\/nogi-metalowe-do-stolu-loft-piramida\/","og_locale":"de_DE","og_type":"article","og_title":"Nogi metalowe do sto\u0142u loft industrial 72 cm wys. piramida komplet 4 szt.","og_description":"Nogi proste w kszta\u0142cie piramidy w stylu loftowym, industrialnym do sto\u0142\u00f3w, stolik\u00f3w o wymiarach 72 cm wysoko\u015bci. Kwadratowa szeroka podstawa o bokach 115 mm, grubo\u015bci 4 mm pozwala na solidne przykr\u0119cenie jej blisko kraw\u0119dzi blatu. Cena dotyczy kompletu 4 szt . n\u00f3g wraz z podk\u0142adkami filcowymi samoprzylepnymi. Pr\u0119ty o \u015brednicy 10 mm. Nogi wyr\u00f3\u017cniaj\u0105 si\u0119 niewidocznymi spawami, pog\u0142\u0119bionymi otworami, dzi\u0119ki kt\u00f3rym wkr\u0119ty monta\u017cowe chowaj\u0105 si\u0119 na r\u00f3wno z profilem oraz idealnie trzymaj\u0105 blat, wysok\u0105 jako\u015bci\u0105 wykonania oraz najlepszymi materia\u0142ami. Ka\u017cda z n\u00f3g posiada osobne otwory monta\u017cowe. Mo\u017cna je przykr\u0119ci\u0107 niezale\u017cnie w dowolnym miejscu. Dane techniczne:  kolor: czarna struktura (matowy, chropowaty),  lakier proszkowy, wygrzewany w specjalnej komorze,  wysoko\u015b\u0107 72 cm,  tr\u00f3jk\u0105tna blacha mocuj\u0105ca o grubo\u015bci a\u017c 4 mm w kszta\u0142cie tr\u00f3jk\u0105ta r\u00f3wnoramiennego o bokach d\u0142ugo\u015bci 115 mm,  pr\u0119ty o \u015brednicy 10 mm,  ilo\u015b\u0107 n\u00f3g: 4 sztuki,  ilo\u015b\u0107 otwor\u00f3w mocuj\u0105cych o \u015brednicy 4 mm: 5 szt,  ilo\u015b\u0107 samoprzylepnych podk\u0142adek filcowych: 4szt. Cechy szczeg\u00f3lne:  ko\u0144ce profila zako\u0144czone specjalnym tworzywem zapobiegaj\u0105cym rysowaniu pod\u0142ogi,  wysoka jako\u015b\u0107 wykonania,  niewidoczne spawy,  fazowane i pog\u0142\u0119biane otwory pod wkr\u0119ty monta\u017cowe,  r\u0119czne wykonanie,  jeste\u015bmy bezpo\u015brednim producentem,  kolor lakieru nie blaknie pod wp\u0142ywem czasu i promieni s\u0142onecznych,  stal wysokiej jako\u015bci,  wykonany w ca\u0142o\u015bci w Polsce i z polskich materia\u0142\u00f3w,  efektowny i nowoczesny wygl\u0105d,  \u0142atwy w utrzymaniu czysto\u015bci,  solidna i trwa\u0142a konstrukcja,  rok gwarancji,  szybki czas realizacji. Nogi dost\u0119pne s\u0105 w r\u00f3\u017cnych rozmiarach, kszta\u0142tach, kolorach na naszych pozosta\u0142ych aukcjach. Jeste\u015bmy bezpo\u015brednim producentem n\u00f3g, ca\u0142ych sto\u0142\u00f3w, rega\u0142\u00f3w itp. Mo\u017cemy wykona\u0107 produkt pod dowolny wymiar i projekt.","og_url":"https:\/\/stabledesk.eu\/de\/produkt\/nogi-metalowe-do-stolu-loft-piramida\/","og_site_name":"STABLEDESK - Wysokiej jako\u015bci metalowe nogi do sto\u0142\u00f3w Made in Poland","twitter_card":"summary_large_image","twitter_misc":{"Preis":"99,75&nbsp;&euro;","Verf\u00fcgbarkeit":"ausverkauft"},"schema":{"@context":"https:\/\/schema.org","@graph":[{"@type":"WebPage","@id":"https:\/\/stabledesk.eu\/de\/produkt\/nogi-metalowe-do-stolu-loft-piramida\/","url":"https:\/\/stabledesk.eu\/de\/produkt\/nogi-metalowe-do-stolu-loft-piramida\/","name":"Nogi metalowe do sto\u0142u loft industrial 72 cm wys. piramida komplet 4 szt. - STABLEDESK - Wysokiej jako\u015bci metalowe nogi do sto\u0142\u00f3w Made in Poland","isPartOf":{"@id":"https:\/\/stabledesk.eu\/#website"},"primaryImageOfPage":{"@id":"https:\/\/stabledesk.eu\/de\/produkt\/nogi-metalowe-do-stolu-loft-piramida\/#primaryimage"},"image":{"@id":"https:\/\/stabledesk.eu\/de\/produkt\/nogi-metalowe-do-stolu-loft-piramida\/#primaryimage"},"thumbnailUrl":"https:\/\/stabledesk.eu\/wp-content\/uploads\/2024\/10\/nogi-do-stolu-13.jpg","datePublished":"2024-10-23T18:05:22+00:00","breadcrumb":{"@id":"https:\/\/stabledesk.eu\/de\/produkt\/nogi-metalowe-do-stolu-loft-piramida\/#breadcrumb"},"inLanguage":"de","potentialAction":[{"@type":"ReadAction","target":["https:\/\/stabledesk.eu\/de\/produkt\/nogi-metalowe-do-stolu-loft-piramida\/"]}]},{"@type":"ImageObject","inLanguage":"de","@id":"https:\/\/stabledesk.eu\/de\/produkt\/nogi-metalowe-do-stolu-loft-piramida\/#primaryimage","url":"https:\/\/stabledesk.eu\/wp-content\/uploads\/2024\/10\/nogi-do-stolu-13.jpg","contentUrl":"https:\/\/stabledesk.eu\/wp-content\/uploads\/2024\/10\/nogi-do-stolu-13.jpg","width":1000,"height":1000},{"@type":"BreadcrumbList","@id":"https:\/\/stabledesk.eu\/de\/produkt\/nogi-metalowe-do-stolu-loft-piramida\/#breadcrumb","itemListElement":[{"@type":"ListItem","position":1,"name":"Strona g\u0142\u00f3wna","item":"https:\/\/stabledesk.eu\/de\/"},{"@type":"ListItem","position":2,"name":"Shop","item":"https:\/\/stabledesk.eu\/de\/shop\/"},{"@type":"ListItem","position":3,"name":"Nogi metalowe do sto\u0142u loft industrial 72 cm wys. piramida komplet 4 szt."}]},{"@type":"WebSite","@id":"https:\/\/stabledesk.eu\/#website","url":"https:\/\/stabledesk.eu\/","name":"STABLEDESK - Wysokiej jako\u015bci metalowe nogi do sto\u0142\u00f3w Made in Poland","description":"STABLEDESK","publisher":{"@id":"https:\/\/stabledesk.eu\/#organization"},"potentialAction":[{"@type":"SearchAction","target":{"@type":"EntryPoint","urlTemplate":"https:\/\/stabledesk.eu\/?s={search_term_string}"},"query-input":{"@type":"PropertyValueSpecification","valueRequired":true,"valueName":"search_term_string"}}],"inLanguage":"de"},{"@type":"Organization","@id":"https:\/\/stabledesk.eu\/#organization","name":"STABLEDESK - Wysokiej jako\u015bci metalowe nogi do sto\u0142\u00f3w Made in Poland","url":"https:\/\/stabledesk.eu\/","logo":{"@type":"ImageObject","inLanguage":"de","@id":"https:\/\/stabledesk.eu\/#\/schema\/logo\/image\/","url":"https:\/\/stabledesk.eu\/wp-content\/uploads\/2024\/10\/stabledesk-logo.png","contentUrl":"https:\/\/stabledesk.eu\/wp-content\/uploads\/2024\/10\/stabledesk-logo.png","width":500,"height":129,"caption":"STABLEDESK - Wysokiej jako\u015bci metalowe nogi do sto\u0142\u00f3w Made in Poland"},"image":{"@id":"https:\/\/stabledesk.eu\/#\/schema\/logo\/image\/"},"hasMerchantReturnPolicy":{"@type":"MerchantReturnPolicy","merchantReturnLink":"https:\/\/stabledesk.eu\/zwroty\/"}}]},"product_price_amount":"99.75","product_price_currency":"EUR","og_availability":"out of stock","product_availability":"out of stock","product_retailer_item_id":"ppw10-2","product_condition":"new"},"_links":{"self":[{"href":"https:\/\/stabledesk.eu\/de\/wp-json\/wp\/v2\/product\/8259","targetHints":{"allow":["GET"]}}],"collection":[{"href":"https:\/\/stabledesk.eu\/de\/wp-json\/wp\/v2\/product"}],"about":[{"href":"https:\/\/stabledesk.eu\/de\/wp-json\/wp\/v2\/types\/product"}],"replies":[{"embeddable":true,"href":"https:\/\/stabledesk.eu\/de\/wp-json\/wp\/v2\/comments?post=8259"}],"wp:featuredmedia":[{"embeddable":true,"href":"https:\/\/stabledesk.eu\/de\/wp-json\/wp\/v2\/media\/7602"}],"wp:attachment":[{"href":"https:\/\/stabledesk.eu\/de\/wp-json\/wp\/v2\/media?parent=8259"}],"wp:term":[{"taxonomy":"product_brand","embeddable":true,"href":"https:\/\/stabledesk.eu\/de\/wp-json\/wp\/v2\/product_brand?post=8259"},{"taxonomy":"product_cat","embeddable":true,"href":"https:\/\/stabledesk.eu\/de\/wp-json\/wp\/v2\/product_cat?post=8259"},{"taxonomy":"product_tag","embeddable":true,"href":"https:\/\/stabledesk.eu\/de\/wp-json\/wp\/v2\/product_tag?post=8259"}],"curies":[{"name":"wp","href":"https:\/\/api.w.org\/{rel}","templated":true}]}}