{"id":8253,"date":"2024-10-23T20:05:22","date_gmt":"2024-10-23T18:05:22","guid":{"rendered":"https:\/\/stabledesk.eu\/produkt\/nogi-metalowe-do-stolu-40x40-komplet\/"},"modified":"2024-10-23T20:05:22","modified_gmt":"2024-10-23T18:05:22","slug":"nogi-metalowe-do-stolu-40x40-komplet","status":"publish","type":"product","link":"https:\/\/stabledesk.eu\/de\/produkt\/nogi-metalowe-do-stolu-40x40-komplet\/","title":{"rendered":"Nogi metalowe do sto\u0142u loft industrial 72 cm profil 40&#215;40 komplet 4szt."},"content":{"rendered":"<p>Nogi proste o kwadratowym przekroju w stylu loftowym, industrialnym do sto\u0142\u00f3w, stolik\u00f3w o wymiarach 72 cm wysoko\u015bci. Kwadratowa szeroka podstawa o bokach 100 mm, grubo\u015bci 4 mm pozwala na solidne przykr\u0119cenie jej blisko kraw\u0119dzi blatu.<\/p>\n<p>Cena dotyczy kompletu 4 szt. n\u00f3g wraz z ko\u0144c\u00f3wkami zabezpieczaj\u0105cymi pod\u0142og\u0119 przed rysowaniem.<\/p>\n<p>Profil 40 x 40 mm, \u015bcianka 2 mm grubo\u015bci.<\/p>\n<p>Nogi wyr\u00f3\u017cniaj\u0105 si\u0119 niewidocznymi spawami, pog\u0142\u0119bionymi otworami, dzi\u0119ki kt\u00f3rym wkr\u0119ty monta\u017cowe chowaj\u0105 si\u0119 na r\u00f3wno z profilem oraz idealnie trzymaj\u0105 blat, wysok\u0105 jako\u015bci\u0105 wykonania oraz najlepszymi materia\u0142ami. Ka\u017cda z n\u00f3g posiada osobne otwory monta\u017cowe. Mo\u017cna je przykr\u0119ci\u0107 niezale\u017cnie w dowolnym miejscu.<\/p>\n<p>Dane techniczne:<br \/>\n\u2022 kolor: czarna struktura (matowy, chropowaty),<br \/>\n\u2022 lakier proszkowy, wygrzewany w specjalnej komorze,<br \/>\n\u2022 wysoko\u015b\u0107 72 cm,<br \/>\n\u2022 kwadratowa blacha mocuj\u0105ca o grubo\u015bci a\u017c 4 mm o bokach d\u0142ugo\u015bci 100 mm,<br \/>\n\u2022 profil 40 x 40 mm,<br \/>\n\u2022 gruba \u015bcianka profilu 2 mm,<br \/>\n\u2022 ilo\u015b\u0107 n\u00f3g: 4 sztuki,<br \/>\n\u2022 ilo\u015b\u0107 otwor\u00f3w mocuj\u0105cych o \u015brednicy 5 mm: 4 sztuki,<br \/>\n\u2022 ilo\u015b\u0107 ko\u0144c\u00f3wek zapobiegaj\u0105cych rysowanie pod\u0142ogi z tworzywa: 4 szt.<\/p>\n<p>Cechy szczeg\u00f3lne:<br \/>\n\u2022 ko\u0144ce profilu zako\u0144czone specjalnym tworzywem zapobiegaj\u0105cym rysowaniu pod\u0142ogi,<br \/>\n\u2022 niewidoczne spawy,<br \/>\n\u2022 fazowane i pog\u0142\u0119biane otwory pod wkr\u0119ty monta\u017cowe,<br \/>\n\u2022 kolor lakieru nie blaknie pod wp\u0142ywem czasu i promieni s\u0142onecznych,<br \/>\n\u2022 wykonany w ca\u0142o\u015bci r\u0119cznie w Polsce i z polskich materia\u0142\u00f3w,<br \/>\n\u2022 efektowny i nowoczesny wygl\u0105d,<br \/>\n\u2022 \u0142atwy w utrzymaniu czysto\u015bci,<br \/>\n\u2022 \u0142atwy i szybki monta\u017c,<br \/>\n\u2022 solidna i trwa\u0142a konstrukcja,<br \/>\n\u2022 rok gwarancji,<br \/>\n\u2022 bezpo\u015brednio od producenta.<\/p>\n<p>Nogi dost\u0119pne s\u0105 w r\u00f3\u017cnych rozmiarach, kszta\u0142tach, kolorach pod zam\u00f3wienie z szybkim czasem realizacji. Jeste\u015bmy bezpo\u015brednim producentem n\u00f3g, ca\u0142ych sto\u0142\u00f3w, rega\u0142\u00f3w itp. Mo\u017cemy wykona\u0107 produkt pod dowolny wymiar i projekt.<\/p>\n","protected":false},"excerpt":{"rendered":"<p>Nogi proste o kwadratowym przekroju w stylu loftowym, industrialnym do sto\u0142\u00f3w, stolik\u00f3w o wymiarach 72 cm wysoko\u015bci. Kwadratowa szeroka podstawa o bokach 100 mm, grubo\u015bci 4 mm pozwala na solidne przykr\u0119cenie jej blisko kraw\u0119dzi blatu.<\/p>\n<p>Cena dotyczy kompletu 4 szt. n\u00f3g wraz z ko\u0144c\u00f3wkami zabezpieczaj\u0105cymi pod\u0142og\u0119 przed rysowaniem.<\/p>\n<p>Profil 40 x 40 mm, \u015bcianka 2 mm grubo\u015bci.<\/p>\n<p>Nogi wyr\u00f3\u017cniaj\u0105 si\u0119 niewidocznymi spawami, pog\u0142\u0119bionymi otworami, dzi\u0119ki kt\u00f3rym wkr\u0119ty monta\u017cowe chowaj\u0105 si\u0119 na r\u00f3wno z profilem oraz idealnie trzymaj\u0105 blat, wysok\u0105 jako\u015bci\u0105 wykonania oraz najlepszymi materia\u0142ami. Ka\u017cda z n\u00f3g posiada osobne otwory monta\u017cowe. Mo\u017cna je przykr\u0119ci\u0107 niezale\u017cnie w dowolnym miejscu.<\/p>\n<p>Dane techniczne:<br \/>\n\u2022 kolor: czarna struktura (matowy, chropowaty),<br \/>\n\u2022 lakier proszkowy, wygrzewany w specjalnej komorze,<br \/>\n\u2022 wysoko\u015b\u0107 72 cm,<br \/>\n\u2022 kwadratowa blacha mocuj\u0105ca o grubo\u015bci a\u017c 4 mm o bokach d\u0142ugo\u015bci 100 mm,<br \/>\n\u2022 profil 40 x 40 mm,<br \/>\n\u2022 gruba \u015bcianka profilu 2 mm,<br \/>\n\u2022 ilo\u015b\u0107 n\u00f3g: 4 sztuki,<br \/>\n\u2022 ilo\u015b\u0107 otwor\u00f3w mocuj\u0105cych o \u015brednicy 5 mm: 4 sztuki,<br \/>\n\u2022 ilo\u015b\u0107 ko\u0144c\u00f3wek zapobiegaj\u0105cych rysowanie pod\u0142ogi z tworzywa: 4 szt.<\/p>\n<p>Cechy szczeg\u00f3lne:<br \/>\n\u2022 ko\u0144ce profilu zako\u0144czone specjalnym tworzywem zapobiegaj\u0105cym rysowaniu pod\u0142ogi,<br \/>\n\u2022 niewidoczne spawy,<br \/>\n\u2022 fazowane i pog\u0142\u0119biane otwory pod wkr\u0119ty monta\u017cowe,<br \/>\n\u2022 kolor lakieru nie blaknie pod wp\u0142ywem czasu i promieni s\u0142onecznych,<br \/>\n\u2022 wykonany w ca\u0142o\u015bci r\u0119cznie w Polsce i z polskich materia\u0142\u00f3w,<br \/>\n\u2022 efektowny i nowoczesny wygl\u0105d,<br \/>\n\u2022 \u0142atwy w utrzymaniu czysto\u015bci,<br \/>\n\u2022 \u0142atwy i szybki monta\u017c,<br \/>\n\u2022 solidna i trwa\u0142a konstrukcja,<br \/>\n\u2022 rok gwarancji,<br \/>\n\u2022 bezpo\u015brednio od producenta.<\/p>\n<p>Nogi dost\u0119pne s\u0105 w r\u00f3\u017cnych rozmiarach, kszta\u0142tach, kolorach pod zam\u00f3wienie z szybkim czasem realizacji. Jeste\u015bmy bezpo\u015brednim producentem n\u00f3g, ca\u0142ych sto\u0142\u00f3w, rega\u0142\u00f3w itp. Mo\u017cemy wykona\u0107 produkt pod dowolny wymiar i projekt.<\/p>\n","protected":false},"featured_media":7572,"comment_status":"closed","ping_status":"open","template":"","meta":[],"product_brand":[],"product_cat":[82,80],"product_tag":[],"class_list":{"0":"post-8253","1":"product","2":"type-product","3":"status-publish","4":"has-post-thumbnail","6":"product_cat-nogi-do-stolow-kwadratowe-de","7":"product_cat-nogi-do-stolow-pojedyncze-de","9":"first","10":"instock","11":"purchasable","12":"product-type-simple"},"yoast_head":"<!-- This site is optimized with the Yoast SEO Premium plugin v25.6 (Yoast SEO v25.6) - https:\/\/yoast.com\/wordpress\/plugins\/seo\/ -->\n<title>Nogi metalowe do sto\u0142u loft industrial 72 cm profil 40x40 komplet 4szt. - STABLEDESK - Wysokiej jako\u015bci metalowe nogi do sto\u0142\u00f3w Made in Poland<\/title>\n<meta name=\"robots\" content=\"index, follow, max-snippet:-1, max-image-preview:large, max-video-preview:-1\" \/>\n<link rel=\"canonical\" href=\"https:\/\/stabledesk.eu\/de\/produkt\/nogi-metalowe-do-stolu-40x40-komplet\/\" \/>\n<meta property=\"og:locale\" content=\"de_DE\" \/>\n<meta property=\"og:type\" content=\"article\" \/>\n<meta property=\"og:title\" content=\"Nogi metalowe do sto\u0142u loft industrial 72 cm profil 40x40 komplet 4szt.\" \/>\n<meta property=\"og:description\" content=\"Nogi proste o kwadratowym przekroju w stylu loftowym, industrialnym do sto\u0142\u00f3w, stolik\u00f3w o wymiarach 72 cm wysoko\u015bci. Kwadratowa szeroka podstawa o bokach 100 mm, grubo\u015bci 4 mm pozwala na solidne przykr\u0119cenie jej blisko kraw\u0119dzi blatu. Cena dotyczy kompletu 4 szt. n\u00f3g wraz z ko\u0144c\u00f3wkami zabezpieczaj\u0105cymi pod\u0142og\u0119 przed rysowaniem. Profil 40 x 40 mm, \u015bcianka 2 mm grubo\u015bci. Nogi wyr\u00f3\u017cniaj\u0105 si\u0119 niewidocznymi spawami, pog\u0142\u0119bionymi otworami, dzi\u0119ki kt\u00f3rym wkr\u0119ty monta\u017cowe chowaj\u0105 si\u0119 na r\u00f3wno z profilem oraz idealnie trzymaj\u0105 blat, wysok\u0105 jako\u015bci\u0105 wykonania oraz najlepszymi materia\u0142ami. Ka\u017cda z n\u00f3g posiada osobne otwory monta\u017cowe. Mo\u017cna je przykr\u0119ci\u0107 niezale\u017cnie w dowolnym miejscu. Dane techniczne: \u2022 kolor: czarna struktura (matowy, chropowaty), \u2022 lakier proszkowy, wygrzewany w specjalnej komorze, \u2022 wysoko\u015b\u0107 72 cm, \u2022 kwadratowa blacha mocuj\u0105ca o grubo\u015bci a\u017c 4 mm o bokach d\u0142ugo\u015bci 100 mm, \u2022 profil 40 x 40 mm, \u2022 gruba \u015bcianka profilu 2 mm, \u2022 ilo\u015b\u0107 n\u00f3g: 4 sztuki, \u2022 ilo\u015b\u0107 otwor\u00f3w mocuj\u0105cych o \u015brednicy 5 mm: 4 sztuki, \u2022 ilo\u015b\u0107 ko\u0144c\u00f3wek zapobiegaj\u0105cych rysowanie pod\u0142ogi z tworzywa: 4 szt. Cechy szczeg\u00f3lne: \u2022 ko\u0144ce profilu zako\u0144czone specjalnym tworzywem zapobiegaj\u0105cym rysowaniu pod\u0142ogi, \u2022 niewidoczne spawy, \u2022 fazowane i pog\u0142\u0119biane otwory pod wkr\u0119ty monta\u017cowe, \u2022 kolor lakieru nie blaknie pod wp\u0142ywem czasu i promieni s\u0142onecznych, \u2022 wykonany w ca\u0142o\u015bci r\u0119cznie w Polsce i z polskich materia\u0142\u00f3w, \u2022 efektowny i nowoczesny wygl\u0105d, \u2022 \u0142atwy w utrzymaniu czysto\u015bci, \u2022 \u0142atwy i szybki monta\u017c, \u2022 solidna i trwa\u0142a konstrukcja, \u2022 rok gwarancji, \u2022 bezpo\u015brednio od producenta. Nogi dost\u0119pne s\u0105 w r\u00f3\u017cnych rozmiarach, kszta\u0142tach, kolorach pod zam\u00f3wienie z szybkim czasem realizacji. Jeste\u015bmy bezpo\u015brednim producentem n\u00f3g, ca\u0142ych sto\u0142\u00f3w, rega\u0142\u00f3w itp. Mo\u017cemy wykona\u0107 produkt pod dowolny wymiar i projekt.\" \/>\n<meta property=\"og:url\" content=\"https:\/\/stabledesk.eu\/de\/produkt\/nogi-metalowe-do-stolu-40x40-komplet\/\" \/>\n<meta property=\"og:site_name\" content=\"STABLEDESK - Wysokiej jako\u015bci metalowe nogi do sto\u0142\u00f3w Made in Poland\" \/>\n<meta name=\"twitter:card\" content=\"summary_large_image\" \/>\n<meta name=\"twitter:label1\" content=\"Preis\" \/>\n\t<meta name=\"twitter:data1\" content=\"56,00&nbsp;&euro;\" \/>\n\t<meta name=\"twitter:label2\" content=\"Verf\u00fcgbarkeit\" \/>\n\t<meta name=\"twitter:data2\" content=\"Auf Lager\" \/>\n<script type=\"application\/ld+json\" class=\"yoast-schema-graph\">{\"@context\":\"https:\/\/schema.org\",\"@graph\":[{\"@type\":\"WebPage\",\"@id\":\"https:\/\/stabledesk.eu\/de\/produkt\/nogi-metalowe-do-stolu-40x40-komplet\/\",\"url\":\"https:\/\/stabledesk.eu\/de\/produkt\/nogi-metalowe-do-stolu-40x40-komplet\/\",\"name\":\"Nogi metalowe do sto\u0142u loft industrial 72 cm profil 40x40 komplet 4szt. - STABLEDESK - Wysokiej jako\u015bci metalowe nogi do sto\u0142\u00f3w Made in Poland\",\"isPartOf\":{\"@id\":\"https:\/\/stabledesk.eu\/#website\"},\"primaryImageOfPage\":{\"@id\":\"https:\/\/stabledesk.eu\/de\/produkt\/nogi-metalowe-do-stolu-40x40-komplet\/#primaryimage\"},\"image\":{\"@id\":\"https:\/\/stabledesk.eu\/de\/produkt\/nogi-metalowe-do-stolu-40x40-komplet\/#primaryimage\"},\"thumbnailUrl\":\"https:\/\/stabledesk.eu\/wp-content\/uploads\/2024\/10\/nogi-proste-do-stolu-40-4x.jpg\",\"datePublished\":\"2024-10-23T18:05:22+00:00\",\"breadcrumb\":{\"@id\":\"https:\/\/stabledesk.eu\/de\/produkt\/nogi-metalowe-do-stolu-40x40-komplet\/#breadcrumb\"},\"inLanguage\":\"de\",\"potentialAction\":[{\"@type\":\"ReadAction\",\"target\":[\"https:\/\/stabledesk.eu\/de\/produkt\/nogi-metalowe-do-stolu-40x40-komplet\/\"]}]},{\"@type\":\"ImageObject\",\"inLanguage\":\"de\",\"@id\":\"https:\/\/stabledesk.eu\/de\/produkt\/nogi-metalowe-do-stolu-40x40-komplet\/#primaryimage\",\"url\":\"https:\/\/stabledesk.eu\/wp-content\/uploads\/2024\/10\/nogi-proste-do-stolu-40-4x.jpg\",\"contentUrl\":\"https:\/\/stabledesk.eu\/wp-content\/uploads\/2024\/10\/nogi-proste-do-stolu-40-4x.jpg\",\"width\":2000,\"height\":2000},{\"@type\":\"BreadcrumbList\",\"@id\":\"https:\/\/stabledesk.eu\/de\/produkt\/nogi-metalowe-do-stolu-40x40-komplet\/#breadcrumb\",\"itemListElement\":[{\"@type\":\"ListItem\",\"position\":1,\"name\":\"Strona g\u0142\u00f3wna\",\"item\":\"https:\/\/stabledesk.eu\/de\/\"},{\"@type\":\"ListItem\",\"position\":2,\"name\":\"Shop\",\"item\":\"https:\/\/stabledesk.eu\/de\/shop\/\"},{\"@type\":\"ListItem\",\"position\":3,\"name\":\"Nogi metalowe do sto\u0142u loft industrial 72 cm profil 40&#215;40 komplet 4szt.\"}]},{\"@type\":\"WebSite\",\"@id\":\"https:\/\/stabledesk.eu\/#website\",\"url\":\"https:\/\/stabledesk.eu\/\",\"name\":\"STABLEDESK - Wysokiej jako\u015bci metalowe nogi do sto\u0142\u00f3w Made in Poland\",\"description\":\"STABLEDESK\",\"publisher\":{\"@id\":\"https:\/\/stabledesk.eu\/#organization\"},\"potentialAction\":[{\"@type\":\"SearchAction\",\"target\":{\"@type\":\"EntryPoint\",\"urlTemplate\":\"https:\/\/stabledesk.eu\/?s={search_term_string}\"},\"query-input\":{\"@type\":\"PropertyValueSpecification\",\"valueRequired\":true,\"valueName\":\"search_term_string\"}}],\"inLanguage\":\"de\"},{\"@type\":\"Organization\",\"@id\":\"https:\/\/stabledesk.eu\/#organization\",\"name\":\"STABLEDESK - Wysokiej jako\u015bci metalowe nogi do sto\u0142\u00f3w Made in Poland\",\"url\":\"https:\/\/stabledesk.eu\/\",\"logo\":{\"@type\":\"ImageObject\",\"inLanguage\":\"de\",\"@id\":\"https:\/\/stabledesk.eu\/#\/schema\/logo\/image\/\",\"url\":\"https:\/\/stabledesk.eu\/wp-content\/uploads\/2024\/10\/stabledesk-logo.png\",\"contentUrl\":\"https:\/\/stabledesk.eu\/wp-content\/uploads\/2024\/10\/stabledesk-logo.png\",\"width\":500,\"height\":129,\"caption\":\"STABLEDESK - Wysokiej jako\u015bci metalowe nogi do sto\u0142\u00f3w Made in Poland\"},\"image\":{\"@id\":\"https:\/\/stabledesk.eu\/#\/schema\/logo\/image\/\"},\"hasMerchantReturnPolicy\":{\"@type\":\"MerchantReturnPolicy\",\"merchantReturnLink\":\"https:\/\/stabledesk.eu\/zwroty\/\"}}]}<\/script>\n<meta property=\"product:price:amount\" content=\"56.00\" \/>\n<meta property=\"product:price:currency\" content=\"EUR\" \/>\n<meta property=\"og:availability\" content=\"instock\" \/>\n<meta property=\"product:availability\" content=\"instock\" \/>\n<meta property=\"product:retailer_item_id\" content=\"pkw40-4\" \/>\n<meta property=\"product:condition\" content=\"new\" \/>\n<!-- \/ Yoast SEO Premium plugin. -->","yoast_head_json":{"title":"Nogi metalowe do sto\u0142u loft industrial 72 cm profil 40x40 komplet 4szt. - STABLEDESK - Wysokiej jako\u015bci metalowe nogi do sto\u0142\u00f3w Made in Poland","robots":{"index":"index","follow":"follow","max-snippet":"max-snippet:-1","max-image-preview":"max-image-preview:large","max-video-preview":"max-video-preview:-1"},"canonical":"https:\/\/stabledesk.eu\/de\/produkt\/nogi-metalowe-do-stolu-40x40-komplet\/","og_locale":"de_DE","og_type":"article","og_title":"Nogi metalowe do sto\u0142u loft industrial 72 cm profil 40x40 komplet 4szt.","og_description":"Nogi proste o kwadratowym przekroju w stylu loftowym, industrialnym do sto\u0142\u00f3w, stolik\u00f3w o wymiarach 72 cm wysoko\u015bci. Kwadratowa szeroka podstawa o bokach 100 mm, grubo\u015bci 4 mm pozwala na solidne przykr\u0119cenie jej blisko kraw\u0119dzi blatu. Cena dotyczy kompletu 4 szt. n\u00f3g wraz z ko\u0144c\u00f3wkami zabezpieczaj\u0105cymi pod\u0142og\u0119 przed rysowaniem. Profil 40 x 40 mm, \u015bcianka 2 mm grubo\u015bci. Nogi wyr\u00f3\u017cniaj\u0105 si\u0119 niewidocznymi spawami, pog\u0142\u0119bionymi otworami, dzi\u0119ki kt\u00f3rym wkr\u0119ty monta\u017cowe chowaj\u0105 si\u0119 na r\u00f3wno z profilem oraz idealnie trzymaj\u0105 blat, wysok\u0105 jako\u015bci\u0105 wykonania oraz najlepszymi materia\u0142ami. Ka\u017cda z n\u00f3g posiada osobne otwory monta\u017cowe. Mo\u017cna je przykr\u0119ci\u0107 niezale\u017cnie w dowolnym miejscu. Dane techniczne: \u2022 kolor: czarna struktura (matowy, chropowaty), \u2022 lakier proszkowy, wygrzewany w specjalnej komorze, \u2022 wysoko\u015b\u0107 72 cm, \u2022 kwadratowa blacha mocuj\u0105ca o grubo\u015bci a\u017c 4 mm o bokach d\u0142ugo\u015bci 100 mm, \u2022 profil 40 x 40 mm, \u2022 gruba \u015bcianka profilu 2 mm, \u2022 ilo\u015b\u0107 n\u00f3g: 4 sztuki, \u2022 ilo\u015b\u0107 otwor\u00f3w mocuj\u0105cych o \u015brednicy 5 mm: 4 sztuki, \u2022 ilo\u015b\u0107 ko\u0144c\u00f3wek zapobiegaj\u0105cych rysowanie pod\u0142ogi z tworzywa: 4 szt. Cechy szczeg\u00f3lne: \u2022 ko\u0144ce profilu zako\u0144czone specjalnym tworzywem zapobiegaj\u0105cym rysowaniu pod\u0142ogi, \u2022 niewidoczne spawy, \u2022 fazowane i pog\u0142\u0119biane otwory pod wkr\u0119ty monta\u017cowe, \u2022 kolor lakieru nie blaknie pod wp\u0142ywem czasu i promieni s\u0142onecznych, \u2022 wykonany w ca\u0142o\u015bci r\u0119cznie w Polsce i z polskich materia\u0142\u00f3w, \u2022 efektowny i nowoczesny wygl\u0105d, \u2022 \u0142atwy w utrzymaniu czysto\u015bci, \u2022 \u0142atwy i szybki monta\u017c, \u2022 solidna i trwa\u0142a konstrukcja, \u2022 rok gwarancji, \u2022 bezpo\u015brednio od producenta. Nogi dost\u0119pne s\u0105 w r\u00f3\u017cnych rozmiarach, kszta\u0142tach, kolorach pod zam\u00f3wienie z szybkim czasem realizacji. Jeste\u015bmy bezpo\u015brednim producentem n\u00f3g, ca\u0142ych sto\u0142\u00f3w, rega\u0142\u00f3w itp. Mo\u017cemy wykona\u0107 produkt pod dowolny wymiar i projekt.","og_url":"https:\/\/stabledesk.eu\/de\/produkt\/nogi-metalowe-do-stolu-40x40-komplet\/","og_site_name":"STABLEDESK - Wysokiej jako\u015bci metalowe nogi do sto\u0142\u00f3w Made in Poland","twitter_card":"summary_large_image","twitter_misc":{"Preis":"56,00&nbsp;&euro;","Verf\u00fcgbarkeit":"Auf Lager"},"schema":{"@context":"https:\/\/schema.org","@graph":[{"@type":"WebPage","@id":"https:\/\/stabledesk.eu\/de\/produkt\/nogi-metalowe-do-stolu-40x40-komplet\/","url":"https:\/\/stabledesk.eu\/de\/produkt\/nogi-metalowe-do-stolu-40x40-komplet\/","name":"Nogi metalowe do sto\u0142u loft industrial 72 cm profil 40x40 komplet 4szt. - STABLEDESK - Wysokiej jako\u015bci metalowe nogi do sto\u0142\u00f3w Made in Poland","isPartOf":{"@id":"https:\/\/stabledesk.eu\/#website"},"primaryImageOfPage":{"@id":"https:\/\/stabledesk.eu\/de\/produkt\/nogi-metalowe-do-stolu-40x40-komplet\/#primaryimage"},"image":{"@id":"https:\/\/stabledesk.eu\/de\/produkt\/nogi-metalowe-do-stolu-40x40-komplet\/#primaryimage"},"thumbnailUrl":"https:\/\/stabledesk.eu\/wp-content\/uploads\/2024\/10\/nogi-proste-do-stolu-40-4x.jpg","datePublished":"2024-10-23T18:05:22+00:00","breadcrumb":{"@id":"https:\/\/stabledesk.eu\/de\/produkt\/nogi-metalowe-do-stolu-40x40-komplet\/#breadcrumb"},"inLanguage":"de","potentialAction":[{"@type":"ReadAction","target":["https:\/\/stabledesk.eu\/de\/produkt\/nogi-metalowe-do-stolu-40x40-komplet\/"]}]},{"@type":"ImageObject","inLanguage":"de","@id":"https:\/\/stabledesk.eu\/de\/produkt\/nogi-metalowe-do-stolu-40x40-komplet\/#primaryimage","url":"https:\/\/stabledesk.eu\/wp-content\/uploads\/2024\/10\/nogi-proste-do-stolu-40-4x.jpg","contentUrl":"https:\/\/stabledesk.eu\/wp-content\/uploads\/2024\/10\/nogi-proste-do-stolu-40-4x.jpg","width":2000,"height":2000},{"@type":"BreadcrumbList","@id":"https:\/\/stabledesk.eu\/de\/produkt\/nogi-metalowe-do-stolu-40x40-komplet\/#breadcrumb","itemListElement":[{"@type":"ListItem","position":1,"name":"Strona g\u0142\u00f3wna","item":"https:\/\/stabledesk.eu\/de\/"},{"@type":"ListItem","position":2,"name":"Shop","item":"https:\/\/stabledesk.eu\/de\/shop\/"},{"@type":"ListItem","position":3,"name":"Nogi metalowe do sto\u0142u loft industrial 72 cm profil 40&#215;40 komplet 4szt."}]},{"@type":"WebSite","@id":"https:\/\/stabledesk.eu\/#website","url":"https:\/\/stabledesk.eu\/","name":"STABLEDESK - Wysokiej jako\u015bci metalowe nogi do sto\u0142\u00f3w Made in Poland","description":"STABLEDESK","publisher":{"@id":"https:\/\/stabledesk.eu\/#organization"},"potentialAction":[{"@type":"SearchAction","target":{"@type":"EntryPoint","urlTemplate":"https:\/\/stabledesk.eu\/?s={search_term_string}"},"query-input":{"@type":"PropertyValueSpecification","valueRequired":true,"valueName":"search_term_string"}}],"inLanguage":"de"},{"@type":"Organization","@id":"https:\/\/stabledesk.eu\/#organization","name":"STABLEDESK - Wysokiej jako\u015bci metalowe nogi do sto\u0142\u00f3w Made in Poland","url":"https:\/\/stabledesk.eu\/","logo":{"@type":"ImageObject","inLanguage":"de","@id":"https:\/\/stabledesk.eu\/#\/schema\/logo\/image\/","url":"https:\/\/stabledesk.eu\/wp-content\/uploads\/2024\/10\/stabledesk-logo.png","contentUrl":"https:\/\/stabledesk.eu\/wp-content\/uploads\/2024\/10\/stabledesk-logo.png","width":500,"height":129,"caption":"STABLEDESK - Wysokiej jako\u015bci metalowe nogi do sto\u0142\u00f3w Made in Poland"},"image":{"@id":"https:\/\/stabledesk.eu\/#\/schema\/logo\/image\/"},"hasMerchantReturnPolicy":{"@type":"MerchantReturnPolicy","merchantReturnLink":"https:\/\/stabledesk.eu\/zwroty\/"}}]},"product_price_amount":"56.00","product_price_currency":"EUR","og_availability":"instock","product_availability":"instock","product_retailer_item_id":"pkw40-4","product_condition":"new"},"_links":{"self":[{"href":"https:\/\/stabledesk.eu\/de\/wp-json\/wp\/v2\/product\/8253","targetHints":{"allow":["GET"]}}],"collection":[{"href":"https:\/\/stabledesk.eu\/de\/wp-json\/wp\/v2\/product"}],"about":[{"href":"https:\/\/stabledesk.eu\/de\/wp-json\/wp\/v2\/types\/product"}],"replies":[{"embeddable":true,"href":"https:\/\/stabledesk.eu\/de\/wp-json\/wp\/v2\/comments?post=8253"}],"wp:featuredmedia":[{"embeddable":true,"href":"https:\/\/stabledesk.eu\/de\/wp-json\/wp\/v2\/media\/7572"}],"wp:attachment":[{"href":"https:\/\/stabledesk.eu\/de\/wp-json\/wp\/v2\/media?parent=8253"}],"wp:term":[{"taxonomy":"product_brand","embeddable":true,"href":"https:\/\/stabledesk.eu\/de\/wp-json\/wp\/v2\/product_brand?post=8253"},{"taxonomy":"product_cat","embeddable":true,"href":"https:\/\/stabledesk.eu\/de\/wp-json\/wp\/v2\/product_cat?post=8253"},{"taxonomy":"product_tag","embeddable":true,"href":"https:\/\/stabledesk.eu\/de\/wp-json\/wp\/v2\/product_tag?post=8253"}],"curies":[{"name":"wp","href":"https:\/\/api.w.org\/{rel}","templated":true}]}}