{"id":8243,"date":"2024-10-23T20:06:14","date_gmt":"2024-10-23T18:06:14","guid":{"rendered":"https:\/\/stabledesk.eu\/produkt\/stelaz-metalowy-do-stolu-nogi-loft-kwadrat-80x80x72-profil-60x60\/"},"modified":"2024-10-23T20:06:14","modified_gmt":"2024-10-23T18:06:14","slug":"stelaz-metalowy-do-stolu-nogi-loft-kwadrat-80x80x72-profil-60x60","status":"publish","type":"product","link":"https:\/\/stabledesk.eu\/de\/produkt\/stelaz-metalowy-do-stolu-nogi-loft-kwadrat-80x80x72-profil-60x60\/","title":{"rendered":"Stela\u017c metalowy do sto\u0142u okr\u0105g\u0142ego nogi Loft kwadrat 80x80x72 profil 50&#215;50"},"content":{"rendered":"<p>Stela\u017c stalowy w kszta\u0142cie kwadratu z nogami pod k\u0105tem w stylu loftowym, industrialnym do sto\u0142\u00f3w, stolik\u00f3w.<\/p>\n<p>Idealnie pasuje do blat\u00f3w okr\u0105g\u0142ych oraz kwadratowych.<\/p>\n<p><b>Ko\u0144ce n\u00f3g zako\u0144czone s\u0105 specjalnym tworzywem zapobiegaj\u0105cym rysowaniu pod\u0142ogi,<\/b><\/p>\n<p><b>Profil 50 x 50 mm, \u015bcianka 2 mm grubo\u015bci.<\/b><\/p>\n<p>Stela\u017c wyr\u00f3\u017cnia si\u0119 estetycznymi spawami, pog\u0142\u0119bionymi otworami, dzi\u0119ki kt\u00f3rym wkr\u0119ty monta\u017cowe chowaj\u0105 si\u0119 na r\u00f3wno z profilem oraz idealnie trzymaj\u0105 blat, wysok\u0105 jako\u015bci\u0105 wykonania oraz najlepszymi materia\u0142ami.<\/p>\n<p><b>Dane techniczne:<\/b><\/p>\n<ul>\n<li>kolor: czarna drobna struktura (matowy, chropowaty),<\/li>\n<li>lakier proszkowy, wygrzewany w specjalnej komorze,<\/li>\n<li>wymiary g\u00f3rnego stela\u017ca 60&#215;60 cm,<\/li>\n<li>dolny rozstaw n\u00f3g 80&#215;80 cm,<\/li>\n<li>wysoko\u015b\u0107 72 cm,<\/li>\n<li>profil 50x 50mm,<\/li>\n<li>gruba \u015bcianka profila 2mm,<\/li>\n<li>konstrukcja w ca\u0142o\u015bci spawana,<\/li>\n<li>nogi s\u0105 pod k\u0105tem &#8211; rozszerzaj\u0105 si\u0119 w dolnej cz\u0119\u015bci,<\/li>\n<li>otwory mocuj\u0105ce blat.<\/li>\n<\/ul>\n<p><b>Cechy szczeg\u00f3lne:<\/b><\/p>\n<ul>\n<li>ko\u0144ce n\u00f3g zako\u0144czone specjalnym tworzywem zapobiegaj\u0105cym rysowaniu pod\u0142ogi,<\/li>\n<li>wysoka jako\u015b\u0107 wykonania,<\/li>\n<li>estetyczne, szlifowane spawy,<\/li>\n<li>fazowane i pog\u0142\u0119biane otwory pod wkr\u0119ty monta\u017cowe,<\/li>\n<li>r\u0119czne wykonanie,<\/li>\n<li>jeste\u015bmy bezpo\u015brednim producentem,<\/li>\n<li>kolor lakieru nie blaknie pod wp\u0142ywem czasu i promieni s\u0142onecznych,<\/li>\n<li>stal wysokiej jako\u015bci,<\/li>\n<li>wykonany w ca\u0142o\u015bci w Polsce i z polskich materia\u0142\u00f3w,<\/li>\n<li>efektowny i nowoczesny wygl\u0105d,<\/li>\n<li>\u0142atwy w utrzymaniu czysto\u015bci,<\/li>\n<li>solidna i trwa\u0142a konstrukcja,<\/li>\n<li>szybki czas realizacji.<\/li>\n<\/ul>\n<p><b>Stela\u017ce oraz pojedyncze nogi dost\u0119pne s\u0105 w r\u00f3\u017cnych rozmiarach, kszta\u0142tach, kolorach na naszych pozosta\u0142ych aukcjach. Jeste\u015bmy bezpo\u015brednim producentem n\u00f3g, ca\u0142ych sto\u0142\u00f3w, rega\u0142\u00f3w, blat\u00f3w d\u0119bowych itp. Mo\u017cemy wykona\u0107 produkt pod dowolny wymiar i projekt.<\/b><\/p>\n<p><b>Mo\u017cecie Pa\u0144stwo liczy\u0107 na fachowe doradztwo.<\/b><\/p>\n","protected":false},"excerpt":{"rendered":"<p>Stela\u017c stalowy w kszta\u0142cie kwadratu z nogami pod k\u0105tem w stylu loftowym, industrialnym do sto\u0142\u00f3w, stolik\u00f3w.<\/p>\n<p>Idealnie pasuje do blat\u00f3w okr\u0105g\u0142ych oraz kwadratowych.<\/p>\n<p><b>Ko\u0144ce n\u00f3g zako\u0144czone s\u0105 specjalnym tworzywem zapobiegaj\u0105cym rysowaniu pod\u0142ogi,<\/b><\/p>\n<p><b>Profil 50 x 50 mm, \u015bcianka 2 mm grubo\u015bci.<\/b><\/p>\n<p>Stela\u017c wyr\u00f3\u017cnia si\u0119 estetycznymi spawami, pog\u0142\u0119bionymi otworami, dzi\u0119ki kt\u00f3rym wkr\u0119ty monta\u017cowe chowaj\u0105 si\u0119 na r\u00f3wno z profilem oraz idealnie trzymaj\u0105 blat, wysok\u0105 jako\u015bci\u0105 wykonania oraz najlepszymi materia\u0142ami.<\/p>\n<p><b>Dane techniczne:<\/b><\/p>\n<ul>\n<li>kolor: czarna drobna struktura (matowy, chropowaty),<\/li>\n<li>lakier proszkowy, wygrzewany w specjalnej komorze,<\/li>\n<li>wymiary g\u00f3rnego stela\u017ca 60&#215;60 cm,<\/li>\n<li>dolny rozstaw n\u00f3g 80&#215;80 cm,<\/li>\n<li>wysoko\u015b\u0107 72 cm,<\/li>\n<li>profil 50x 50mm,<\/li>\n<li>gruba \u015bcianka profila 2mm,<\/li>\n<li>konstrukcja w ca\u0142o\u015bci spawana,<\/li>\n<li>nogi s\u0105 pod k\u0105tem &#8211; rozszerzaj\u0105 si\u0119 w dolnej cz\u0119\u015bci,<\/li>\n<li>otwory mocuj\u0105ce blat.<\/li>\n<\/ul>\n<p><b>Cechy szczeg\u00f3lne:<\/b><\/p>\n<ul>\n<li>ko\u0144ce n\u00f3g zako\u0144czone specjalnym tworzywem zapobiegaj\u0105cym rysowaniu pod\u0142ogi,<\/li>\n<li>wysoka jako\u015b\u0107 wykonania,<\/li>\n<li>estetyczne, szlifowane spawy,<\/li>\n<li>fazowane i pog\u0142\u0119biane otwory pod wkr\u0119ty monta\u017cowe,<\/li>\n<li>r\u0119czne wykonanie,<\/li>\n<li>jeste\u015bmy bezpo\u015brednim producentem,<\/li>\n<li>kolor lakieru nie blaknie pod wp\u0142ywem czasu i promieni s\u0142onecznych,<\/li>\n<li>stal wysokiej jako\u015bci,<\/li>\n<li>wykonany w ca\u0142o\u015bci w Polsce i z polskich materia\u0142\u00f3w,<\/li>\n<li>efektowny i nowoczesny wygl\u0105d,<\/li>\n<li>\u0142atwy w utrzymaniu czysto\u015bci,<\/li>\n<li>solidna i trwa\u0142a konstrukcja,<\/li>\n<li>szybki czas realizacji.<\/li>\n<\/ul>\n<p><b>Stela\u017ce oraz pojedyncze nogi dost\u0119pne s\u0105 w r\u00f3\u017cnych rozmiarach, kszta\u0142tach, kolorach na naszych pozosta\u0142ych aukcjach. Jeste\u015bmy bezpo\u015brednim producentem n\u00f3g, ca\u0142ych sto\u0142\u00f3w, rega\u0142\u00f3w, blat\u00f3w d\u0119bowych itp. Mo\u017cemy wykona\u0107 produkt pod dowolny wymiar i projekt.<\/b><\/p>\n<p><b>Mo\u017cecie Pa\u0144stwo liczy\u0107 na fachowe doradztwo.<\/b><\/p>\n","protected":false},"featured_media":7662,"comment_status":"closed","ping_status":"open","template":"","meta":[],"product_brand":[],"product_cat":[82,85],"product_tag":[],"class_list":{"0":"post-8243","1":"product","2":"type-product","3":"status-publish","4":"has-post-thumbnail","6":"product_cat-nogi-do-stolow-kwadratowe-de","7":"product_cat-stelaze-do-stolow-de","9":"first","10":"outofstock","11":"purchasable","12":"product-type-simple"},"yoast_head":"<!-- This site is optimized with the Yoast SEO Premium plugin v25.6 (Yoast SEO v25.6) - https:\/\/yoast.com\/wordpress\/plugins\/seo\/ -->\n<title>Stela\u017c metalowy do sto\u0142u okr\u0105g\u0142ego nogi Loft kwadrat 80x80x72 profil 50x50 - STABLEDESK - Wysokiej jako\u015bci metalowe nogi do sto\u0142\u00f3w Made in Poland<\/title>\n<meta name=\"robots\" content=\"index, follow, max-snippet:-1, max-image-preview:large, max-video-preview:-1\" \/>\n<link rel=\"canonical\" href=\"https:\/\/stabledesk.eu\/de\/produkt\/stelaz-metalowy-do-stolu-nogi-loft-kwadrat-80x80x72-profil-60x60\/\" \/>\n<meta property=\"og:locale\" content=\"de_DE\" \/>\n<meta property=\"og:type\" content=\"article\" \/>\n<meta property=\"og:title\" content=\"Stela\u017c metalowy do sto\u0142u okr\u0105g\u0142ego nogi Loft kwadrat 80x80x72 profil 50x50\" \/>\n<meta property=\"og:description\" content=\"Stela\u017c stalowy w kszta\u0142cie kwadratu z nogami pod k\u0105tem w stylu loftowym, industrialnym do sto\u0142\u00f3w, stolik\u00f3w. Idealnie pasuje do blat\u00f3w okr\u0105g\u0142ych oraz kwadratowych. Ko\u0144ce n\u00f3g zako\u0144czone s\u0105 specjalnym tworzywem zapobiegaj\u0105cym rysowaniu pod\u0142ogi, Profil 50 x 50 mm, \u015bcianka 2 mm grubo\u015bci. Stela\u017c wyr\u00f3\u017cnia si\u0119 estetycznymi spawami, pog\u0142\u0119bionymi otworami, dzi\u0119ki kt\u00f3rym wkr\u0119ty monta\u017cowe chowaj\u0105 si\u0119 na r\u00f3wno z profilem oraz idealnie trzymaj\u0105 blat, wysok\u0105 jako\u015bci\u0105 wykonania oraz najlepszymi materia\u0142ami. Dane techniczne:  kolor: czarna drobna struktura (matowy, chropowaty),  lakier proszkowy, wygrzewany w specjalnej komorze,  wymiary g\u00f3rnego stela\u017ca 60x60 cm,  dolny rozstaw n\u00f3g 80x80 cm,  wysoko\u015b\u0107 72 cm,  profil 50x 50mm,  gruba \u015bcianka profila 2mm,  konstrukcja w ca\u0142o\u015bci spawana,  nogi s\u0105 pod k\u0105tem - rozszerzaj\u0105 si\u0119 w dolnej cz\u0119\u015bci,  otwory mocuj\u0105ce blat. Cechy szczeg\u00f3lne:  ko\u0144ce n\u00f3g zako\u0144czone specjalnym tworzywem zapobiegaj\u0105cym rysowaniu pod\u0142ogi,  wysoka jako\u015b\u0107 wykonania,  estetyczne, szlifowane spawy,  fazowane i pog\u0142\u0119biane otwory pod wkr\u0119ty monta\u017cowe,  r\u0119czne wykonanie,  jeste\u015bmy bezpo\u015brednim producentem,  kolor lakieru nie blaknie pod wp\u0142ywem czasu i promieni s\u0142onecznych,  stal wysokiej jako\u015bci,  wykonany w ca\u0142o\u015bci w Polsce i z polskich materia\u0142\u00f3w,  efektowny i nowoczesny wygl\u0105d,  \u0142atwy w utrzymaniu czysto\u015bci,  solidna i trwa\u0142a konstrukcja,  szybki czas realizacji. Stela\u017ce oraz pojedyncze nogi dost\u0119pne s\u0105 w r\u00f3\u017cnych rozmiarach, kszta\u0142tach, kolorach na naszych pozosta\u0142ych aukcjach. Jeste\u015bmy bezpo\u015brednim producentem n\u00f3g, ca\u0142ych sto\u0142\u00f3w, rega\u0142\u00f3w, blat\u00f3w d\u0119bowych itp. Mo\u017cemy wykona\u0107 produkt pod dowolny wymiar i projekt. Mo\u017cecie Pa\u0144stwo liczy\u0107 na fachowe doradztwo.\" \/>\n<meta property=\"og:url\" content=\"https:\/\/stabledesk.eu\/de\/produkt\/stelaz-metalowy-do-stolu-nogi-loft-kwadrat-80x80x72-profil-60x60\/\" \/>\n<meta property=\"og:site_name\" content=\"STABLEDESK - Wysokiej jako\u015bci metalowe nogi do sto\u0142\u00f3w Made in Poland\" \/>\n<meta name=\"twitter:card\" content=\"summary_large_image\" \/>\n<meta name=\"twitter:label1\" content=\"Preis\" \/>\n\t<meta name=\"twitter:data1\" content=\"124,75&nbsp;&euro;\" \/>\n\t<meta name=\"twitter:label2\" content=\"Verf\u00fcgbarkeit\" \/>\n\t<meta name=\"twitter:data2\" content=\"ausverkauft\" \/>\n<script type=\"application\/ld+json\" class=\"yoast-schema-graph\">{\"@context\":\"https:\/\/schema.org\",\"@graph\":[{\"@type\":\"WebPage\",\"@id\":\"https:\/\/stabledesk.eu\/de\/produkt\/stelaz-metalowy-do-stolu-nogi-loft-kwadrat-80x80x72-profil-60x60\/\",\"url\":\"https:\/\/stabledesk.eu\/de\/produkt\/stelaz-metalowy-do-stolu-nogi-loft-kwadrat-80x80x72-profil-60x60\/\",\"name\":\"Stela\u017c metalowy do sto\u0142u okr\u0105g\u0142ego nogi Loft kwadrat 80x80x72 profil 50x50 - STABLEDESK - Wysokiej jako\u015bci metalowe nogi do sto\u0142\u00f3w Made in Poland\",\"isPartOf\":{\"@id\":\"https:\/\/stabledesk.eu\/#website\"},\"primaryImageOfPage\":{\"@id\":\"https:\/\/stabledesk.eu\/de\/produkt\/stelaz-metalowy-do-stolu-nogi-loft-kwadrat-80x80x72-profil-60x60\/#primaryimage\"},\"image\":{\"@id\":\"https:\/\/stabledesk.eu\/de\/produkt\/stelaz-metalowy-do-stolu-nogi-loft-kwadrat-80x80x72-profil-60x60\/#primaryimage\"},\"thumbnailUrl\":\"https:\/\/stabledesk.eu\/wp-content\/uploads\/2024\/10\/photoroom-20221213-215100.png\",\"datePublished\":\"2024-10-23T18:06:14+00:00\",\"breadcrumb\":{\"@id\":\"https:\/\/stabledesk.eu\/de\/produkt\/stelaz-metalowy-do-stolu-nogi-loft-kwadrat-80x80x72-profil-60x60\/#breadcrumb\"},\"inLanguage\":\"de\",\"potentialAction\":[{\"@type\":\"ReadAction\",\"target\":[\"https:\/\/stabledesk.eu\/de\/produkt\/stelaz-metalowy-do-stolu-nogi-loft-kwadrat-80x80x72-profil-60x60\/\"]}]},{\"@type\":\"ImageObject\",\"inLanguage\":\"de\",\"@id\":\"https:\/\/stabledesk.eu\/de\/produkt\/stelaz-metalowy-do-stolu-nogi-loft-kwadrat-80x80x72-profil-60x60\/#primaryimage\",\"url\":\"https:\/\/stabledesk.eu\/wp-content\/uploads\/2024\/10\/photoroom-20221213-215100.png\",\"contentUrl\":\"https:\/\/stabledesk.eu\/wp-content\/uploads\/2024\/10\/photoroom-20221213-215100.png\",\"width\":2178,\"height\":2400},{\"@type\":\"BreadcrumbList\",\"@id\":\"https:\/\/stabledesk.eu\/de\/produkt\/stelaz-metalowy-do-stolu-nogi-loft-kwadrat-80x80x72-profil-60x60\/#breadcrumb\",\"itemListElement\":[{\"@type\":\"ListItem\",\"position\":1,\"name\":\"Strona g\u0142\u00f3wna\",\"item\":\"https:\/\/stabledesk.eu\/de\/\"},{\"@type\":\"ListItem\",\"position\":2,\"name\":\"Shop\",\"item\":\"https:\/\/stabledesk.eu\/de\/shop\/\"},{\"@type\":\"ListItem\",\"position\":3,\"name\":\"Stela\u017c metalowy do sto\u0142u okr\u0105g\u0142ego nogi Loft kwadrat 80x80x72 profil 50&#215;50\"}]},{\"@type\":\"WebSite\",\"@id\":\"https:\/\/stabledesk.eu\/#website\",\"url\":\"https:\/\/stabledesk.eu\/\",\"name\":\"STABLEDESK - Wysokiej jako\u015bci metalowe nogi do sto\u0142\u00f3w Made in Poland\",\"description\":\"STABLEDESK\",\"publisher\":{\"@id\":\"https:\/\/stabledesk.eu\/#organization\"},\"potentialAction\":[{\"@type\":\"SearchAction\",\"target\":{\"@type\":\"EntryPoint\",\"urlTemplate\":\"https:\/\/stabledesk.eu\/?s={search_term_string}\"},\"query-input\":{\"@type\":\"PropertyValueSpecification\",\"valueRequired\":true,\"valueName\":\"search_term_string\"}}],\"inLanguage\":\"de\"},{\"@type\":\"Organization\",\"@id\":\"https:\/\/stabledesk.eu\/#organization\",\"name\":\"STABLEDESK - Wysokiej jako\u015bci metalowe nogi do sto\u0142\u00f3w Made in Poland\",\"url\":\"https:\/\/stabledesk.eu\/\",\"logo\":{\"@type\":\"ImageObject\",\"inLanguage\":\"de\",\"@id\":\"https:\/\/stabledesk.eu\/#\/schema\/logo\/image\/\",\"url\":\"https:\/\/stabledesk.eu\/wp-content\/uploads\/2024\/10\/stabledesk-logo.png\",\"contentUrl\":\"https:\/\/stabledesk.eu\/wp-content\/uploads\/2024\/10\/stabledesk-logo.png\",\"width\":500,\"height\":129,\"caption\":\"STABLEDESK - Wysokiej jako\u015bci metalowe nogi do sto\u0142\u00f3w Made in Poland\"},\"image\":{\"@id\":\"https:\/\/stabledesk.eu\/#\/schema\/logo\/image\/\"},\"hasMerchantReturnPolicy\":{\"@type\":\"MerchantReturnPolicy\",\"merchantReturnLink\":\"https:\/\/stabledesk.eu\/zwroty\/\"}}]}<\/script>\n<meta property=\"product:price:amount\" content=\"124.75\" \/>\n<meta property=\"product:price:currency\" content=\"EUR\" \/>\n<meta property=\"og:availability\" content=\"out of stock\" \/>\n<meta property=\"product:availability\" content=\"out of stock\" \/>\n<meta property=\"product:retailer_item_id\" content=\"kw72-50-50\" \/>\n<meta property=\"product:condition\" content=\"new\" \/>\n<!-- \/ Yoast SEO Premium plugin. -->","yoast_head_json":{"title":"Stela\u017c metalowy do sto\u0142u okr\u0105g\u0142ego nogi Loft kwadrat 80x80x72 profil 50x50 - STABLEDESK - Wysokiej jako\u015bci metalowe nogi do sto\u0142\u00f3w Made in Poland","robots":{"index":"index","follow":"follow","max-snippet":"max-snippet:-1","max-image-preview":"max-image-preview:large","max-video-preview":"max-video-preview:-1"},"canonical":"https:\/\/stabledesk.eu\/de\/produkt\/stelaz-metalowy-do-stolu-nogi-loft-kwadrat-80x80x72-profil-60x60\/","og_locale":"de_DE","og_type":"article","og_title":"Stela\u017c metalowy do sto\u0142u okr\u0105g\u0142ego nogi Loft kwadrat 80x80x72 profil 50x50","og_description":"Stela\u017c stalowy w kszta\u0142cie kwadratu z nogami pod k\u0105tem w stylu loftowym, industrialnym do sto\u0142\u00f3w, stolik\u00f3w. Idealnie pasuje do blat\u00f3w okr\u0105g\u0142ych oraz kwadratowych. Ko\u0144ce n\u00f3g zako\u0144czone s\u0105 specjalnym tworzywem zapobiegaj\u0105cym rysowaniu pod\u0142ogi, Profil 50 x 50 mm, \u015bcianka 2 mm grubo\u015bci. Stela\u017c wyr\u00f3\u017cnia si\u0119 estetycznymi spawami, pog\u0142\u0119bionymi otworami, dzi\u0119ki kt\u00f3rym wkr\u0119ty monta\u017cowe chowaj\u0105 si\u0119 na r\u00f3wno z profilem oraz idealnie trzymaj\u0105 blat, wysok\u0105 jako\u015bci\u0105 wykonania oraz najlepszymi materia\u0142ami. Dane techniczne:  kolor: czarna drobna struktura (matowy, chropowaty),  lakier proszkowy, wygrzewany w specjalnej komorze,  wymiary g\u00f3rnego stela\u017ca 60x60 cm,  dolny rozstaw n\u00f3g 80x80 cm,  wysoko\u015b\u0107 72 cm,  profil 50x 50mm,  gruba \u015bcianka profila 2mm,  konstrukcja w ca\u0142o\u015bci spawana,  nogi s\u0105 pod k\u0105tem - rozszerzaj\u0105 si\u0119 w dolnej cz\u0119\u015bci,  otwory mocuj\u0105ce blat. Cechy szczeg\u00f3lne:  ko\u0144ce n\u00f3g zako\u0144czone specjalnym tworzywem zapobiegaj\u0105cym rysowaniu pod\u0142ogi,  wysoka jako\u015b\u0107 wykonania,  estetyczne, szlifowane spawy,  fazowane i pog\u0142\u0119biane otwory pod wkr\u0119ty monta\u017cowe,  r\u0119czne wykonanie,  jeste\u015bmy bezpo\u015brednim producentem,  kolor lakieru nie blaknie pod wp\u0142ywem czasu i promieni s\u0142onecznych,  stal wysokiej jako\u015bci,  wykonany w ca\u0142o\u015bci w Polsce i z polskich materia\u0142\u00f3w,  efektowny i nowoczesny wygl\u0105d,  \u0142atwy w utrzymaniu czysto\u015bci,  solidna i trwa\u0142a konstrukcja,  szybki czas realizacji. Stela\u017ce oraz pojedyncze nogi dost\u0119pne s\u0105 w r\u00f3\u017cnych rozmiarach, kszta\u0142tach, kolorach na naszych pozosta\u0142ych aukcjach. Jeste\u015bmy bezpo\u015brednim producentem n\u00f3g, ca\u0142ych sto\u0142\u00f3w, rega\u0142\u00f3w, blat\u00f3w d\u0119bowych itp. Mo\u017cemy wykona\u0107 produkt pod dowolny wymiar i projekt. Mo\u017cecie Pa\u0144stwo liczy\u0107 na fachowe doradztwo.","og_url":"https:\/\/stabledesk.eu\/de\/produkt\/stelaz-metalowy-do-stolu-nogi-loft-kwadrat-80x80x72-profil-60x60\/","og_site_name":"STABLEDESK - Wysokiej jako\u015bci metalowe nogi do sto\u0142\u00f3w Made in Poland","twitter_card":"summary_large_image","twitter_misc":{"Preis":"124,75&nbsp;&euro;","Verf\u00fcgbarkeit":"ausverkauft"},"schema":{"@context":"https:\/\/schema.org","@graph":[{"@type":"WebPage","@id":"https:\/\/stabledesk.eu\/de\/produkt\/stelaz-metalowy-do-stolu-nogi-loft-kwadrat-80x80x72-profil-60x60\/","url":"https:\/\/stabledesk.eu\/de\/produkt\/stelaz-metalowy-do-stolu-nogi-loft-kwadrat-80x80x72-profil-60x60\/","name":"Stela\u017c metalowy do sto\u0142u okr\u0105g\u0142ego nogi Loft kwadrat 80x80x72 profil 50x50 - STABLEDESK - Wysokiej jako\u015bci metalowe nogi do sto\u0142\u00f3w Made in Poland","isPartOf":{"@id":"https:\/\/stabledesk.eu\/#website"},"primaryImageOfPage":{"@id":"https:\/\/stabledesk.eu\/de\/produkt\/stelaz-metalowy-do-stolu-nogi-loft-kwadrat-80x80x72-profil-60x60\/#primaryimage"},"image":{"@id":"https:\/\/stabledesk.eu\/de\/produkt\/stelaz-metalowy-do-stolu-nogi-loft-kwadrat-80x80x72-profil-60x60\/#primaryimage"},"thumbnailUrl":"https:\/\/stabledesk.eu\/wp-content\/uploads\/2024\/10\/photoroom-20221213-215100.png","datePublished":"2024-10-23T18:06:14+00:00","breadcrumb":{"@id":"https:\/\/stabledesk.eu\/de\/produkt\/stelaz-metalowy-do-stolu-nogi-loft-kwadrat-80x80x72-profil-60x60\/#breadcrumb"},"inLanguage":"de","potentialAction":[{"@type":"ReadAction","target":["https:\/\/stabledesk.eu\/de\/produkt\/stelaz-metalowy-do-stolu-nogi-loft-kwadrat-80x80x72-profil-60x60\/"]}]},{"@type":"ImageObject","inLanguage":"de","@id":"https:\/\/stabledesk.eu\/de\/produkt\/stelaz-metalowy-do-stolu-nogi-loft-kwadrat-80x80x72-profil-60x60\/#primaryimage","url":"https:\/\/stabledesk.eu\/wp-content\/uploads\/2024\/10\/photoroom-20221213-215100.png","contentUrl":"https:\/\/stabledesk.eu\/wp-content\/uploads\/2024\/10\/photoroom-20221213-215100.png","width":2178,"height":2400},{"@type":"BreadcrumbList","@id":"https:\/\/stabledesk.eu\/de\/produkt\/stelaz-metalowy-do-stolu-nogi-loft-kwadrat-80x80x72-profil-60x60\/#breadcrumb","itemListElement":[{"@type":"ListItem","position":1,"name":"Strona g\u0142\u00f3wna","item":"https:\/\/stabledesk.eu\/de\/"},{"@type":"ListItem","position":2,"name":"Shop","item":"https:\/\/stabledesk.eu\/de\/shop\/"},{"@type":"ListItem","position":3,"name":"Stela\u017c metalowy do sto\u0142u okr\u0105g\u0142ego nogi Loft kwadrat 80x80x72 profil 50&#215;50"}]},{"@type":"WebSite","@id":"https:\/\/stabledesk.eu\/#website","url":"https:\/\/stabledesk.eu\/","name":"STABLEDESK - Wysokiej jako\u015bci metalowe nogi do sto\u0142\u00f3w Made in Poland","description":"STABLEDESK","publisher":{"@id":"https:\/\/stabledesk.eu\/#organization"},"potentialAction":[{"@type":"SearchAction","target":{"@type":"EntryPoint","urlTemplate":"https:\/\/stabledesk.eu\/?s={search_term_string}"},"query-input":{"@type":"PropertyValueSpecification","valueRequired":true,"valueName":"search_term_string"}}],"inLanguage":"de"},{"@type":"Organization","@id":"https:\/\/stabledesk.eu\/#organization","name":"STABLEDESK - Wysokiej jako\u015bci metalowe nogi do sto\u0142\u00f3w Made in Poland","url":"https:\/\/stabledesk.eu\/","logo":{"@type":"ImageObject","inLanguage":"de","@id":"https:\/\/stabledesk.eu\/#\/schema\/logo\/image\/","url":"https:\/\/stabledesk.eu\/wp-content\/uploads\/2024\/10\/stabledesk-logo.png","contentUrl":"https:\/\/stabledesk.eu\/wp-content\/uploads\/2024\/10\/stabledesk-logo.png","width":500,"height":129,"caption":"STABLEDESK - Wysokiej jako\u015bci metalowe nogi do sto\u0142\u00f3w Made in Poland"},"image":{"@id":"https:\/\/stabledesk.eu\/#\/schema\/logo\/image\/"},"hasMerchantReturnPolicy":{"@type":"MerchantReturnPolicy","merchantReturnLink":"https:\/\/stabledesk.eu\/zwroty\/"}}]},"product_price_amount":"124.75","product_price_currency":"EUR","og_availability":"out of stock","product_availability":"out of stock","product_retailer_item_id":"kw72-50-50","product_condition":"new"},"_links":{"self":[{"href":"https:\/\/stabledesk.eu\/de\/wp-json\/wp\/v2\/product\/8243","targetHints":{"allow":["GET"]}}],"collection":[{"href":"https:\/\/stabledesk.eu\/de\/wp-json\/wp\/v2\/product"}],"about":[{"href":"https:\/\/stabledesk.eu\/de\/wp-json\/wp\/v2\/types\/product"}],"replies":[{"embeddable":true,"href":"https:\/\/stabledesk.eu\/de\/wp-json\/wp\/v2\/comments?post=8243"}],"wp:featuredmedia":[{"embeddable":true,"href":"https:\/\/stabledesk.eu\/de\/wp-json\/wp\/v2\/media\/7662"}],"wp:attachment":[{"href":"https:\/\/stabledesk.eu\/de\/wp-json\/wp\/v2\/media?parent=8243"}],"wp:term":[{"taxonomy":"product_brand","embeddable":true,"href":"https:\/\/stabledesk.eu\/de\/wp-json\/wp\/v2\/product_brand?post=8243"},{"taxonomy":"product_cat","embeddable":true,"href":"https:\/\/stabledesk.eu\/de\/wp-json\/wp\/v2\/product_cat?post=8243"},{"taxonomy":"product_tag","embeddable":true,"href":"https:\/\/stabledesk.eu\/de\/wp-json\/wp\/v2\/product_tag?post=8243"}],"curies":[{"name":"wp","href":"https:\/\/api.w.org\/{rel}","templated":true}]}}