{"id":8215,"date":"2024-10-23T20:06:53","date_gmt":"2024-10-23T18:06:53","guid":{"rendered":"https:\/\/stabledesk.eu\/produkt\/noga-metalowa-do-stolu-loft-industrial-72-cm-profil-60x60-nowosc-surowa-szlifowana-stal\/"},"modified":"2024-10-23T20:06:53","modified_gmt":"2024-10-23T18:06:53","slug":"noga-metalowa-do-stolu-loft-industrial-72-cm-profil-60x60-nowosc-surowa-szlifowana-stal","status":"publish","type":"product","link":"https:\/\/stabledesk.eu\/de\/produkt\/noga-metalowa-do-stolu-loft-industrial-72-cm-profil-60x60-nowosc-surowa-szlifowana-stal\/","title":{"rendered":"Noga metalowa do sto\u0142u loft industrial 72 cm profil 60&#215;60 Nowo\u015b\u0107 surowa szlifowana stal"},"content":{"rendered":"<p><b>Nowo\u015b\u0107!<\/b>\u00a0Noga prosta o kwadratowym przekroju w stylu loftowym, industrialnym do sto\u0142\u00f3w, stolik\u00f3w o wymiarach<b> 72 cm wysoko\u015bci.<\/b>\u00a0Kwadratowa szeroka<b> podstawa o bokach 120 mm, grubo\u015bci 4 mm<\/b>\u00a0pozwala na solidne przykr\u0119cenie jej blisko kraw\u0119dzi blatu.<\/p>\n<p>Unikalny wygl\u0105d\u00a0<b>surowej szlifowanej stali<\/b>\u00a0zabezpieczony<b>\u00a0lakierem bezbarwnym proszkowym w po\u0142ysku.<\/b>\u00a0Pi\u0119knie si\u0119 mieni pod s\u0142o\u0144ce. Noga jest gotowa do przykr\u0119cenia.<\/p>\n<p><b>Ka\u017cda noga jest niepowtarzalna &#8211; r\u0119cznie obrabiana.<\/b><\/p>\n<p>Cena dotyczy 1 szt. nogi wraz z ko\u0144c\u00f3wk\u0105 zabezpieczaj\u0105c\u0105 pod\u0142og\u0119 przed rysowaniem.<\/p>\n<p><b>Profil 60 x 60 mm, \u015bcianka 2 mm grubo\u015bci.<\/b><\/p>\n<p>Noga wyr\u00f3\u017cnia si\u0119 niewidocznymi spawami, pog\u0142\u0119bionymi otworami, dzi\u0119ki kt\u00f3rym wkr\u0119ty monta\u017cowe chowaj\u0105 si\u0119 na r\u00f3wno z profilem oraz idealnie trzymaj\u0105 blat, wysok\u0105 jako\u015bci\u0105 wykonania oraz najlepszymi materia\u0142ami.<\/p>\n<p><b>Dane techniczne:<\/b><\/p>\n<ul>\n<li>kolor: stal surowa szlifowana &#8211; lakier po\u0142ysk,<\/li>\n<li><b>specjalistyczny bezbarwny lakier proszkowy,<\/b><\/li>\n<li>wysoko\u015b\u0107 72 cm,<\/li>\n<li>solidna blacha mocuj\u0105ca o grubo\u015bci a\u017c 4 mm o bokach d\u0142ugo\u015bci 120 mm,<\/li>\n<li>profil 60 x 60 mm z grub\u0105 2 mm \u015bciank\u0105 profila,<\/li>\n<li>ilo\u015b\u0107 otwor\u00f3w mocuj\u0105cych o \u015brednicy 5 mm: 4 szt.,<\/li>\n<li>ko\u0144c\u00f3wka zapobiegaj\u0105cych rysowanie pod\u0142ogi z tworzywa: 1 szt.<\/li>\n<\/ul>\n<p><b>Cechy szczeg\u00f3lne:<\/b><\/p>\n<ul>\n<li>ko\u0144ce profilu zako\u0144czone specjalnym tworzywem zapobiegaj\u0105cym rysowaniu pod\u0142ogi,<\/li>\n<li>niewidoczne spawy (\u0142\u0105czenia),<\/li>\n<li>fazowane i pog\u0142\u0119biane otwory pod wkr\u0119ty monta\u017cowe,<\/li>\n<li>r\u0119czne wykonanie w UE,<\/li>\n<li>kolor lakieru nie blaknie pod wp\u0142ywem czasu i promieni s\u0142onecznych,<\/li>\n<li>gruba blacha mocuj\u0105ca sprawia, \u017ce nogi s\u0105 bardzo stabilne,<\/li>\n<li>efektowny i nowoczesny wygl\u0105d,<\/li>\n<li>\u0142atwy w utrzymaniu czysto\u015bci,<\/li>\n<li>solidna i trwa\u0142a konstrukcja,<\/li>\n<li>bezpo\u015brednio od producenta.<\/li>\n<\/ul>\n<p><b>Stela\u017ce oraz pojedyncze nogi dost\u0119pne s\u0105 w r\u00f3\u017cnych rozmiarach, kszta\u0142tach, kolorach na naszych pozosta\u0142ych aukcjach. Jeste\u015bmy bezpo\u015brednim producentem n\u00f3g, ca\u0142ych sto\u0142\u00f3w, rega\u0142\u00f3w, blat\u00f3w d\u0119bowych itp. Mo\u017cemy wykona\u0107 produkt pod dowolny wymiar i projekt.<\/b><\/p>\n<p><b>Mo\u017cecie Pa\u0144stwo liczy\u0107 na fachowe doradztwo.<\/b><\/p>\n","protected":false},"excerpt":{"rendered":"<p><b>Nowo\u015b\u0107!<\/b>\u00a0Noga prosta o kwadratowym przekroju w stylu loftowym, industrialnym do sto\u0142\u00f3w, stolik\u00f3w o wymiarach<b> 72 cm wysoko\u015bci.<\/b>\u00a0Kwadratowa szeroka<b> podstawa o bokach 120 mm, grubo\u015bci 4 mm<\/b>\u00a0pozwala na solidne przykr\u0119cenie jej blisko kraw\u0119dzi blatu.<\/p>\n<p>Unikalny wygl\u0105d\u00a0<b>surowej szlifowanej stali<\/b>\u00a0zabezpieczony<b>\u00a0lakierem bezbarwnym proszkowym w po\u0142ysku.<\/b>\u00a0Pi\u0119knie si\u0119 mieni pod s\u0142o\u0144ce. Noga jest gotowa do przykr\u0119cenia.<\/p>\n<p><b>Ka\u017cda noga jest niepowtarzalna &#8211; r\u0119cznie obrabiana.<\/b><\/p>\n<p>Cena dotyczy 1 szt. nogi wraz z ko\u0144c\u00f3wk\u0105 zabezpieczaj\u0105c\u0105 pod\u0142og\u0119 przed rysowaniem.<\/p>\n<p><b>Profil 60 x 60 mm, \u015bcianka 2 mm grubo\u015bci.<\/b><\/p>\n<p>Noga wyr\u00f3\u017cnia si\u0119 niewidocznymi spawami, pog\u0142\u0119bionymi otworami, dzi\u0119ki kt\u00f3rym wkr\u0119ty monta\u017cowe chowaj\u0105 si\u0119 na r\u00f3wno z profilem oraz idealnie trzymaj\u0105 blat, wysok\u0105 jako\u015bci\u0105 wykonania oraz najlepszymi materia\u0142ami.<\/p>\n<p><b>Dane techniczne:<\/b><\/p>\n<ul>\n<li>kolor: stal surowa szlifowana &#8211; lakier po\u0142ysk,<\/li>\n<li><b>specjalistyczny bezbarwny lakier proszkowy,<\/b><\/li>\n<li>wysoko\u015b\u0107 72 cm,<\/li>\n<li>solidna blacha mocuj\u0105ca o grubo\u015bci a\u017c 4 mm o bokach d\u0142ugo\u015bci 120 mm,<\/li>\n<li>profil 60 x 60 mm z grub\u0105 2 mm \u015bciank\u0105 profila,<\/li>\n<li>ilo\u015b\u0107 otwor\u00f3w mocuj\u0105cych o \u015brednicy 5 mm: 4 szt.,<\/li>\n<li>ko\u0144c\u00f3wka zapobiegaj\u0105cych rysowanie pod\u0142ogi z tworzywa: 1 szt.<\/li>\n<\/ul>\n<p><b>Cechy szczeg\u00f3lne:<\/b><\/p>\n<ul>\n<li>ko\u0144ce profilu zako\u0144czone specjalnym tworzywem zapobiegaj\u0105cym rysowaniu pod\u0142ogi,<\/li>\n<li>niewidoczne spawy (\u0142\u0105czenia),<\/li>\n<li>fazowane i pog\u0142\u0119biane otwory pod wkr\u0119ty monta\u017cowe,<\/li>\n<li>r\u0119czne wykonanie w UE,<\/li>\n<li>kolor lakieru nie blaknie pod wp\u0142ywem czasu i promieni s\u0142onecznych,<\/li>\n<li>gruba blacha mocuj\u0105ca sprawia, \u017ce nogi s\u0105 bardzo stabilne,<\/li>\n<li>efektowny i nowoczesny wygl\u0105d,<\/li>\n<li>\u0142atwy w utrzymaniu czysto\u015bci,<\/li>\n<li>solidna i trwa\u0142a konstrukcja,<\/li>\n<li>bezpo\u015brednio od producenta.<\/li>\n<\/ul>\n<p><b>Stela\u017ce oraz pojedyncze nogi dost\u0119pne s\u0105 w r\u00f3\u017cnych rozmiarach, kszta\u0142tach, kolorach na naszych pozosta\u0142ych aukcjach. Jeste\u015bmy bezpo\u015brednim producentem n\u00f3g, ca\u0142ych sto\u0142\u00f3w, rega\u0142\u00f3w, blat\u00f3w d\u0119bowych itp. Mo\u017cemy wykona\u0107 produkt pod dowolny wymiar i projekt.<\/b><\/p>\n<p><b>Mo\u017cecie Pa\u0144stwo liczy\u0107 na fachowe doradztwo.<\/b><\/p>\n","protected":false},"featured_media":7672,"comment_status":"closed","ping_status":"open","template":"","meta":[],"product_brand":[],"product_cat":[82,80],"product_tag":[],"class_list":{"0":"post-8215","1":"product","2":"type-product","3":"status-publish","4":"has-post-thumbnail","6":"product_cat-nogi-do-stolow-kwadratowe-de","7":"product_cat-nogi-do-stolow-pojedyncze-de","9":"first","10":"instock","11":"purchasable","12":"product-type-simple"},"yoast_head":"<!-- This site is optimized with the Yoast SEO Premium plugin v25.6 (Yoast SEO v25.6) - https:\/\/yoast.com\/wordpress\/plugins\/seo\/ -->\n<title>Noga metalowa do sto\u0142u loft industrial 72 cm profil 60x60 Nowo\u015b\u0107 surowa szlifowana stal - STABLEDESK - Wysokiej jako\u015bci metalowe nogi do sto\u0142\u00f3w Made in Poland<\/title>\n<meta name=\"robots\" content=\"index, follow, max-snippet:-1, max-image-preview:large, max-video-preview:-1\" \/>\n<link rel=\"canonical\" href=\"https:\/\/stabledesk.eu\/de\/produkt\/noga-metalowa-do-stolu-loft-industrial-72-cm-profil-60x60-nowosc-surowa-szlifowana-stal\/\" \/>\n<meta property=\"og:locale\" content=\"de_DE\" \/>\n<meta property=\"og:type\" content=\"article\" \/>\n<meta property=\"og:title\" content=\"Noga metalowa do sto\u0142u loft industrial 72 cm profil 60x60 Nowo\u015b\u0107 surowa szlifowana stal\" \/>\n<meta property=\"og:description\" content=\"Nowo\u015b\u0107!\u00a0Noga prosta o kwadratowym przekroju w stylu loftowym, industrialnym do sto\u0142\u00f3w, stolik\u00f3w o wymiarach 72 cm wysoko\u015bci.\u00a0Kwadratowa szeroka podstawa o bokach 120 mm, grubo\u015bci 4 mm\u00a0pozwala na solidne przykr\u0119cenie jej blisko kraw\u0119dzi blatu. Unikalny wygl\u0105d\u00a0surowej szlifowanej stali\u00a0zabezpieczony\u00a0lakierem bezbarwnym proszkowym w po\u0142ysku.\u00a0Pi\u0119knie si\u0119 mieni pod s\u0142o\u0144ce. Noga jest gotowa do przykr\u0119cenia. Ka\u017cda noga jest niepowtarzalna - r\u0119cznie obrabiana. Cena dotyczy 1 szt. nogi wraz z ko\u0144c\u00f3wk\u0105 zabezpieczaj\u0105c\u0105 pod\u0142og\u0119 przed rysowaniem. Profil 60 x 60 mm, \u015bcianka 2 mm grubo\u015bci. Noga wyr\u00f3\u017cnia si\u0119 niewidocznymi spawami, pog\u0142\u0119bionymi otworami, dzi\u0119ki kt\u00f3rym wkr\u0119ty monta\u017cowe chowaj\u0105 si\u0119 na r\u00f3wno z profilem oraz idealnie trzymaj\u0105 blat, wysok\u0105 jako\u015bci\u0105 wykonania oraz najlepszymi materia\u0142ami. Dane techniczne:  kolor: stal surowa szlifowana - lakier po\u0142ysk,  specjalistyczny bezbarwny lakier proszkowy,  wysoko\u015b\u0107 72 cm,  solidna blacha mocuj\u0105ca o grubo\u015bci a\u017c 4 mm o bokach d\u0142ugo\u015bci 120 mm,  profil 60 x 60 mm z grub\u0105 2 mm \u015bciank\u0105 profila,  ilo\u015b\u0107 otwor\u00f3w mocuj\u0105cych o \u015brednicy 5 mm: 4 szt.,  ko\u0144c\u00f3wka zapobiegaj\u0105cych rysowanie pod\u0142ogi z tworzywa: 1 szt. Cechy szczeg\u00f3lne:  ko\u0144ce profilu zako\u0144czone specjalnym tworzywem zapobiegaj\u0105cym rysowaniu pod\u0142ogi,  niewidoczne spawy (\u0142\u0105czenia),  fazowane i pog\u0142\u0119biane otwory pod wkr\u0119ty monta\u017cowe,  r\u0119czne wykonanie w UE,  kolor lakieru nie blaknie pod wp\u0142ywem czasu i promieni s\u0142onecznych,  gruba blacha mocuj\u0105ca sprawia, \u017ce nogi s\u0105 bardzo stabilne,  efektowny i nowoczesny wygl\u0105d,  \u0142atwy w utrzymaniu czysto\u015bci,  solidna i trwa\u0142a konstrukcja,  bezpo\u015brednio od producenta. Stela\u017ce oraz pojedyncze nogi dost\u0119pne s\u0105 w r\u00f3\u017cnych rozmiarach, kszta\u0142tach, kolorach na naszych pozosta\u0142ych aukcjach. Jeste\u015bmy bezpo\u015brednim producentem n\u00f3g, ca\u0142ych sto\u0142\u00f3w, rega\u0142\u00f3w, blat\u00f3w d\u0119bowych itp. Mo\u017cemy wykona\u0107 produkt pod dowolny wymiar i projekt. Mo\u017cecie Pa\u0144stwo liczy\u0107 na fachowe doradztwo.\" \/>\n<meta property=\"og:url\" content=\"https:\/\/stabledesk.eu\/de\/produkt\/noga-metalowa-do-stolu-loft-industrial-72-cm-profil-60x60-nowosc-surowa-szlifowana-stal\/\" \/>\n<meta property=\"og:site_name\" content=\"STABLEDESK - Wysokiej jako\u015bci metalowe nogi do sto\u0142\u00f3w Made in Poland\" \/>\n<meta name=\"twitter:card\" content=\"summary_large_image\" \/>\n<meta name=\"twitter:label1\" content=\"Preis\" \/>\n\t<meta name=\"twitter:data1\" content=\"23,75&nbsp;&euro;\" \/>\n\t<meta name=\"twitter:label2\" content=\"Verf\u00fcgbarkeit\" \/>\n\t<meta name=\"twitter:data2\" content=\"Auf Lager\" \/>\n<script type=\"application\/ld+json\" class=\"yoast-schema-graph\">{\"@context\":\"https:\/\/schema.org\",\"@graph\":[{\"@type\":\"WebPage\",\"@id\":\"https:\/\/stabledesk.eu\/de\/produkt\/noga-metalowa-do-stolu-loft-industrial-72-cm-profil-60x60-nowosc-surowa-szlifowana-stal\/\",\"url\":\"https:\/\/stabledesk.eu\/de\/produkt\/noga-metalowa-do-stolu-loft-industrial-72-cm-profil-60x60-nowosc-surowa-szlifowana-stal\/\",\"name\":\"Noga metalowa do sto\u0142u loft industrial 72 cm profil 60x60 Nowo\u015b\u0107 surowa szlifowana stal - STABLEDESK - Wysokiej jako\u015bci metalowe nogi do sto\u0142\u00f3w Made in Poland\",\"isPartOf\":{\"@id\":\"https:\/\/stabledesk.eu\/#website\"},\"primaryImageOfPage\":{\"@id\":\"https:\/\/stabledesk.eu\/de\/produkt\/noga-metalowa-do-stolu-loft-industrial-72-cm-profil-60x60-nowosc-surowa-szlifowana-stal\/#primaryimage\"},\"image\":{\"@id\":\"https:\/\/stabledesk.eu\/de\/produkt\/noga-metalowa-do-stolu-loft-industrial-72-cm-profil-60x60-nowosc-surowa-szlifowana-stal\/#primaryimage\"},\"thumbnailUrl\":\"https:\/\/stabledesk.eu\/wp-content\/uploads\/2024\/10\/surowa_stal_pojedyncza_80.jpg\",\"datePublished\":\"2024-10-23T18:06:53+00:00\",\"breadcrumb\":{\"@id\":\"https:\/\/stabledesk.eu\/de\/produkt\/noga-metalowa-do-stolu-loft-industrial-72-cm-profil-60x60-nowosc-surowa-szlifowana-stal\/#breadcrumb\"},\"inLanguage\":\"de\",\"potentialAction\":[{\"@type\":\"ReadAction\",\"target\":[\"https:\/\/stabledesk.eu\/de\/produkt\/noga-metalowa-do-stolu-loft-industrial-72-cm-profil-60x60-nowosc-surowa-szlifowana-stal\/\"]}]},{\"@type\":\"ImageObject\",\"inLanguage\":\"de\",\"@id\":\"https:\/\/stabledesk.eu\/de\/produkt\/noga-metalowa-do-stolu-loft-industrial-72-cm-profil-60x60-nowosc-surowa-szlifowana-stal\/#primaryimage\",\"url\":\"https:\/\/stabledesk.eu\/wp-content\/uploads\/2024\/10\/surowa_stal_pojedyncza_80.jpg\",\"contentUrl\":\"https:\/\/stabledesk.eu\/wp-content\/uploads\/2024\/10\/surowa_stal_pojedyncza_80.jpg\",\"width\":1018,\"height\":2216},{\"@type\":\"BreadcrumbList\",\"@id\":\"https:\/\/stabledesk.eu\/de\/produkt\/noga-metalowa-do-stolu-loft-industrial-72-cm-profil-60x60-nowosc-surowa-szlifowana-stal\/#breadcrumb\",\"itemListElement\":[{\"@type\":\"ListItem\",\"position\":1,\"name\":\"Strona g\u0142\u00f3wna\",\"item\":\"https:\/\/stabledesk.eu\/de\/\"},{\"@type\":\"ListItem\",\"position\":2,\"name\":\"Shop\",\"item\":\"https:\/\/stabledesk.eu\/de\/shop\/\"},{\"@type\":\"ListItem\",\"position\":3,\"name\":\"Noga metalowa do sto\u0142u loft industrial 72 cm profil 60&#215;60 Nowo\u015b\u0107 surowa szlifowana stal\"}]},{\"@type\":\"WebSite\",\"@id\":\"https:\/\/stabledesk.eu\/#website\",\"url\":\"https:\/\/stabledesk.eu\/\",\"name\":\"STABLEDESK - Wysokiej jako\u015bci metalowe nogi do sto\u0142\u00f3w Made in Poland\",\"description\":\"STABLEDESK\",\"publisher\":{\"@id\":\"https:\/\/stabledesk.eu\/#organization\"},\"potentialAction\":[{\"@type\":\"SearchAction\",\"target\":{\"@type\":\"EntryPoint\",\"urlTemplate\":\"https:\/\/stabledesk.eu\/?s={search_term_string}\"},\"query-input\":{\"@type\":\"PropertyValueSpecification\",\"valueRequired\":true,\"valueName\":\"search_term_string\"}}],\"inLanguage\":\"de\"},{\"@type\":\"Organization\",\"@id\":\"https:\/\/stabledesk.eu\/#organization\",\"name\":\"STABLEDESK - Wysokiej jako\u015bci metalowe nogi do sto\u0142\u00f3w Made in Poland\",\"url\":\"https:\/\/stabledesk.eu\/\",\"logo\":{\"@type\":\"ImageObject\",\"inLanguage\":\"de\",\"@id\":\"https:\/\/stabledesk.eu\/#\/schema\/logo\/image\/\",\"url\":\"https:\/\/stabledesk.eu\/wp-content\/uploads\/2024\/10\/stabledesk-logo.png\",\"contentUrl\":\"https:\/\/stabledesk.eu\/wp-content\/uploads\/2024\/10\/stabledesk-logo.png\",\"width\":500,\"height\":129,\"caption\":\"STABLEDESK - Wysokiej jako\u015bci metalowe nogi do sto\u0142\u00f3w Made in Poland\"},\"image\":{\"@id\":\"https:\/\/stabledesk.eu\/#\/schema\/logo\/image\/\"},\"hasMerchantReturnPolicy\":{\"@type\":\"MerchantReturnPolicy\",\"merchantReturnLink\":\"https:\/\/stabledesk.eu\/zwroty\/\"}}]}<\/script>\n<meta property=\"product:price:amount\" content=\"23.75\" \/>\n<meta property=\"product:price:currency\" content=\"EUR\" \/>\n<meta property=\"og:availability\" content=\"instock\" \/>\n<meta property=\"product:availability\" content=\"instock\" \/>\n<meta property=\"product:retailer_item_id\" content=\"pkw60-1-s\" \/>\n<meta property=\"product:condition\" content=\"new\" \/>\n<!-- \/ Yoast SEO Premium plugin. -->","yoast_head_json":{"title":"Noga metalowa do sto\u0142u loft industrial 72 cm profil 60x60 Nowo\u015b\u0107 surowa szlifowana stal - STABLEDESK - Wysokiej jako\u015bci metalowe nogi do sto\u0142\u00f3w Made in Poland","robots":{"index":"index","follow":"follow","max-snippet":"max-snippet:-1","max-image-preview":"max-image-preview:large","max-video-preview":"max-video-preview:-1"},"canonical":"https:\/\/stabledesk.eu\/de\/produkt\/noga-metalowa-do-stolu-loft-industrial-72-cm-profil-60x60-nowosc-surowa-szlifowana-stal\/","og_locale":"de_DE","og_type":"article","og_title":"Noga metalowa do sto\u0142u loft industrial 72 cm profil 60x60 Nowo\u015b\u0107 surowa szlifowana stal","og_description":"Nowo\u015b\u0107!\u00a0Noga prosta o kwadratowym przekroju w stylu loftowym, industrialnym do sto\u0142\u00f3w, stolik\u00f3w o wymiarach 72 cm wysoko\u015bci.\u00a0Kwadratowa szeroka podstawa o bokach 120 mm, grubo\u015bci 4 mm\u00a0pozwala na solidne przykr\u0119cenie jej blisko kraw\u0119dzi blatu. Unikalny wygl\u0105d\u00a0surowej szlifowanej stali\u00a0zabezpieczony\u00a0lakierem bezbarwnym proszkowym w po\u0142ysku.\u00a0Pi\u0119knie si\u0119 mieni pod s\u0142o\u0144ce. Noga jest gotowa do przykr\u0119cenia. Ka\u017cda noga jest niepowtarzalna - r\u0119cznie obrabiana. Cena dotyczy 1 szt. nogi wraz z ko\u0144c\u00f3wk\u0105 zabezpieczaj\u0105c\u0105 pod\u0142og\u0119 przed rysowaniem. Profil 60 x 60 mm, \u015bcianka 2 mm grubo\u015bci. Noga wyr\u00f3\u017cnia si\u0119 niewidocznymi spawami, pog\u0142\u0119bionymi otworami, dzi\u0119ki kt\u00f3rym wkr\u0119ty monta\u017cowe chowaj\u0105 si\u0119 na r\u00f3wno z profilem oraz idealnie trzymaj\u0105 blat, wysok\u0105 jako\u015bci\u0105 wykonania oraz najlepszymi materia\u0142ami. Dane techniczne:  kolor: stal surowa szlifowana - lakier po\u0142ysk,  specjalistyczny bezbarwny lakier proszkowy,  wysoko\u015b\u0107 72 cm,  solidna blacha mocuj\u0105ca o grubo\u015bci a\u017c 4 mm o bokach d\u0142ugo\u015bci 120 mm,  profil 60 x 60 mm z grub\u0105 2 mm \u015bciank\u0105 profila,  ilo\u015b\u0107 otwor\u00f3w mocuj\u0105cych o \u015brednicy 5 mm: 4 szt.,  ko\u0144c\u00f3wka zapobiegaj\u0105cych rysowanie pod\u0142ogi z tworzywa: 1 szt. Cechy szczeg\u00f3lne:  ko\u0144ce profilu zako\u0144czone specjalnym tworzywem zapobiegaj\u0105cym rysowaniu pod\u0142ogi,  niewidoczne spawy (\u0142\u0105czenia),  fazowane i pog\u0142\u0119biane otwory pod wkr\u0119ty monta\u017cowe,  r\u0119czne wykonanie w UE,  kolor lakieru nie blaknie pod wp\u0142ywem czasu i promieni s\u0142onecznych,  gruba blacha mocuj\u0105ca sprawia, \u017ce nogi s\u0105 bardzo stabilne,  efektowny i nowoczesny wygl\u0105d,  \u0142atwy w utrzymaniu czysto\u015bci,  solidna i trwa\u0142a konstrukcja,  bezpo\u015brednio od producenta. Stela\u017ce oraz pojedyncze nogi dost\u0119pne s\u0105 w r\u00f3\u017cnych rozmiarach, kszta\u0142tach, kolorach na naszych pozosta\u0142ych aukcjach. Jeste\u015bmy bezpo\u015brednim producentem n\u00f3g, ca\u0142ych sto\u0142\u00f3w, rega\u0142\u00f3w, blat\u00f3w d\u0119bowych itp. Mo\u017cemy wykona\u0107 produkt pod dowolny wymiar i projekt. Mo\u017cecie Pa\u0144stwo liczy\u0107 na fachowe doradztwo.","og_url":"https:\/\/stabledesk.eu\/de\/produkt\/noga-metalowa-do-stolu-loft-industrial-72-cm-profil-60x60-nowosc-surowa-szlifowana-stal\/","og_site_name":"STABLEDESK - Wysokiej jako\u015bci metalowe nogi do sto\u0142\u00f3w Made in Poland","twitter_card":"summary_large_image","twitter_misc":{"Preis":"23,75&nbsp;&euro;","Verf\u00fcgbarkeit":"Auf Lager"},"schema":{"@context":"https:\/\/schema.org","@graph":[{"@type":"WebPage","@id":"https:\/\/stabledesk.eu\/de\/produkt\/noga-metalowa-do-stolu-loft-industrial-72-cm-profil-60x60-nowosc-surowa-szlifowana-stal\/","url":"https:\/\/stabledesk.eu\/de\/produkt\/noga-metalowa-do-stolu-loft-industrial-72-cm-profil-60x60-nowosc-surowa-szlifowana-stal\/","name":"Noga metalowa do sto\u0142u loft industrial 72 cm profil 60x60 Nowo\u015b\u0107 surowa szlifowana stal - STABLEDESK - Wysokiej jako\u015bci metalowe nogi do sto\u0142\u00f3w Made in Poland","isPartOf":{"@id":"https:\/\/stabledesk.eu\/#website"},"primaryImageOfPage":{"@id":"https:\/\/stabledesk.eu\/de\/produkt\/noga-metalowa-do-stolu-loft-industrial-72-cm-profil-60x60-nowosc-surowa-szlifowana-stal\/#primaryimage"},"image":{"@id":"https:\/\/stabledesk.eu\/de\/produkt\/noga-metalowa-do-stolu-loft-industrial-72-cm-profil-60x60-nowosc-surowa-szlifowana-stal\/#primaryimage"},"thumbnailUrl":"https:\/\/stabledesk.eu\/wp-content\/uploads\/2024\/10\/surowa_stal_pojedyncza_80.jpg","datePublished":"2024-10-23T18:06:53+00:00","breadcrumb":{"@id":"https:\/\/stabledesk.eu\/de\/produkt\/noga-metalowa-do-stolu-loft-industrial-72-cm-profil-60x60-nowosc-surowa-szlifowana-stal\/#breadcrumb"},"inLanguage":"de","potentialAction":[{"@type":"ReadAction","target":["https:\/\/stabledesk.eu\/de\/produkt\/noga-metalowa-do-stolu-loft-industrial-72-cm-profil-60x60-nowosc-surowa-szlifowana-stal\/"]}]},{"@type":"ImageObject","inLanguage":"de","@id":"https:\/\/stabledesk.eu\/de\/produkt\/noga-metalowa-do-stolu-loft-industrial-72-cm-profil-60x60-nowosc-surowa-szlifowana-stal\/#primaryimage","url":"https:\/\/stabledesk.eu\/wp-content\/uploads\/2024\/10\/surowa_stal_pojedyncza_80.jpg","contentUrl":"https:\/\/stabledesk.eu\/wp-content\/uploads\/2024\/10\/surowa_stal_pojedyncza_80.jpg","width":1018,"height":2216},{"@type":"BreadcrumbList","@id":"https:\/\/stabledesk.eu\/de\/produkt\/noga-metalowa-do-stolu-loft-industrial-72-cm-profil-60x60-nowosc-surowa-szlifowana-stal\/#breadcrumb","itemListElement":[{"@type":"ListItem","position":1,"name":"Strona g\u0142\u00f3wna","item":"https:\/\/stabledesk.eu\/de\/"},{"@type":"ListItem","position":2,"name":"Shop","item":"https:\/\/stabledesk.eu\/de\/shop\/"},{"@type":"ListItem","position":3,"name":"Noga metalowa do sto\u0142u loft industrial 72 cm profil 60&#215;60 Nowo\u015b\u0107 surowa szlifowana stal"}]},{"@type":"WebSite","@id":"https:\/\/stabledesk.eu\/#website","url":"https:\/\/stabledesk.eu\/","name":"STABLEDESK - Wysokiej jako\u015bci metalowe nogi do sto\u0142\u00f3w Made in Poland","description":"STABLEDESK","publisher":{"@id":"https:\/\/stabledesk.eu\/#organization"},"potentialAction":[{"@type":"SearchAction","target":{"@type":"EntryPoint","urlTemplate":"https:\/\/stabledesk.eu\/?s={search_term_string}"},"query-input":{"@type":"PropertyValueSpecification","valueRequired":true,"valueName":"search_term_string"}}],"inLanguage":"de"},{"@type":"Organization","@id":"https:\/\/stabledesk.eu\/#organization","name":"STABLEDESK - Wysokiej jako\u015bci metalowe nogi do sto\u0142\u00f3w Made in Poland","url":"https:\/\/stabledesk.eu\/","logo":{"@type":"ImageObject","inLanguage":"de","@id":"https:\/\/stabledesk.eu\/#\/schema\/logo\/image\/","url":"https:\/\/stabledesk.eu\/wp-content\/uploads\/2024\/10\/stabledesk-logo.png","contentUrl":"https:\/\/stabledesk.eu\/wp-content\/uploads\/2024\/10\/stabledesk-logo.png","width":500,"height":129,"caption":"STABLEDESK - Wysokiej jako\u015bci metalowe nogi do sto\u0142\u00f3w Made in Poland"},"image":{"@id":"https:\/\/stabledesk.eu\/#\/schema\/logo\/image\/"},"hasMerchantReturnPolicy":{"@type":"MerchantReturnPolicy","merchantReturnLink":"https:\/\/stabledesk.eu\/zwroty\/"}}]},"product_price_amount":"23.75","product_price_currency":"EUR","og_availability":"instock","product_availability":"instock","product_retailer_item_id":"pkw60-1-s","product_condition":"new"},"_links":{"self":[{"href":"https:\/\/stabledesk.eu\/de\/wp-json\/wp\/v2\/product\/8215","targetHints":{"allow":["GET"]}}],"collection":[{"href":"https:\/\/stabledesk.eu\/de\/wp-json\/wp\/v2\/product"}],"about":[{"href":"https:\/\/stabledesk.eu\/de\/wp-json\/wp\/v2\/types\/product"}],"replies":[{"embeddable":true,"href":"https:\/\/stabledesk.eu\/de\/wp-json\/wp\/v2\/comments?post=8215"}],"wp:featuredmedia":[{"embeddable":true,"href":"https:\/\/stabledesk.eu\/de\/wp-json\/wp\/v2\/media\/7672"}],"wp:attachment":[{"href":"https:\/\/stabledesk.eu\/de\/wp-json\/wp\/v2\/media?parent=8215"}],"wp:term":[{"taxonomy":"product_brand","embeddable":true,"href":"https:\/\/stabledesk.eu\/de\/wp-json\/wp\/v2\/product_brand?post=8215"},{"taxonomy":"product_cat","embeddable":true,"href":"https:\/\/stabledesk.eu\/de\/wp-json\/wp\/v2\/product_cat?post=8215"},{"taxonomy":"product_tag","embeddable":true,"href":"https:\/\/stabledesk.eu\/de\/wp-json\/wp\/v2\/product_tag?post=8215"}],"curies":[{"name":"wp","href":"https:\/\/api.w.org\/{rel}","templated":true}]}}