{"id":8161,"date":"2024-10-23T20:09:24","date_gmt":"2024-10-23T18:09:24","guid":{"rendered":"https:\/\/stabledesk.eu\/produkt\/stol-debowy-140x80-cm-z-metalowymi-nogami-4cm-grubosci\/"},"modified":"2024-10-23T20:09:24","modified_gmt":"2024-10-23T18:09:24","slug":"stol-debowy-140x80-cm-z-metalowymi-nogami-4cm-grubosci","status":"publish","type":"product","link":"https:\/\/stabledesk.eu\/de\/produkt\/stol-debowy-140x80-cm-z-metalowymi-nogami-4cm-grubosci\/","title":{"rendered":"St\u00f3\u0142 d\u0119bowy 140&#215;80 cm z metalowymi nogami 4cm grubo\u015bci"},"content":{"rendered":"","protected":false},"excerpt":{"rendered":"","protected":false},"featured_media":7941,"comment_status":"closed","ping_status":"open","template":"","meta":[],"product_brand":[],"product_cat":[90,91],"product_tag":[],"class_list":{"0":"post-8161","1":"product","2":"type-product","3":"status-publish","4":"has-post-thumbnail","6":"product_cat-meble-de","7":"product_cat-stoly-drewniane-de","9":"first","10":"instock","11":"purchasable","12":"product-type-simple"},"yoast_head":"<!-- This site is optimized with the Yoast SEO Premium plugin v25.6 (Yoast SEO v25.6) - https:\/\/yoast.com\/wordpress\/plugins\/seo\/ -->\n<title>St\u00f3\u0142 d\u0119bowy 140x80 cm z metalowymi nogami 4cm grubo\u015bci - STABLEDESK - Wysokiej jako\u015bci metalowe nogi do sto\u0142\u00f3w Made in Poland<\/title>\n<meta name=\"robots\" content=\"index, follow, max-snippet:-1, max-image-preview:large, max-video-preview:-1\" \/>\n<link rel=\"canonical\" href=\"https:\/\/stabledesk.eu\/de\/produkt\/stol-debowy-140x80-cm-z-metalowymi-nogami-4cm-grubosci\/\" \/>\n<meta property=\"og:locale\" content=\"de_DE\" \/>\n<meta property=\"og:type\" content=\"article\" \/>\n<meta property=\"og:title\" content=\"St\u00f3\u0142 d\u0119bowy 140x80 cm z metalowymi nogami 4cm grubo\u015bci\" \/>\n<meta property=\"og:url\" content=\"https:\/\/stabledesk.eu\/de\/produkt\/stol-debowy-140x80-cm-z-metalowymi-nogami-4cm-grubosci\/\" \/>\n<meta property=\"og:site_name\" content=\"STABLEDESK - Wysokiej jako\u015bci metalowe nogi do sto\u0142\u00f3w Made in Poland\" \/>\n<meta name=\"twitter:card\" content=\"summary_large_image\" \/>\n<meta name=\"twitter:label1\" content=\"Preis\" \/>\n\t<meta name=\"twitter:data1\" content=\"400,00&nbsp;&euro;\" \/>\n\t<meta name=\"twitter:label2\" content=\"Verf\u00fcgbarkeit\" \/>\n\t<meta name=\"twitter:data2\" content=\"Auf Lager\" \/>\n<script type=\"application\/ld+json\" class=\"yoast-schema-graph\">{\"@context\":\"https:\/\/schema.org\",\"@graph\":[{\"@type\":\"WebPage\",\"@id\":\"https:\/\/stabledesk.eu\/de\/produkt\/stol-debowy-140x80-cm-z-metalowymi-nogami-4cm-grubosci\/\",\"url\":\"https:\/\/stabledesk.eu\/de\/produkt\/stol-debowy-140x80-cm-z-metalowymi-nogami-4cm-grubosci\/\",\"name\":\"St\u00f3\u0142 d\u0119bowy 140x80 cm z metalowymi nogami 4cm grubo\u015bci - STABLEDESK - Wysokiej jako\u015bci metalowe nogi do sto\u0142\u00f3w Made in Poland\",\"isPartOf\":{\"@id\":\"https:\/\/stabledesk.eu\/#website\"},\"primaryImageOfPage\":{\"@id\":\"https:\/\/stabledesk.eu\/de\/produkt\/stol-debowy-140x80-cm-z-metalowymi-nogami-4cm-grubosci\/#primaryimage\"},\"image\":{\"@id\":\"https:\/\/stabledesk.eu\/de\/produkt\/stol-debowy-140x80-cm-z-metalowymi-nogami-4cm-grubosci\/#primaryimage\"},\"thumbnailUrl\":\"https:\/\/stabledesk.eu\/wp-content\/uploads\/2024\/10\/stol-do-kuchni-debowy-2.jpg\",\"datePublished\":\"2024-10-23T18:09:24+00:00\",\"breadcrumb\":{\"@id\":\"https:\/\/stabledesk.eu\/de\/produkt\/stol-debowy-140x80-cm-z-metalowymi-nogami-4cm-grubosci\/#breadcrumb\"},\"inLanguage\":\"de\",\"potentialAction\":[{\"@type\":\"ReadAction\",\"target\":[\"https:\/\/stabledesk.eu\/de\/produkt\/stol-debowy-140x80-cm-z-metalowymi-nogami-4cm-grubosci\/\"]}]},{\"@type\":\"ImageObject\",\"inLanguage\":\"de\",\"@id\":\"https:\/\/stabledesk.eu\/de\/produkt\/stol-debowy-140x80-cm-z-metalowymi-nogami-4cm-grubosci\/#primaryimage\",\"url\":\"https:\/\/stabledesk.eu\/wp-content\/uploads\/2024\/10\/stol-do-kuchni-debowy-2.jpg\",\"contentUrl\":\"https:\/\/stabledesk.eu\/wp-content\/uploads\/2024\/10\/stol-do-kuchni-debowy-2.jpg\",\"width\":2000,\"height\":1576},{\"@type\":\"BreadcrumbList\",\"@id\":\"https:\/\/stabledesk.eu\/de\/produkt\/stol-debowy-140x80-cm-z-metalowymi-nogami-4cm-grubosci\/#breadcrumb\",\"itemListElement\":[{\"@type\":\"ListItem\",\"position\":1,\"name\":\"Strona g\u0142\u00f3wna\",\"item\":\"https:\/\/stabledesk.eu\/de\/\"},{\"@type\":\"ListItem\",\"position\":2,\"name\":\"Shop\",\"item\":\"https:\/\/stabledesk.eu\/de\/shop\/\"},{\"@type\":\"ListItem\",\"position\":3,\"name\":\"St\u00f3\u0142 d\u0119bowy 140&#215;80 cm z metalowymi nogami 4cm grubo\u015bci\"}]},{\"@type\":\"WebSite\",\"@id\":\"https:\/\/stabledesk.eu\/#website\",\"url\":\"https:\/\/stabledesk.eu\/\",\"name\":\"STABLEDESK - Wysokiej jako\u015bci metalowe nogi do sto\u0142\u00f3w Made in Poland\",\"description\":\"STABLEDESK\",\"publisher\":{\"@id\":\"https:\/\/stabledesk.eu\/#organization\"},\"potentialAction\":[{\"@type\":\"SearchAction\",\"target\":{\"@type\":\"EntryPoint\",\"urlTemplate\":\"https:\/\/stabledesk.eu\/?s={search_term_string}\"},\"query-input\":{\"@type\":\"PropertyValueSpecification\",\"valueRequired\":true,\"valueName\":\"search_term_string\"}}],\"inLanguage\":\"de\"},{\"@type\":\"Organization\",\"@id\":\"https:\/\/stabledesk.eu\/#organization\",\"name\":\"STABLEDESK - Wysokiej jako\u015bci metalowe nogi do sto\u0142\u00f3w Made in Poland\",\"url\":\"https:\/\/stabledesk.eu\/\",\"logo\":{\"@type\":\"ImageObject\",\"inLanguage\":\"de\",\"@id\":\"https:\/\/stabledesk.eu\/#\/schema\/logo\/image\/\",\"url\":\"https:\/\/stabledesk.eu\/wp-content\/uploads\/2024\/10\/stabledesk-logo.png\",\"contentUrl\":\"https:\/\/stabledesk.eu\/wp-content\/uploads\/2024\/10\/stabledesk-logo.png\",\"width\":500,\"height\":129,\"caption\":\"STABLEDESK - Wysokiej jako\u015bci metalowe nogi do sto\u0142\u00f3w Made in Poland\"},\"image\":{\"@id\":\"https:\/\/stabledesk.eu\/#\/schema\/logo\/image\/\"},\"hasMerchantReturnPolicy\":{\"@type\":\"MerchantReturnPolicy\",\"merchantReturnLink\":\"https:\/\/stabledesk.eu\/zwroty\/\"}}]}<\/script>\n<meta property=\"product:price:amount\" content=\"400.00\" \/>\n<meta property=\"product:price:currency\" content=\"EUR\" \/>\n<meta property=\"og:availability\" content=\"instock\" \/>\n<meta property=\"product:availability\" content=\"instock\" \/>\n<meta property=\"product:retailer_item_id\" content=\"stol-dab-140x80-1\" \/>\n<meta property=\"product:condition\" content=\"new\" \/>\n<!-- \/ Yoast SEO Premium plugin. -->","yoast_head_json":{"title":"St\u00f3\u0142 d\u0119bowy 140x80 cm z metalowymi nogami 4cm grubo\u015bci - STABLEDESK - Wysokiej jako\u015bci metalowe nogi do sto\u0142\u00f3w Made in Poland","robots":{"index":"index","follow":"follow","max-snippet":"max-snippet:-1","max-image-preview":"max-image-preview:large","max-video-preview":"max-video-preview:-1"},"canonical":"https:\/\/stabledesk.eu\/de\/produkt\/stol-debowy-140x80-cm-z-metalowymi-nogami-4cm-grubosci\/","og_locale":"de_DE","og_type":"article","og_title":"St\u00f3\u0142 d\u0119bowy 140x80 cm z metalowymi nogami 4cm grubo\u015bci","og_url":"https:\/\/stabledesk.eu\/de\/produkt\/stol-debowy-140x80-cm-z-metalowymi-nogami-4cm-grubosci\/","og_site_name":"STABLEDESK - Wysokiej jako\u015bci metalowe nogi do sto\u0142\u00f3w Made in Poland","twitter_card":"summary_large_image","twitter_misc":{"Preis":"400,00&nbsp;&euro;","Verf\u00fcgbarkeit":"Auf Lager"},"schema":{"@context":"https:\/\/schema.org","@graph":[{"@type":"WebPage","@id":"https:\/\/stabledesk.eu\/de\/produkt\/stol-debowy-140x80-cm-z-metalowymi-nogami-4cm-grubosci\/","url":"https:\/\/stabledesk.eu\/de\/produkt\/stol-debowy-140x80-cm-z-metalowymi-nogami-4cm-grubosci\/","name":"St\u00f3\u0142 d\u0119bowy 140x80 cm z metalowymi nogami 4cm grubo\u015bci - STABLEDESK - Wysokiej jako\u015bci metalowe nogi do sto\u0142\u00f3w Made in Poland","isPartOf":{"@id":"https:\/\/stabledesk.eu\/#website"},"primaryImageOfPage":{"@id":"https:\/\/stabledesk.eu\/de\/produkt\/stol-debowy-140x80-cm-z-metalowymi-nogami-4cm-grubosci\/#primaryimage"},"image":{"@id":"https:\/\/stabledesk.eu\/de\/produkt\/stol-debowy-140x80-cm-z-metalowymi-nogami-4cm-grubosci\/#primaryimage"},"thumbnailUrl":"https:\/\/stabledesk.eu\/wp-content\/uploads\/2024\/10\/stol-do-kuchni-debowy-2.jpg","datePublished":"2024-10-23T18:09:24+00:00","breadcrumb":{"@id":"https:\/\/stabledesk.eu\/de\/produkt\/stol-debowy-140x80-cm-z-metalowymi-nogami-4cm-grubosci\/#breadcrumb"},"inLanguage":"de","potentialAction":[{"@type":"ReadAction","target":["https:\/\/stabledesk.eu\/de\/produkt\/stol-debowy-140x80-cm-z-metalowymi-nogami-4cm-grubosci\/"]}]},{"@type":"ImageObject","inLanguage":"de","@id":"https:\/\/stabledesk.eu\/de\/produkt\/stol-debowy-140x80-cm-z-metalowymi-nogami-4cm-grubosci\/#primaryimage","url":"https:\/\/stabledesk.eu\/wp-content\/uploads\/2024\/10\/stol-do-kuchni-debowy-2.jpg","contentUrl":"https:\/\/stabledesk.eu\/wp-content\/uploads\/2024\/10\/stol-do-kuchni-debowy-2.jpg","width":2000,"height":1576},{"@type":"BreadcrumbList","@id":"https:\/\/stabledesk.eu\/de\/produkt\/stol-debowy-140x80-cm-z-metalowymi-nogami-4cm-grubosci\/#breadcrumb","itemListElement":[{"@type":"ListItem","position":1,"name":"Strona g\u0142\u00f3wna","item":"https:\/\/stabledesk.eu\/de\/"},{"@type":"ListItem","position":2,"name":"Shop","item":"https:\/\/stabledesk.eu\/de\/shop\/"},{"@type":"ListItem","position":3,"name":"St\u00f3\u0142 d\u0119bowy 140&#215;80 cm z metalowymi nogami 4cm grubo\u015bci"}]},{"@type":"WebSite","@id":"https:\/\/stabledesk.eu\/#website","url":"https:\/\/stabledesk.eu\/","name":"STABLEDESK - Wysokiej jako\u015bci metalowe nogi do sto\u0142\u00f3w Made in Poland","description":"STABLEDESK","publisher":{"@id":"https:\/\/stabledesk.eu\/#organization"},"potentialAction":[{"@type":"SearchAction","target":{"@type":"EntryPoint","urlTemplate":"https:\/\/stabledesk.eu\/?s={search_term_string}"},"query-input":{"@type":"PropertyValueSpecification","valueRequired":true,"valueName":"search_term_string"}}],"inLanguage":"de"},{"@type":"Organization","@id":"https:\/\/stabledesk.eu\/#organization","name":"STABLEDESK - Wysokiej jako\u015bci metalowe nogi do sto\u0142\u00f3w Made in Poland","url":"https:\/\/stabledesk.eu\/","logo":{"@type":"ImageObject","inLanguage":"de","@id":"https:\/\/stabledesk.eu\/#\/schema\/logo\/image\/","url":"https:\/\/stabledesk.eu\/wp-content\/uploads\/2024\/10\/stabledesk-logo.png","contentUrl":"https:\/\/stabledesk.eu\/wp-content\/uploads\/2024\/10\/stabledesk-logo.png","width":500,"height":129,"caption":"STABLEDESK - Wysokiej jako\u015bci metalowe nogi do sto\u0142\u00f3w Made in Poland"},"image":{"@id":"https:\/\/stabledesk.eu\/#\/schema\/logo\/image\/"},"hasMerchantReturnPolicy":{"@type":"MerchantReturnPolicy","merchantReturnLink":"https:\/\/stabledesk.eu\/zwroty\/"}}]},"product_price_amount":"400.00","product_price_currency":"EUR","og_availability":"instock","product_availability":"instock","product_retailer_item_id":"stol-dab-140x80-1","product_condition":"new"},"_links":{"self":[{"href":"https:\/\/stabledesk.eu\/de\/wp-json\/wp\/v2\/product\/8161","targetHints":{"allow":["GET"]}}],"collection":[{"href":"https:\/\/stabledesk.eu\/de\/wp-json\/wp\/v2\/product"}],"about":[{"href":"https:\/\/stabledesk.eu\/de\/wp-json\/wp\/v2\/types\/product"}],"replies":[{"embeddable":true,"href":"https:\/\/stabledesk.eu\/de\/wp-json\/wp\/v2\/comments?post=8161"}],"wp:featuredmedia":[{"embeddable":true,"href":"https:\/\/stabledesk.eu\/de\/wp-json\/wp\/v2\/media\/7941"}],"wp:attachment":[{"href":"https:\/\/stabledesk.eu\/de\/wp-json\/wp\/v2\/media?parent=8161"}],"wp:term":[{"taxonomy":"product_brand","embeddable":true,"href":"https:\/\/stabledesk.eu\/de\/wp-json\/wp\/v2\/product_brand?post=8161"},{"taxonomy":"product_cat","embeddable":true,"href":"https:\/\/stabledesk.eu\/de\/wp-json\/wp\/v2\/product_cat?post=8161"},{"taxonomy":"product_tag","embeddable":true,"href":"https:\/\/stabledesk.eu\/de\/wp-json\/wp\/v2\/product_tag?post=8161"}],"curies":[{"name":"wp","href":"https:\/\/api.w.org\/{rel}","templated":true}]}}