{"id":8153,"date":"2024-10-23T20:09:24","date_gmt":"2024-10-23T18:09:24","guid":{"rendered":"https:\/\/stabledesk.eu\/produkt\/noga-metalowa-do-stolu-z-regulacja-wysokosci-44-cm-profil-50x50-1-szt-loft-industrial\/"},"modified":"2024-10-23T20:09:24","modified_gmt":"2024-10-23T18:09:24","slug":"noga-metalowa-do-stolu-z-regulacja-wysokosci-44-cm-profil-50x50-1-szt-loft-industrial","status":"publish","type":"product","link":"https:\/\/stabledesk.eu\/de\/produkt\/noga-metalowa-do-stolu-z-regulacja-wysokosci-44-cm-profil-50x50-1-szt-loft-industrial\/","title":{"rendered":"Noga metalowa do sto\u0142u z regulacj\u0105 wysoko\u015bci 44 cm profil 50&#215;50 1 szt. loft industrial"},"content":{"rendered":"<p>Noga prosta z\u00a0<strong>REGULACJ\u0104 WYSOKO\u015aCI<\/strong> o kwadratowym przekroju w stylu loftowym, industrialnym do sto\u0142\u00f3w, stolik\u00f3w o <strong>wymiarach 44,2 cm wysoko\u015bci.<\/strong> Kwadratowa <strong>szeroka podstawa o bokach 110 mm, grubo\u015bci 3 mm<\/strong> pozwala na solidne przykr\u0119cenie jej blisko kraw\u0119dzi blatu.<\/p>\n<p>Cena dotyczy 1 szt. nogi z regulacj\u0105 wysoko\u015bci wraz z ko\u0144c\u00f3wk\u0105 z tworzywa zabezpieczaj\u0105c\u0105 pod\u0142og\u0119 przed rysowaniem.<\/p>\n<p><strong>Profil 50 x 50 mm, \u015bcianka 2 mm grubo\u015bci. Noga posiada regulacj\u0119 wysoko\u015bci +50mm. Dzi\u0119ki temu mo\u017cna w \u0142atwy i szybki spos\u00f3b wypoziomowa\u0107 st\u00f3\u0142.<\/strong><\/p>\n<p>Noga wyr\u00f3\u017cnia si\u0119 niewidocznymi spawami, gotowymi otworami, dzi\u0119ki kt\u00f3rym wkr\u0119ty monta\u017cowe idealnie trzymaj\u0105 blat, wysok\u0105 jako\u015bci\u0105 wykonania oraz najlepszymi materia\u0142ami.<\/p>\n<p><strong>Dane techniczne:<\/strong><\/p>\n<ul>\n<li>kolor: czarna delikatna struktura (matowy, chropowaty),<\/li>\n<li>specjalistyczny lakier proszkowy,<\/li>\n<li>wysoko\u015b\u0107 44,2 cm,<\/li>\n<li>regulacja wysoko\u015bci +50 mm,<\/li>\n<li>solidna blacha mocuj\u0105ca o grubo\u015bci a\u017c 3 mm o bokach d\u0142ugo\u015bci 110 mm,<\/li>\n<li>profil 50 x 50 mm, z grub\u0105 2mm \u015bciank\u0105 profila,<\/li>\n<li>ilo\u015b\u0107 otwor\u00f3w mocuj\u0105cych o \u015brednicy 7 mm: 4 szt.,<\/li>\n<\/ul>\n<p><strong>Cechy szczeg\u00f3lne:<\/strong><\/p>\n<ul>\n<li>ko\u0144c\u00f3wka regulacyjna zako\u0144czona tworzywem zapobiegaj\u0105cym rysowaniu pod\u0142ogi,<\/li>\n<li>niewidoczne spawy (\u0142\u0105czenia),<\/li>\n<li>otwory pod wkr\u0119ty monta\u017cowe,<\/li>\n<li>wyprodukowano w Polsce,<\/li>\n<li>kolor lakieru nie blaknie pod wp\u0142ywem czasu i promieni s\u0142onecznych,<\/li>\n<li>gruba blacha mocuj\u0105ca sprawia, \u017ce nogi s\u0105 bardzo stabilne,<\/li>\n<li>efektowny i nowoczesny wygl\u0105d,<\/li>\n<li>\u0142atwy w utrzymaniu czysto\u015bci,<\/li>\n<li>solidna i trwa\u0142a konstrukcja,<\/li>\n<li>rok gwarancji,<\/li>\n<li>bezpo\u015brednio od producenta.<\/li>\n<\/ul>\n<p>Nogi dost\u0119pne s\u0105 w r\u00f3\u017cnych rozmiarach, kszta\u0142tach, kolorach na naszych pozosta\u0142ych aukcjach. Jeste\u015bmy bezpo\u015brednim producentem n\u00f3g, ca\u0142ych sto\u0142\u00f3w, rega\u0142\u00f3w itp. Mo\u017cemy wykona\u0107 produkt pod dowolny wymiar i projekt.<\/p>\n<p>Jeste\u015bmy producentem, dlatego do ka\u017cdej realizacji podchodzimy indywidualnie.<\/p>\n","protected":false},"excerpt":{"rendered":"<p>Noga prosta z\u00a0<strong>REGULACJ\u0104 WYSOKO\u015aCI<\/strong> o kwadratowym przekroju w stylu loftowym, industrialnym do sto\u0142\u00f3w, stolik\u00f3w o <strong>wymiarach 44,2 cm wysoko\u015bci.<\/strong> Kwadratowa <strong>szeroka podstawa o bokach 110 mm, grubo\u015bci 3 mm<\/strong> pozwala na solidne przykr\u0119cenie jej blisko kraw\u0119dzi blatu.<\/p>\n<p>Cena dotyczy 1 szt. nogi z regulacj\u0105 wysoko\u015bci wraz z ko\u0144c\u00f3wk\u0105 z tworzywa zabezpieczaj\u0105c\u0105 pod\u0142og\u0119 przed rysowaniem.<\/p>\n<p><strong>Profil 50 x 50 mm, \u015bcianka 2 mm grubo\u015bci. Noga posiada regulacj\u0119 wysoko\u015bci +50mm. Dzi\u0119ki temu mo\u017cna w \u0142atwy i szybki spos\u00f3b wypoziomowa\u0107 st\u00f3\u0142.<\/strong><\/p>\n<p>Noga wyr\u00f3\u017cnia si\u0119 niewidocznymi spawami, gotowymi otworami, dzi\u0119ki kt\u00f3rym wkr\u0119ty monta\u017cowe idealnie trzymaj\u0105 blat, wysok\u0105 jako\u015bci\u0105 wykonania oraz najlepszymi materia\u0142ami.<\/p>\n<p><strong>Dane techniczne:<\/strong><\/p>\n<ul>\n<li>kolor: czarna delikatna struktura (matowy, chropowaty),<\/li>\n<li>specjalistyczny lakier proszkowy,<\/li>\n<li>wysoko\u015b\u0107 44,2 cm,<\/li>\n<li>regulacja wysoko\u015bci +50 mm,<\/li>\n<li>solidna blacha mocuj\u0105ca o grubo\u015bci a\u017c 3 mm o bokach d\u0142ugo\u015bci 110 mm,<\/li>\n<li>profil 50 x 50 mm, z grub\u0105 2mm \u015bciank\u0105 profila,<\/li>\n<li>ilo\u015b\u0107 otwor\u00f3w mocuj\u0105cych o \u015brednicy 7 mm: 4 szt.,<\/li>\n<\/ul>\n<p><strong>Cechy szczeg\u00f3lne:<\/strong><\/p>\n<ul>\n<li>ko\u0144c\u00f3wka regulacyjna zako\u0144czona tworzywem zapobiegaj\u0105cym rysowaniu pod\u0142ogi,<\/li>\n<li>niewidoczne spawy (\u0142\u0105czenia),<\/li>\n<li>otwory pod wkr\u0119ty monta\u017cowe,<\/li>\n<li>wyprodukowano w Polsce,<\/li>\n<li>kolor lakieru nie blaknie pod wp\u0142ywem czasu i promieni s\u0142onecznych,<\/li>\n<li>gruba blacha mocuj\u0105ca sprawia, \u017ce nogi s\u0105 bardzo stabilne,<\/li>\n<li>efektowny i nowoczesny wygl\u0105d,<\/li>\n<li>\u0142atwy w utrzymaniu czysto\u015bci,<\/li>\n<li>solidna i trwa\u0142a konstrukcja,<\/li>\n<li>rok gwarancji,<\/li>\n<li>bezpo\u015brednio od producenta.<\/li>\n<\/ul>\n<p>Nogi dost\u0119pne s\u0105 w r\u00f3\u017cnych rozmiarach, kszta\u0142tach, kolorach na naszych pozosta\u0142ych aukcjach. Jeste\u015bmy bezpo\u015brednim producentem n\u00f3g, ca\u0142ych sto\u0142\u00f3w, rega\u0142\u00f3w itp. Mo\u017cemy wykona\u0107 produkt pod dowolny wymiar i projekt.<\/p>\n<p>Jeste\u015bmy producentem, dlatego do ka\u017cdej realizacji podchodzimy indywidualnie.<\/p>\n","protected":false},"featured_media":7895,"comment_status":"closed","ping_status":"open","template":"","meta":[],"product_brand":[],"product_cat":[82,80],"product_tag":[],"class_list":{"0":"post-8153","1":"product","2":"type-product","3":"status-publish","4":"has-post-thumbnail","6":"product_cat-nogi-do-stolow-kwadratowe-de","7":"product_cat-nogi-do-stolow-pojedyncze-de","9":"first","10":"instock","11":"purchasable","12":"product-type-simple"},"yoast_head":"<!-- This site is optimized with the Yoast SEO Premium plugin v25.6 (Yoast SEO v25.6) - https:\/\/yoast.com\/wordpress\/plugins\/seo\/ -->\n<title>Noga metalowa do sto\u0142u z regulacj\u0105 wysoko\u015bci 44 cm profil 50x50 1 szt. loft industrial - STABLEDESK - Wysokiej jako\u015bci metalowe nogi do sto\u0142\u00f3w Made in Poland<\/title>\n<meta name=\"robots\" content=\"index, follow, max-snippet:-1, max-image-preview:large, max-video-preview:-1\" \/>\n<link rel=\"canonical\" href=\"https:\/\/stabledesk.eu\/de\/produkt\/noga-metalowa-do-stolu-z-regulacja-wysokosci-44-cm-profil-50x50-1-szt-loft-industrial\/\" \/>\n<meta property=\"og:locale\" content=\"de_DE\" \/>\n<meta property=\"og:type\" content=\"article\" \/>\n<meta property=\"og:title\" content=\"Noga metalowa do sto\u0142u z regulacj\u0105 wysoko\u015bci 44 cm profil 50x50 1 szt. loft industrial\" \/>\n<meta property=\"og:description\" content=\"Noga prosta z\u00a0REGULACJ\u0104 WYSOKO\u015aCI o kwadratowym przekroju w stylu loftowym, industrialnym do sto\u0142\u00f3w, stolik\u00f3w o wymiarach 44,2 cm wysoko\u015bci. Kwadratowa szeroka podstawa o bokach 110 mm, grubo\u015bci 3 mm pozwala na solidne przykr\u0119cenie jej blisko kraw\u0119dzi blatu. Cena dotyczy 1 szt. nogi z regulacj\u0105 wysoko\u015bci wraz z ko\u0144c\u00f3wk\u0105 z tworzywa zabezpieczaj\u0105c\u0105 pod\u0142og\u0119 przed rysowaniem. Profil 50 x 50 mm, \u015bcianka 2 mm grubo\u015bci. Noga posiada regulacj\u0119 wysoko\u015bci +50mm. Dzi\u0119ki temu mo\u017cna w \u0142atwy i szybki spos\u00f3b wypoziomowa\u0107 st\u00f3\u0142. Noga wyr\u00f3\u017cnia si\u0119 niewidocznymi spawami, gotowymi otworami, dzi\u0119ki kt\u00f3rym wkr\u0119ty monta\u017cowe idealnie trzymaj\u0105 blat, wysok\u0105 jako\u015bci\u0105 wykonania oraz najlepszymi materia\u0142ami. Dane techniczne:  kolor: czarna delikatna struktura (matowy, chropowaty),  specjalistyczny lakier proszkowy,  wysoko\u015b\u0107 44,2 cm,  regulacja wysoko\u015bci +50 mm,  solidna blacha mocuj\u0105ca o grubo\u015bci a\u017c 3 mm o bokach d\u0142ugo\u015bci 110 mm,  profil 50 x 50 mm, z grub\u0105 2mm \u015bciank\u0105 profila,  ilo\u015b\u0107 otwor\u00f3w mocuj\u0105cych o \u015brednicy 7 mm: 4 szt., Cechy szczeg\u00f3lne:  ko\u0144c\u00f3wka regulacyjna zako\u0144czona tworzywem zapobiegaj\u0105cym rysowaniu pod\u0142ogi,  niewidoczne spawy (\u0142\u0105czenia),  otwory pod wkr\u0119ty monta\u017cowe,  wyprodukowano w Polsce,  kolor lakieru nie blaknie pod wp\u0142ywem czasu i promieni s\u0142onecznych,  gruba blacha mocuj\u0105ca sprawia, \u017ce nogi s\u0105 bardzo stabilne,  efektowny i nowoczesny wygl\u0105d,  \u0142atwy w utrzymaniu czysto\u015bci,  solidna i trwa\u0142a konstrukcja,  rok gwarancji,  bezpo\u015brednio od producenta. Nogi dost\u0119pne s\u0105 w r\u00f3\u017cnych rozmiarach, kszta\u0142tach, kolorach na naszych pozosta\u0142ych aukcjach. Jeste\u015bmy bezpo\u015brednim producentem n\u00f3g, ca\u0142ych sto\u0142\u00f3w, rega\u0142\u00f3w itp. Mo\u017cemy wykona\u0107 produkt pod dowolny wymiar i projekt. Jeste\u015bmy producentem, dlatego do ka\u017cdej realizacji podchodzimy indywidualnie.\" \/>\n<meta property=\"og:url\" content=\"https:\/\/stabledesk.eu\/de\/produkt\/noga-metalowa-do-stolu-z-regulacja-wysokosci-44-cm-profil-50x50-1-szt-loft-industrial\/\" \/>\n<meta property=\"og:site_name\" content=\"STABLEDESK - Wysokiej jako\u015bci metalowe nogi do sto\u0142\u00f3w Made in Poland\" \/>\n<meta name=\"twitter:card\" content=\"summary_large_image\" \/>\n<meta name=\"twitter:label1\" content=\"Preis\" \/>\n\t<meta name=\"twitter:data1\" content=\"16,25&nbsp;&euro;\" \/>\n\t<meta name=\"twitter:label2\" content=\"Verf\u00fcgbarkeit\" \/>\n\t<meta name=\"twitter:data2\" content=\"Auf Lager\" \/>\n<script type=\"application\/ld+json\" class=\"yoast-schema-graph\">{\"@context\":\"https:\/\/schema.org\",\"@graph\":[{\"@type\":\"WebPage\",\"@id\":\"https:\/\/stabledesk.eu\/de\/produkt\/noga-metalowa-do-stolu-z-regulacja-wysokosci-44-cm-profil-50x50-1-szt-loft-industrial\/\",\"url\":\"https:\/\/stabledesk.eu\/de\/produkt\/noga-metalowa-do-stolu-z-regulacja-wysokosci-44-cm-profil-50x50-1-szt-loft-industrial\/\",\"name\":\"Noga metalowa do sto\u0142u z regulacj\u0105 wysoko\u015bci 44 cm profil 50x50 1 szt. loft industrial - STABLEDESK - Wysokiej jako\u015bci metalowe nogi do sto\u0142\u00f3w Made in Poland\",\"isPartOf\":{\"@id\":\"https:\/\/stabledesk.eu\/#website\"},\"primaryImageOfPage\":{\"@id\":\"https:\/\/stabledesk.eu\/de\/produkt\/noga-metalowa-do-stolu-z-regulacja-wysokosci-44-cm-profil-50x50-1-szt-loft-industrial\/#primaryimage\"},\"image\":{\"@id\":\"https:\/\/stabledesk.eu\/de\/produkt\/noga-metalowa-do-stolu-z-regulacja-wysokosci-44-cm-profil-50x50-1-szt-loft-industrial\/#primaryimage\"},\"thumbnailUrl\":\"https:\/\/stabledesk.eu\/wp-content\/uploads\/2024\/10\/img-9201-photoroom.jpg\",\"datePublished\":\"2024-10-23T18:09:24+00:00\",\"breadcrumb\":{\"@id\":\"https:\/\/stabledesk.eu\/de\/produkt\/noga-metalowa-do-stolu-z-regulacja-wysokosci-44-cm-profil-50x50-1-szt-loft-industrial\/#breadcrumb\"},\"inLanguage\":\"de\",\"potentialAction\":[{\"@type\":\"ReadAction\",\"target\":[\"https:\/\/stabledesk.eu\/de\/produkt\/noga-metalowa-do-stolu-z-regulacja-wysokosci-44-cm-profil-50x50-1-szt-loft-industrial\/\"]}]},{\"@type\":\"ImageObject\",\"inLanguage\":\"de\",\"@id\":\"https:\/\/stabledesk.eu\/de\/produkt\/noga-metalowa-do-stolu-z-regulacja-wysokosci-44-cm-profil-50x50-1-szt-loft-industrial\/#primaryimage\",\"url\":\"https:\/\/stabledesk.eu\/wp-content\/uploads\/2024\/10\/img-9201-photoroom.jpg\",\"contentUrl\":\"https:\/\/stabledesk.eu\/wp-content\/uploads\/2024\/10\/img-9201-photoroom.jpg\",\"width\":869,\"height\":1838},{\"@type\":\"BreadcrumbList\",\"@id\":\"https:\/\/stabledesk.eu\/de\/produkt\/noga-metalowa-do-stolu-z-regulacja-wysokosci-44-cm-profil-50x50-1-szt-loft-industrial\/#breadcrumb\",\"itemListElement\":[{\"@type\":\"ListItem\",\"position\":1,\"name\":\"Strona g\u0142\u00f3wna\",\"item\":\"https:\/\/stabledesk.eu\/de\/\"},{\"@type\":\"ListItem\",\"position\":2,\"name\":\"Shop\",\"item\":\"https:\/\/stabledesk.eu\/de\/shop\/\"},{\"@type\":\"ListItem\",\"position\":3,\"name\":\"Noga metalowa do sto\u0142u z regulacj\u0105 wysoko\u015bci 44 cm profil 50&#215;50 1 szt. loft industrial\"}]},{\"@type\":\"WebSite\",\"@id\":\"https:\/\/stabledesk.eu\/#website\",\"url\":\"https:\/\/stabledesk.eu\/\",\"name\":\"STABLEDESK - Wysokiej jako\u015bci metalowe nogi do sto\u0142\u00f3w Made in Poland\",\"description\":\"STABLEDESK\",\"publisher\":{\"@id\":\"https:\/\/stabledesk.eu\/#organization\"},\"potentialAction\":[{\"@type\":\"SearchAction\",\"target\":{\"@type\":\"EntryPoint\",\"urlTemplate\":\"https:\/\/stabledesk.eu\/?s={search_term_string}\"},\"query-input\":{\"@type\":\"PropertyValueSpecification\",\"valueRequired\":true,\"valueName\":\"search_term_string\"}}],\"inLanguage\":\"de\"},{\"@type\":\"Organization\",\"@id\":\"https:\/\/stabledesk.eu\/#organization\",\"name\":\"STABLEDESK - Wysokiej jako\u015bci metalowe nogi do sto\u0142\u00f3w Made in Poland\",\"url\":\"https:\/\/stabledesk.eu\/\",\"logo\":{\"@type\":\"ImageObject\",\"inLanguage\":\"de\",\"@id\":\"https:\/\/stabledesk.eu\/#\/schema\/logo\/image\/\",\"url\":\"https:\/\/stabledesk.eu\/wp-content\/uploads\/2024\/10\/stabledesk-logo.png\",\"contentUrl\":\"https:\/\/stabledesk.eu\/wp-content\/uploads\/2024\/10\/stabledesk-logo.png\",\"width\":500,\"height\":129,\"caption\":\"STABLEDESK - Wysokiej jako\u015bci metalowe nogi do sto\u0142\u00f3w Made in Poland\"},\"image\":{\"@id\":\"https:\/\/stabledesk.eu\/#\/schema\/logo\/image\/\"},\"hasMerchantReturnPolicy\":{\"@type\":\"MerchantReturnPolicy\",\"merchantReturnLink\":\"https:\/\/stabledesk.eu\/zwroty\/\"}}]}<\/script>\n<meta property=\"product:price:amount\" content=\"16.25\" \/>\n<meta property=\"product:price:currency\" content=\"EUR\" \/>\n<meta property=\"og:availability\" content=\"instock\" \/>\n<meta property=\"product:availability\" content=\"instock\" \/>\n<meta property=\"product:retailer_item_id\" content=\"kw-r-5x5-44\" \/>\n<meta property=\"product:condition\" content=\"new\" \/>\n<!-- \/ Yoast SEO Premium plugin. -->","yoast_head_json":{"title":"Noga metalowa do sto\u0142u z regulacj\u0105 wysoko\u015bci 44 cm profil 50x50 1 szt. loft industrial - STABLEDESK - Wysokiej jako\u015bci metalowe nogi do sto\u0142\u00f3w Made in Poland","robots":{"index":"index","follow":"follow","max-snippet":"max-snippet:-1","max-image-preview":"max-image-preview:large","max-video-preview":"max-video-preview:-1"},"canonical":"https:\/\/stabledesk.eu\/de\/produkt\/noga-metalowa-do-stolu-z-regulacja-wysokosci-44-cm-profil-50x50-1-szt-loft-industrial\/","og_locale":"de_DE","og_type":"article","og_title":"Noga metalowa do sto\u0142u z regulacj\u0105 wysoko\u015bci 44 cm profil 50x50 1 szt. loft industrial","og_description":"Noga prosta z\u00a0REGULACJ\u0104 WYSOKO\u015aCI o kwadratowym przekroju w stylu loftowym, industrialnym do sto\u0142\u00f3w, stolik\u00f3w o wymiarach 44,2 cm wysoko\u015bci. Kwadratowa szeroka podstawa o bokach 110 mm, grubo\u015bci 3 mm pozwala na solidne przykr\u0119cenie jej blisko kraw\u0119dzi blatu. Cena dotyczy 1 szt. nogi z regulacj\u0105 wysoko\u015bci wraz z ko\u0144c\u00f3wk\u0105 z tworzywa zabezpieczaj\u0105c\u0105 pod\u0142og\u0119 przed rysowaniem. Profil 50 x 50 mm, \u015bcianka 2 mm grubo\u015bci. Noga posiada regulacj\u0119 wysoko\u015bci +50mm. Dzi\u0119ki temu mo\u017cna w \u0142atwy i szybki spos\u00f3b wypoziomowa\u0107 st\u00f3\u0142. Noga wyr\u00f3\u017cnia si\u0119 niewidocznymi spawami, gotowymi otworami, dzi\u0119ki kt\u00f3rym wkr\u0119ty monta\u017cowe idealnie trzymaj\u0105 blat, wysok\u0105 jako\u015bci\u0105 wykonania oraz najlepszymi materia\u0142ami. Dane techniczne:  kolor: czarna delikatna struktura (matowy, chropowaty),  specjalistyczny lakier proszkowy,  wysoko\u015b\u0107 44,2 cm,  regulacja wysoko\u015bci +50 mm,  solidna blacha mocuj\u0105ca o grubo\u015bci a\u017c 3 mm o bokach d\u0142ugo\u015bci 110 mm,  profil 50 x 50 mm, z grub\u0105 2mm \u015bciank\u0105 profila,  ilo\u015b\u0107 otwor\u00f3w mocuj\u0105cych o \u015brednicy 7 mm: 4 szt., Cechy szczeg\u00f3lne:  ko\u0144c\u00f3wka regulacyjna zako\u0144czona tworzywem zapobiegaj\u0105cym rysowaniu pod\u0142ogi,  niewidoczne spawy (\u0142\u0105czenia),  otwory pod wkr\u0119ty monta\u017cowe,  wyprodukowano w Polsce,  kolor lakieru nie blaknie pod wp\u0142ywem czasu i promieni s\u0142onecznych,  gruba blacha mocuj\u0105ca sprawia, \u017ce nogi s\u0105 bardzo stabilne,  efektowny i nowoczesny wygl\u0105d,  \u0142atwy w utrzymaniu czysto\u015bci,  solidna i trwa\u0142a konstrukcja,  rok gwarancji,  bezpo\u015brednio od producenta. Nogi dost\u0119pne s\u0105 w r\u00f3\u017cnych rozmiarach, kszta\u0142tach, kolorach na naszych pozosta\u0142ych aukcjach. Jeste\u015bmy bezpo\u015brednim producentem n\u00f3g, ca\u0142ych sto\u0142\u00f3w, rega\u0142\u00f3w itp. Mo\u017cemy wykona\u0107 produkt pod dowolny wymiar i projekt. Jeste\u015bmy producentem, dlatego do ka\u017cdej realizacji podchodzimy indywidualnie.","og_url":"https:\/\/stabledesk.eu\/de\/produkt\/noga-metalowa-do-stolu-z-regulacja-wysokosci-44-cm-profil-50x50-1-szt-loft-industrial\/","og_site_name":"STABLEDESK - Wysokiej jako\u015bci metalowe nogi do sto\u0142\u00f3w Made in Poland","twitter_card":"summary_large_image","twitter_misc":{"Preis":"16,25&nbsp;&euro;","Verf\u00fcgbarkeit":"Auf Lager"},"schema":{"@context":"https:\/\/schema.org","@graph":[{"@type":"WebPage","@id":"https:\/\/stabledesk.eu\/de\/produkt\/noga-metalowa-do-stolu-z-regulacja-wysokosci-44-cm-profil-50x50-1-szt-loft-industrial\/","url":"https:\/\/stabledesk.eu\/de\/produkt\/noga-metalowa-do-stolu-z-regulacja-wysokosci-44-cm-profil-50x50-1-szt-loft-industrial\/","name":"Noga metalowa do sto\u0142u z regulacj\u0105 wysoko\u015bci 44 cm profil 50x50 1 szt. loft industrial - STABLEDESK - Wysokiej jako\u015bci metalowe nogi do sto\u0142\u00f3w Made in Poland","isPartOf":{"@id":"https:\/\/stabledesk.eu\/#website"},"primaryImageOfPage":{"@id":"https:\/\/stabledesk.eu\/de\/produkt\/noga-metalowa-do-stolu-z-regulacja-wysokosci-44-cm-profil-50x50-1-szt-loft-industrial\/#primaryimage"},"image":{"@id":"https:\/\/stabledesk.eu\/de\/produkt\/noga-metalowa-do-stolu-z-regulacja-wysokosci-44-cm-profil-50x50-1-szt-loft-industrial\/#primaryimage"},"thumbnailUrl":"https:\/\/stabledesk.eu\/wp-content\/uploads\/2024\/10\/img-9201-photoroom.jpg","datePublished":"2024-10-23T18:09:24+00:00","breadcrumb":{"@id":"https:\/\/stabledesk.eu\/de\/produkt\/noga-metalowa-do-stolu-z-regulacja-wysokosci-44-cm-profil-50x50-1-szt-loft-industrial\/#breadcrumb"},"inLanguage":"de","potentialAction":[{"@type":"ReadAction","target":["https:\/\/stabledesk.eu\/de\/produkt\/noga-metalowa-do-stolu-z-regulacja-wysokosci-44-cm-profil-50x50-1-szt-loft-industrial\/"]}]},{"@type":"ImageObject","inLanguage":"de","@id":"https:\/\/stabledesk.eu\/de\/produkt\/noga-metalowa-do-stolu-z-regulacja-wysokosci-44-cm-profil-50x50-1-szt-loft-industrial\/#primaryimage","url":"https:\/\/stabledesk.eu\/wp-content\/uploads\/2024\/10\/img-9201-photoroom.jpg","contentUrl":"https:\/\/stabledesk.eu\/wp-content\/uploads\/2024\/10\/img-9201-photoroom.jpg","width":869,"height":1838},{"@type":"BreadcrumbList","@id":"https:\/\/stabledesk.eu\/de\/produkt\/noga-metalowa-do-stolu-z-regulacja-wysokosci-44-cm-profil-50x50-1-szt-loft-industrial\/#breadcrumb","itemListElement":[{"@type":"ListItem","position":1,"name":"Strona g\u0142\u00f3wna","item":"https:\/\/stabledesk.eu\/de\/"},{"@type":"ListItem","position":2,"name":"Shop","item":"https:\/\/stabledesk.eu\/de\/shop\/"},{"@type":"ListItem","position":3,"name":"Noga metalowa do sto\u0142u z regulacj\u0105 wysoko\u015bci 44 cm profil 50&#215;50 1 szt. loft industrial"}]},{"@type":"WebSite","@id":"https:\/\/stabledesk.eu\/#website","url":"https:\/\/stabledesk.eu\/","name":"STABLEDESK - Wysokiej jako\u015bci metalowe nogi do sto\u0142\u00f3w Made in Poland","description":"STABLEDESK","publisher":{"@id":"https:\/\/stabledesk.eu\/#organization"},"potentialAction":[{"@type":"SearchAction","target":{"@type":"EntryPoint","urlTemplate":"https:\/\/stabledesk.eu\/?s={search_term_string}"},"query-input":{"@type":"PropertyValueSpecification","valueRequired":true,"valueName":"search_term_string"}}],"inLanguage":"de"},{"@type":"Organization","@id":"https:\/\/stabledesk.eu\/#organization","name":"STABLEDESK - Wysokiej jako\u015bci metalowe nogi do sto\u0142\u00f3w Made in Poland","url":"https:\/\/stabledesk.eu\/","logo":{"@type":"ImageObject","inLanguage":"de","@id":"https:\/\/stabledesk.eu\/#\/schema\/logo\/image\/","url":"https:\/\/stabledesk.eu\/wp-content\/uploads\/2024\/10\/stabledesk-logo.png","contentUrl":"https:\/\/stabledesk.eu\/wp-content\/uploads\/2024\/10\/stabledesk-logo.png","width":500,"height":129,"caption":"STABLEDESK - Wysokiej jako\u015bci metalowe nogi do sto\u0142\u00f3w Made in Poland"},"image":{"@id":"https:\/\/stabledesk.eu\/#\/schema\/logo\/image\/"},"hasMerchantReturnPolicy":{"@type":"MerchantReturnPolicy","merchantReturnLink":"https:\/\/stabledesk.eu\/zwroty\/"}}]},"product_price_amount":"16.25","product_price_currency":"EUR","og_availability":"instock","product_availability":"instock","product_retailer_item_id":"kw-r-5x5-44","product_condition":"new"},"_links":{"self":[{"href":"https:\/\/stabledesk.eu\/de\/wp-json\/wp\/v2\/product\/8153","targetHints":{"allow":["GET"]}}],"collection":[{"href":"https:\/\/stabledesk.eu\/de\/wp-json\/wp\/v2\/product"}],"about":[{"href":"https:\/\/stabledesk.eu\/de\/wp-json\/wp\/v2\/types\/product"}],"replies":[{"embeddable":true,"href":"https:\/\/stabledesk.eu\/de\/wp-json\/wp\/v2\/comments?post=8153"}],"wp:featuredmedia":[{"embeddable":true,"href":"https:\/\/stabledesk.eu\/de\/wp-json\/wp\/v2\/media\/7895"}],"wp:attachment":[{"href":"https:\/\/stabledesk.eu\/de\/wp-json\/wp\/v2\/media?parent=8153"}],"wp:term":[{"taxonomy":"product_brand","embeddable":true,"href":"https:\/\/stabledesk.eu\/de\/wp-json\/wp\/v2\/product_brand?post=8153"},{"taxonomy":"product_cat","embeddable":true,"href":"https:\/\/stabledesk.eu\/de\/wp-json\/wp\/v2\/product_cat?post=8153"},{"taxonomy":"product_tag","embeddable":true,"href":"https:\/\/stabledesk.eu\/de\/wp-json\/wp\/v2\/product_tag?post=8153"}],"curies":[{"name":"wp","href":"https:\/\/api.w.org\/{rel}","templated":true}]}}