{"id":8147,"date":"2024-10-23T20:09:24","date_gmt":"2024-10-23T18:09:24","guid":{"rendered":"https:\/\/stabledesk.eu\/produkt\/noga-metalowa-do-stolu-43-cm-profil-120x120-loft-industrial\/"},"modified":"2024-10-23T20:09:24","modified_gmt":"2024-10-23T18:09:24","slug":"noga-metalowa-do-stolu-43-cm-profil-120x120-loft-industrial","status":"publish","type":"product","link":"https:\/\/stabledesk.eu\/de\/produkt\/noga-metalowa-do-stolu-43-cm-profil-120x120-loft-industrial\/","title":{"rendered":"Noga metalowa do sto\u0142u 43 cm profil 120&#215;120 Loft Industrial"},"content":{"rendered":"<p>Noga metalowa do sto\u0142u loft industrial 43 cm profil 120 mm\u00d7120 mm 1 szt.<\/p>\n<p>Metalowa <strong>noga do sto\u0142u z profilu kwadratowego 120 mm x 120 mm<\/strong> &#8211; stabilna noga meblowa do stolika kawowego, biurka czy sto\u0142u w jadalni. Idealny produkt do wszelkiego rodzaju projekt\u00f3w DIY &#8211; zr\u00f3b to sam.<br \/>\n<strong>Kwadratowa, szeroka podstawa o bokach 180 mm i grubo\u015bci a\u017c 3 mm<\/strong> pozwala na solidne przykr\u0119cenie jej blisko kraw\u0119dzi blatu i przede wszystkim sprawi, \u017ce noga nie b\u0119dzie si\u0119 chwia\u0142a, tylko b\u0119dzie solidnym fundamentem Twojego sto\u0142u.<\/p>\n<p>Starannie zaprojektowana konstrukcja: Dzi\u0119ki prostemu kszta\u0142towi nasza noga sto\u0142owa o profilu kwadratowym mo\u017ce zosta\u0107 przymocowana do ka\u017cdej r\u00f3wnej powierzchni. W g\u00f3rnej cz\u0119\u015bci nogi sto\u0142u znajduje si\u0119 <strong>8 prefabrykowanych otwor\u00f3w na \u015bruby monta\u017cowe<\/strong> (\u015brubki nie s\u0105 do\u0142\u0105czone do zestawu!).<br \/>\nNasze stalowe nogi s\u0105 wykonane ze stali malowanej proszkowo &#8211; zapewnia to r\u00f3wnie\u017c dodatkow\u0105 ochron\u0119 przed korozj\u0105 i du\u017c\u0105 odporno\u015b\u0107 na zarysowania &#8211; Wyprodukowano w Polsce. U\u017cyli\u015bmy niespotykanej nigdzie indziej farby, kt\u00f3ra nie do\u015b\u0107, \u017ce jest delikatnie matowa i odporna na zabrudzenia to jeszcze ma delikatn\u0105, lekko chropowat\u0105 powierzchni\u0119 co daje \u015bwietne odczucia wizualne i dotykowe &#8211; na \u017cywo nogi prezentuj\u0105 si\u0119 lepiej ni\u017c na zdj\u0119ciach.<br \/>\nSzeroki zakres zastosowa\u0144: nasze nogi sto\u0142owe s\u0105 niezwykle modne i doskonale sprawdzaj\u0105 si\u0119 jako podstawa biurka czy sto\u0142u &#8211; poniewa\u017c oferujemy je pojedynczo, mo\u017cesz zam\u00f3wi\u0107 dowoln\u0105 ilo\u015b\u0107 &#8211; wspieraj\u0105c tym samym swoj\u0105 kreatywno\u015b\u0107 w szerokim zakresie projekt\u00f3w DIY!<\/p>\n<p><strong>Dane techniczne:<\/strong><\/p>\n<ul>\n<li>kolor: czarna delikatna struktura (matowy, chropowaty),<\/li>\n<li>specjalistyczny lakier proszkowy,<\/li>\n<li>wysoko\u015b\u0107 43 cm,<\/li>\n<li>solidna blacha mocuj\u0105ca o grubo\u015bci a\u017c 3 mm o bokach d\u0142ugo\u015bci 180 mm,<\/li>\n<li>profil 120 mm x 120 mm, z grub\u0105 2mm \u015bciank\u0105 profila,<\/li>\n<li>ilo\u015b\u0107 otwor\u00f3w mocuj\u0105cych o \u015brednicy 7 mm: 8 szt.<\/li>\n<\/ul>\n<p><strong>Cechy szczeg\u00f3lne:<\/strong><\/p>\n<ul>\n<li>ko\u0144c\u00f3wka regulacyjna zako\u0144czona tworzywem zapobiegaj\u0105cym rysowaniu pod\u0142ogi,<\/li>\n<li>niewidoczne spawy (\u0142\u0105czenia),<\/li>\n<li>wyprodukowano w Polsce,<\/li>\n<li>kolor lakieru nie blaknie pod wp\u0142ywem czasu i promieni s\u0142onecznych,<\/li>\n<li>gruba blacha mocuj\u0105ca sprawia, \u017ce nogi s\u0105 bardzo stabilne,<\/li>\n<li>efektowny i nowoczesny wygl\u0105d,<\/li>\n<li>\u0142atwy w utrzymaniu czysto\u015bci,<\/li>\n<li>solidna i trwa\u0142a konstrukcja,<\/li>\n<li>rok gwarancji,<\/li>\n<li>bezpo\u015brednio od producenta.<\/li>\n<\/ul>\n<p>Nogi dost\u0119pne s\u0105 w r\u00f3\u017cnych rozmiarach, kszta\u0142tach, kolorach. Jeste\u015bmy bezpo\u015brednim producentem n\u00f3g, ca\u0142ych sto\u0142\u00f3w, rega\u0142\u00f3w itp. Mo\u017cemy wykona\u0107 produkt pod dowolny wymiar i projekt.<\/p>\n","protected":false},"excerpt":{"rendered":"<p>Noga metalowa do sto\u0142u loft industrial 43 cm profil 120 mm\u00d7120 mm 1 szt.<\/p>\n<p>Metalowa <strong>noga do sto\u0142u z profilu kwadratowego 120 mm x 120 mm<\/strong> &#8211; stabilna noga meblowa do stolika kawowego, biurka czy sto\u0142u w jadalni. Idealny produkt do wszelkiego rodzaju projekt\u00f3w DIY &#8211; zr\u00f3b to sam.<br \/>\n<strong>Kwadratowa, szeroka podstawa o bokach 180 mm i grubo\u015bci a\u017c 3 mm<\/strong> pozwala na solidne przykr\u0119cenie jej blisko kraw\u0119dzi blatu i przede wszystkim sprawi, \u017ce noga nie b\u0119dzie si\u0119 chwia\u0142a, tylko b\u0119dzie solidnym fundamentem Twojego sto\u0142u.<\/p>\n<p>Starannie zaprojektowana konstrukcja: Dzi\u0119ki prostemu kszta\u0142towi nasza noga sto\u0142owa o profilu kwadratowym mo\u017ce zosta\u0107 przymocowana do ka\u017cdej r\u00f3wnej powierzchni. W g\u00f3rnej cz\u0119\u015bci nogi sto\u0142u znajduje si\u0119 <strong>8 prefabrykowanych otwor\u00f3w na \u015bruby monta\u017cowe<\/strong> (\u015brubki nie s\u0105 do\u0142\u0105czone do zestawu!).<br \/>\nNasze stalowe nogi s\u0105 wykonane ze stali malowanej proszkowo &#8211; zapewnia to r\u00f3wnie\u017c dodatkow\u0105 ochron\u0119 przed korozj\u0105 i du\u017c\u0105 odporno\u015b\u0107 na zarysowania &#8211; Wyprodukowano w Polsce. U\u017cyli\u015bmy niespotykanej nigdzie indziej farby, kt\u00f3ra nie do\u015b\u0107, \u017ce jest delikatnie matowa i odporna na zabrudzenia to jeszcze ma delikatn\u0105, lekko chropowat\u0105 powierzchni\u0119 co daje \u015bwietne odczucia wizualne i dotykowe &#8211; na \u017cywo nogi prezentuj\u0105 si\u0119 lepiej ni\u017c na zdj\u0119ciach.<br \/>\nSzeroki zakres zastosowa\u0144: nasze nogi sto\u0142owe s\u0105 niezwykle modne i doskonale sprawdzaj\u0105 si\u0119 jako podstawa biurka czy sto\u0142u &#8211; poniewa\u017c oferujemy je pojedynczo, mo\u017cesz zam\u00f3wi\u0107 dowoln\u0105 ilo\u015b\u0107 &#8211; wspieraj\u0105c tym samym swoj\u0105 kreatywno\u015b\u0107 w szerokim zakresie projekt\u00f3w DIY!<\/p>\n<p><strong>Dane techniczne:<\/strong><\/p>\n<ul>\n<li>kolor: czarna delikatna struktura (matowy, chropowaty),<\/li>\n<li>specjalistyczny lakier proszkowy,<\/li>\n<li>wysoko\u015b\u0107 43 cm,<\/li>\n<li>solidna blacha mocuj\u0105ca o grubo\u015bci a\u017c 3 mm o bokach d\u0142ugo\u015bci 180 mm,<\/li>\n<li>profil 120 mm x 120 mm, z grub\u0105 2mm \u015bciank\u0105 profila,<\/li>\n<li>ilo\u015b\u0107 otwor\u00f3w mocuj\u0105cych o \u015brednicy 7 mm: 8 szt.<\/li>\n<\/ul>\n<p><strong>Cechy szczeg\u00f3lne:<\/strong><\/p>\n<ul>\n<li>ko\u0144c\u00f3wka regulacyjna zako\u0144czona tworzywem zapobiegaj\u0105cym rysowaniu pod\u0142ogi,<\/li>\n<li>niewidoczne spawy (\u0142\u0105czenia),<\/li>\n<li>wyprodukowano w Polsce,<\/li>\n<li>kolor lakieru nie blaknie pod wp\u0142ywem czasu i promieni s\u0142onecznych,<\/li>\n<li>gruba blacha mocuj\u0105ca sprawia, \u017ce nogi s\u0105 bardzo stabilne,<\/li>\n<li>efektowny i nowoczesny wygl\u0105d,<\/li>\n<li>\u0142atwy w utrzymaniu czysto\u015bci,<\/li>\n<li>solidna i trwa\u0142a konstrukcja,<\/li>\n<li>rok gwarancji,<\/li>\n<li>bezpo\u015brednio od producenta.<\/li>\n<\/ul>\n<p>Nogi dost\u0119pne s\u0105 w r\u00f3\u017cnych rozmiarach, kszta\u0142tach, kolorach. Jeste\u015bmy bezpo\u015brednim producentem n\u00f3g, ca\u0142ych sto\u0142\u00f3w, rega\u0142\u00f3w itp. Mo\u017cemy wykona\u0107 produkt pod dowolny wymiar i projekt.<\/p>\n","protected":false},"featured_media":7825,"comment_status":"closed","ping_status":"open","template":"","meta":[],"product_brand":[],"product_cat":[82,80],"product_tag":[],"class_list":{"0":"post-8147","1":"product","2":"type-product","3":"status-publish","4":"has-post-thumbnail","6":"product_cat-nogi-do-stolow-kwadratowe-de","7":"product_cat-nogi-do-stolow-pojedyncze-de","9":"first","10":"instock","11":"purchasable","12":"product-type-simple"},"yoast_head":"<!-- This site is optimized with the Yoast SEO Premium plugin v25.6 (Yoast SEO v25.6) - https:\/\/yoast.com\/wordpress\/plugins\/seo\/ -->\n<title>Noga metalowa do sto\u0142u 43 cm profil 120x120 Loft Industrial - STABLEDESK - Wysokiej jako\u015bci metalowe nogi do sto\u0142\u00f3w Made in Poland<\/title>\n<meta name=\"robots\" content=\"index, follow, max-snippet:-1, max-image-preview:large, max-video-preview:-1\" \/>\n<link rel=\"canonical\" href=\"https:\/\/stabledesk.eu\/de\/produkt\/noga-metalowa-do-stolu-43-cm-profil-120x120-loft-industrial\/\" \/>\n<meta property=\"og:locale\" content=\"de_DE\" \/>\n<meta property=\"og:type\" content=\"article\" \/>\n<meta property=\"og:title\" content=\"Noga metalowa do sto\u0142u 43 cm profil 120x120 Loft Industrial\" \/>\n<meta property=\"og:description\" content=\"Noga metalowa do sto\u0142u loft industrial 43 cm profil 120 mm\u00d7120 mm 1 szt. Metalowa noga do sto\u0142u z profilu kwadratowego 120 mm x 120 mm - stabilna noga meblowa do stolika kawowego, biurka czy sto\u0142u w jadalni. Idealny produkt do wszelkiego rodzaju projekt\u00f3w DIY - zr\u00f3b to sam. Kwadratowa, szeroka podstawa o bokach 180 mm i grubo\u015bci a\u017c 3 mm pozwala na solidne przykr\u0119cenie jej blisko kraw\u0119dzi blatu i przede wszystkim sprawi, \u017ce noga nie b\u0119dzie si\u0119 chwia\u0142a, tylko b\u0119dzie solidnym fundamentem Twojego sto\u0142u. Starannie zaprojektowana konstrukcja: Dzi\u0119ki prostemu kszta\u0142towi nasza noga sto\u0142owa o profilu kwadratowym mo\u017ce zosta\u0107 przymocowana do ka\u017cdej r\u00f3wnej powierzchni. W g\u00f3rnej cz\u0119\u015bci nogi sto\u0142u znajduje si\u0119 8 prefabrykowanych otwor\u00f3w na \u015bruby monta\u017cowe (\u015brubki nie s\u0105 do\u0142\u0105czone do zestawu!). Nasze stalowe nogi s\u0105 wykonane ze stali malowanej proszkowo - zapewnia to r\u00f3wnie\u017c dodatkow\u0105 ochron\u0119 przed korozj\u0105 i du\u017c\u0105 odporno\u015b\u0107 na zarysowania - Wyprodukowano w Polsce. U\u017cyli\u015bmy niespotykanej nigdzie indziej farby, kt\u00f3ra nie do\u015b\u0107, \u017ce jest delikatnie matowa i odporna na zabrudzenia to jeszcze ma delikatn\u0105, lekko chropowat\u0105 powierzchni\u0119 co daje \u015bwietne odczucia wizualne i dotykowe - na \u017cywo nogi prezentuj\u0105 si\u0119 lepiej ni\u017c na zdj\u0119ciach. Szeroki zakres zastosowa\u0144: nasze nogi sto\u0142owe s\u0105 niezwykle modne i doskonale sprawdzaj\u0105 si\u0119 jako podstawa biurka czy sto\u0142u - poniewa\u017c oferujemy je pojedynczo, mo\u017cesz zam\u00f3wi\u0107 dowoln\u0105 ilo\u015b\u0107 - wspieraj\u0105c tym samym swoj\u0105 kreatywno\u015b\u0107 w szerokim zakresie projekt\u00f3w DIY! Dane techniczne:  kolor: czarna delikatna struktura (matowy, chropowaty),  specjalistyczny lakier proszkowy,  wysoko\u015b\u0107 43 cm,  solidna blacha mocuj\u0105ca o grubo\u015bci a\u017c 3 mm o bokach d\u0142ugo\u015bci 180 mm,  profil 120 mm x 120 mm, z grub\u0105 2mm \u015bciank\u0105 profila,  ilo\u015b\u0107 otwor\u00f3w mocuj\u0105cych o \u015brednicy 7 mm: 8 szt. Cechy szczeg\u00f3lne:  ko\u0144c\u00f3wka regulacyjna zako\u0144czona tworzywem zapobiegaj\u0105cym rysowaniu pod\u0142ogi,  niewidoczne spawy (\u0142\u0105czenia),  wyprodukowano w Polsce,  kolor lakieru nie blaknie pod wp\u0142ywem czasu i promieni s\u0142onecznych,  gruba blacha mocuj\u0105ca sprawia, \u017ce nogi s\u0105 bardzo stabilne,  efektowny i nowoczesny wygl\u0105d,  \u0142atwy w utrzymaniu czysto\u015bci,  solidna i trwa\u0142a konstrukcja,  rok gwarancji,  bezpo\u015brednio od producenta. Nogi dost\u0119pne s\u0105 w r\u00f3\u017cnych rozmiarach, kszta\u0142tach, kolorach. Jeste\u015bmy bezpo\u015brednim producentem n\u00f3g, ca\u0142ych sto\u0142\u00f3w, rega\u0142\u00f3w itp. Mo\u017cemy wykona\u0107 produkt pod dowolny wymiar i projekt.\" \/>\n<meta property=\"og:url\" content=\"https:\/\/stabledesk.eu\/de\/produkt\/noga-metalowa-do-stolu-43-cm-profil-120x120-loft-industrial\/\" \/>\n<meta property=\"og:site_name\" content=\"STABLEDESK - Wysokiej jako\u015bci metalowe nogi do sto\u0142\u00f3w Made in Poland\" \/>\n<meta name=\"twitter:card\" content=\"summary_large_image\" \/>\n<meta name=\"twitter:label1\" content=\"Preis\" \/>\n\t<meta name=\"twitter:data1\" content=\"25,00&nbsp;&euro;\" \/>\n\t<meta name=\"twitter:label2\" content=\"Verf\u00fcgbarkeit\" \/>\n\t<meta name=\"twitter:data2\" content=\"Auf Lager\" \/>\n<script type=\"application\/ld+json\" class=\"yoast-schema-graph\">{\"@context\":\"https:\/\/schema.org\",\"@graph\":[{\"@type\":\"WebPage\",\"@id\":\"https:\/\/stabledesk.eu\/de\/produkt\/noga-metalowa-do-stolu-43-cm-profil-120x120-loft-industrial\/\",\"url\":\"https:\/\/stabledesk.eu\/de\/produkt\/noga-metalowa-do-stolu-43-cm-profil-120x120-loft-industrial\/\",\"name\":\"Noga metalowa do sto\u0142u 43 cm profil 120x120 Loft Industrial - STABLEDESK - Wysokiej jako\u015bci metalowe nogi do sto\u0142\u00f3w Made in Poland\",\"isPartOf\":{\"@id\":\"https:\/\/stabledesk.eu\/#website\"},\"primaryImageOfPage\":{\"@id\":\"https:\/\/stabledesk.eu\/de\/produkt\/noga-metalowa-do-stolu-43-cm-profil-120x120-loft-industrial\/#primaryimage\"},\"image\":{\"@id\":\"https:\/\/stabledesk.eu\/de\/produkt\/noga-metalowa-do-stolu-43-cm-profil-120x120-loft-industrial\/#primaryimage\"},\"thumbnailUrl\":\"https:\/\/stabledesk.eu\/wp-content\/uploads\/2024\/10\/nogi-3-.jpg\",\"datePublished\":\"2024-10-23T18:09:24+00:00\",\"breadcrumb\":{\"@id\":\"https:\/\/stabledesk.eu\/de\/produkt\/noga-metalowa-do-stolu-43-cm-profil-120x120-loft-industrial\/#breadcrumb\"},\"inLanguage\":\"de\",\"potentialAction\":[{\"@type\":\"ReadAction\",\"target\":[\"https:\/\/stabledesk.eu\/de\/produkt\/noga-metalowa-do-stolu-43-cm-profil-120x120-loft-industrial\/\"]}]},{\"@type\":\"ImageObject\",\"inLanguage\":\"de\",\"@id\":\"https:\/\/stabledesk.eu\/de\/produkt\/noga-metalowa-do-stolu-43-cm-profil-120x120-loft-industrial\/#primaryimage\",\"url\":\"https:\/\/stabledesk.eu\/wp-content\/uploads\/2024\/10\/nogi-3-.jpg\",\"contentUrl\":\"https:\/\/stabledesk.eu\/wp-content\/uploads\/2024\/10\/nogi-3-.jpg\",\"width\":628,\"height\":1588},{\"@type\":\"BreadcrumbList\",\"@id\":\"https:\/\/stabledesk.eu\/de\/produkt\/noga-metalowa-do-stolu-43-cm-profil-120x120-loft-industrial\/#breadcrumb\",\"itemListElement\":[{\"@type\":\"ListItem\",\"position\":1,\"name\":\"Strona g\u0142\u00f3wna\",\"item\":\"https:\/\/stabledesk.eu\/de\/\"},{\"@type\":\"ListItem\",\"position\":2,\"name\":\"Shop\",\"item\":\"https:\/\/stabledesk.eu\/de\/shop\/\"},{\"@type\":\"ListItem\",\"position\":3,\"name\":\"Noga metalowa do sto\u0142u 43 cm profil 120&#215;120 Loft Industrial\"}]},{\"@type\":\"WebSite\",\"@id\":\"https:\/\/stabledesk.eu\/#website\",\"url\":\"https:\/\/stabledesk.eu\/\",\"name\":\"STABLEDESK - Wysokiej jako\u015bci metalowe nogi do sto\u0142\u00f3w Made in Poland\",\"description\":\"STABLEDESK\",\"publisher\":{\"@id\":\"https:\/\/stabledesk.eu\/#organization\"},\"potentialAction\":[{\"@type\":\"SearchAction\",\"target\":{\"@type\":\"EntryPoint\",\"urlTemplate\":\"https:\/\/stabledesk.eu\/?s={search_term_string}\"},\"query-input\":{\"@type\":\"PropertyValueSpecification\",\"valueRequired\":true,\"valueName\":\"search_term_string\"}}],\"inLanguage\":\"de\"},{\"@type\":\"Organization\",\"@id\":\"https:\/\/stabledesk.eu\/#organization\",\"name\":\"STABLEDESK - Wysokiej jako\u015bci metalowe nogi do sto\u0142\u00f3w Made in Poland\",\"url\":\"https:\/\/stabledesk.eu\/\",\"logo\":{\"@type\":\"ImageObject\",\"inLanguage\":\"de\",\"@id\":\"https:\/\/stabledesk.eu\/#\/schema\/logo\/image\/\",\"url\":\"https:\/\/stabledesk.eu\/wp-content\/uploads\/2024\/10\/stabledesk-logo.png\",\"contentUrl\":\"https:\/\/stabledesk.eu\/wp-content\/uploads\/2024\/10\/stabledesk-logo.png\",\"width\":500,\"height\":129,\"caption\":\"STABLEDESK - Wysokiej jako\u015bci metalowe nogi do sto\u0142\u00f3w Made in Poland\"},\"image\":{\"@id\":\"https:\/\/stabledesk.eu\/#\/schema\/logo\/image\/\"},\"hasMerchantReturnPolicy\":{\"@type\":\"MerchantReturnPolicy\",\"merchantReturnLink\":\"https:\/\/stabledesk.eu\/zwroty\/\"}}]}<\/script>\n<meta property=\"product:price:amount\" content=\"25.00\" \/>\n<meta property=\"product:price:currency\" content=\"EUR\" \/>\n<meta property=\"og:availability\" content=\"instock\" \/>\n<meta property=\"product:availability\" content=\"instock\" \/>\n<meta property=\"product:retailer_item_id\" content=\"NMK-43-120\" \/>\n<meta property=\"product:condition\" content=\"new\" \/>\n<!-- \/ Yoast SEO Premium plugin. -->","yoast_head_json":{"title":"Noga metalowa do sto\u0142u 43 cm profil 120x120 Loft Industrial - STABLEDESK - Wysokiej jako\u015bci metalowe nogi do sto\u0142\u00f3w Made in Poland","robots":{"index":"index","follow":"follow","max-snippet":"max-snippet:-1","max-image-preview":"max-image-preview:large","max-video-preview":"max-video-preview:-1"},"canonical":"https:\/\/stabledesk.eu\/de\/produkt\/noga-metalowa-do-stolu-43-cm-profil-120x120-loft-industrial\/","og_locale":"de_DE","og_type":"article","og_title":"Noga metalowa do sto\u0142u 43 cm profil 120x120 Loft Industrial","og_description":"Noga metalowa do sto\u0142u loft industrial 43 cm profil 120 mm\u00d7120 mm 1 szt. Metalowa noga do sto\u0142u z profilu kwadratowego 120 mm x 120 mm - stabilna noga meblowa do stolika kawowego, biurka czy sto\u0142u w jadalni. Idealny produkt do wszelkiego rodzaju projekt\u00f3w DIY - zr\u00f3b to sam. Kwadratowa, szeroka podstawa o bokach 180 mm i grubo\u015bci a\u017c 3 mm pozwala na solidne przykr\u0119cenie jej blisko kraw\u0119dzi blatu i przede wszystkim sprawi, \u017ce noga nie b\u0119dzie si\u0119 chwia\u0142a, tylko b\u0119dzie solidnym fundamentem Twojego sto\u0142u. Starannie zaprojektowana konstrukcja: Dzi\u0119ki prostemu kszta\u0142towi nasza noga sto\u0142owa o profilu kwadratowym mo\u017ce zosta\u0107 przymocowana do ka\u017cdej r\u00f3wnej powierzchni. W g\u00f3rnej cz\u0119\u015bci nogi sto\u0142u znajduje si\u0119 8 prefabrykowanych otwor\u00f3w na \u015bruby monta\u017cowe (\u015brubki nie s\u0105 do\u0142\u0105czone do zestawu!). Nasze stalowe nogi s\u0105 wykonane ze stali malowanej proszkowo - zapewnia to r\u00f3wnie\u017c dodatkow\u0105 ochron\u0119 przed korozj\u0105 i du\u017c\u0105 odporno\u015b\u0107 na zarysowania - Wyprodukowano w Polsce. U\u017cyli\u015bmy niespotykanej nigdzie indziej farby, kt\u00f3ra nie do\u015b\u0107, \u017ce jest delikatnie matowa i odporna na zabrudzenia to jeszcze ma delikatn\u0105, lekko chropowat\u0105 powierzchni\u0119 co daje \u015bwietne odczucia wizualne i dotykowe - na \u017cywo nogi prezentuj\u0105 si\u0119 lepiej ni\u017c na zdj\u0119ciach. Szeroki zakres zastosowa\u0144: nasze nogi sto\u0142owe s\u0105 niezwykle modne i doskonale sprawdzaj\u0105 si\u0119 jako podstawa biurka czy sto\u0142u - poniewa\u017c oferujemy je pojedynczo, mo\u017cesz zam\u00f3wi\u0107 dowoln\u0105 ilo\u015b\u0107 - wspieraj\u0105c tym samym swoj\u0105 kreatywno\u015b\u0107 w szerokim zakresie projekt\u00f3w DIY! Dane techniczne:  kolor: czarna delikatna struktura (matowy, chropowaty),  specjalistyczny lakier proszkowy,  wysoko\u015b\u0107 43 cm,  solidna blacha mocuj\u0105ca o grubo\u015bci a\u017c 3 mm o bokach d\u0142ugo\u015bci 180 mm,  profil 120 mm x 120 mm, z grub\u0105 2mm \u015bciank\u0105 profila,  ilo\u015b\u0107 otwor\u00f3w mocuj\u0105cych o \u015brednicy 7 mm: 8 szt. Cechy szczeg\u00f3lne:  ko\u0144c\u00f3wka regulacyjna zako\u0144czona tworzywem zapobiegaj\u0105cym rysowaniu pod\u0142ogi,  niewidoczne spawy (\u0142\u0105czenia),  wyprodukowano w Polsce,  kolor lakieru nie blaknie pod wp\u0142ywem czasu i promieni s\u0142onecznych,  gruba blacha mocuj\u0105ca sprawia, \u017ce nogi s\u0105 bardzo stabilne,  efektowny i nowoczesny wygl\u0105d,  \u0142atwy w utrzymaniu czysto\u015bci,  solidna i trwa\u0142a konstrukcja,  rok gwarancji,  bezpo\u015brednio od producenta. Nogi dost\u0119pne s\u0105 w r\u00f3\u017cnych rozmiarach, kszta\u0142tach, kolorach. Jeste\u015bmy bezpo\u015brednim producentem n\u00f3g, ca\u0142ych sto\u0142\u00f3w, rega\u0142\u00f3w itp. Mo\u017cemy wykona\u0107 produkt pod dowolny wymiar i projekt.","og_url":"https:\/\/stabledesk.eu\/de\/produkt\/noga-metalowa-do-stolu-43-cm-profil-120x120-loft-industrial\/","og_site_name":"STABLEDESK - Wysokiej jako\u015bci metalowe nogi do sto\u0142\u00f3w Made in Poland","twitter_card":"summary_large_image","twitter_misc":{"Preis":"25,00&nbsp;&euro;","Verf\u00fcgbarkeit":"Auf Lager"},"schema":{"@context":"https:\/\/schema.org","@graph":[{"@type":"WebPage","@id":"https:\/\/stabledesk.eu\/de\/produkt\/noga-metalowa-do-stolu-43-cm-profil-120x120-loft-industrial\/","url":"https:\/\/stabledesk.eu\/de\/produkt\/noga-metalowa-do-stolu-43-cm-profil-120x120-loft-industrial\/","name":"Noga metalowa do sto\u0142u 43 cm profil 120x120 Loft Industrial - STABLEDESK - Wysokiej jako\u015bci metalowe nogi do sto\u0142\u00f3w Made in Poland","isPartOf":{"@id":"https:\/\/stabledesk.eu\/#website"},"primaryImageOfPage":{"@id":"https:\/\/stabledesk.eu\/de\/produkt\/noga-metalowa-do-stolu-43-cm-profil-120x120-loft-industrial\/#primaryimage"},"image":{"@id":"https:\/\/stabledesk.eu\/de\/produkt\/noga-metalowa-do-stolu-43-cm-profil-120x120-loft-industrial\/#primaryimage"},"thumbnailUrl":"https:\/\/stabledesk.eu\/wp-content\/uploads\/2024\/10\/nogi-3-.jpg","datePublished":"2024-10-23T18:09:24+00:00","breadcrumb":{"@id":"https:\/\/stabledesk.eu\/de\/produkt\/noga-metalowa-do-stolu-43-cm-profil-120x120-loft-industrial\/#breadcrumb"},"inLanguage":"de","potentialAction":[{"@type":"ReadAction","target":["https:\/\/stabledesk.eu\/de\/produkt\/noga-metalowa-do-stolu-43-cm-profil-120x120-loft-industrial\/"]}]},{"@type":"ImageObject","inLanguage":"de","@id":"https:\/\/stabledesk.eu\/de\/produkt\/noga-metalowa-do-stolu-43-cm-profil-120x120-loft-industrial\/#primaryimage","url":"https:\/\/stabledesk.eu\/wp-content\/uploads\/2024\/10\/nogi-3-.jpg","contentUrl":"https:\/\/stabledesk.eu\/wp-content\/uploads\/2024\/10\/nogi-3-.jpg","width":628,"height":1588},{"@type":"BreadcrumbList","@id":"https:\/\/stabledesk.eu\/de\/produkt\/noga-metalowa-do-stolu-43-cm-profil-120x120-loft-industrial\/#breadcrumb","itemListElement":[{"@type":"ListItem","position":1,"name":"Strona g\u0142\u00f3wna","item":"https:\/\/stabledesk.eu\/de\/"},{"@type":"ListItem","position":2,"name":"Shop","item":"https:\/\/stabledesk.eu\/de\/shop\/"},{"@type":"ListItem","position":3,"name":"Noga metalowa do sto\u0142u 43 cm profil 120&#215;120 Loft Industrial"}]},{"@type":"WebSite","@id":"https:\/\/stabledesk.eu\/#website","url":"https:\/\/stabledesk.eu\/","name":"STABLEDESK - Wysokiej jako\u015bci metalowe nogi do sto\u0142\u00f3w Made in Poland","description":"STABLEDESK","publisher":{"@id":"https:\/\/stabledesk.eu\/#organization"},"potentialAction":[{"@type":"SearchAction","target":{"@type":"EntryPoint","urlTemplate":"https:\/\/stabledesk.eu\/?s={search_term_string}"},"query-input":{"@type":"PropertyValueSpecification","valueRequired":true,"valueName":"search_term_string"}}],"inLanguage":"de"},{"@type":"Organization","@id":"https:\/\/stabledesk.eu\/#organization","name":"STABLEDESK - Wysokiej jako\u015bci metalowe nogi do sto\u0142\u00f3w Made in Poland","url":"https:\/\/stabledesk.eu\/","logo":{"@type":"ImageObject","inLanguage":"de","@id":"https:\/\/stabledesk.eu\/#\/schema\/logo\/image\/","url":"https:\/\/stabledesk.eu\/wp-content\/uploads\/2024\/10\/stabledesk-logo.png","contentUrl":"https:\/\/stabledesk.eu\/wp-content\/uploads\/2024\/10\/stabledesk-logo.png","width":500,"height":129,"caption":"STABLEDESK - Wysokiej jako\u015bci metalowe nogi do sto\u0142\u00f3w Made in Poland"},"image":{"@id":"https:\/\/stabledesk.eu\/#\/schema\/logo\/image\/"},"hasMerchantReturnPolicy":{"@type":"MerchantReturnPolicy","merchantReturnLink":"https:\/\/stabledesk.eu\/zwroty\/"}}]},"product_price_amount":"25.00","product_price_currency":"EUR","og_availability":"instock","product_availability":"instock","product_retailer_item_id":"NMK-43-120","product_condition":"new"},"_links":{"self":[{"href":"https:\/\/stabledesk.eu\/de\/wp-json\/wp\/v2\/product\/8147","targetHints":{"allow":["GET"]}}],"collection":[{"href":"https:\/\/stabledesk.eu\/de\/wp-json\/wp\/v2\/product"}],"about":[{"href":"https:\/\/stabledesk.eu\/de\/wp-json\/wp\/v2\/types\/product"}],"replies":[{"embeddable":true,"href":"https:\/\/stabledesk.eu\/de\/wp-json\/wp\/v2\/comments?post=8147"}],"wp:featuredmedia":[{"embeddable":true,"href":"https:\/\/stabledesk.eu\/de\/wp-json\/wp\/v2\/media\/7825"}],"wp:attachment":[{"href":"https:\/\/stabledesk.eu\/de\/wp-json\/wp\/v2\/media?parent=8147"}],"wp:term":[{"taxonomy":"product_brand","embeddable":true,"href":"https:\/\/stabledesk.eu\/de\/wp-json\/wp\/v2\/product_brand?post=8147"},{"taxonomy":"product_cat","embeddable":true,"href":"https:\/\/stabledesk.eu\/de\/wp-json\/wp\/v2\/product_cat?post=8147"},{"taxonomy":"product_tag","embeddable":true,"href":"https:\/\/stabledesk.eu\/de\/wp-json\/wp\/v2\/product_tag?post=8147"}],"curies":[{"name":"wp","href":"https:\/\/api.w.org\/{rel}","templated":true}]}}