{"id":8138,"date":"2025-08-17T15:11:02","date_gmt":"2025-08-17T13:11:02","guid":{"rendered":"https:\/\/stabledesk.eu\/produkt\/noga-metalowa-do-stolu-loft-80-x-72-cm-profil-60x60-stelaz-typu-c-2\/"},"modified":"2026-01-11T21:13:23","modified_gmt":"2026-01-11T20:13:23","slug":"noga-metalowa-do-stolu-loft-80-x-72-cm-profil-60x60-stelaz-typu-c-2","status":"publish","type":"product","link":"https:\/\/stabledesk.eu\/de\/produkt\/noga-metalowa-do-stolu-loft-80-x-72-cm-profil-60x60-stelaz-typu-c-2\/","title":{"rendered":"Metallisches Tischbein Loft 80 x 72 cm Profil 60&#215;60 Rahmen Typ C"},"content":{"rendered":"","protected":false},"excerpt":{"rendered":"<p><b>C-f\u00f6rmiger Rahmen im Loft- und Industriestil f\u00fcr Tische und Beistelltische mit den Abmessungen 80 cm Breite und 72 cm H\u00f6he.<\/b><\/p>\n<p><b>Der Preis bezieht sich auf 1 St\u00fcck Bein mit Filzaufs\u00e4tzen, die den Boden vor Kratzern sch\u00fctzen. <\/b><\/p>\n<p><b>Profil 60 x 60 mm, Wandst\u00e4rke 2 mm.Profil 60 x 60 mm, \u015bcianka 2 mm grubo\u015bci.<\/b><\/p>\n<p>Die Beine zeichnen sich durch \u00e4sthetische Schwei\u00dfn\u00e4hte, spezielle L\u00f6cher aus, durch die Montageschrauben verborgen sind und ideale Verbindung, hohe Qualit\u00e4t der Ausf\u00fchrung sowie optimale Funktionalit\u00e4t mit hochwertigen Materialien bieten.<\/p>\n<p><b>Technische Daten:<\/b><\/p>\n<ul>\n<li>Farbe: Schwarze feine Struktur (matt, raue Oberfl\u00e4che),<\/li>\n<li>Pulverlack, geh\u00e4rtet in einer speziellen Kammer,<\/li>\n<li>H\u00f6he 72 cm,<\/li>\n<li>Breite 80 cm,<\/li>\n<li>L\u00e4nge 6 cm,<\/li>\n<li>Profil 60 x 60 mm,<\/li>\n<li>Wandst\u00e4rke des Profils 2 mm,<\/li>\n<li>Beinmenge: 1 St\u00fcck,<\/li>\n<li>Beinform: Rohr im C-Rahmen,<\/li>\n<li>Anzahl der L\u00f6cher mit Durchmesser 5 mm: 10 Stk.,<\/li>\n<\/ul>\n<p><b>Besondere Merkmale:<\/b><\/p>\n<ul>\n<li>Beinenden mit speziellem Material abgeschlossen, das den Boden vor Kratzern sch\u00fctzt,<\/li>\n<li>hohe Ausf\u00fchrungsqualit\u00e4t,<\/li>\n<li>\u00e4sthetische, glatte Schwei\u00dfn\u00e4hte,<\/li>\n<li>gesinterte und polierte Oberfl\u00e4che unter den Montagel\u00f6chern,<\/li>\n<li>pr\u00e4zise Ausf\u00fchrung,<\/li>\n<li>immer ein zuverl\u00e4ssiger Hersteller,<\/li>\n<li>Die Farbe wird von einem Pulverlack nicht mit der Zeit verblassen und nicht mattieren,<\/li>\n<li>hochwertige Qualit\u00e4tsstahl,<\/li>\n<li>in Polen und mit polnischen Materialien hergestellt,<\/li>\n<li>effektives und modernes Aussehen,<\/li>\n<li>leicht zu reinigen,<\/li>\n<li>solide und langlebige Konstruktion,<\/li>\n<li>schnelle Fertigung und Lieferung.<\/li>\n<\/ul>\n<p><b>Stahlrahmen und individuelle Beine sind in verschiedenen Gr\u00f6\u00dfen, Formen und Farben auf unseren fr\u00fcheren Auktionen erh\u00e4ltlich. Wir sind ein zuverl\u00e4ssiger Hersteller von Beinen, ganzen M\u00f6beln usw. Wir k\u00f6nnen das Produkt nach Ihren W\u00fcnschen und Anforderungen ausf\u00fchren und herstellen.  <\/b><\/p>\n<p><b>Es ist m\u00f6glich, die Fakturierung auf die Gesch\u00e4ftst\u00e4tigkeit durchzuf\u00fchren.<\/b><\/p>\n","protected":false},"featured_media":7981,"comment_status":"open","ping_status":"open","template":"","meta":[],"product_brand":[],"product_cat":[80,81],"product_tag":[],"class_list":{"0":"post-8138","1":"product","2":"type-product","3":"status-publish","4":"has-post-thumbnail","6":"product_cat-nogi-do-stolow-pojedyncze-de","7":"product_cat-stelaze-i-nogi-do-stolow-de","9":"first","10":"onbackorder","11":"taxable","12":"shipping-taxable","13":"purchasable","14":"product-type-simple"},"yoast_head":"<!-- This site is optimized with the Yoast SEO Premium plugin v25.6 (Yoast SEO v25.6) - https:\/\/yoast.com\/wordpress\/plugins\/seo\/ -->\n<title>Metallisches Tischbein Loft 80 x 72 cm Profil 60x60 Rahmen Typ C - STABLEDESK - Wysokiej jako\u015bci metalowe nogi do sto\u0142\u00f3w Made in Poland<\/title>\n<meta name=\"robots\" content=\"index, follow, max-snippet:-1, max-image-preview:large, max-video-preview:-1\" \/>\n<link rel=\"canonical\" href=\"https:\/\/stabledesk.eu\/de\/produkt\/noga-metalowa-do-stolu-loft-80-x-72-cm-profil-60x60-stelaz-typu-c-2\/\" \/>\n<meta property=\"og:locale\" content=\"de_DE\" \/>\n<meta property=\"og:type\" content=\"article\" \/>\n<meta property=\"og:title\" content=\"Metallisches Tischbein Loft 80 x 72 cm Profil 60x60 Rahmen Typ C\" \/>\n<meta property=\"og:description\" content=\"C-f\u00f6rmiger Rahmen im Loft- und Industriestil f\u00fcr Tische und Beistelltische mit den Abmessungen 80 cm Breite und 72 cm H\u00f6he. Der Preis bezieht sich auf 1 St\u00fcck Bein mit Filzaufs\u00e4tzen, die den Boden vor Kratzern sch\u00fctzen.  Profil 60 x 60 mm, Wandst\u00e4rke 2 mm.Profil 60 x 60 mm, \u015bcianka 2 mm grubo\u015bci. Die Beine zeichnen sich durch \u00e4sthetische Schwei\u00dfn\u00e4hte, spezielle L\u00f6cher aus, durch die Montageschrauben verborgen sind und ideale Verbindung, hohe Qualit\u00e4t der Ausf\u00fchrung sowie optimale Funktionalit\u00e4t mit hochwertigen Materialien bieten. Technische Daten:  Farbe: Schwarze feine Struktur (matt, raue Oberfl\u00e4che),  Pulverlack, geh\u00e4rtet in einer speziellen Kammer,  H\u00f6he 72 cm,  Breite 80 cm,  L\u00e4nge 6 cm,  Profil 60 x 60 mm,  Wandst\u00e4rke des Profils 2 mm,  Beinmenge: 1 St\u00fcck,  Beinform: Rohr im C-Rahmen,  Anzahl der L\u00f6cher mit Durchmesser 5 mm: 10 Stk., Besondere Merkmale:  Beinenden mit speziellem Material abgeschlossen, das den Boden vor Kratzern sch\u00fctzt,  hohe Ausf\u00fchrungsqualit\u00e4t,  \u00e4sthetische, glatte Schwei\u00dfn\u00e4hte,  gesinterte und polierte Oberfl\u00e4che unter den Montagel\u00f6chern,  pr\u00e4zise Ausf\u00fchrung,  immer ein zuverl\u00e4ssiger Hersteller,  Die Farbe wird von einem Pulverlack nicht mit der Zeit verblassen und nicht mattieren,  hochwertige Qualit\u00e4tsstahl,  in Polen und mit polnischen Materialien hergestellt,  effektives und modernes Aussehen,  leicht zu reinigen,  solide und langlebige Konstruktion,  schnelle Fertigung und Lieferung. Stahlrahmen und individuelle Beine sind in verschiedenen Gr\u00f6\u00dfen, Formen und Farben auf unseren fr\u00fcheren Auktionen erh\u00e4ltlich. Wir sind ein zuverl\u00e4ssiger Hersteller von Beinen, ganzen M\u00f6beln usw. Wir k\u00f6nnen das Produkt nach Ihren W\u00fcnschen und Anforderungen ausf\u00fchren und herstellen.  Es ist m\u00f6glich, die Fakturierung auf die Gesch\u00e4ftst\u00e4tigkeit durchzuf\u00fchren.\" \/>\n<meta property=\"og:url\" content=\"https:\/\/stabledesk.eu\/de\/produkt\/noga-metalowa-do-stolu-loft-80-x-72-cm-profil-60x60-stelaz-typu-c-2\/\" \/>\n<meta property=\"og:site_name\" content=\"STABLEDESK - Wysokiej jako\u015bci metalowe nogi do sto\u0142\u00f3w Made in Poland\" \/>\n<meta property=\"article:modified_time\" content=\"2026-01-11T20:13:23+00:00\" \/>\n<meta property=\"og:image\" content=\"https:\/\/stabledesk.eu\/wp-content\/uploads\/2024\/10\/img_8234-photoroom.jpg\" \/>\n\t<meta property=\"og:image:width\" content=\"1191\" \/>\n\t<meta property=\"og:image:height\" content=\"1173\" \/>\n\t<meta property=\"og:image:type\" content=\"image\/jpeg\" \/>\n<meta name=\"twitter:card\" content=\"summary_large_image\" \/>\n<meta name=\"twitter:label1\" content=\"Preis\" \/>\n\t<meta name=\"twitter:data1\" content=\"55,00&nbsp;&euro;\" \/>\n\t<meta name=\"twitter:label2\" content=\"Verf\u00fcgbarkeit\" \/>\n\t<meta name=\"twitter:data2\" content=\"bei Nachbestellung\" \/>\n<script type=\"application\/ld+json\" class=\"yoast-schema-graph\">{\"@context\":\"https:\/\/schema.org\",\"@graph\":[{\"@type\":\"WebPage\",\"@id\":\"https:\/\/stabledesk.eu\/de\/produkt\/noga-metalowa-do-stolu-loft-80-x-72-cm-profil-60x60-stelaz-typu-c-2\/\",\"url\":\"https:\/\/stabledesk.eu\/de\/produkt\/noga-metalowa-do-stolu-loft-80-x-72-cm-profil-60x60-stelaz-typu-c-2\/\",\"name\":\"Metallisches Tischbein Loft 80 x 72 cm Profil 60x60 Rahmen Typ C - STABLEDESK - Wysokiej jako\u015bci metalowe nogi do sto\u0142\u00f3w Made in Poland\",\"isPartOf\":{\"@id\":\"https:\/\/stabledesk.eu\/#website\"},\"primaryImageOfPage\":{\"@id\":\"https:\/\/stabledesk.eu\/de\/produkt\/noga-metalowa-do-stolu-loft-80-x-72-cm-profil-60x60-stelaz-typu-c-2\/#primaryimage\"},\"image\":{\"@id\":\"https:\/\/stabledesk.eu\/de\/produkt\/noga-metalowa-do-stolu-loft-80-x-72-cm-profil-60x60-stelaz-typu-c-2\/#primaryimage\"},\"thumbnailUrl\":\"https:\/\/stabledesk.eu\/wp-content\/uploads\/2024\/10\/img_8234-photoroom.jpg\",\"datePublished\":\"2025-08-17T13:11:02+00:00\",\"dateModified\":\"2026-01-11T20:13:23+00:00\",\"breadcrumb\":{\"@id\":\"https:\/\/stabledesk.eu\/de\/produkt\/noga-metalowa-do-stolu-loft-80-x-72-cm-profil-60x60-stelaz-typu-c-2\/#breadcrumb\"},\"inLanguage\":\"de\",\"potentialAction\":[{\"@type\":\"ReadAction\",\"target\":[\"https:\/\/stabledesk.eu\/de\/produkt\/noga-metalowa-do-stolu-loft-80-x-72-cm-profil-60x60-stelaz-typu-c-2\/\"]}]},{\"@type\":\"ImageObject\",\"inLanguage\":\"de\",\"@id\":\"https:\/\/stabledesk.eu\/de\/produkt\/noga-metalowa-do-stolu-loft-80-x-72-cm-profil-60x60-stelaz-typu-c-2\/#primaryimage\",\"url\":\"https:\/\/stabledesk.eu\/wp-content\/uploads\/2024\/10\/img_8234-photoroom.jpg\",\"contentUrl\":\"https:\/\/stabledesk.eu\/wp-content\/uploads\/2024\/10\/img_8234-photoroom.jpg\",\"width\":1191,\"height\":1173,\"caption\":\"Tischbeine\"},{\"@type\":\"BreadcrumbList\",\"@id\":\"https:\/\/stabledesk.eu\/de\/produkt\/noga-metalowa-do-stolu-loft-80-x-72-cm-profil-60x60-stelaz-typu-c-2\/#breadcrumb\",\"itemListElement\":[{\"@type\":\"ListItem\",\"position\":1,\"name\":\"Strona g\u0142\u00f3wna\",\"item\":\"https:\/\/stabledesk.eu\/de\/\"},{\"@type\":\"ListItem\",\"position\":2,\"name\":\"Shop\",\"item\":\"https:\/\/stabledesk.eu\/de\/shop\/\"},{\"@type\":\"ListItem\",\"position\":3,\"name\":\"Metallisches Tischbein Loft 80 x 72 cm Profil 60&#215;60 Rahmen Typ C\"}]},{\"@type\":\"WebSite\",\"@id\":\"https:\/\/stabledesk.eu\/#website\",\"url\":\"https:\/\/stabledesk.eu\/\",\"name\":\"STABLEDESK - Wysokiej jako\u015bci metalowe nogi do sto\u0142\u00f3w Made in Poland\",\"description\":\"STABLEDESK\",\"publisher\":{\"@id\":\"https:\/\/stabledesk.eu\/#organization\"},\"potentialAction\":[{\"@type\":\"SearchAction\",\"target\":{\"@type\":\"EntryPoint\",\"urlTemplate\":\"https:\/\/stabledesk.eu\/?s={search_term_string}\"},\"query-input\":{\"@type\":\"PropertyValueSpecification\",\"valueRequired\":true,\"valueName\":\"search_term_string\"}}],\"inLanguage\":\"de\"},{\"@type\":\"Organization\",\"@id\":\"https:\/\/stabledesk.eu\/#organization\",\"name\":\"STABLEDESK - Wysokiej jako\u015bci metalowe nogi do sto\u0142\u00f3w Made in Poland\",\"url\":\"https:\/\/stabledesk.eu\/\",\"logo\":{\"@type\":\"ImageObject\",\"inLanguage\":\"de\",\"@id\":\"https:\/\/stabledesk.eu\/#\/schema\/logo\/image\/\",\"url\":\"https:\/\/stabledesk.eu\/wp-content\/uploads\/2024\/10\/stabledesk-logo.png\",\"contentUrl\":\"https:\/\/stabledesk.eu\/wp-content\/uploads\/2024\/10\/stabledesk-logo.png\",\"width\":500,\"height\":129,\"caption\":\"STABLEDESK - Wysokiej jako\u015bci metalowe nogi do sto\u0142\u00f3w Made in Poland\"},\"image\":{\"@id\":\"https:\/\/stabledesk.eu\/#\/schema\/logo\/image\/\"},\"hasMerchantReturnPolicy\":{\"@type\":\"MerchantReturnPolicy\",\"merchantReturnLink\":\"https:\/\/stabledesk.eu\/zwroty\/\"}}]}<\/script>\n<meta property=\"product:price:amount\" content=\"55.00\" \/>\n<meta property=\"product:price:currency\" content=\"EUR\" \/>\n<meta property=\"og:availability\" content=\"backorder\" \/>\n<meta property=\"product:availability\" content=\"available for order\" \/>\n<meta property=\"product:condition\" content=\"new\" \/>\n<!-- \/ Yoast SEO Premium plugin. -->","yoast_head_json":{"title":"Metallisches Tischbein Loft 80 x 72 cm Profil 60x60 Rahmen Typ C - STABLEDESK - Wysokiej jako\u015bci metalowe nogi do sto\u0142\u00f3w Made in Poland","robots":{"index":"index","follow":"follow","max-snippet":"max-snippet:-1","max-image-preview":"max-image-preview:large","max-video-preview":"max-video-preview:-1"},"canonical":"https:\/\/stabledesk.eu\/de\/produkt\/noga-metalowa-do-stolu-loft-80-x-72-cm-profil-60x60-stelaz-typu-c-2\/","og_locale":"de_DE","og_type":"article","og_title":"Metallisches Tischbein Loft 80 x 72 cm Profil 60x60 Rahmen Typ C","og_description":"C-f\u00f6rmiger Rahmen im Loft- und Industriestil f\u00fcr Tische und Beistelltische mit den Abmessungen 80 cm Breite und 72 cm H\u00f6he. Der Preis bezieht sich auf 1 St\u00fcck Bein mit Filzaufs\u00e4tzen, die den Boden vor Kratzern sch\u00fctzen.  Profil 60 x 60 mm, Wandst\u00e4rke 2 mm.Profil 60 x 60 mm, \u015bcianka 2 mm grubo\u015bci. Die Beine zeichnen sich durch \u00e4sthetische Schwei\u00dfn\u00e4hte, spezielle L\u00f6cher aus, durch die Montageschrauben verborgen sind und ideale Verbindung, hohe Qualit\u00e4t der Ausf\u00fchrung sowie optimale Funktionalit\u00e4t mit hochwertigen Materialien bieten. Technische Daten:  Farbe: Schwarze feine Struktur (matt, raue Oberfl\u00e4che),  Pulverlack, geh\u00e4rtet in einer speziellen Kammer,  H\u00f6he 72 cm,  Breite 80 cm,  L\u00e4nge 6 cm,  Profil 60 x 60 mm,  Wandst\u00e4rke des Profils 2 mm,  Beinmenge: 1 St\u00fcck,  Beinform: Rohr im C-Rahmen,  Anzahl der L\u00f6cher mit Durchmesser 5 mm: 10 Stk., Besondere Merkmale:  Beinenden mit speziellem Material abgeschlossen, das den Boden vor Kratzern sch\u00fctzt,  hohe Ausf\u00fchrungsqualit\u00e4t,  \u00e4sthetische, glatte Schwei\u00dfn\u00e4hte,  gesinterte und polierte Oberfl\u00e4che unter den Montagel\u00f6chern,  pr\u00e4zise Ausf\u00fchrung,  immer ein zuverl\u00e4ssiger Hersteller,  Die Farbe wird von einem Pulverlack nicht mit der Zeit verblassen und nicht mattieren,  hochwertige Qualit\u00e4tsstahl,  in Polen und mit polnischen Materialien hergestellt,  effektives und modernes Aussehen,  leicht zu reinigen,  solide und langlebige Konstruktion,  schnelle Fertigung und Lieferung. Stahlrahmen und individuelle Beine sind in verschiedenen Gr\u00f6\u00dfen, Formen und Farben auf unseren fr\u00fcheren Auktionen erh\u00e4ltlich. Wir sind ein zuverl\u00e4ssiger Hersteller von Beinen, ganzen M\u00f6beln usw. Wir k\u00f6nnen das Produkt nach Ihren W\u00fcnschen und Anforderungen ausf\u00fchren und herstellen.  Es ist m\u00f6glich, die Fakturierung auf die Gesch\u00e4ftst\u00e4tigkeit durchzuf\u00fchren.","og_url":"https:\/\/stabledesk.eu\/de\/produkt\/noga-metalowa-do-stolu-loft-80-x-72-cm-profil-60x60-stelaz-typu-c-2\/","og_site_name":"STABLEDESK - Wysokiej jako\u015bci metalowe nogi do sto\u0142\u00f3w Made in Poland","article_modified_time":"2026-01-11T20:13:23+00:00","og_image":[{"width":1191,"height":1173,"url":"https:\/\/stabledesk.eu\/wp-content\/uploads\/2024\/10\/img_8234-photoroom.jpg","type":"image\/jpeg"}],"twitter_card":"summary_large_image","twitter_misc":{"Preis":"55,00&nbsp;&euro;","Verf\u00fcgbarkeit":"bei Nachbestellung"},"schema":{"@context":"https:\/\/schema.org","@graph":[{"@type":"WebPage","@id":"https:\/\/stabledesk.eu\/de\/produkt\/noga-metalowa-do-stolu-loft-80-x-72-cm-profil-60x60-stelaz-typu-c-2\/","url":"https:\/\/stabledesk.eu\/de\/produkt\/noga-metalowa-do-stolu-loft-80-x-72-cm-profil-60x60-stelaz-typu-c-2\/","name":"Metallisches Tischbein Loft 80 x 72 cm Profil 60x60 Rahmen Typ C - STABLEDESK - Wysokiej jako\u015bci metalowe nogi do sto\u0142\u00f3w Made in Poland","isPartOf":{"@id":"https:\/\/stabledesk.eu\/#website"},"primaryImageOfPage":{"@id":"https:\/\/stabledesk.eu\/de\/produkt\/noga-metalowa-do-stolu-loft-80-x-72-cm-profil-60x60-stelaz-typu-c-2\/#primaryimage"},"image":{"@id":"https:\/\/stabledesk.eu\/de\/produkt\/noga-metalowa-do-stolu-loft-80-x-72-cm-profil-60x60-stelaz-typu-c-2\/#primaryimage"},"thumbnailUrl":"https:\/\/stabledesk.eu\/wp-content\/uploads\/2024\/10\/img_8234-photoroom.jpg","datePublished":"2025-08-17T13:11:02+00:00","dateModified":"2026-01-11T20:13:23+00:00","breadcrumb":{"@id":"https:\/\/stabledesk.eu\/de\/produkt\/noga-metalowa-do-stolu-loft-80-x-72-cm-profil-60x60-stelaz-typu-c-2\/#breadcrumb"},"inLanguage":"de","potentialAction":[{"@type":"ReadAction","target":["https:\/\/stabledesk.eu\/de\/produkt\/noga-metalowa-do-stolu-loft-80-x-72-cm-profil-60x60-stelaz-typu-c-2\/"]}]},{"@type":"ImageObject","inLanguage":"de","@id":"https:\/\/stabledesk.eu\/de\/produkt\/noga-metalowa-do-stolu-loft-80-x-72-cm-profil-60x60-stelaz-typu-c-2\/#primaryimage","url":"https:\/\/stabledesk.eu\/wp-content\/uploads\/2024\/10\/img_8234-photoroom.jpg","contentUrl":"https:\/\/stabledesk.eu\/wp-content\/uploads\/2024\/10\/img_8234-photoroom.jpg","width":1191,"height":1173,"caption":"Tischbeine"},{"@type":"BreadcrumbList","@id":"https:\/\/stabledesk.eu\/de\/produkt\/noga-metalowa-do-stolu-loft-80-x-72-cm-profil-60x60-stelaz-typu-c-2\/#breadcrumb","itemListElement":[{"@type":"ListItem","position":1,"name":"Strona g\u0142\u00f3wna","item":"https:\/\/stabledesk.eu\/de\/"},{"@type":"ListItem","position":2,"name":"Shop","item":"https:\/\/stabledesk.eu\/de\/shop\/"},{"@type":"ListItem","position":3,"name":"Metallisches Tischbein Loft 80 x 72 cm Profil 60&#215;60 Rahmen Typ C"}]},{"@type":"WebSite","@id":"https:\/\/stabledesk.eu\/#website","url":"https:\/\/stabledesk.eu\/","name":"STABLEDESK - Wysokiej jako\u015bci metalowe nogi do sto\u0142\u00f3w Made in Poland","description":"STABLEDESK","publisher":{"@id":"https:\/\/stabledesk.eu\/#organization"},"potentialAction":[{"@type":"SearchAction","target":{"@type":"EntryPoint","urlTemplate":"https:\/\/stabledesk.eu\/?s={search_term_string}"},"query-input":{"@type":"PropertyValueSpecification","valueRequired":true,"valueName":"search_term_string"}}],"inLanguage":"de"},{"@type":"Organization","@id":"https:\/\/stabledesk.eu\/#organization","name":"STABLEDESK - Wysokiej jako\u015bci metalowe nogi do sto\u0142\u00f3w Made in Poland","url":"https:\/\/stabledesk.eu\/","logo":{"@type":"ImageObject","inLanguage":"de","@id":"https:\/\/stabledesk.eu\/#\/schema\/logo\/image\/","url":"https:\/\/stabledesk.eu\/wp-content\/uploads\/2024\/10\/stabledesk-logo.png","contentUrl":"https:\/\/stabledesk.eu\/wp-content\/uploads\/2024\/10\/stabledesk-logo.png","width":500,"height":129,"caption":"STABLEDESK - Wysokiej jako\u015bci metalowe nogi do sto\u0142\u00f3w Made in Poland"},"image":{"@id":"https:\/\/stabledesk.eu\/#\/schema\/logo\/image\/"},"hasMerchantReturnPolicy":{"@type":"MerchantReturnPolicy","merchantReturnLink":"https:\/\/stabledesk.eu\/zwroty\/"}}]},"product_price_amount":"55.00","product_price_currency":"EUR","og_availability":"backorder","product_availability":"available for order","product_condition":"new"},"_links":{"self":[{"href":"https:\/\/stabledesk.eu\/de\/wp-json\/wp\/v2\/product\/8138","targetHints":{"allow":["GET"]}}],"collection":[{"href":"https:\/\/stabledesk.eu\/de\/wp-json\/wp\/v2\/product"}],"about":[{"href":"https:\/\/stabledesk.eu\/de\/wp-json\/wp\/v2\/types\/product"}],"replies":[{"embeddable":true,"href":"https:\/\/stabledesk.eu\/de\/wp-json\/wp\/v2\/comments?post=8138"}],"wp:featuredmedia":[{"embeddable":true,"href":"https:\/\/stabledesk.eu\/de\/wp-json\/wp\/v2\/media\/7981"}],"wp:attachment":[{"href":"https:\/\/stabledesk.eu\/de\/wp-json\/wp\/v2\/media?parent=8138"}],"wp:term":[{"taxonomy":"product_brand","embeddable":true,"href":"https:\/\/stabledesk.eu\/de\/wp-json\/wp\/v2\/product_brand?post=8138"},{"taxonomy":"product_cat","embeddable":true,"href":"https:\/\/stabledesk.eu\/de\/wp-json\/wp\/v2\/product_cat?post=8138"},{"taxonomy":"product_tag","embeddable":true,"href":"https:\/\/stabledesk.eu\/de\/wp-json\/wp\/v2\/product_tag?post=8138"}],"curies":[{"name":"wp","href":"https:\/\/api.w.org\/{rel}","templated":true}]}}